{"id":6821,"date":"2026-04-17T11:14:27","date_gmt":"2026-04-17T11:14:27","guid":{"rendered":"https:\/\/karmaprobeautystore.no\/?post_type=product&#038;p=6821"},"modified":"2026-04-17T13:11:15","modified_gmt":"2026-04-17T13:11:15","slug":"spike-it-sealing-adhesive","status":"publish","type":"product","link":"https:\/\/karmaprobeautystore.no\/nb_no\/produkt\/spike-it-sealing-adhesive\/","title":{"rendered":"SPISS DEN!"},"content":{"rendered":"<p>Bare p\u00e5f\u00f8r dette produktet lett p\u00e5 tuppen av \u00f8yevippene for \u00e5 oppn\u00e5 f\u00f8lgende effekter:<br \/>\n**Innstilling av spissform:** Dette samler tuppene av tettpakkede \u00f8yevipper naturlig til en skarp, spiss form, noe som skaper en ren og definert \u00abspiss\u00bb-effekt, og l\u00f8ser problemet med sparsomme og rotete vippetupper.<\/p>\n<p>**Langvarig og formstabil:** Etter at tuppene er festet, er det mindre sannsynlig at de henger ned eller faller fra hverandre, noe som gj\u00f8r at spissene varer lenger og resulterer i et mer raffinert og skulpturert helhetsinntrykk etter vippeextensions.<\/p>\n<p>**Enkel \u00e5 bruke:** Egnet for rask behandling av tette \u00f8yevipper. Selv nybegynnere kan enkelt bruke dette produktet uten kompliserte verkt\u00f8y for \u00e5 oppn\u00e5 en profesjonell piggeffekt.<br \/>\nMild formel: Formulert med fuktighetsgivende og reparerende ingredienser, fikserer den vippene samtidig som den minimerer irritasjon, noe som gj\u00f8r den egnet for hyppig bruk av vippeterapeuter.<\/p>\n<p>Naturlig filmdannelse: Etter at vippene har herdet, vil de ikke bli stive, klumpete eller hvite. De opprettholder sin naturlige flyt samtidig som de skaper en mer naturlig og dynamisk form.<\/p>\n<p>Brukstips:<br \/>\n1. P\u00e5f\u00f8r en liten mengde av produktet lett p\u00e5 tuppen av vippene, og unng\u00e5 kontakt med slimhinnene i \u00f8ynene;<br \/>\n2. La produktet t\u00f8rke helt etter herding f\u00f8r du fortsetter med p\u00e5f\u00f8lgende forlengelsesprosedyrer;<br \/>\n3. Oppbevares kj\u00f8lig og t\u00f8rt, unna h\u00f8ye temperaturer og \u00e5pen ild, og utilgjengelig for barn.<\/p>","protected":false},"excerpt":{"rendered":"<p>P\u00e5f\u00f8r dette produktet lett p\u00e5 tuppene av \u00f8yevippene for \u00e5 oppn\u00e5 f\u00f8lgende effekter: **Festing av spisse form:** Dette samler tuppene av tettpakkede \u00f8yevipper naturlig til en skarp, spiss form, og skaper en ren og definert \u00abspisse\u00bb-effekt som l\u00f8ser problemet med sparsomme og rotete vippetupper. **Langvarig og l\u00e5ser formen:** \u2026<\/p>","protected":false},"featured_media":6825,"menu_order":0,"comment_status":"open","ping_status":"closed","template":"","meta":{"_acf_changed":false},"product_brand":[],"product_cat":[162,154,159,158],"product_tag":[],"class_list":{"0":"post-6821","1":"product","2":"type-product","3":"status-publish","4":"has-post-thumbnail","6":"product_cat-brows","7":"product_cat-glues-and-preparation","8":"product_cat-other","9":"product_cat-sale","11":"first","12":"instock","13":"sale","14":"taxable","15":"shipping-taxable","16":"purchasable","17":"product-type-simple"},"acf":[],"yoast_head":"<!-- This site is optimized with the Yoast SEO plugin v27.3 - https:\/\/yoast.com\/product\/yoast-seo-wordpress\/ -->\n<title>SPIKE IT! - Karma Pro Beauty Store<\/title>\n<meta name=\"robots\" content=\"index, follow, max-snippet:-1, max-image-preview:large, max-video-preview:-1\" \/>\n<link rel=\"canonical\" href=\"https:\/\/karmaprobeautystore.no\/nb_no\/produkt\/spike-it-sealing-adhesive\/\" \/>\n<meta property=\"og:locale\" content=\"nb_NO\" \/>\n<meta property=\"og:type\" content=\"article\" \/>\n<meta property=\"og:title\" content=\"SPIKE IT! - Karma Pro Beauty Store\" \/>\n<meta property=\"og:description\" content=\"Simply apply this product lightly to the tips of your eyelashes to achieve the following effects: **Setting the Spike Shape:** This naturally gathers the tips of densely packed eyelashes into a sharp, pointed shape, creating a clean and defined &#8220;Spike&#8221; effect, solving the problem of sparse and messy eyelash tips. **Long-Lasting and Locking in Shape:** ...\" \/>\n<meta property=\"og:url\" content=\"https:\/\/karmaprobeautystore.no\/nb_no\/produkt\/spike-it-sealing-adhesive\/\" \/>\n<meta property=\"og:site_name\" content=\"Karma Pro Beauty Store\" \/>\n<meta property=\"article:modified_time\" content=\"2026-04-17T13:11:15+00:00\" \/>\n<meta property=\"og:image\" content=\"https:\/\/karmaprobeautystore.no\/wp-content\/uploads\/2026\/04\/e09f1832-4899-46ef-8d9d-3b6b1f2992a6.jpg\" \/>\n\t<meta property=\"og:image:width\" content=\"1696\" \/>\n\t<meta property=\"og:image:height\" content=\"2528\" \/>\n\t<meta property=\"og:image:type\" content=\"image\/jpeg\" \/>\n<meta name=\"twitter:card\" content=\"summary_large_image\" \/>\n<meta name=\"twitter:label1\" content=\"Ansl. lesetid\" \/>\n\t<meta name=\"twitter:data1\" content=\"2 minutter\" \/>\n<script type=\"application\/ld+json\" class=\"yoast-schema-graph\">{\"@context\":\"https:\\\/\\\/schema.org\",\"@graph\":[{\"@type\":\"WebPage\",\"@id\":\"https:\\\/\\\/karmaprobeautystore.no\\\/produkt\\\/spike-it-sealing-adhesive\\\/\",\"url\":\"https:\\\/\\\/karmaprobeautystore.no\\\/produkt\\\/spike-it-sealing-adhesive\\\/\",\"name\":\"SPIKE IT! - Karma Pro Beauty Store\",\"isPartOf\":{\"@id\":\"https:\\\/\\\/karmaprobeautystore.no\\\/en\\\/#website\"},\"primaryImageOfPage\":{\"@id\":\"https:\\\/\\\/karmaprobeautystore.no\\\/produkt\\\/spike-it-sealing-adhesive\\\/#primaryimage\"},\"image\":{\"@id\":\"https:\\\/\\\/karmaprobeautystore.no\\\/produkt\\\/spike-it-sealing-adhesive\\\/#primaryimage\"},\"thumbnailUrl\":\"https:\\\/\\\/karmaprobeautystore.no\\\/wp-content\\\/uploads\\\/2026\\\/04\\\/e09f1832-4899-46ef-8d9d-3b6b1f2992a6.jpg\",\"datePublished\":\"2026-04-17T11:14:27+00:00\",\"dateModified\":\"2026-04-17T13:11:15+00:00\",\"breadcrumb\":{\"@id\":\"https:\\\/\\\/karmaprobeautystore.no\\\/produkt\\\/spike-it-sealing-adhesive\\\/#breadcrumb\"},\"inLanguage\":\"nb-NO\",\"potentialAction\":[{\"@type\":\"ReadAction\",\"target\":[\"https:\\\/\\\/karmaprobeautystore.no\\\/produkt\\\/spike-it-sealing-adhesive\\\/\"]}]},{\"@type\":\"ImageObject\",\"inLanguage\":\"nb-NO\",\"@id\":\"https:\\\/\\\/karmaprobeautystore.no\\\/produkt\\\/spike-it-sealing-adhesive\\\/#primaryimage\",\"url\":\"https:\\\/\\\/karmaprobeautystore.no\\\/wp-content\\\/uploads\\\/2026\\\/04\\\/e09f1832-4899-46ef-8d9d-3b6b1f2992a6.jpg\",\"contentUrl\":\"https:\\\/\\\/karmaprobeautystore.no\\\/wp-content\\\/uploads\\\/2026\\\/04\\\/e09f1832-4899-46ef-8d9d-3b6b1f2992a6.jpg\",\"width\":1696,\"height\":2528},{\"@type\":\"BreadcrumbList\",\"@id\":\"https:\\\/\\\/karmaprobeautystore.no\\\/produkt\\\/spike-it-sealing-adhesive\\\/#breadcrumb\",\"itemListElement\":[{\"@type\":\"ListItem\",\"position\":1,\"name\":\"Home\",\"item\":\"https:\\\/\\\/karmaprobeautystore.no\\\/\"},{\"@type\":\"ListItem\",\"position\":2,\"name\":\"Shop\",\"item\":\"https:\\\/\\\/karmaprobeautystore.no\\\/nb\\\/shop\\\/\"},{\"@type\":\"ListItem\",\"position\":3,\"name\":\"SPIKE IT!\"}]},{\"@type\":\"WebSite\",\"@id\":\"https:\\\/\\\/karmaprobeautystore.no\\\/en\\\/#website\",\"url\":\"https:\\\/\\\/karmaprobeautystore.no\\\/en\\\/\",\"name\":\"Karma Pro Beauty Store\",\"description\":\"\",\"potentialAction\":[{\"@type\":\"SearchAction\",\"target\":{\"@type\":\"EntryPoint\",\"urlTemplate\":\"https:\\\/\\\/karmaprobeautystore.no\\\/en\\\/?s={search_term_string}\"},\"query-input\":{\"@type\":\"PropertyValueSpecification\",\"valueRequired\":true,\"valueName\":\"search_term_string\"}}],\"inLanguage\":\"nb-NO\"}]}<\/script>\n<!-- \/ Yoast SEO plugin. -->","yoast_head_json":{"title":"SPIKE IT! - Karma Pro Beauty Store","robots":{"index":"index","follow":"follow","max-snippet":"max-snippet:-1","max-image-preview":"max-image-preview:large","max-video-preview":"max-video-preview:-1"},"canonical":"https:\/\/karmaprobeautystore.no\/nb_no\/produkt\/spike-it-sealing-adhesive\/","og_locale":"nb_NO","og_type":"article","og_title":"SPIKE IT! - Karma Pro Beauty Store","og_description":"Simply apply this product lightly to the tips of your eyelashes to achieve the following effects: **Setting the Spike Shape:** This naturally gathers the tips of densely packed eyelashes into a sharp, pointed shape, creating a clean and defined &#8220;Spike&#8221; effect, solving the problem of sparse and messy eyelash tips. **Long-Lasting and Locking in Shape:** ...","og_url":"https:\/\/karmaprobeautystore.no\/nb_no\/produkt\/spike-it-sealing-adhesive\/","og_site_name":"Karma Pro Beauty Store","article_modified_time":"2026-04-17T13:11:15+00:00","og_image":[{"width":1696,"height":2528,"url":"https:\/\/karmaprobeautystore.no\/wp-content\/uploads\/2026\/04\/e09f1832-4899-46ef-8d9d-3b6b1f2992a6.jpg","type":"image\/jpeg"}],"twitter_card":"summary_large_image","twitter_misc":{"Ansl. lesetid":"2 minutter"},"schema":{"@context":"https:\/\/schema.org","@graph":[{"@type":"WebPage","@id":"https:\/\/karmaprobeautystore.no\/produkt\/spike-it-sealing-adhesive\/","url":"https:\/\/karmaprobeautystore.no\/produkt\/spike-it-sealing-adhesive\/","name":"SPIKE IT! - Karma Pro Beauty Store","isPartOf":{"@id":"https:\/\/karmaprobeautystore.no\/en\/#website"},"primaryImageOfPage":{"@id":"https:\/\/karmaprobeautystore.no\/produkt\/spike-it-sealing-adhesive\/#primaryimage"},"image":{"@id":"https:\/\/karmaprobeautystore.no\/produkt\/spike-it-sealing-adhesive\/#primaryimage"},"thumbnailUrl":"https:\/\/karmaprobeautystore.no\/wp-content\/uploads\/2026\/04\/e09f1832-4899-46ef-8d9d-3b6b1f2992a6.jpg","datePublished":"2026-04-17T11:14:27+00:00","dateModified":"2026-04-17T13:11:15+00:00","breadcrumb":{"@id":"https:\/\/karmaprobeautystore.no\/produkt\/spike-it-sealing-adhesive\/#breadcrumb"},"inLanguage":"nb-NO","potentialAction":[{"@type":"ReadAction","target":["https:\/\/karmaprobeautystore.no\/produkt\/spike-it-sealing-adhesive\/"]}]},{"@type":"ImageObject","inLanguage":"nb-NO","@id":"https:\/\/karmaprobeautystore.no\/produkt\/spike-it-sealing-adhesive\/#primaryimage","url":"https:\/\/karmaprobeautystore.no\/wp-content\/uploads\/2026\/04\/e09f1832-4899-46ef-8d9d-3b6b1f2992a6.jpg","contentUrl":"https:\/\/karmaprobeautystore.no\/wp-content\/uploads\/2026\/04\/e09f1832-4899-46ef-8d9d-3b6b1f2992a6.jpg","width":1696,"height":2528},{"@type":"BreadcrumbList","@id":"https:\/\/karmaprobeautystore.no\/produkt\/spike-it-sealing-adhesive\/#breadcrumb","itemListElement":[{"@type":"ListItem","position":1,"name":"Home","item":"https:\/\/karmaprobeautystore.no\/"},{"@type":"ListItem","position":2,"name":"Shop","item":"https:\/\/karmaprobeautystore.no\/nb\/shop\/"},{"@type":"ListItem","position":3,"name":"SPIKE IT!"}]},{"@type":"WebSite","@id":"https:\/\/karmaprobeautystore.no\/en\/#website","url":"https:\/\/karmaprobeautystore.no\/en\/","name":"Karma Pro Skj\u00f8nnhetsbutikk","description":"","potentialAction":[{"@type":"SearchAction","target":{"@type":"EntryPoint","urlTemplate":"https:\/\/karmaprobeautystore.no\/en\/?s={search_term_string}"},"query-input":{"@type":"PropertyValueSpecification","valueRequired":true,"valueName":"search_term_string"}}],"inLanguage":"nb-NO"}]}},"_links":{"self":[{"href":"https:\/\/karmaprobeautystore.no\/nb_no\/wp-json\/wp\/v2\/product\/6821","targetHints":{"allow":["GET"]}}],"collection":[{"href":"https:\/\/karmaprobeautystore.no\/nb_no\/wp-json\/wp\/v2\/product"}],"about":[{"href":"https:\/\/karmaprobeautystore.no\/nb_no\/wp-json\/wp\/v2\/types\/product"}],"replies":[{"embeddable":true,"href":"https:\/\/karmaprobeautystore.no\/nb_no\/wp-json\/wp\/v2\/comments?post=6821"}],"wp:featuredmedia":[{"embeddable":true,"href":"https:\/\/karmaprobeautystore.no\/nb_no\/wp-json\/wp\/v2\/media\/6825"}],"wp:attachment":[{"href":"https:\/\/karmaprobeautystore.no\/nb_no\/wp-json\/wp\/v2\/media?parent=6821"}],"wp:term":[{"taxonomy":"product_brand","embeddable":true,"href":"https:\/\/karmaprobeautystore.no\/nb_no\/wp-json\/wp\/v2\/product_brand?post=6821"},{"taxonomy":"product_cat","embeddable":true,"href":"https:\/\/karmaprobeautystore.no\/nb_no\/wp-json\/wp\/v2\/product_cat?post=6821"},{"taxonomy":"product_tag","embeddable":true,"href":"https:\/\/karmaprobeautystore.no\/nb_no\/wp-json\/wp\/v2\/product_tag?post=6821"}],"curies":[{"name":"wp","href":"https:\/\/api.w.org\/{rel}","templated":true}]}}