{"id":6813,"date":"2026-04-16T14:55:58","date_gmt":"2026-04-16T14:55:58","guid":{"rendered":"https:\/\/karmaprobeautystore.no\/?post_type=product&#038;p=6813"},"modified":"2026-04-17T13:14:21","modified_gmt":"2026-04-17T13:14:21","slug":"eyelash-extension-glue-remover","status":"publish","type":"product","link":"https:\/\/karmaprobeautystore.no\/nb_no\/produkt\/eyelash-extension-glue-remover\/","title":{"rendered":"Fjerner lim for \u00f8yevippeextensions"},"content":{"rendered":"<p>Limfjerner inneholder essensielle kosmetiske ingredienser \u2013 l\u00f8ser opp festet lim uten \u00e5 skade naturlige vipper for enkel fjerning av vipper. Vippegelfjerner er fullt formulert med kosmetiske ingredienser for \u00e5 fremme \u00f8yesikkerheten din. Unng\u00e5 kjemisk skade som kan oppst\u00e5 med noen sett som er p\u00e5 markedet.<br \/>\n5g.<\/p>","protected":false},"excerpt":{"rendered":"<p>BRUK \u2013 Bruk en lofri applikator eller mikrofiberpinne til \u00e5 forsiktig p\u00e5f\u00f8re Eyelash Lengthening Cream Remover p\u00e5 de forlengede vippene. La virke i 5\u201310 minutter. T\u00f8rk forsiktig av extensionsen. (Ikke f\u00e5 produktet i kundens \u00f8yne.) Skyll godt og s\u00f8rg for at det ikke er noen rester. Vi selger kun til profesjonelle. Supermild formel som enkelt fjerner vippeextensions uten \u00e5 p\u00e5virke de naturlige vippene.<\/p>","protected":false},"featured_media":6827,"menu_order":0,"comment_status":"open","ping_status":"closed","template":"","meta":{"_acf_changed":false},"product_brand":[],"product_cat":[159,158],"product_tag":[],"class_list":{"0":"post-6813","1":"product","2":"type-product","3":"status-publish","4":"has-post-thumbnail","6":"product_cat-other","7":"product_cat-sale","9":"first","10":"instock","11":"sale","12":"taxable","13":"shipping-taxable","14":"purchasable","15":"product-type-simple"},"acf":[],"yoast_head":"<!-- This site is optimized with the Yoast SEO plugin v27.3 - https:\/\/yoast.com\/product\/yoast-seo-wordpress\/ -->\n<title>Eyelash Extension Glue Remover - Karma Pro Beauty Store<\/title>\n<meta name=\"robots\" content=\"index, follow, max-snippet:-1, max-image-preview:large, max-video-preview:-1\" \/>\n<link rel=\"canonical\" href=\"https:\/\/karmaprobeautystore.no\/nb_no\/produkt\/eyelash-extension-glue-remover\/\" \/>\n<meta property=\"og:locale\" content=\"nb_NO\" \/>\n<meta property=\"og:type\" content=\"article\" \/>\n<meta property=\"og:title\" content=\"Eyelash Extension Glue Remover - Karma Pro Beauty Store\" \/>\n<meta property=\"og:description\" content=\"TO USE - Use a lint-free applicator or micro-cotton swab to gently apply Eyelash Lengthening Cream Remover to lengthened lashes. Let stand for 5-10 minutes. Carefully wipe the extension. (Do not get the product into the customer&#039;s eyes.) Rinse well and make sure there is no residue. We only sell to professionals. Super gentle formula that easily removes lash extensions without affecting natural lashes.\" \/>\n<meta property=\"og:url\" content=\"https:\/\/karmaprobeautystore.no\/nb_no\/produkt\/eyelash-extension-glue-remover\/\" \/>\n<meta property=\"og:site_name\" content=\"Karma Pro Beauty Store\" \/>\n<meta property=\"article:modified_time\" content=\"2026-04-17T13:14:21+00:00\" \/>\n<meta property=\"og:image\" content=\"https:\/\/karmaprobeautystore.no\/wp-content\/uploads\/2026\/04\/e5ef2440-f444-4a9b-be16-f417b7e5cc0d.jpg\" \/>\n\t<meta property=\"og:image:width\" content=\"1696\" \/>\n\t<meta property=\"og:image:height\" content=\"2528\" \/>\n\t<meta property=\"og:image:type\" content=\"image\/jpeg\" \/>\n<meta name=\"twitter:card\" content=\"summary_large_image\" \/>\n<meta name=\"twitter:label1\" content=\"Ansl. lesetid\" \/>\n\t<meta name=\"twitter:data1\" content=\"1 minutt\" \/>\n<script type=\"application\/ld+json\" class=\"yoast-schema-graph\">{\"@context\":\"https:\\\/\\\/schema.org\",\"@graph\":[{\"@type\":\"WebPage\",\"@id\":\"https:\\\/\\\/karmaprobeautystore.no\\\/produkt\\\/eyelash-extension-glue-remover\\\/\",\"url\":\"https:\\\/\\\/karmaprobeautystore.no\\\/produkt\\\/eyelash-extension-glue-remover\\\/\",\"name\":\"Eyelash Extension Glue Remover - Karma Pro Beauty Store\",\"isPartOf\":{\"@id\":\"https:\\\/\\\/karmaprobeautystore.no\\\/en\\\/#website\"},\"primaryImageOfPage\":{\"@id\":\"https:\\\/\\\/karmaprobeautystore.no\\\/produkt\\\/eyelash-extension-glue-remover\\\/#primaryimage\"},\"image\":{\"@id\":\"https:\\\/\\\/karmaprobeautystore.no\\\/produkt\\\/eyelash-extension-glue-remover\\\/#primaryimage\"},\"thumbnailUrl\":\"https:\\\/\\\/karmaprobeautystore.no\\\/wp-content\\\/uploads\\\/2026\\\/04\\\/e5ef2440-f444-4a9b-be16-f417b7e5cc0d.jpg\",\"datePublished\":\"2026-04-16T14:55:58+00:00\",\"dateModified\":\"2026-04-17T13:14:21+00:00\",\"breadcrumb\":{\"@id\":\"https:\\\/\\\/karmaprobeautystore.no\\\/produkt\\\/eyelash-extension-glue-remover\\\/#breadcrumb\"},\"inLanguage\":\"nb-NO\",\"potentialAction\":[{\"@type\":\"ReadAction\",\"target\":[\"https:\\\/\\\/karmaprobeautystore.no\\\/produkt\\\/eyelash-extension-glue-remover\\\/\"]}]},{\"@type\":\"ImageObject\",\"inLanguage\":\"nb-NO\",\"@id\":\"https:\\\/\\\/karmaprobeautystore.no\\\/produkt\\\/eyelash-extension-glue-remover\\\/#primaryimage\",\"url\":\"https:\\\/\\\/karmaprobeautystore.no\\\/wp-content\\\/uploads\\\/2026\\\/04\\\/e5ef2440-f444-4a9b-be16-f417b7e5cc0d.jpg\",\"contentUrl\":\"https:\\\/\\\/karmaprobeautystore.no\\\/wp-content\\\/uploads\\\/2026\\\/04\\\/e5ef2440-f444-4a9b-be16-f417b7e5cc0d.jpg\",\"width\":1696,\"height\":2528},{\"@type\":\"BreadcrumbList\",\"@id\":\"https:\\\/\\\/karmaprobeautystore.no\\\/produkt\\\/eyelash-extension-glue-remover\\\/#breadcrumb\",\"itemListElement\":[{\"@type\":\"ListItem\",\"position\":1,\"name\":\"Home\",\"item\":\"https:\\\/\\\/karmaprobeautystore.no\\\/\"},{\"@type\":\"ListItem\",\"position\":2,\"name\":\"Shop\",\"item\":\"https:\\\/\\\/karmaprobeautystore.no\\\/nb\\\/shop\\\/\"},{\"@type\":\"ListItem\",\"position\":3,\"name\":\"Eyelash Extension Glue Remover\"}]},{\"@type\":\"WebSite\",\"@id\":\"https:\\\/\\\/karmaprobeautystore.no\\\/en\\\/#website\",\"url\":\"https:\\\/\\\/karmaprobeautystore.no\\\/en\\\/\",\"name\":\"Karma Pro Beauty Store\",\"description\":\"\",\"potentialAction\":[{\"@type\":\"SearchAction\",\"target\":{\"@type\":\"EntryPoint\",\"urlTemplate\":\"https:\\\/\\\/karmaprobeautystore.no\\\/en\\\/?s={search_term_string}\"},\"query-input\":{\"@type\":\"PropertyValueSpecification\",\"valueRequired\":true,\"valueName\":\"search_term_string\"}}],\"inLanguage\":\"nb-NO\"}]}<\/script>\n<!-- \/ Yoast SEO plugin. -->","yoast_head_json":{"title":"Eyelash Extension Glue Remover - Karma Pro Beauty Store","robots":{"index":"index","follow":"follow","max-snippet":"max-snippet:-1","max-image-preview":"max-image-preview:large","max-video-preview":"max-video-preview:-1"},"canonical":"https:\/\/karmaprobeautystore.no\/nb_no\/produkt\/eyelash-extension-glue-remover\/","og_locale":"nb_NO","og_type":"article","og_title":"Eyelash Extension Glue Remover - Karma Pro Beauty Store","og_description":"TO USE - Use a lint-free applicator or micro-cotton swab to gently apply Eyelash Lengthening Cream Remover to lengthened lashes. Let stand for 5-10 minutes. Carefully wipe the extension. (Do not get the product into the customer's eyes.) Rinse well and make sure there is no residue. We only sell to professionals. Super gentle formula that easily removes lash extensions without affecting natural lashes.","og_url":"https:\/\/karmaprobeautystore.no\/nb_no\/produkt\/eyelash-extension-glue-remover\/","og_site_name":"Karma Pro Beauty Store","article_modified_time":"2026-04-17T13:14:21+00:00","og_image":[{"width":1696,"height":2528,"url":"https:\/\/karmaprobeautystore.no\/wp-content\/uploads\/2026\/04\/e5ef2440-f444-4a9b-be16-f417b7e5cc0d.jpg","type":"image\/jpeg"}],"twitter_card":"summary_large_image","twitter_misc":{"Ansl. lesetid":"1 minutt"},"schema":{"@context":"https:\/\/schema.org","@graph":[{"@type":"WebPage","@id":"https:\/\/karmaprobeautystore.no\/produkt\/eyelash-extension-glue-remover\/","url":"https:\/\/karmaprobeautystore.no\/produkt\/eyelash-extension-glue-remover\/","name":"Eyelash Extension Glue Remover - Karma Pro Beauty Store","isPartOf":{"@id":"https:\/\/karmaprobeautystore.no\/en\/#website"},"primaryImageOfPage":{"@id":"https:\/\/karmaprobeautystore.no\/produkt\/eyelash-extension-glue-remover\/#primaryimage"},"image":{"@id":"https:\/\/karmaprobeautystore.no\/produkt\/eyelash-extension-glue-remover\/#primaryimage"},"thumbnailUrl":"https:\/\/karmaprobeautystore.no\/wp-content\/uploads\/2026\/04\/e5ef2440-f444-4a9b-be16-f417b7e5cc0d.jpg","datePublished":"2026-04-16T14:55:58+00:00","dateModified":"2026-04-17T13:14:21+00:00","breadcrumb":{"@id":"https:\/\/karmaprobeautystore.no\/produkt\/eyelash-extension-glue-remover\/#breadcrumb"},"inLanguage":"nb-NO","potentialAction":[{"@type":"ReadAction","target":["https:\/\/karmaprobeautystore.no\/produkt\/eyelash-extension-glue-remover\/"]}]},{"@type":"ImageObject","inLanguage":"nb-NO","@id":"https:\/\/karmaprobeautystore.no\/produkt\/eyelash-extension-glue-remover\/#primaryimage","url":"https:\/\/karmaprobeautystore.no\/wp-content\/uploads\/2026\/04\/e5ef2440-f444-4a9b-be16-f417b7e5cc0d.jpg","contentUrl":"https:\/\/karmaprobeautystore.no\/wp-content\/uploads\/2026\/04\/e5ef2440-f444-4a9b-be16-f417b7e5cc0d.jpg","width":1696,"height":2528},{"@type":"BreadcrumbList","@id":"https:\/\/karmaprobeautystore.no\/produkt\/eyelash-extension-glue-remover\/#breadcrumb","itemListElement":[{"@type":"ListItem","position":1,"name":"Home","item":"https:\/\/karmaprobeautystore.no\/"},{"@type":"ListItem","position":2,"name":"Shop","item":"https:\/\/karmaprobeautystore.no\/nb\/shop\/"},{"@type":"ListItem","position":3,"name":"Eyelash Extension Glue Remover"}]},{"@type":"WebSite","@id":"https:\/\/karmaprobeautystore.no\/en\/#website","url":"https:\/\/karmaprobeautystore.no\/en\/","name":"Karma Pro Skj\u00f8nnhetsbutikk","description":"","potentialAction":[{"@type":"SearchAction","target":{"@type":"EntryPoint","urlTemplate":"https:\/\/karmaprobeautystore.no\/en\/?s={search_term_string}"},"query-input":{"@type":"PropertyValueSpecification","valueRequired":true,"valueName":"search_term_string"}}],"inLanguage":"nb-NO"}]}},"_links":{"self":[{"href":"https:\/\/karmaprobeautystore.no\/nb_no\/wp-json\/wp\/v2\/product\/6813","targetHints":{"allow":["GET"]}}],"collection":[{"href":"https:\/\/karmaprobeautystore.no\/nb_no\/wp-json\/wp\/v2\/product"}],"about":[{"href":"https:\/\/karmaprobeautystore.no\/nb_no\/wp-json\/wp\/v2\/types\/product"}],"replies":[{"embeddable":true,"href":"https:\/\/karmaprobeautystore.no\/nb_no\/wp-json\/wp\/v2\/comments?post=6813"}],"wp:featuredmedia":[{"embeddable":true,"href":"https:\/\/karmaprobeautystore.no\/nb_no\/wp-json\/wp\/v2\/media\/6827"}],"wp:attachment":[{"href":"https:\/\/karmaprobeautystore.no\/nb_no\/wp-json\/wp\/v2\/media?parent=6813"}],"wp:term":[{"taxonomy":"product_brand","embeddable":true,"href":"https:\/\/karmaprobeautystore.no\/nb_no\/wp-json\/wp\/v2\/product_brand?post=6813"},{"taxonomy":"product_cat","embeddable":true,"href":"https:\/\/karmaprobeautystore.no\/nb_no\/wp-json\/wp\/v2\/product_cat?post=6813"},{"taxonomy":"product_tag","embeddable":true,"href":"https:\/\/karmaprobeautystore.no\/nb_no\/wp-json\/wp\/v2\/product_tag?post=6813"}],"curies":[{"name":"wp","href":"https:\/\/api.w.org\/{rel}","templated":true}]}}