{"id":6763,"date":"2026-03-18T09:29:58","date_gmt":"2026-03-18T09:29:58","guid":{"rendered":"https:\/\/karmaprobeautystore.no\/?post_type=product&#038;p=6763"},"modified":"2026-03-31T04:06:42","modified_gmt":"2026-03-31T04:06:42","slug":"lash-lift-silicone-self-sticky-4-pair-2","status":"publish","type":"product","link":"https:\/\/karmaprobeautystore.no\/nb_no\/produkt\/lash-lift-silicone-self-sticky-4-pair-2\/","title":{"rendered":"Vippel\u00f8ft silikon, selvklebende 4 par"},"content":{"rendered":"<p>Vippel\u00f8ftpads Myk tekstur Blandet i 4 st\u00f8rrelser. Passer perfekt p\u00e5 \u00f8yelokket, trenger ikke lim for \u00e5 feste seg til \u00f8yelokket, deformeres ikke lett Medisinsk silikonmateriale Gjenbrukbar<\/p>\n<p>Vippel\u00f8ftpads<\/p>\n<ul>\n<li>Myk tekstur<\/li>\n<li>Blandede st\u00f8rrelser \u2013 4 par<\/li>\n<li>Passer perfekt p\u00e5 \u00f8yelokket, trenger ikke lim for \u00e5 feste seg til \u00f8yelokket,<\/li>\n<li>Ikke lett \u00e5 deformere<\/li>\n<li>Medisinsk silikonmateriale<\/li>\n<li>Gjenbrukbar<\/li>\n<\/ul>","protected":false},"excerpt":{"rendered":"<p>Vippel\u00f8ftpads Myk tekstur Blandet st\u00f8rrelser \u2013 4 par Passer perfekt p\u00e5 \u00f8yelokket, trenger ikke lim for \u00e5 feste seg til \u00f8yelokket, deformeres ikke lett Medisinsk silikonmateriale Gjenbrukbare vippel\u00f8ftpads Myk tekstur Blandet st\u00f8rrelser \u2013 4 par Passer perfekt p\u00e5 \u00f8yelokket, trenger ikke lim for \u00e5 feste seg til \u00f8yelokket, deformeres ikke lett Medisinsk \u2026<\/p>","protected":false},"featured_media":6770,"menu_order":0,"comment_status":"open","ping_status":"closed","template":"","meta":{"_acf_changed":false},"product_brand":[],"product_cat":[155,156,157],"product_tag":[],"class_list":{"0":"post-6763","1":"product","2":"type-product","3":"status-publish","4":"has-post-thumbnail","6":"product_cat-lash-and-brow-lift","7":"product_cat-lift-system","8":"product_cat-tools","10":"first","11":"instock","12":"taxable","13":"shipping-taxable","14":"purchasable","15":"product-type-simple"},"acf":[],"yoast_head":"<!-- This site is optimized with the Yoast SEO plugin v25.8 - https:\/\/yoast.com\/wordpress\/plugins\/seo\/ -->\n<title>Lash lift silicone, self sticky 4 Pair - Karma Pro Beauty Store<\/title>\n<meta name=\"robots\" content=\"index, follow, max-snippet:-1, max-image-preview:large, max-video-preview:-1\" \/>\n<link rel=\"canonical\" href=\"https:\/\/karmaprobeautystore.no\/nb_no\/produkt\/lash-lift-silicone-self-sticky-4-pair-2\/\" \/>\n<meta property=\"og:locale\" content=\"nb_NO\" \/>\n<meta property=\"og:type\" content=\"article\" \/>\n<meta property=\"og:title\" content=\"Lash lift silicone, self sticky 4 Pair - Karma Pro Beauty Store\" \/>\n<meta property=\"og:description\" content=\"Lash lift pads Soft texture Mixed 4 sizes . Fits perfectly on eyelid, No glue required to stick to eyelid, Not easy to deform Medical grade silicone material Reusable Lash lift pads Soft texture Mixed sizes \u20134 pairs Fits perfectly on eyelid, No glue required to stick to eyelid, Not easy to deform Medical grade ...\" \/>\n<meta property=\"og:url\" content=\"https:\/\/karmaprobeautystore.no\/nb_no\/produkt\/lash-lift-silicone-self-sticky-4-pair-2\/\" \/>\n<meta property=\"og:site_name\" content=\"Karma Pro Beauty Store\" \/>\n<meta property=\"article:modified_time\" content=\"2026-03-31T04:06:42+00:00\" \/>\n<meta property=\"og:image\" content=\"https:\/\/karmaprobeautystore.no\/wp-content\/uploads\/2026\/03\/IMG_1110-1.jpeg\" \/>\n\t<meta property=\"og:image:width\" content=\"1320\" \/>\n\t<meta property=\"og:image:height\" content=\"1291\" \/>\n\t<meta property=\"og:image:type\" content=\"image\/jpeg\" \/>\n<meta name=\"twitter:card\" content=\"summary_large_image\" \/>\n<meta name=\"twitter:label1\" content=\"Ansl. lesetid\" \/>\n\t<meta name=\"twitter:data1\" content=\"1 minutt\" \/>\n<script type=\"application\/ld+json\" class=\"yoast-schema-graph\">{\"@context\":\"https:\/\/schema.org\",\"@graph\":[{\"@type\":\"WebPage\",\"@id\":\"https:\/\/karmaprobeautystore.no\/produkt\/lash-lift-silicone-self-sticky-4-pair-2\/\",\"url\":\"https:\/\/karmaprobeautystore.no\/produkt\/lash-lift-silicone-self-sticky-4-pair-2\/\",\"name\":\"Lash lift silicone, self sticky 4 Pair - Karma Pro Beauty Store\",\"isPartOf\":{\"@id\":\"https:\/\/karmaprobeautystore.no\/en\/#website\"},\"primaryImageOfPage\":{\"@id\":\"https:\/\/karmaprobeautystore.no\/produkt\/lash-lift-silicone-self-sticky-4-pair-2\/#primaryimage\"},\"image\":{\"@id\":\"https:\/\/karmaprobeautystore.no\/produkt\/lash-lift-silicone-self-sticky-4-pair-2\/#primaryimage\"},\"thumbnailUrl\":\"https:\/\/karmaprobeautystore.no\/wp-content\/uploads\/2026\/03\/IMG_1110-1.jpeg\",\"datePublished\":\"2026-03-18T09:29:58+00:00\",\"dateModified\":\"2026-03-31T04:06:42+00:00\",\"breadcrumb\":{\"@id\":\"https:\/\/karmaprobeautystore.no\/produkt\/lash-lift-silicone-self-sticky-4-pair-2\/#breadcrumb\"},\"inLanguage\":\"nb-NO\",\"potentialAction\":[{\"@type\":\"ReadAction\",\"target\":[\"https:\/\/karmaprobeautystore.no\/produkt\/lash-lift-silicone-self-sticky-4-pair-2\/\"]}]},{\"@type\":\"ImageObject\",\"inLanguage\":\"nb-NO\",\"@id\":\"https:\/\/karmaprobeautystore.no\/produkt\/lash-lift-silicone-self-sticky-4-pair-2\/#primaryimage\",\"url\":\"https:\/\/karmaprobeautystore.no\/wp-content\/uploads\/2026\/03\/IMG_1110-1.jpeg\",\"contentUrl\":\"https:\/\/karmaprobeautystore.no\/wp-content\/uploads\/2026\/03\/IMG_1110-1.jpeg\",\"width\":1320,\"height\":1291,\"caption\":\"Screenshot\"},{\"@type\":\"BreadcrumbList\",\"@id\":\"https:\/\/karmaprobeautystore.no\/produkt\/lash-lift-silicone-self-sticky-4-pair-2\/#breadcrumb\",\"itemListElement\":[{\"@type\":\"ListItem\",\"position\":1,\"name\":\"Home\",\"item\":\"https:\/\/karmaprobeautystore.no\/\"},{\"@type\":\"ListItem\",\"position\":2,\"name\":\"Shop\",\"item\":\"https:\/\/karmaprobeautystore.no\/nb\/shop\/\"},{\"@type\":\"ListItem\",\"position\":3,\"name\":\"Lash lift silicone, self sticky 4 Pair\"}]},{\"@type\":\"WebSite\",\"@id\":\"https:\/\/karmaprobeautystore.no\/en\/#website\",\"url\":\"https:\/\/karmaprobeautystore.no\/en\/\",\"name\":\"Karma Pro Beauty Store\",\"description\":\"\",\"potentialAction\":[{\"@type\":\"SearchAction\",\"target\":{\"@type\":\"EntryPoint\",\"urlTemplate\":\"https:\/\/karmaprobeautystore.no\/en\/?s={search_term_string}\"},\"query-input\":{\"@type\":\"PropertyValueSpecification\",\"valueRequired\":true,\"valueName\":\"search_term_string\"}}],\"inLanguage\":\"nb-NO\"}]}<\/script>\n<!-- \/ Yoast SEO plugin. -->","yoast_head_json":{"title":"Lash lift silicone, self sticky 4 Pair - Karma Pro Beauty Store","robots":{"index":"index","follow":"follow","max-snippet":"max-snippet:-1","max-image-preview":"max-image-preview:large","max-video-preview":"max-video-preview:-1"},"canonical":"https:\/\/karmaprobeautystore.no\/nb_no\/produkt\/lash-lift-silicone-self-sticky-4-pair-2\/","og_locale":"nb_NO","og_type":"article","og_title":"Lash lift silicone, self sticky 4 Pair - Karma Pro Beauty Store","og_description":"Lash lift pads Soft texture Mixed 4 sizes . Fits perfectly on eyelid, No glue required to stick to eyelid, Not easy to deform Medical grade silicone material Reusable Lash lift pads Soft texture Mixed sizes \u20134 pairs Fits perfectly on eyelid, No glue required to stick to eyelid, Not easy to deform Medical grade ...","og_url":"https:\/\/karmaprobeautystore.no\/nb_no\/produkt\/lash-lift-silicone-self-sticky-4-pair-2\/","og_site_name":"Karma Pro Beauty Store","article_modified_time":"2026-03-31T04:06:42+00:00","og_image":[{"width":1320,"height":1291,"url":"https:\/\/karmaprobeautystore.no\/wp-content\/uploads\/2026\/03\/IMG_1110-1.jpeg","type":"image\/jpeg"}],"twitter_card":"summary_large_image","twitter_misc":{"Ansl. lesetid":"1 minutt"},"schema":{"@context":"https:\/\/schema.org","@graph":[{"@type":"WebPage","@id":"https:\/\/karmaprobeautystore.no\/produkt\/lash-lift-silicone-self-sticky-4-pair-2\/","url":"https:\/\/karmaprobeautystore.no\/produkt\/lash-lift-silicone-self-sticky-4-pair-2\/","name":"Lash lift silicone, self sticky 4 Pair - Karma Pro Beauty Store","isPartOf":{"@id":"https:\/\/karmaprobeautystore.no\/en\/#website"},"primaryImageOfPage":{"@id":"https:\/\/karmaprobeautystore.no\/produkt\/lash-lift-silicone-self-sticky-4-pair-2\/#primaryimage"},"image":{"@id":"https:\/\/karmaprobeautystore.no\/produkt\/lash-lift-silicone-self-sticky-4-pair-2\/#primaryimage"},"thumbnailUrl":"https:\/\/karmaprobeautystore.no\/wp-content\/uploads\/2026\/03\/IMG_1110-1.jpeg","datePublished":"2026-03-18T09:29:58+00:00","dateModified":"2026-03-31T04:06:42+00:00","breadcrumb":{"@id":"https:\/\/karmaprobeautystore.no\/produkt\/lash-lift-silicone-self-sticky-4-pair-2\/#breadcrumb"},"inLanguage":"nb-NO","potentialAction":[{"@type":"ReadAction","target":["https:\/\/karmaprobeautystore.no\/produkt\/lash-lift-silicone-self-sticky-4-pair-2\/"]}]},{"@type":"ImageObject","inLanguage":"nb-NO","@id":"https:\/\/karmaprobeautystore.no\/produkt\/lash-lift-silicone-self-sticky-4-pair-2\/#primaryimage","url":"https:\/\/karmaprobeautystore.no\/wp-content\/uploads\/2026\/03\/IMG_1110-1.jpeg","contentUrl":"https:\/\/karmaprobeautystore.no\/wp-content\/uploads\/2026\/03\/IMG_1110-1.jpeg","width":1320,"height":1291,"caption":"Screenshot"},{"@type":"BreadcrumbList","@id":"https:\/\/karmaprobeautystore.no\/produkt\/lash-lift-silicone-self-sticky-4-pair-2\/#breadcrumb","itemListElement":[{"@type":"ListItem","position":1,"name":"Home","item":"https:\/\/karmaprobeautystore.no\/"},{"@type":"ListItem","position":2,"name":"Shop","item":"https:\/\/karmaprobeautystore.no\/nb\/shop\/"},{"@type":"ListItem","position":3,"name":"Lash lift silicone, self sticky 4 Pair"}]},{"@type":"WebSite","@id":"https:\/\/karmaprobeautystore.no\/en\/#website","url":"https:\/\/karmaprobeautystore.no\/en\/","name":"Karma Pro Skj\u00f8nnhetsbutikk","description":"","potentialAction":[{"@type":"SearchAction","target":{"@type":"EntryPoint","urlTemplate":"https:\/\/karmaprobeautystore.no\/en\/?s={search_term_string}"},"query-input":{"@type":"PropertyValueSpecification","valueRequired":true,"valueName":"search_term_string"}}],"inLanguage":"nb-NO"}]}},"_links":{"self":[{"href":"https:\/\/karmaprobeautystore.no\/nb_no\/wp-json\/wp\/v2\/product\/6763","targetHints":{"allow":["GET"]}}],"collection":[{"href":"https:\/\/karmaprobeautystore.no\/nb_no\/wp-json\/wp\/v2\/product"}],"about":[{"href":"https:\/\/karmaprobeautystore.no\/nb_no\/wp-json\/wp\/v2\/types\/product"}],"replies":[{"embeddable":true,"href":"https:\/\/karmaprobeautystore.no\/nb_no\/wp-json\/wp\/v2\/comments?post=6763"}],"wp:featuredmedia":[{"embeddable":true,"href":"https:\/\/karmaprobeautystore.no\/nb_no\/wp-json\/wp\/v2\/media\/6770"}],"wp:attachment":[{"href":"https:\/\/karmaprobeautystore.no\/nb_no\/wp-json\/wp\/v2\/media?parent=6763"}],"wp:term":[{"taxonomy":"product_brand","embeddable":true,"href":"https:\/\/karmaprobeautystore.no\/nb_no\/wp-json\/wp\/v2\/product_brand?post=6763"},{"taxonomy":"product_cat","embeddable":true,"href":"https:\/\/karmaprobeautystore.no\/nb_no\/wp-json\/wp\/v2\/product_cat?post=6763"},{"taxonomy":"product_tag","embeddable":true,"href":"https:\/\/karmaprobeautystore.no\/nb_no\/wp-json\/wp\/v2\/product_tag?post=6763"}],"curies":[{"name":"wp","href":"https:\/\/api.w.org\/{rel}","templated":true}]}}