{"id":6755,"date":"2026-03-18T09:04:35","date_gmt":"2026-03-18T09:04:35","guid":{"rendered":"https:\/\/karmaprobeautystore.no\/?post_type=product&#038;p=6755"},"modified":"2026-03-18T09:04:35","modified_gmt":"2026-03-18T09:04:35","slug":"drama-tinted-primer","status":"publish","type":"product","link":"https:\/\/karmaprobeautystore.no\/nb_no\/produkt\/drama-tinted-primer\/","title":{"rendered":"Drama Tinted Primer"},"content":{"rendered":"<p>Beskrivelse<\/p>\n<div class=\"content rte pt-8 pb-16\">Prime, boost OG gi farge til vippene dine! Dette er det multifunksjonelle vippeproduktet du ikke visste at du trengte.<\/p>\n<p>Xlash Drama tinted primer er designet som en n\u00e6rende, vippeforsterkende base som mascaraen din fester seg til. Denne hybridformelen, beriket med et tripeptidkompleks, hjelper til med \u00e5 fremme lengre og sterkere vipper. Den maksimale effekten av din favorittmascara samtidig som den styrker vippene dine.<\/p>\n<p>Siden den rike, m\u00f8rkebrune formelen gir en fl\u00f8yelsmyk farge, og den buede, slanke silikonb\u00f8rsten l\u00f8fter og definerer vippene dine, kan dette produktet brukes som en vanlig mascara til hverdagsbruk.<\/p>\n<p>\u00d8nsker du virkelig drama? Bruk denne som steg \u00e9n under den ultrasvarte Xlash Drama-mascaraen for en klumpefri, separert base som maksimerer volum og lengde.<\/p><\/div>","protected":false},"excerpt":{"rendered":"<p>Beskrivelse Prime, boost OG gi farge til vippene dine! Dette er det multifunksjonelle vippeproduktet du ikke visste at du trengte. Xlash Drama tinted primer er designet som en n\u00e6rende, vippeforsterkende base som mascaraen din fester seg til. Denne hybridformelen, beriket med et tripeptidkompleks, hjelper til med \u00e5 fremme lengre og sterkere vipper. Den maksimale effekten \u2026<\/p>","protected":false},"featured_media":6756,"menu_order":0,"comment_status":"open","ping_status":"closed","template":"","meta":{"_acf_changed":false},"product_brand":[],"product_cat":[161,162],"product_tag":[],"class_list":{"0":"post-6755","1":"product","2":"type-product","3":"status-publish","4":"has-post-thumbnail","6":"product_cat-beauty-products","7":"product_cat-brows","9":"first","10":"instock","11":"taxable","12":"shipping-taxable","13":"purchasable","14":"product-type-simple"},"acf":[],"yoast_head":"<!-- This site is optimized with the Yoast SEO plugin v25.8 - https:\/\/yoast.com\/wordpress\/plugins\/seo\/ -->\n<title>Drama Tinted Primer - Karma Pro Beauty Store<\/title>\n<meta name=\"robots\" content=\"index, follow, max-snippet:-1, max-image-preview:large, max-video-preview:-1\" \/>\n<link rel=\"canonical\" href=\"https:\/\/karmaprobeautystore.no\/nb_no\/produkt\/drama-tinted-primer\/\" \/>\n<meta property=\"og:locale\" content=\"nb_NO\" \/>\n<meta property=\"og:type\" content=\"article\" \/>\n<meta property=\"og:title\" content=\"Drama Tinted Primer - Karma Pro Beauty Store\" \/>\n<meta property=\"og:description\" content=\"Beskrivning Prime, boost OG gi farge til vippene dine! Dette er det multifunksjonelle vippeproduktet du ikke visste at du trengte. Xlash Drama tinted primer er designet som en n\u00e6rende, vippeforsterkende base som mascaraen din fester seg til. Denne hybridformelen, beriket med et tripeptidkompleks, hjelper til med \u00e5 fremme lengre og sterkere vipper. Den maksimerer effekten ...\" \/>\n<meta property=\"og:url\" content=\"https:\/\/karmaprobeautystore.no\/nb_no\/produkt\/drama-tinted-primer\/\" \/>\n<meta property=\"og:site_name\" content=\"Karma Pro Beauty Store\" \/>\n<meta property=\"og:image\" content=\"https:\/\/karmaprobeautystore.no\/wp-content\/uploads\/2026\/03\/Drama-Tinted-Primer-53936650322259.webp\" \/>\n\t<meta property=\"og:image:width\" content=\"1080\" \/>\n\t<meta property=\"og:image:height\" content=\"1440\" \/>\n\t<meta property=\"og:image:type\" content=\"image\/webp\" \/>\n<meta name=\"twitter:card\" content=\"summary_large_image\" \/>\n<meta name=\"twitter:label1\" content=\"Ansl. lesetid\" \/>\n\t<meta name=\"twitter:data1\" content=\"1 minutt\" \/>\n<script type=\"application\/ld+json\" class=\"yoast-schema-graph\">{\"@context\":\"https:\/\/schema.org\",\"@graph\":[{\"@type\":\"WebPage\",\"@id\":\"https:\/\/karmaprobeautystore.no\/produkt\/drama-tinted-primer\/\",\"url\":\"https:\/\/karmaprobeautystore.no\/produkt\/drama-tinted-primer\/\",\"name\":\"Drama Tinted Primer - Karma Pro Beauty Store\",\"isPartOf\":{\"@id\":\"https:\/\/karmaprobeautystore.no\/en\/#website\"},\"primaryImageOfPage\":{\"@id\":\"https:\/\/karmaprobeautystore.no\/produkt\/drama-tinted-primer\/#primaryimage\"},\"image\":{\"@id\":\"https:\/\/karmaprobeautystore.no\/produkt\/drama-tinted-primer\/#primaryimage\"},\"thumbnailUrl\":\"https:\/\/karmaprobeautystore.no\/wp-content\/uploads\/2026\/03\/Drama-Tinted-Primer-53936650322259.webp\",\"datePublished\":\"2026-03-18T09:04:35+00:00\",\"breadcrumb\":{\"@id\":\"https:\/\/karmaprobeautystore.no\/produkt\/drama-tinted-primer\/#breadcrumb\"},\"inLanguage\":\"nb-NO\",\"potentialAction\":[{\"@type\":\"ReadAction\",\"target\":[\"https:\/\/karmaprobeautystore.no\/produkt\/drama-tinted-primer\/\"]}]},{\"@type\":\"ImageObject\",\"inLanguage\":\"nb-NO\",\"@id\":\"https:\/\/karmaprobeautystore.no\/produkt\/drama-tinted-primer\/#primaryimage\",\"url\":\"https:\/\/karmaprobeautystore.no\/wp-content\/uploads\/2026\/03\/Drama-Tinted-Primer-53936650322259.webp\",\"contentUrl\":\"https:\/\/karmaprobeautystore.no\/wp-content\/uploads\/2026\/03\/Drama-Tinted-Primer-53936650322259.webp\",\"width\":1080,\"height\":1440},{\"@type\":\"BreadcrumbList\",\"@id\":\"https:\/\/karmaprobeautystore.no\/produkt\/drama-tinted-primer\/#breadcrumb\",\"itemListElement\":[{\"@type\":\"ListItem\",\"position\":1,\"name\":\"Home\",\"item\":\"https:\/\/karmaprobeautystore.no\/\"},{\"@type\":\"ListItem\",\"position\":2,\"name\":\"Shop\",\"item\":\"https:\/\/karmaprobeautystore.no\/nb\/shop\/\"},{\"@type\":\"ListItem\",\"position\":3,\"name\":\"Drama Tinted Primer\"}]},{\"@type\":\"WebSite\",\"@id\":\"https:\/\/karmaprobeautystore.no\/en\/#website\",\"url\":\"https:\/\/karmaprobeautystore.no\/en\/\",\"name\":\"Karma Pro Beauty Store\",\"description\":\"\",\"potentialAction\":[{\"@type\":\"SearchAction\",\"target\":{\"@type\":\"EntryPoint\",\"urlTemplate\":\"https:\/\/karmaprobeautystore.no\/en\/?s={search_term_string}\"},\"query-input\":{\"@type\":\"PropertyValueSpecification\",\"valueRequired\":true,\"valueName\":\"search_term_string\"}}],\"inLanguage\":\"nb-NO\"}]}<\/script>\n<!-- \/ Yoast SEO plugin. -->","yoast_head_json":{"title":"Drama Tinted Primer - Karma Pro Beauty Store","robots":{"index":"index","follow":"follow","max-snippet":"max-snippet:-1","max-image-preview":"max-image-preview:large","max-video-preview":"max-video-preview:-1"},"canonical":"https:\/\/karmaprobeautystore.no\/nb_no\/produkt\/drama-tinted-primer\/","og_locale":"nb_NO","og_type":"article","og_title":"Drama Tinted Primer - Karma Pro Beauty Store","og_description":"Beskrivning Prime, boost OG gi farge til vippene dine! Dette er det multifunksjonelle vippeproduktet du ikke visste at du trengte. Xlash Drama tinted primer er designet som en n\u00e6rende, vippeforsterkende base som mascaraen din fester seg til. Denne hybridformelen, beriket med et tripeptidkompleks, hjelper til med \u00e5 fremme lengre og sterkere vipper. Den maksimerer effekten ...","og_url":"https:\/\/karmaprobeautystore.no\/nb_no\/produkt\/drama-tinted-primer\/","og_site_name":"Karma Pro Beauty Store","og_image":[{"width":1080,"height":1440,"url":"https:\/\/karmaprobeautystore.no\/wp-content\/uploads\/2026\/03\/Drama-Tinted-Primer-53936650322259.webp","type":"image\/webp"}],"twitter_card":"summary_large_image","twitter_misc":{"Ansl. lesetid":"1 minutt"},"schema":{"@context":"https:\/\/schema.org","@graph":[{"@type":"WebPage","@id":"https:\/\/karmaprobeautystore.no\/produkt\/drama-tinted-primer\/","url":"https:\/\/karmaprobeautystore.no\/produkt\/drama-tinted-primer\/","name":"Drama Tinted Primer - Karma Pro Beauty Store","isPartOf":{"@id":"https:\/\/karmaprobeautystore.no\/en\/#website"},"primaryImageOfPage":{"@id":"https:\/\/karmaprobeautystore.no\/produkt\/drama-tinted-primer\/#primaryimage"},"image":{"@id":"https:\/\/karmaprobeautystore.no\/produkt\/drama-tinted-primer\/#primaryimage"},"thumbnailUrl":"https:\/\/karmaprobeautystore.no\/wp-content\/uploads\/2026\/03\/Drama-Tinted-Primer-53936650322259.webp","datePublished":"2026-03-18T09:04:35+00:00","breadcrumb":{"@id":"https:\/\/karmaprobeautystore.no\/produkt\/drama-tinted-primer\/#breadcrumb"},"inLanguage":"nb-NO","potentialAction":[{"@type":"ReadAction","target":["https:\/\/karmaprobeautystore.no\/produkt\/drama-tinted-primer\/"]}]},{"@type":"ImageObject","inLanguage":"nb-NO","@id":"https:\/\/karmaprobeautystore.no\/produkt\/drama-tinted-primer\/#primaryimage","url":"https:\/\/karmaprobeautystore.no\/wp-content\/uploads\/2026\/03\/Drama-Tinted-Primer-53936650322259.webp","contentUrl":"https:\/\/karmaprobeautystore.no\/wp-content\/uploads\/2026\/03\/Drama-Tinted-Primer-53936650322259.webp","width":1080,"height":1440},{"@type":"BreadcrumbList","@id":"https:\/\/karmaprobeautystore.no\/produkt\/drama-tinted-primer\/#breadcrumb","itemListElement":[{"@type":"ListItem","position":1,"name":"Home","item":"https:\/\/karmaprobeautystore.no\/"},{"@type":"ListItem","position":2,"name":"Shop","item":"https:\/\/karmaprobeautystore.no\/nb\/shop\/"},{"@type":"ListItem","position":3,"name":"Drama Tinted Primer"}]},{"@type":"WebSite","@id":"https:\/\/karmaprobeautystore.no\/en\/#website","url":"https:\/\/karmaprobeautystore.no\/en\/","name":"Karma Pro Skj\u00f8nnhetsbutikk","description":"","potentialAction":[{"@type":"SearchAction","target":{"@type":"EntryPoint","urlTemplate":"https:\/\/karmaprobeautystore.no\/en\/?s={search_term_string}"},"query-input":{"@type":"PropertyValueSpecification","valueRequired":true,"valueName":"search_term_string"}}],"inLanguage":"nb-NO"}]}},"_links":{"self":[{"href":"https:\/\/karmaprobeautystore.no\/nb_no\/wp-json\/wp\/v2\/product\/6755","targetHints":{"allow":["GET"]}}],"collection":[{"href":"https:\/\/karmaprobeautystore.no\/nb_no\/wp-json\/wp\/v2\/product"}],"about":[{"href":"https:\/\/karmaprobeautystore.no\/nb_no\/wp-json\/wp\/v2\/types\/product"}],"replies":[{"embeddable":true,"href":"https:\/\/karmaprobeautystore.no\/nb_no\/wp-json\/wp\/v2\/comments?post=6755"}],"wp:featuredmedia":[{"embeddable":true,"href":"https:\/\/karmaprobeautystore.no\/nb_no\/wp-json\/wp\/v2\/media\/6756"}],"wp:attachment":[{"href":"https:\/\/karmaprobeautystore.no\/nb_no\/wp-json\/wp\/v2\/media?parent=6755"}],"wp:term":[{"taxonomy":"product_brand","embeddable":true,"href":"https:\/\/karmaprobeautystore.no\/nb_no\/wp-json\/wp\/v2\/product_brand?post=6755"},{"taxonomy":"product_cat","embeddable":true,"href":"https:\/\/karmaprobeautystore.no\/nb_no\/wp-json\/wp\/v2\/product_cat?post=6755"},{"taxonomy":"product_tag","embeddable":true,"href":"https:\/\/karmaprobeautystore.no\/nb_no\/wp-json\/wp\/v2\/product_tag?post=6755"}],"curies":[{"name":"wp","href":"https:\/\/api.w.org\/{rel}","templated":true}]}}