{"id":6703,"date":"2026-02-10T13:45:49","date_gmt":"2026-02-10T13:45:49","guid":{"rendered":"https:\/\/karmaprobeautystore.no\/?post_type=product&#038;p=6703"},"modified":"2026-02-10T14:09:02","modified_gmt":"2026-02-10T14:09:02","slug":"wella-professionals-ultimate-repair-miracle-hair-rescue-30ml","status":"publish","type":"product","link":"https:\/\/karmaprobeautystore.no\/nb_no\/produkt\/wella-professionals-ultimate-repair-miracle-hair-rescue-30ml\/","title":{"rendered":"Wella Professionals Ultimate Repair Miracle Hair Rescue 30ml"},"content":{"rendered":"<p>Wella Professionals Ultimate Repair Miracle Hair Rescue er en eksklusiv leave-in-spray som reparerer og forebygger skader p\u00e5 h\u00e5ret i bare 90 sekunder. <\/p>\n<p>Miracle Hair Rescue inneholder alfahydroksysyre (AHA) og omega 9 som gjenoppbygger bindingene inne i h\u00e5ret og gjenoppretter den ytre barrieren i varme- og blekeskadet h\u00e5r. Med AHA, som vanligvis er kjent innen hudpleie, brukes AHA i Ultimate Repair til \u00e5 styrke, pleie og forhindre brukne h\u00e5rstr\u00e5 i sunt og kjemisk behandlet h\u00e5r ved \u00e5 gjenoppbygge hydrogenbindingene og trenge dypt inn i h\u00e5rfibrene.<\/p>\n<p>Miracle Hair Rescue styrker og glatter ut h\u00e5ret intensivt og gir transformative resultater etter bare 1 bruk, som varer i opptil 4 vask.** Denne profesjonelle h\u00e5rboosteren l\u00f8ser effektivt opp floker i v\u00e5tt h\u00e5r og garanterer 12 ganger glattere h\u00e5r p\u00e5 bare 90 sekunder.*<\/p>\n<p>Fordeler:<\/p>\n<p>Dermatologisk testet<br \/>\nVegansk<br \/>\nDyrevennlig<br \/>\n*Ved bruk av Ultimate Repair Step 3<\/p>\n<p>**Ved bruk av Ultimate Repair Step 1, 2 og 3<\/p>","protected":false},"excerpt":{"rendered":"<p>Wella Professionals Ultimate Repair Miracle Hair Rescue er en eksklusiv leave-in-spray som reparerer og forebygger skader p\u00e5 h\u00e5ret i bare 90 sekunder. Miracle Hair Rescue inneholder alfahydroksysyre (AHA) og omega 9 som gjenoppbygger bindingene inne i h\u00e5ret og gjenoppretter den ytre barrieren i varme- og blekeskadet h\u00e5r. Med AHA, som vanligvis er kjent innen hudpleie, \u2026<\/p>","protected":false},"featured_media":6704,"menu_order":0,"comment_status":"open","ping_status":"closed","template":"","meta":{"_acf_changed":false},"product_brand":[],"product_cat":[161,163],"product_tag":[],"class_list":{"0":"post-6703","1":"product","2":"type-product","3":"status-publish","4":"has-post-thumbnail","6":"product_cat-beauty-products","7":"product_cat-hair-products","9":"first","10":"instock","11":"taxable","12":"shipping-taxable","13":"purchasable","14":"product-type-simple"},"acf":[],"yoast_head":"<!-- This site is optimized with the Yoast SEO plugin v27.3 - https:\/\/yoast.com\/product\/yoast-seo-wordpress\/ -->\n<title>Wella Professionals Ultimate Repair Miracle Hair Rescue 30ml - Karma Pro Beauty Store<\/title>\n<meta name=\"robots\" content=\"index, follow, max-snippet:-1, max-image-preview:large, max-video-preview:-1\" \/>\n<link rel=\"canonical\" href=\"https:\/\/karmaprobeautystore.no\/nb_no\/produkt\/wella-professionals-ultimate-repair-miracle-hair-rescue-30ml\/\" \/>\n<meta property=\"og:locale\" content=\"nb_NO\" \/>\n<meta property=\"og:type\" content=\"article\" \/>\n<meta property=\"og:title\" content=\"Wella Professionals Ultimate Repair Miracle Hair Rescue 30ml - Karma Pro Beauty Store\" \/>\n<meta property=\"og:description\" content=\"Wella Professionals Ultimate Repair Miracle Hair Rescue er en luksuri\u00f8s leave-in-spray som reparerer og forebygger skader p\u00e5 h\u00e5ret p\u00e5 bare 90 sekunder. Miracle Hair Rescue inneholder alfahydroksysyre (AHA) og omega 9 som gjenoppbygger bindingene inne i h\u00e5ret og gjenoppretter den ytre barrieren i varme- og blekeskadet h\u00e5r. Med AHA, som vanligvis er kjent innen hudpleie, ...\" \/>\n<meta property=\"og:url\" content=\"https:\/\/karmaprobeautystore.no\/nb_no\/produkt\/wella-professionals-ultimate-repair-miracle-hair-rescue-30ml\/\" \/>\n<meta property=\"og:site_name\" content=\"Karma Pro Beauty Store\" \/>\n<meta property=\"article:modified_time\" content=\"2026-02-10T14:09:02+00:00\" \/>\n<meta property=\"og:image\" content=\"https:\/\/karmaprobeautystore.no\/wp-content\/uploads\/2026\/02\/7a68adac-965f-46ed-ab4d-dc74a20cea61_6.jpeg\" \/>\n\t<meta property=\"og:image:width\" content=\"900\" \/>\n\t<meta property=\"og:image:height\" content=\"900\" \/>\n\t<meta property=\"og:image:type\" content=\"image\/jpeg\" \/>\n<meta name=\"twitter:card\" content=\"summary_large_image\" \/>\n<meta name=\"twitter:label1\" content=\"Ansl. lesetid\" \/>\n\t<meta name=\"twitter:data1\" content=\"2 minutter\" \/>\n<script type=\"application\/ld+json\" class=\"yoast-schema-graph\">{\"@context\":\"https:\\\/\\\/schema.org\",\"@graph\":[{\"@type\":\"WebPage\",\"@id\":\"https:\\\/\\\/karmaprobeautystore.no\\\/produkt\\\/wella-professionals-ultimate-repair-miracle-hair-rescue-30ml\\\/\",\"url\":\"https:\\\/\\\/karmaprobeautystore.no\\\/produkt\\\/wella-professionals-ultimate-repair-miracle-hair-rescue-30ml\\\/\",\"name\":\"Wella Professionals Ultimate Repair Miracle Hair Rescue 30ml - Karma Pro Beauty Store\",\"isPartOf\":{\"@id\":\"https:\\\/\\\/karmaprobeautystore.no\\\/en\\\/#website\"},\"primaryImageOfPage\":{\"@id\":\"https:\\\/\\\/karmaprobeautystore.no\\\/produkt\\\/wella-professionals-ultimate-repair-miracle-hair-rescue-30ml\\\/#primaryimage\"},\"image\":{\"@id\":\"https:\\\/\\\/karmaprobeautystore.no\\\/produkt\\\/wella-professionals-ultimate-repair-miracle-hair-rescue-30ml\\\/#primaryimage\"},\"thumbnailUrl\":\"https:\\\/\\\/karmaprobeautystore.no\\\/wp-content\\\/uploads\\\/2026\\\/02\\\/7a68adac-965f-46ed-ab4d-dc74a20cea61_6.jpeg\",\"datePublished\":\"2026-02-10T13:45:49+00:00\",\"dateModified\":\"2026-02-10T14:09:02+00:00\",\"breadcrumb\":{\"@id\":\"https:\\\/\\\/karmaprobeautystore.no\\\/produkt\\\/wella-professionals-ultimate-repair-miracle-hair-rescue-30ml\\\/#breadcrumb\"},\"inLanguage\":\"nb-NO\",\"potentialAction\":[{\"@type\":\"ReadAction\",\"target\":[\"https:\\\/\\\/karmaprobeautystore.no\\\/produkt\\\/wella-professionals-ultimate-repair-miracle-hair-rescue-30ml\\\/\"]}]},{\"@type\":\"ImageObject\",\"inLanguage\":\"nb-NO\",\"@id\":\"https:\\\/\\\/karmaprobeautystore.no\\\/produkt\\\/wella-professionals-ultimate-repair-miracle-hair-rescue-30ml\\\/#primaryimage\",\"url\":\"https:\\\/\\\/karmaprobeautystore.no\\\/wp-content\\\/uploads\\\/2026\\\/02\\\/7a68adac-965f-46ed-ab4d-dc74a20cea61_6.jpeg\",\"contentUrl\":\"https:\\\/\\\/karmaprobeautystore.no\\\/wp-content\\\/uploads\\\/2026\\\/02\\\/7a68adac-965f-46ed-ab4d-dc74a20cea61_6.jpeg\",\"width\":900,\"height\":900},{\"@type\":\"BreadcrumbList\",\"@id\":\"https:\\\/\\\/karmaprobeautystore.no\\\/produkt\\\/wella-professionals-ultimate-repair-miracle-hair-rescue-30ml\\\/#breadcrumb\",\"itemListElement\":[{\"@type\":\"ListItem\",\"position\":1,\"name\":\"Home\",\"item\":\"https:\\\/\\\/karmaprobeautystore.no\\\/\"},{\"@type\":\"ListItem\",\"position\":2,\"name\":\"Shop\",\"item\":\"https:\\\/\\\/karmaprobeautystore.no\\\/nb\\\/shop\\\/\"},{\"@type\":\"ListItem\",\"position\":3,\"name\":\"Wella Professionals Ultimate Repair Miracle Hair Rescue 30ml\"}]},{\"@type\":\"WebSite\",\"@id\":\"https:\\\/\\\/karmaprobeautystore.no\\\/en\\\/#website\",\"url\":\"https:\\\/\\\/karmaprobeautystore.no\\\/en\\\/\",\"name\":\"Karma Pro Beauty Store\",\"description\":\"\",\"potentialAction\":[{\"@type\":\"SearchAction\",\"target\":{\"@type\":\"EntryPoint\",\"urlTemplate\":\"https:\\\/\\\/karmaprobeautystore.no\\\/en\\\/?s={search_term_string}\"},\"query-input\":{\"@type\":\"PropertyValueSpecification\",\"valueRequired\":true,\"valueName\":\"search_term_string\"}}],\"inLanguage\":\"nb-NO\"}]}<\/script>\n<!-- \/ Yoast SEO plugin. -->","yoast_head_json":{"title":"Wella Professionals Ultimate Repair Miracle Hair Rescue 30ml - Karma Pro Beauty Store","robots":{"index":"index","follow":"follow","max-snippet":"max-snippet:-1","max-image-preview":"max-image-preview:large","max-video-preview":"max-video-preview:-1"},"canonical":"https:\/\/karmaprobeautystore.no\/nb_no\/produkt\/wella-professionals-ultimate-repair-miracle-hair-rescue-30ml\/","og_locale":"nb_NO","og_type":"article","og_title":"Wella Professionals Ultimate Repair Miracle Hair Rescue 30ml - Karma Pro Beauty Store","og_description":"Wella Professionals Ultimate Repair Miracle Hair Rescue er en luksuri\u00f8s leave-in-spray som reparerer og forebygger skader p\u00e5 h\u00e5ret p\u00e5 bare 90 sekunder. Miracle Hair Rescue inneholder alfahydroksysyre (AHA) og omega 9 som gjenoppbygger bindingene inne i h\u00e5ret og gjenoppretter den ytre barrieren i varme- og blekeskadet h\u00e5r. Med AHA, som vanligvis er kjent innen hudpleie, ...","og_url":"https:\/\/karmaprobeautystore.no\/nb_no\/produkt\/wella-professionals-ultimate-repair-miracle-hair-rescue-30ml\/","og_site_name":"Karma Pro Beauty Store","article_modified_time":"2026-02-10T14:09:02+00:00","og_image":[{"width":900,"height":900,"url":"https:\/\/karmaprobeautystore.no\/wp-content\/uploads\/2026\/02\/7a68adac-965f-46ed-ab4d-dc74a20cea61_6.jpeg","type":"image\/jpeg"}],"twitter_card":"summary_large_image","twitter_misc":{"Ansl. lesetid":"2 minutter"},"schema":{"@context":"https:\/\/schema.org","@graph":[{"@type":"WebPage","@id":"https:\/\/karmaprobeautystore.no\/produkt\/wella-professionals-ultimate-repair-miracle-hair-rescue-30ml\/","url":"https:\/\/karmaprobeautystore.no\/produkt\/wella-professionals-ultimate-repair-miracle-hair-rescue-30ml\/","name":"Wella Professionals Ultimate Repair Miracle Hair Rescue 30ml - Karma Pro Beauty Store","isPartOf":{"@id":"https:\/\/karmaprobeautystore.no\/en\/#website"},"primaryImageOfPage":{"@id":"https:\/\/karmaprobeautystore.no\/produkt\/wella-professionals-ultimate-repair-miracle-hair-rescue-30ml\/#primaryimage"},"image":{"@id":"https:\/\/karmaprobeautystore.no\/produkt\/wella-professionals-ultimate-repair-miracle-hair-rescue-30ml\/#primaryimage"},"thumbnailUrl":"https:\/\/karmaprobeautystore.no\/wp-content\/uploads\/2026\/02\/7a68adac-965f-46ed-ab4d-dc74a20cea61_6.jpeg","datePublished":"2026-02-10T13:45:49+00:00","dateModified":"2026-02-10T14:09:02+00:00","breadcrumb":{"@id":"https:\/\/karmaprobeautystore.no\/produkt\/wella-professionals-ultimate-repair-miracle-hair-rescue-30ml\/#breadcrumb"},"inLanguage":"nb-NO","potentialAction":[{"@type":"ReadAction","target":["https:\/\/karmaprobeautystore.no\/produkt\/wella-professionals-ultimate-repair-miracle-hair-rescue-30ml\/"]}]},{"@type":"ImageObject","inLanguage":"nb-NO","@id":"https:\/\/karmaprobeautystore.no\/produkt\/wella-professionals-ultimate-repair-miracle-hair-rescue-30ml\/#primaryimage","url":"https:\/\/karmaprobeautystore.no\/wp-content\/uploads\/2026\/02\/7a68adac-965f-46ed-ab4d-dc74a20cea61_6.jpeg","contentUrl":"https:\/\/karmaprobeautystore.no\/wp-content\/uploads\/2026\/02\/7a68adac-965f-46ed-ab4d-dc74a20cea61_6.jpeg","width":900,"height":900},{"@type":"BreadcrumbList","@id":"https:\/\/karmaprobeautystore.no\/produkt\/wella-professionals-ultimate-repair-miracle-hair-rescue-30ml\/#breadcrumb","itemListElement":[{"@type":"ListItem","position":1,"name":"Home","item":"https:\/\/karmaprobeautystore.no\/"},{"@type":"ListItem","position":2,"name":"Shop","item":"https:\/\/karmaprobeautystore.no\/nb\/shop\/"},{"@type":"ListItem","position":3,"name":"Wella Professionals Ultimate Repair Miracle Hair Rescue 30ml"}]},{"@type":"WebSite","@id":"https:\/\/karmaprobeautystore.no\/en\/#website","url":"https:\/\/karmaprobeautystore.no\/en\/","name":"Karma Pro Skj\u00f8nnhetsbutikk","description":"","potentialAction":[{"@type":"SearchAction","target":{"@type":"EntryPoint","urlTemplate":"https:\/\/karmaprobeautystore.no\/en\/?s={search_term_string}"},"query-input":{"@type":"PropertyValueSpecification","valueRequired":true,"valueName":"search_term_string"}}],"inLanguage":"nb-NO"}]}},"_links":{"self":[{"href":"https:\/\/karmaprobeautystore.no\/nb_no\/wp-json\/wp\/v2\/product\/6703","targetHints":{"allow":["GET"]}}],"collection":[{"href":"https:\/\/karmaprobeautystore.no\/nb_no\/wp-json\/wp\/v2\/product"}],"about":[{"href":"https:\/\/karmaprobeautystore.no\/nb_no\/wp-json\/wp\/v2\/types\/product"}],"replies":[{"embeddable":true,"href":"https:\/\/karmaprobeautystore.no\/nb_no\/wp-json\/wp\/v2\/comments?post=6703"}],"wp:featuredmedia":[{"embeddable":true,"href":"https:\/\/karmaprobeautystore.no\/nb_no\/wp-json\/wp\/v2\/media\/6704"}],"wp:attachment":[{"href":"https:\/\/karmaprobeautystore.no\/nb_no\/wp-json\/wp\/v2\/media?parent=6703"}],"wp:term":[{"taxonomy":"product_brand","embeddable":true,"href":"https:\/\/karmaprobeautystore.no\/nb_no\/wp-json\/wp\/v2\/product_brand?post=6703"},{"taxonomy":"product_cat","embeddable":true,"href":"https:\/\/karmaprobeautystore.no\/nb_no\/wp-json\/wp\/v2\/product_cat?post=6703"},{"taxonomy":"product_tag","embeddable":true,"href":"https:\/\/karmaprobeautystore.no\/nb_no\/wp-json\/wp\/v2\/product_tag?post=6703"}],"curies":[{"name":"wp","href":"https:\/\/api.w.org\/{rel}","templated":true}]}}