{"id":6695,"date":"2026-02-10T13:38:31","date_gmt":"2026-02-10T13:38:31","guid":{"rendered":"https:\/\/karmaprobeautystore.no\/?post_type=product&#038;p=6695"},"modified":"2026-02-10T14:07:59","modified_gmt":"2026-02-10T14:07:59","slug":"wella-professionals-ultimate-repair-mask-150ml","status":"publish","type":"product","link":"https:\/\/karmaprobeautystore.no\/nb_no\/produkt\/wella-professionals-ultimate-repair-mask-150ml\/","title":{"rendered":"Wella Professionals Ultimate Repair Mask 150ml"},"content":{"rendered":"<p>Wella Professionals Ultimate Repair Mask er en intensiv beroligende og reparerende h\u00e5rkur med alfahydroksysyre (AHA) og omega-9 som synlig reparerer og styrker skadet h\u00e5r. Denne lette masken reparerer og retter seg mot skadet h\u00e5r for\u00e5rsaket av varmeverkt\u00f8y, UV-str\u00e5ling, bleking, h\u00e5rb\u00e5nd og extensions. I tillegg reduserer behandlingen krus, l\u00f8ser opp floker og gj\u00f8r h\u00e5ret opptil 6 ganger lettere \u00e5 gj\u00f8re*, noe som har h\u00e5ret sterkere, glattere og sunnere. <\/p>\n<p>Denne reparerende og fuktighetsgivende behandlingen inneholder alfahydroksysyre (AHA) og omega-9 som gjenoppbygger bindingene inne i h\u00e5ret, og fyller opp den ytre barrieren i varme- og blekeskadet h\u00e5r. Med AHA, som vanligvis er kjent innen hudpleie, brukes AHA i Ultimate Repair til \u00e5 styrke, pleie og forhindre brukne h\u00e5rstr\u00e5 i sunt og kjemisk behandlet h\u00e5r ved \u00e5 gjenoppbygge hydrogenbindingene og trenge dypt inn i h\u00e5rfibrene.<\/p>\n<p>Ultimate Repair Mask rengj\u00f8r, detoxer og tilf\u00f8rer fuktighet til alle h\u00e5rtyper og teksturer, uansett om det er tynt, fett, fint, tykt, rett, b\u00f8lget, kr\u00f8llet, farget, stripet, kinkig, asiatisk eller afro, noe som gj\u00f8r den egnet for alle. <\/p>\n<p>Wella Professionals Ultimate Repair System er en hudpleieinspirert serie som tilbyr en prestisjefylt h\u00e5rpleierutine som perfeksjonerer h\u00e5ret p\u00e5 bare 90 sekunder*. Serien er utviklet for deg som \u00f8nsker det h\u00f8yeste niv\u00e5et av reparasjon og naturlig, sunn f\u00f8lelse i h\u00e5ret. Den gir n\u00e6ring, styrke og fuktighet, samt gj\u00f8re h\u00e5ret mykt, friskt og rent.<\/p>\n<p>Fordeler:<\/p>\n<p>Dermatologisk testet<br \/>\nVegansk<br \/>\nDyrevennlig<br \/>\n*Ved bruk av Ultimate Repair Trinn 3.<\/p>","protected":false},"excerpt":{"rendered":"<p>Wella Professionals Ultimate Repair Mask er en intensiv beroligende og reparerende h\u00e5rkur med alfahydroksysyre (AHA) og omega-9 som synlig reparerer og styrker skadet h\u00e5r. Denne lette masken reparerer og retter seg mot skadet h\u00e5r for\u00e5rsaket av varmeverkt\u00f8y, UV-str\u00e5ling, bleking, h\u00e5rb\u00e5nd og extensions. I tillegg reduserer behandlingen krus, l\u00f8ser opp floker og gj\u00f8r h\u00e5ret opptil 6 \u2026<\/p>","protected":false},"featured_media":6696,"menu_order":0,"comment_status":"open","ping_status":"closed","template":"","meta":{"_acf_changed":false},"product_brand":[],"product_cat":[161,163],"product_tag":[],"class_list":{"0":"post-6695","1":"product","2":"type-product","3":"status-publish","4":"has-post-thumbnail","6":"product_cat-beauty-products","7":"product_cat-hair-products","9":"first","10":"instock","11":"taxable","12":"shipping-taxable","13":"purchasable","14":"product-type-simple"},"acf":[],"yoast_head":"<!-- This site is optimized with the Yoast SEO plugin v27.3 - https:\/\/yoast.com\/product\/yoast-seo-wordpress\/ -->\n<title>Wella Professionals Ultimate Repair Mask 150ml - Karma Pro Beauty Store<\/title>\n<meta name=\"robots\" content=\"index, follow, max-snippet:-1, max-image-preview:large, max-video-preview:-1\" \/>\n<link rel=\"canonical\" href=\"https:\/\/karmaprobeautystore.no\/nb_no\/produkt\/wella-professionals-ultimate-repair-mask-150ml\/\" \/>\n<meta property=\"og:locale\" content=\"nb_NO\" \/>\n<meta property=\"og:type\" content=\"article\" \/>\n<meta property=\"og:title\" content=\"Wella Professionals Ultimate Repair Mask 150ml - Karma Pro Beauty Store\" \/>\n<meta property=\"og:description\" content=\"Wella Professionals Ultimate Repair Mask er en intensivt beroligende og reparerende h\u00e5rkur med alfahydroksysyre (AHA) og omega-9 som synlig reparerer og styrker skadet h\u00e5r. Denne lette masken reparerer og retter seg mot skadet h\u00e5r for\u00e5rsaket av varmeverkt\u00f8y, UV-str\u00e5ling, bleking, h\u00e5rb\u00e5nd og extensions. I tillegg reduserer behandlingen krus, l\u00f8ser opp floker og gj\u00f8r h\u00e5ret opptil 6 ...\" \/>\n<meta property=\"og:url\" content=\"https:\/\/karmaprobeautystore.no\/nb_no\/produkt\/wella-professionals-ultimate-repair-mask-150ml\/\" \/>\n<meta property=\"og:site_name\" content=\"Karma Pro Beauty Store\" \/>\n<meta property=\"article:modified_time\" content=\"2026-02-10T14:07:59+00:00\" \/>\n<meta property=\"og:image\" content=\"https:\/\/karmaprobeautystore.no\/wp-content\/uploads\/2026\/02\/8643a3d8-4acd-49a2-ad27-9c43792ad37a_6.jpeg\" \/>\n\t<meta property=\"og:image:width\" content=\"900\" \/>\n\t<meta property=\"og:image:height\" content=\"900\" \/>\n\t<meta property=\"og:image:type\" content=\"image\/jpeg\" \/>\n<meta name=\"twitter:card\" content=\"summary_large_image\" \/>\n<meta name=\"twitter:label1\" content=\"Ansl. lesetid\" \/>\n\t<meta name=\"twitter:data1\" content=\"2 minutter\" \/>\n<script type=\"application\/ld+json\" class=\"yoast-schema-graph\">{\"@context\":\"https:\\\/\\\/schema.org\",\"@graph\":[{\"@type\":\"WebPage\",\"@id\":\"https:\\\/\\\/karmaprobeautystore.no\\\/produkt\\\/wella-professionals-ultimate-repair-mask-150ml\\\/\",\"url\":\"https:\\\/\\\/karmaprobeautystore.no\\\/produkt\\\/wella-professionals-ultimate-repair-mask-150ml\\\/\",\"name\":\"Wella Professionals Ultimate Repair Mask 150ml - Karma Pro Beauty Store\",\"isPartOf\":{\"@id\":\"https:\\\/\\\/karmaprobeautystore.no\\\/en\\\/#website\"},\"primaryImageOfPage\":{\"@id\":\"https:\\\/\\\/karmaprobeautystore.no\\\/produkt\\\/wella-professionals-ultimate-repair-mask-150ml\\\/#primaryimage\"},\"image\":{\"@id\":\"https:\\\/\\\/karmaprobeautystore.no\\\/produkt\\\/wella-professionals-ultimate-repair-mask-150ml\\\/#primaryimage\"},\"thumbnailUrl\":\"https:\\\/\\\/karmaprobeautystore.no\\\/wp-content\\\/uploads\\\/2026\\\/02\\\/8643a3d8-4acd-49a2-ad27-9c43792ad37a_6.jpeg\",\"datePublished\":\"2026-02-10T13:38:31+00:00\",\"dateModified\":\"2026-02-10T14:07:59+00:00\",\"breadcrumb\":{\"@id\":\"https:\\\/\\\/karmaprobeautystore.no\\\/produkt\\\/wella-professionals-ultimate-repair-mask-150ml\\\/#breadcrumb\"},\"inLanguage\":\"nb-NO\",\"potentialAction\":[{\"@type\":\"ReadAction\",\"target\":[\"https:\\\/\\\/karmaprobeautystore.no\\\/produkt\\\/wella-professionals-ultimate-repair-mask-150ml\\\/\"]}]},{\"@type\":\"ImageObject\",\"inLanguage\":\"nb-NO\",\"@id\":\"https:\\\/\\\/karmaprobeautystore.no\\\/produkt\\\/wella-professionals-ultimate-repair-mask-150ml\\\/#primaryimage\",\"url\":\"https:\\\/\\\/karmaprobeautystore.no\\\/wp-content\\\/uploads\\\/2026\\\/02\\\/8643a3d8-4acd-49a2-ad27-9c43792ad37a_6.jpeg\",\"contentUrl\":\"https:\\\/\\\/karmaprobeautystore.no\\\/wp-content\\\/uploads\\\/2026\\\/02\\\/8643a3d8-4acd-49a2-ad27-9c43792ad37a_6.jpeg\",\"width\":900,\"height\":900},{\"@type\":\"BreadcrumbList\",\"@id\":\"https:\\\/\\\/karmaprobeautystore.no\\\/produkt\\\/wella-professionals-ultimate-repair-mask-150ml\\\/#breadcrumb\",\"itemListElement\":[{\"@type\":\"ListItem\",\"position\":1,\"name\":\"Home\",\"item\":\"https:\\\/\\\/karmaprobeautystore.no\\\/\"},{\"@type\":\"ListItem\",\"position\":2,\"name\":\"Shop\",\"item\":\"https:\\\/\\\/karmaprobeautystore.no\\\/nb\\\/shop\\\/\"},{\"@type\":\"ListItem\",\"position\":3,\"name\":\"Wella Professionals Ultimate Repair Mask 150ml\"}]},{\"@type\":\"WebSite\",\"@id\":\"https:\\\/\\\/karmaprobeautystore.no\\\/en\\\/#website\",\"url\":\"https:\\\/\\\/karmaprobeautystore.no\\\/en\\\/\",\"name\":\"Karma Pro Beauty Store\",\"description\":\"\",\"potentialAction\":[{\"@type\":\"SearchAction\",\"target\":{\"@type\":\"EntryPoint\",\"urlTemplate\":\"https:\\\/\\\/karmaprobeautystore.no\\\/en\\\/?s={search_term_string}\"},\"query-input\":{\"@type\":\"PropertyValueSpecification\",\"valueRequired\":true,\"valueName\":\"search_term_string\"}}],\"inLanguage\":\"nb-NO\"}]}<\/script>\n<!-- \/ Yoast SEO plugin. -->","yoast_head_json":{"title":"Wella Professionals Ultimate Repair Mask 150ml - Karma Pro Beauty Store","robots":{"index":"index","follow":"follow","max-snippet":"max-snippet:-1","max-image-preview":"max-image-preview:large","max-video-preview":"max-video-preview:-1"},"canonical":"https:\/\/karmaprobeautystore.no\/nb_no\/produkt\/wella-professionals-ultimate-repair-mask-150ml\/","og_locale":"nb_NO","og_type":"article","og_title":"Wella Professionals Ultimate Repair Mask 150ml - Karma Pro Beauty Store","og_description":"Wella Professionals Ultimate Repair Mask er en intensivt beroligende og reparerende h\u00e5rkur med alfahydroksysyre (AHA) og omega-9 som synlig reparerer og styrker skadet h\u00e5r. Denne lette masken reparerer og retter seg mot skadet h\u00e5r for\u00e5rsaket av varmeverkt\u00f8y, UV-str\u00e5ling, bleking, h\u00e5rb\u00e5nd og extensions. I tillegg reduserer behandlingen krus, l\u00f8ser opp floker og gj\u00f8r h\u00e5ret opptil 6 ...","og_url":"https:\/\/karmaprobeautystore.no\/nb_no\/produkt\/wella-professionals-ultimate-repair-mask-150ml\/","og_site_name":"Karma Pro Beauty Store","article_modified_time":"2026-02-10T14:07:59+00:00","og_image":[{"width":900,"height":900,"url":"https:\/\/karmaprobeautystore.no\/wp-content\/uploads\/2026\/02\/8643a3d8-4acd-49a2-ad27-9c43792ad37a_6.jpeg","type":"image\/jpeg"}],"twitter_card":"summary_large_image","twitter_misc":{"Ansl. lesetid":"2 minutter"},"schema":{"@context":"https:\/\/schema.org","@graph":[{"@type":"WebPage","@id":"https:\/\/karmaprobeautystore.no\/produkt\/wella-professionals-ultimate-repair-mask-150ml\/","url":"https:\/\/karmaprobeautystore.no\/produkt\/wella-professionals-ultimate-repair-mask-150ml\/","name":"Wella Professionals Ultimate Repair Mask 150ml - Karma Pro Beauty Store","isPartOf":{"@id":"https:\/\/karmaprobeautystore.no\/en\/#website"},"primaryImageOfPage":{"@id":"https:\/\/karmaprobeautystore.no\/produkt\/wella-professionals-ultimate-repair-mask-150ml\/#primaryimage"},"image":{"@id":"https:\/\/karmaprobeautystore.no\/produkt\/wella-professionals-ultimate-repair-mask-150ml\/#primaryimage"},"thumbnailUrl":"https:\/\/karmaprobeautystore.no\/wp-content\/uploads\/2026\/02\/8643a3d8-4acd-49a2-ad27-9c43792ad37a_6.jpeg","datePublished":"2026-02-10T13:38:31+00:00","dateModified":"2026-02-10T14:07:59+00:00","breadcrumb":{"@id":"https:\/\/karmaprobeautystore.no\/produkt\/wella-professionals-ultimate-repair-mask-150ml\/#breadcrumb"},"inLanguage":"nb-NO","potentialAction":[{"@type":"ReadAction","target":["https:\/\/karmaprobeautystore.no\/produkt\/wella-professionals-ultimate-repair-mask-150ml\/"]}]},{"@type":"ImageObject","inLanguage":"nb-NO","@id":"https:\/\/karmaprobeautystore.no\/produkt\/wella-professionals-ultimate-repair-mask-150ml\/#primaryimage","url":"https:\/\/karmaprobeautystore.no\/wp-content\/uploads\/2026\/02\/8643a3d8-4acd-49a2-ad27-9c43792ad37a_6.jpeg","contentUrl":"https:\/\/karmaprobeautystore.no\/wp-content\/uploads\/2026\/02\/8643a3d8-4acd-49a2-ad27-9c43792ad37a_6.jpeg","width":900,"height":900},{"@type":"BreadcrumbList","@id":"https:\/\/karmaprobeautystore.no\/produkt\/wella-professionals-ultimate-repair-mask-150ml\/#breadcrumb","itemListElement":[{"@type":"ListItem","position":1,"name":"Home","item":"https:\/\/karmaprobeautystore.no\/"},{"@type":"ListItem","position":2,"name":"Shop","item":"https:\/\/karmaprobeautystore.no\/nb\/shop\/"},{"@type":"ListItem","position":3,"name":"Wella Professionals Ultimate Repair Mask 150ml"}]},{"@type":"WebSite","@id":"https:\/\/karmaprobeautystore.no\/en\/#website","url":"https:\/\/karmaprobeautystore.no\/en\/","name":"Karma Pro Skj\u00f8nnhetsbutikk","description":"","potentialAction":[{"@type":"SearchAction","target":{"@type":"EntryPoint","urlTemplate":"https:\/\/karmaprobeautystore.no\/en\/?s={search_term_string}"},"query-input":{"@type":"PropertyValueSpecification","valueRequired":true,"valueName":"search_term_string"}}],"inLanguage":"nb-NO"}]}},"_links":{"self":[{"href":"https:\/\/karmaprobeautystore.no\/nb_no\/wp-json\/wp\/v2\/product\/6695","targetHints":{"allow":["GET"]}}],"collection":[{"href":"https:\/\/karmaprobeautystore.no\/nb_no\/wp-json\/wp\/v2\/product"}],"about":[{"href":"https:\/\/karmaprobeautystore.no\/nb_no\/wp-json\/wp\/v2\/types\/product"}],"replies":[{"embeddable":true,"href":"https:\/\/karmaprobeautystore.no\/nb_no\/wp-json\/wp\/v2\/comments?post=6695"}],"wp:featuredmedia":[{"embeddable":true,"href":"https:\/\/karmaprobeautystore.no\/nb_no\/wp-json\/wp\/v2\/media\/6696"}],"wp:attachment":[{"href":"https:\/\/karmaprobeautystore.no\/nb_no\/wp-json\/wp\/v2\/media?parent=6695"}],"wp:term":[{"taxonomy":"product_brand","embeddable":true,"href":"https:\/\/karmaprobeautystore.no\/nb_no\/wp-json\/wp\/v2\/product_brand?post=6695"},{"taxonomy":"product_cat","embeddable":true,"href":"https:\/\/karmaprobeautystore.no\/nb_no\/wp-json\/wp\/v2\/product_cat?post=6695"},{"taxonomy":"product_tag","embeddable":true,"href":"https:\/\/karmaprobeautystore.no\/nb_no\/wp-json\/wp\/v2\/product_tag?post=6695"}],"curies":[{"name":"wp","href":"https:\/\/api.w.org\/{rel}","templated":true}]}}