{"id":6675,"date":"2026-02-10T10:57:38","date_gmt":"2026-02-10T10:57:38","guid":{"rendered":"https:\/\/karmaprobeautystore.no\/?post_type=product&#038;p=6675"},"modified":"2026-02-10T14:03:29","modified_gmt":"2026-02-10T14:03:29","slug":"wella-professionals-elements-calming-shampoo-250ml","status":"publish","type":"product","link":"https:\/\/karmaprobeautystore.no\/nb_no\/produkt\/wella-professionals-elements-calming-shampoo-250ml\/","title":{"rendered":"Wella Professionals Elements beroligende sjampo 250ml"},"content":{"rendered":"<p>Wella Professionals Elements Calming Shampoo er en mild sjampo for sensitiv eller t\u00f8rr hodebunn. Denne milde og beroligende shampoo pleier sk\u00e5nsomt h\u00e5r og hodebunn. Elements Calming Shampoo er utviklet med sulfater og silikoner og inneholder opptil 92 % ingredienser av naturlig opprinnelse.<\/p>\n<p>Elements Calming Shampoo bidrar til \u00e5 gjenopprette hodebunnens komfort med sine spesielle naturlige ingredienser som vegetabilsk glyserol. <\/p>\n<p>Din shampoo for \u00e5 myke opp t\u00f8rt h\u00e5r. <\/p>","protected":false},"excerpt":{"rendered":"<p>Wella Professionals Elements Calming Shampoo er en mild sjampo for sensitiv eller t\u00f8rr hodebunn. Denne milde og beroligende shampoo pleier sk\u00e5nsomt h\u00e5r og hodebunn. Elements Calming Shampoo er utviklet med sulfater og silikoner og inneholder opptil 92 % ingredienser av naturlig opprinnelse. Elements Calming Shampoo bidrar til \u00e5 gjenopprette hodebunnens komfort med sine spesielle naturlige \u2026<\/p>","protected":false},"featured_media":6676,"menu_order":0,"comment_status":"open","ping_status":"closed","template":"","meta":{"_acf_changed":false},"product_brand":[],"product_cat":[161,163],"product_tag":[],"class_list":{"0":"post-6675","1":"product","2":"type-product","3":"status-publish","4":"has-post-thumbnail","6":"product_cat-beauty-products","7":"product_cat-hair-products","9":"first","10":"instock","11":"taxable","12":"shipping-taxable","13":"purchasable","14":"product-type-simple"},"acf":[],"yoast_head":"<!-- This site is optimized with the Yoast SEO plugin v27.3 - https:\/\/yoast.com\/product\/yoast-seo-wordpress\/ -->\n<title>Wella Professionals Elements Calming Shampoo 250ml - Karma Pro Beauty Store<\/title>\n<meta name=\"robots\" content=\"index, follow, max-snippet:-1, max-image-preview:large, max-video-preview:-1\" \/>\n<link rel=\"canonical\" href=\"https:\/\/karmaprobeautystore.no\/nb_no\/produkt\/wella-professionals-elements-calming-shampoo-250ml\/\" \/>\n<meta property=\"og:locale\" content=\"nb_NO\" \/>\n<meta property=\"og:type\" content=\"article\" \/>\n<meta property=\"og:title\" content=\"Wella Professionals Elements Calming Shampoo 250ml - Karma Pro Beauty Store\" \/>\n<meta property=\"og:description\" content=\"Wella Professionals Elements Calming Shampoo er en mild shampoo for sensitiv eller t\u00f8rr hodebunn. Denne milde og beroligende shampoo pleier sk\u00e5nsomt h\u00e5r og hodebunn. Elements Calming Shampoo er utviklet uten sulfater og silikoner og inneholder opptil 92 % ingredienser av naturlig opprinnelse. Elements Calming Shampoo bidrar til \u00e5 gjenopprette hodebunnens komfort med sine spesielle naturlige ...\" \/>\n<meta property=\"og:url\" content=\"https:\/\/karmaprobeautystore.no\/nb_no\/produkt\/wella-professionals-elements-calming-shampoo-250ml\/\" \/>\n<meta property=\"og:site_name\" content=\"Karma Pro Beauty Store\" \/>\n<meta property=\"article:modified_time\" content=\"2026-02-10T14:03:29+00:00\" \/>\n<meta property=\"og:image\" content=\"https:\/\/karmaprobeautystore.no\/wp-content\/uploads\/2026\/02\/85784c39-3256-430b-a19f-f07c8859dce9_6.jpeg\" \/>\n\t<meta property=\"og:image:width\" content=\"900\" \/>\n\t<meta property=\"og:image:height\" content=\"900\" \/>\n\t<meta property=\"og:image:type\" content=\"image\/jpeg\" \/>\n<meta name=\"twitter:card\" content=\"summary_large_image\" \/>\n<meta name=\"twitter:label1\" content=\"Ansl. lesetid\" \/>\n\t<meta name=\"twitter:data1\" content=\"1 minutt\" \/>\n<script type=\"application\/ld+json\" class=\"yoast-schema-graph\">{\"@context\":\"https:\\\/\\\/schema.org\",\"@graph\":[{\"@type\":\"WebPage\",\"@id\":\"https:\\\/\\\/karmaprobeautystore.no\\\/produkt\\\/wella-professionals-elements-calming-shampoo-250ml\\\/\",\"url\":\"https:\\\/\\\/karmaprobeautystore.no\\\/produkt\\\/wella-professionals-elements-calming-shampoo-250ml\\\/\",\"name\":\"Wella Professionals Elements Calming Shampoo 250ml - Karma Pro Beauty Store\",\"isPartOf\":{\"@id\":\"https:\\\/\\\/karmaprobeautystore.no\\\/en\\\/#website\"},\"primaryImageOfPage\":{\"@id\":\"https:\\\/\\\/karmaprobeautystore.no\\\/produkt\\\/wella-professionals-elements-calming-shampoo-250ml\\\/#primaryimage\"},\"image\":{\"@id\":\"https:\\\/\\\/karmaprobeautystore.no\\\/produkt\\\/wella-professionals-elements-calming-shampoo-250ml\\\/#primaryimage\"},\"thumbnailUrl\":\"https:\\\/\\\/karmaprobeautystore.no\\\/wp-content\\\/uploads\\\/2026\\\/02\\\/85784c39-3256-430b-a19f-f07c8859dce9_6.jpeg\",\"datePublished\":\"2026-02-10T10:57:38+00:00\",\"dateModified\":\"2026-02-10T14:03:29+00:00\",\"breadcrumb\":{\"@id\":\"https:\\\/\\\/karmaprobeautystore.no\\\/produkt\\\/wella-professionals-elements-calming-shampoo-250ml\\\/#breadcrumb\"},\"inLanguage\":\"nb-NO\",\"potentialAction\":[{\"@type\":\"ReadAction\",\"target\":[\"https:\\\/\\\/karmaprobeautystore.no\\\/produkt\\\/wella-professionals-elements-calming-shampoo-250ml\\\/\"]}]},{\"@type\":\"ImageObject\",\"inLanguage\":\"nb-NO\",\"@id\":\"https:\\\/\\\/karmaprobeautystore.no\\\/produkt\\\/wella-professionals-elements-calming-shampoo-250ml\\\/#primaryimage\",\"url\":\"https:\\\/\\\/karmaprobeautystore.no\\\/wp-content\\\/uploads\\\/2026\\\/02\\\/85784c39-3256-430b-a19f-f07c8859dce9_6.jpeg\",\"contentUrl\":\"https:\\\/\\\/karmaprobeautystore.no\\\/wp-content\\\/uploads\\\/2026\\\/02\\\/85784c39-3256-430b-a19f-f07c8859dce9_6.jpeg\",\"width\":900,\"height\":900},{\"@type\":\"BreadcrumbList\",\"@id\":\"https:\\\/\\\/karmaprobeautystore.no\\\/produkt\\\/wella-professionals-elements-calming-shampoo-250ml\\\/#breadcrumb\",\"itemListElement\":[{\"@type\":\"ListItem\",\"position\":1,\"name\":\"Home\",\"item\":\"https:\\\/\\\/karmaprobeautystore.no\\\/\"},{\"@type\":\"ListItem\",\"position\":2,\"name\":\"Shop\",\"item\":\"https:\\\/\\\/karmaprobeautystore.no\\\/nb\\\/shop\\\/\"},{\"@type\":\"ListItem\",\"position\":3,\"name\":\"Wella Professionals Elements Calming Shampoo 250ml\"}]},{\"@type\":\"WebSite\",\"@id\":\"https:\\\/\\\/karmaprobeautystore.no\\\/en\\\/#website\",\"url\":\"https:\\\/\\\/karmaprobeautystore.no\\\/en\\\/\",\"name\":\"Karma Pro Beauty Store\",\"description\":\"\",\"potentialAction\":[{\"@type\":\"SearchAction\",\"target\":{\"@type\":\"EntryPoint\",\"urlTemplate\":\"https:\\\/\\\/karmaprobeautystore.no\\\/en\\\/?s={search_term_string}\"},\"query-input\":{\"@type\":\"PropertyValueSpecification\",\"valueRequired\":true,\"valueName\":\"search_term_string\"}}],\"inLanguage\":\"nb-NO\"}]}<\/script>\n<!-- \/ Yoast SEO plugin. -->","yoast_head_json":{"title":"Wella Professionals Elements Calming Shampoo 250ml - Karma Pro Beauty Store","robots":{"index":"index","follow":"follow","max-snippet":"max-snippet:-1","max-image-preview":"max-image-preview:large","max-video-preview":"max-video-preview:-1"},"canonical":"https:\/\/karmaprobeautystore.no\/nb_no\/produkt\/wella-professionals-elements-calming-shampoo-250ml\/","og_locale":"nb_NO","og_type":"article","og_title":"Wella Professionals Elements Calming Shampoo 250ml - Karma Pro Beauty Store","og_description":"Wella Professionals Elements Calming Shampoo er en mild shampoo for sensitiv eller t\u00f8rr hodebunn. Denne milde og beroligende shampoo pleier sk\u00e5nsomt h\u00e5r og hodebunn. Elements Calming Shampoo er utviklet uten sulfater og silikoner og inneholder opptil 92 % ingredienser av naturlig opprinnelse. Elements Calming Shampoo bidrar til \u00e5 gjenopprette hodebunnens komfort med sine spesielle naturlige ...","og_url":"https:\/\/karmaprobeautystore.no\/nb_no\/produkt\/wella-professionals-elements-calming-shampoo-250ml\/","og_site_name":"Karma Pro Beauty Store","article_modified_time":"2026-02-10T14:03:29+00:00","og_image":[{"width":900,"height":900,"url":"https:\/\/karmaprobeautystore.no\/wp-content\/uploads\/2026\/02\/85784c39-3256-430b-a19f-f07c8859dce9_6.jpeg","type":"image\/jpeg"}],"twitter_card":"summary_large_image","twitter_misc":{"Ansl. lesetid":"1 minutt"},"schema":{"@context":"https:\/\/schema.org","@graph":[{"@type":"WebPage","@id":"https:\/\/karmaprobeautystore.no\/produkt\/wella-professionals-elements-calming-shampoo-250ml\/","url":"https:\/\/karmaprobeautystore.no\/produkt\/wella-professionals-elements-calming-shampoo-250ml\/","name":"Wella Professionals Elements Calming Shampoo 250ml - Karma Pro Beauty Store","isPartOf":{"@id":"https:\/\/karmaprobeautystore.no\/en\/#website"},"primaryImageOfPage":{"@id":"https:\/\/karmaprobeautystore.no\/produkt\/wella-professionals-elements-calming-shampoo-250ml\/#primaryimage"},"image":{"@id":"https:\/\/karmaprobeautystore.no\/produkt\/wella-professionals-elements-calming-shampoo-250ml\/#primaryimage"},"thumbnailUrl":"https:\/\/karmaprobeautystore.no\/wp-content\/uploads\/2026\/02\/85784c39-3256-430b-a19f-f07c8859dce9_6.jpeg","datePublished":"2026-02-10T10:57:38+00:00","dateModified":"2026-02-10T14:03:29+00:00","breadcrumb":{"@id":"https:\/\/karmaprobeautystore.no\/produkt\/wella-professionals-elements-calming-shampoo-250ml\/#breadcrumb"},"inLanguage":"nb-NO","potentialAction":[{"@type":"ReadAction","target":["https:\/\/karmaprobeautystore.no\/produkt\/wella-professionals-elements-calming-shampoo-250ml\/"]}]},{"@type":"ImageObject","inLanguage":"nb-NO","@id":"https:\/\/karmaprobeautystore.no\/produkt\/wella-professionals-elements-calming-shampoo-250ml\/#primaryimage","url":"https:\/\/karmaprobeautystore.no\/wp-content\/uploads\/2026\/02\/85784c39-3256-430b-a19f-f07c8859dce9_6.jpeg","contentUrl":"https:\/\/karmaprobeautystore.no\/wp-content\/uploads\/2026\/02\/85784c39-3256-430b-a19f-f07c8859dce9_6.jpeg","width":900,"height":900},{"@type":"BreadcrumbList","@id":"https:\/\/karmaprobeautystore.no\/produkt\/wella-professionals-elements-calming-shampoo-250ml\/#breadcrumb","itemListElement":[{"@type":"ListItem","position":1,"name":"Home","item":"https:\/\/karmaprobeautystore.no\/"},{"@type":"ListItem","position":2,"name":"Shop","item":"https:\/\/karmaprobeautystore.no\/nb\/shop\/"},{"@type":"ListItem","position":3,"name":"Wella Professionals Elements Calming Shampoo 250ml"}]},{"@type":"WebSite","@id":"https:\/\/karmaprobeautystore.no\/en\/#website","url":"https:\/\/karmaprobeautystore.no\/en\/","name":"Karma Pro Skj\u00f8nnhetsbutikk","description":"","potentialAction":[{"@type":"SearchAction","target":{"@type":"EntryPoint","urlTemplate":"https:\/\/karmaprobeautystore.no\/en\/?s={search_term_string}"},"query-input":{"@type":"PropertyValueSpecification","valueRequired":true,"valueName":"search_term_string"}}],"inLanguage":"nb-NO"}]}},"_links":{"self":[{"href":"https:\/\/karmaprobeautystore.no\/nb_no\/wp-json\/wp\/v2\/product\/6675","targetHints":{"allow":["GET"]}}],"collection":[{"href":"https:\/\/karmaprobeautystore.no\/nb_no\/wp-json\/wp\/v2\/product"}],"about":[{"href":"https:\/\/karmaprobeautystore.no\/nb_no\/wp-json\/wp\/v2\/types\/product"}],"replies":[{"embeddable":true,"href":"https:\/\/karmaprobeautystore.no\/nb_no\/wp-json\/wp\/v2\/comments?post=6675"}],"wp:featuredmedia":[{"embeddable":true,"href":"https:\/\/karmaprobeautystore.no\/nb_no\/wp-json\/wp\/v2\/media\/6676"}],"wp:attachment":[{"href":"https:\/\/karmaprobeautystore.no\/nb_no\/wp-json\/wp\/v2\/media?parent=6675"}],"wp:term":[{"taxonomy":"product_brand","embeddable":true,"href":"https:\/\/karmaprobeautystore.no\/nb_no\/wp-json\/wp\/v2\/product_brand?post=6675"},{"taxonomy":"product_cat","embeddable":true,"href":"https:\/\/karmaprobeautystore.no\/nb_no\/wp-json\/wp\/v2\/product_cat?post=6675"},{"taxonomy":"product_tag","embeddable":true,"href":"https:\/\/karmaprobeautystore.no\/nb_no\/wp-json\/wp\/v2\/product_tag?post=6675"}],"curies":[{"name":"wp","href":"https:\/\/api.w.org\/{rel}","templated":true}]}}