{"id":6655,"date":"2026-02-10T10:35:37","date_gmt":"2026-02-10T10:35:37","guid":{"rendered":"https:\/\/karmaprobeautystore.no\/?post_type=product&#038;p=6655"},"modified":"2026-02-10T13:59:14","modified_gmt":"2026-02-10T13:59:14","slug":"wella-professionals-oil-reflections-light-luminos-reflective-oil-30ml","status":"publish","type":"product","link":"https:\/\/karmaprobeautystore.no\/nb_no\/produkt\/wella-professionals-oil-reflections-light-luminos-reflective-oil-30ml\/","title":{"rendered":"Wella Professionals Oil Reflections Light Luminos Reflective Oil 30ml"},"content":{"rendered":"<p>Wella Professionals Oil Reflections Light er en h\u00e5rolje som passer fint til normalt h\u00e5r. F\u00e5 umiddelbar glans med denne lett h\u00e5roljen som er spesielt utviklet med ekstrakt av hvit te og naturlig kamilleolje, som umiddelbart fukter, pleier og glatter ut h\u00e5ret. Oil Reflections er Wella Professionals sin eksklusive oljekolleksjon for glansfullt h\u00e5r. Din Oil Reflections Light for \u00e5 glatte ut t\u00f8rt og trist h\u00e5r.<\/p>","protected":false},"excerpt":{"rendered":"<p>Wella Professionals Oil Reflections Light er en h\u00e5rolje som passer fint til normalt h\u00e5r. F\u00e5 umiddelbar glans med denne lett h\u00e5roljen som er spesielt utviklet med ekstrakt av hvit te og naturlig kamilleolje, som umiddelbart fukter, pleier og glatter ut h\u00e5ret. Oil Reflections er Wella Professionals sin eksklusive oljekolleksjon for glansfullt h\u00e5r. Din oljerefleksjoner \u2026<\/p>","protected":false},"featured_media":6656,"menu_order":0,"comment_status":"open","ping_status":"closed","template":"","meta":{"_acf_changed":false},"product_brand":[],"product_cat":[161,163,200],"product_tag":[],"class_list":{"0":"post-6655","1":"product","2":"type-product","3":"status-publish","4":"has-post-thumbnail","6":"product_cat-beauty-products","7":"product_cat-hair-products","8":"product_cat-pinsett","10":"first","11":"instock","12":"taxable","13":"shipping-taxable","14":"purchasable","15":"product-type-simple"},"acf":[],"yoast_head":"<!-- This site is optimized with the Yoast SEO plugin v27.3 - https:\/\/yoast.com\/product\/yoast-seo-wordpress\/ -->\n<title>Wella Professionals Oil Reflections Light Luminos Reflective Oil 30ml - Karma Pro Beauty Store<\/title>\n<meta name=\"robots\" content=\"index, follow, max-snippet:-1, max-image-preview:large, max-video-preview:-1\" \/>\n<link rel=\"canonical\" href=\"https:\/\/karmaprobeautystore.no\/nb_no\/produkt\/wella-professionals-oil-reflections-light-luminos-reflective-oil-30ml\/\" \/>\n<meta property=\"og:locale\" content=\"nb_NO\" \/>\n<meta property=\"og:type\" content=\"article\" \/>\n<meta property=\"og:title\" content=\"Wella Professionals Oil Reflections Light Luminos Reflective Oil 30ml - Karma Pro Beauty Store\" \/>\n<meta property=\"og:description\" content=\"Wella Professionals Oil Reflections Light er en h\u00e5rolje som passer fint til normalt h\u00e5r. F\u00e5 umiddelbar glans med denne lette h\u00e5roljen som er spesielt utviklet med ekstrakt av hvit te og naturlig kamilleolje, som umiddelbart fukter, pleier og glatter ut h\u00e5ret. Oil Reflections er Wella Professionals sin eksklusive oljekolleksjon for glansfullt h\u00e5r. Din Oil Reflections ...\" \/>\n<meta property=\"og:url\" content=\"https:\/\/karmaprobeautystore.no\/nb_no\/produkt\/wella-professionals-oil-reflections-light-luminos-reflective-oil-30ml\/\" \/>\n<meta property=\"og:site_name\" content=\"Karma Pro Beauty Store\" \/>\n<meta property=\"article:modified_time\" content=\"2026-02-10T13:59:14+00:00\" \/>\n<meta property=\"og:image\" content=\"https:\/\/karmaprobeautystore.no\/wp-content\/uploads\/2026\/02\/d2c3c037-5dc0-40c5-8fe1-a5631ad8ecae_1.jpg\" \/>\n\t<meta property=\"og:image:width\" content=\"900\" \/>\n\t<meta property=\"og:image:height\" content=\"900\" \/>\n\t<meta property=\"og:image:type\" content=\"image\/jpeg\" \/>\n<meta name=\"twitter:card\" content=\"summary_large_image\" \/>\n<meta name=\"twitter:label1\" content=\"Ansl. lesetid\" \/>\n\t<meta name=\"twitter:data1\" content=\"1 minutt\" \/>\n<script type=\"application\/ld+json\" class=\"yoast-schema-graph\">{\"@context\":\"https:\\\/\\\/schema.org\",\"@graph\":[{\"@type\":\"WebPage\",\"@id\":\"https:\\\/\\\/karmaprobeautystore.no\\\/produkt\\\/wella-professionals-oil-reflections-light-luminos-reflective-oil-30ml\\\/\",\"url\":\"https:\\\/\\\/karmaprobeautystore.no\\\/produkt\\\/wella-professionals-oil-reflections-light-luminos-reflective-oil-30ml\\\/\",\"name\":\"Wella Professionals Oil Reflections Light Luminos Reflective Oil 30ml - Karma Pro Beauty Store\",\"isPartOf\":{\"@id\":\"https:\\\/\\\/karmaprobeautystore.no\\\/en\\\/#website\"},\"primaryImageOfPage\":{\"@id\":\"https:\\\/\\\/karmaprobeautystore.no\\\/produkt\\\/wella-professionals-oil-reflections-light-luminos-reflective-oil-30ml\\\/#primaryimage\"},\"image\":{\"@id\":\"https:\\\/\\\/karmaprobeautystore.no\\\/produkt\\\/wella-professionals-oil-reflections-light-luminos-reflective-oil-30ml\\\/#primaryimage\"},\"thumbnailUrl\":\"https:\\\/\\\/karmaprobeautystore.no\\\/wp-content\\\/uploads\\\/2026\\\/02\\\/d2c3c037-5dc0-40c5-8fe1-a5631ad8ecae_1.jpg\",\"datePublished\":\"2026-02-10T10:35:37+00:00\",\"dateModified\":\"2026-02-10T13:59:14+00:00\",\"breadcrumb\":{\"@id\":\"https:\\\/\\\/karmaprobeautystore.no\\\/produkt\\\/wella-professionals-oil-reflections-light-luminos-reflective-oil-30ml\\\/#breadcrumb\"},\"inLanguage\":\"nb-NO\",\"potentialAction\":[{\"@type\":\"ReadAction\",\"target\":[\"https:\\\/\\\/karmaprobeautystore.no\\\/produkt\\\/wella-professionals-oil-reflections-light-luminos-reflective-oil-30ml\\\/\"]}]},{\"@type\":\"ImageObject\",\"inLanguage\":\"nb-NO\",\"@id\":\"https:\\\/\\\/karmaprobeautystore.no\\\/produkt\\\/wella-professionals-oil-reflections-light-luminos-reflective-oil-30ml\\\/#primaryimage\",\"url\":\"https:\\\/\\\/karmaprobeautystore.no\\\/wp-content\\\/uploads\\\/2026\\\/02\\\/d2c3c037-5dc0-40c5-8fe1-a5631ad8ecae_1.jpg\",\"contentUrl\":\"https:\\\/\\\/karmaprobeautystore.no\\\/wp-content\\\/uploads\\\/2026\\\/02\\\/d2c3c037-5dc0-40c5-8fe1-a5631ad8ecae_1.jpg\",\"width\":900,\"height\":900},{\"@type\":\"BreadcrumbList\",\"@id\":\"https:\\\/\\\/karmaprobeautystore.no\\\/produkt\\\/wella-professionals-oil-reflections-light-luminos-reflective-oil-30ml\\\/#breadcrumb\",\"itemListElement\":[{\"@type\":\"ListItem\",\"position\":1,\"name\":\"Home\",\"item\":\"https:\\\/\\\/karmaprobeautystore.no\\\/\"},{\"@type\":\"ListItem\",\"position\":2,\"name\":\"Shop\",\"item\":\"https:\\\/\\\/karmaprobeautystore.no\\\/nb\\\/shop\\\/\"},{\"@type\":\"ListItem\",\"position\":3,\"name\":\"Wella Professionals Oil Reflections Light Luminos Reflective Oil 30ml\"}]},{\"@type\":\"WebSite\",\"@id\":\"https:\\\/\\\/karmaprobeautystore.no\\\/en\\\/#website\",\"url\":\"https:\\\/\\\/karmaprobeautystore.no\\\/en\\\/\",\"name\":\"Karma Pro Beauty Store\",\"description\":\"\",\"potentialAction\":[{\"@type\":\"SearchAction\",\"target\":{\"@type\":\"EntryPoint\",\"urlTemplate\":\"https:\\\/\\\/karmaprobeautystore.no\\\/en\\\/?s={search_term_string}\"},\"query-input\":{\"@type\":\"PropertyValueSpecification\",\"valueRequired\":true,\"valueName\":\"search_term_string\"}}],\"inLanguage\":\"nb-NO\"}]}<\/script>\n<!-- \/ Yoast SEO plugin. -->","yoast_head_json":{"title":"Wella Professionals Oil Reflections Light Luminos Reflective Oil 30ml - Karma Pro Beauty Store","robots":{"index":"index","follow":"follow","max-snippet":"max-snippet:-1","max-image-preview":"max-image-preview:large","max-video-preview":"max-video-preview:-1"},"canonical":"https:\/\/karmaprobeautystore.no\/nb_no\/produkt\/wella-professionals-oil-reflections-light-luminos-reflective-oil-30ml\/","og_locale":"nb_NO","og_type":"article","og_title":"Wella Professionals Oil Reflections Light Luminos Reflective Oil 30ml - Karma Pro Beauty Store","og_description":"Wella Professionals Oil Reflections Light er en h\u00e5rolje som passer fint til normalt h\u00e5r. F\u00e5 umiddelbar glans med denne lette h\u00e5roljen som er spesielt utviklet med ekstrakt av hvit te og naturlig kamilleolje, som umiddelbart fukter, pleier og glatter ut h\u00e5ret. Oil Reflections er Wella Professionals sin eksklusive oljekolleksjon for glansfullt h\u00e5r. Din Oil Reflections ...","og_url":"https:\/\/karmaprobeautystore.no\/nb_no\/produkt\/wella-professionals-oil-reflections-light-luminos-reflective-oil-30ml\/","og_site_name":"Karma Pro Beauty Store","article_modified_time":"2026-02-10T13:59:14+00:00","og_image":[{"width":900,"height":900,"url":"https:\/\/karmaprobeautystore.no\/wp-content\/uploads\/2026\/02\/d2c3c037-5dc0-40c5-8fe1-a5631ad8ecae_1.jpg","type":"image\/jpeg"}],"twitter_card":"summary_large_image","twitter_misc":{"Ansl. lesetid":"1 minutt"},"schema":{"@context":"https:\/\/schema.org","@graph":[{"@type":"WebPage","@id":"https:\/\/karmaprobeautystore.no\/produkt\/wella-professionals-oil-reflections-light-luminos-reflective-oil-30ml\/","url":"https:\/\/karmaprobeautystore.no\/produkt\/wella-professionals-oil-reflections-light-luminos-reflective-oil-30ml\/","name":"Wella Professionals Oil Reflections Light Luminos Reflective Oil 30ml - Karma Pro Beauty Store","isPartOf":{"@id":"https:\/\/karmaprobeautystore.no\/en\/#website"},"primaryImageOfPage":{"@id":"https:\/\/karmaprobeautystore.no\/produkt\/wella-professionals-oil-reflections-light-luminos-reflective-oil-30ml\/#primaryimage"},"image":{"@id":"https:\/\/karmaprobeautystore.no\/produkt\/wella-professionals-oil-reflections-light-luminos-reflective-oil-30ml\/#primaryimage"},"thumbnailUrl":"https:\/\/karmaprobeautystore.no\/wp-content\/uploads\/2026\/02\/d2c3c037-5dc0-40c5-8fe1-a5631ad8ecae_1.jpg","datePublished":"2026-02-10T10:35:37+00:00","dateModified":"2026-02-10T13:59:14+00:00","breadcrumb":{"@id":"https:\/\/karmaprobeautystore.no\/produkt\/wella-professionals-oil-reflections-light-luminos-reflective-oil-30ml\/#breadcrumb"},"inLanguage":"nb-NO","potentialAction":[{"@type":"ReadAction","target":["https:\/\/karmaprobeautystore.no\/produkt\/wella-professionals-oil-reflections-light-luminos-reflective-oil-30ml\/"]}]},{"@type":"ImageObject","inLanguage":"nb-NO","@id":"https:\/\/karmaprobeautystore.no\/produkt\/wella-professionals-oil-reflections-light-luminos-reflective-oil-30ml\/#primaryimage","url":"https:\/\/karmaprobeautystore.no\/wp-content\/uploads\/2026\/02\/d2c3c037-5dc0-40c5-8fe1-a5631ad8ecae_1.jpg","contentUrl":"https:\/\/karmaprobeautystore.no\/wp-content\/uploads\/2026\/02\/d2c3c037-5dc0-40c5-8fe1-a5631ad8ecae_1.jpg","width":900,"height":900},{"@type":"BreadcrumbList","@id":"https:\/\/karmaprobeautystore.no\/produkt\/wella-professionals-oil-reflections-light-luminos-reflective-oil-30ml\/#breadcrumb","itemListElement":[{"@type":"ListItem","position":1,"name":"Home","item":"https:\/\/karmaprobeautystore.no\/"},{"@type":"ListItem","position":2,"name":"Shop","item":"https:\/\/karmaprobeautystore.no\/nb\/shop\/"},{"@type":"ListItem","position":3,"name":"Wella Professionals Oil Reflections Light Luminos Reflective Oil 30ml"}]},{"@type":"WebSite","@id":"https:\/\/karmaprobeautystore.no\/en\/#website","url":"https:\/\/karmaprobeautystore.no\/en\/","name":"Karma Pro Skj\u00f8nnhetsbutikk","description":"","potentialAction":[{"@type":"SearchAction","target":{"@type":"EntryPoint","urlTemplate":"https:\/\/karmaprobeautystore.no\/en\/?s={search_term_string}"},"query-input":{"@type":"PropertyValueSpecification","valueRequired":true,"valueName":"search_term_string"}}],"inLanguage":"nb-NO"}]}},"_links":{"self":[{"href":"https:\/\/karmaprobeautystore.no\/nb_no\/wp-json\/wp\/v2\/product\/6655","targetHints":{"allow":["GET"]}}],"collection":[{"href":"https:\/\/karmaprobeautystore.no\/nb_no\/wp-json\/wp\/v2\/product"}],"about":[{"href":"https:\/\/karmaprobeautystore.no\/nb_no\/wp-json\/wp\/v2\/types\/product"}],"replies":[{"embeddable":true,"href":"https:\/\/karmaprobeautystore.no\/nb_no\/wp-json\/wp\/v2\/comments?post=6655"}],"wp:featuredmedia":[{"embeddable":true,"href":"https:\/\/karmaprobeautystore.no\/nb_no\/wp-json\/wp\/v2\/media\/6656"}],"wp:attachment":[{"href":"https:\/\/karmaprobeautystore.no\/nb_no\/wp-json\/wp\/v2\/media?parent=6655"}],"wp:term":[{"taxonomy":"product_brand","embeddable":true,"href":"https:\/\/karmaprobeautystore.no\/nb_no\/wp-json\/wp\/v2\/product_brand?post=6655"},{"taxonomy":"product_cat","embeddable":true,"href":"https:\/\/karmaprobeautystore.no\/nb_no\/wp-json\/wp\/v2\/product_cat?post=6655"},{"taxonomy":"product_tag","embeddable":true,"href":"https:\/\/karmaprobeautystore.no\/nb_no\/wp-json\/wp\/v2\/product_tag?post=6655"}],"curies":[{"name":"wp","href":"https:\/\/api.w.org\/{rel}","templated":true}]}}