{"id":6628,"date":"2026-02-03T13:49:23","date_gmt":"2026-02-03T13:49:23","guid":{"rendered":"https:\/\/karmaprobeautystore.no\/?post_type=product&#038;p=6628"},"modified":"2026-02-21T15:29:26","modified_gmt":"2026-02-21T15:29:26","slug":"koreansk-vippeloft-masterclass","status":"publish","type":"product","link":"https:\/\/karmaprobeautystore.no\/nb_no\/produkt\/koreansk-vippeloft-masterclass\/","title":{"rendered":"Koreansk VIPPEL\u00d8FT Masterclass med Karma Pro Beauty System \u00c5LESUND \u2013 28. februar."},"content":{"rendered":"<p>Koreansk VIPPEL\u00d8FT Masterclass med Karma Pro Beauty System \u00c5LESUND \u2013 28. februar.<\/p>\n<p>Dette kurset er utviklet for \u00e5 behandle som \u00f8nsker \u00e5 jobbe raskere, tryggere og med perfekte resultater \u2013 hver eneste gang.<\/p>\n<p>Du l\u00e6rer den koreanske vippel\u00f8ft-teknikken, kjent for sin presisjon, stabilitet og naturlige, men markante resultat.<br \/>\nTeknikken gir et perfekt l\u00f8ft fra rot til spiss, uten bruk av lim, noe som gj\u00f8r behandlingen b\u00e5de enklere og mer effektiv.<\/p>\n<p>Kurset kombinerer grundig teori og intensiv praksis, slik at du etter endt kurs kan utf\u00f8re behandlingen selvstendig og med h\u00f8y kvalitet.<\/p>\n<p>\ud83c\udf93 Kurset-passer for:<br \/>\n\u2013 nybegynnere som vil l\u00e6re riktig teknikk fra start<br \/>\n\u2013 erfarne vippeteknikkere som \u00f8nsker \u00e5 oppgradere ferdighetene sine<\/p>\n<p>\ud83d\udcda Kurset inkluderer:<br \/>\n\u2022 teoretisk oppl\u00e6ring<br \/>\n\u2022 praktisk trening p\u00e5 modell<br \/>\n\u2022 Karma Pro Beauty startpakke<br \/>\n\u2022 alle n\u00f8dvendige produkter til behandlingen<br \/>\n\u2022 kursbevis\/sertifikat<\/p>\n<p>\u2714\ufe0f Sm\u00e5 grupper sikrer personlig oppf\u00f8lging og maksimal l\u00e6ring.<\/p>\n<p>\ud83d\udc8e Dette er mer enn et kurs \u2013 det er en investering i din profesjonalitet, effektivitet og fremtid som behandler.<\/p>","protected":false},"excerpt":{"rendered":"<p>Koreansk VIPPEL\u00d8FT Masterclass med Karma Pro Beauty System \u00c5LESUND \u2013 28. februar. Dette kurset er utviklet for \u00e5 behandle som \u00f8nsker \u00e5 jobbe raskere, tryggere og med perfekte resultater \u2013 hver eneste gang. Du l\u00e6rer den koreanske vippel\u00f8ft-teknikken, kjent for sin presisjon, stabilitet og naturlige, men markante resultat. Teknikken gir et perfekt l\u00f8ft fra rot til \u2026<\/p>","protected":false},"featured_media":6630,"menu_order":0,"comment_status":"open","ping_status":"closed","template":"","meta":{"_acf_changed":false},"product_brand":[],"product_cat":[161],"product_tag":[],"class_list":{"0":"post-6628","1":"product","2":"type-product","3":"status-publish","4":"has-post-thumbnail","6":"product_cat-beauty-products","8":"first","9":"outofstock","10":"virtual","11":"taxable","12":"purchasable","13":"product-type-simple"},"acf":[],"yoast_head":"<!-- This site is optimized with the Yoast SEO plugin v27.3 - https:\/\/yoast.com\/product\/yoast-seo-wordpress\/ -->\n<title>Koreansk VIPPEL\u00d8FT Masterclass med Karma Pro Beauty System \u00c5LESUND - 28 februar. - Karma Pro Beauty Store<\/title>\n<meta name=\"robots\" content=\"index, follow, max-snippet:-1, max-image-preview:large, max-video-preview:-1\" \/>\n<link rel=\"canonical\" href=\"https:\/\/karmaprobeautystore.no\/nb_no\/produkt\/koreansk-vippeloft-masterclass\/\" \/>\n<meta property=\"og:locale\" content=\"nb_NO\" \/>\n<meta property=\"og:type\" content=\"article\" \/>\n<meta property=\"og:title\" content=\"Koreansk VIPPEL\u00d8FT Masterclass med Karma Pro Beauty System \u00c5LESUND - 28 februar. - Karma Pro Beauty Store\" \/>\n<meta property=\"og:description\" content=\"Koreansk VIPPEL\u00d8FT Masterclass med Karma Pro Beauty System \u00c5LESUND &#8211; 28 februar. Dette kurset er utviklet for behandlere som \u00f8nsker \u00e5 jobbe raskere, tryggere og med perfekte resultater \u2013 hver eneste gang. Du l\u00e6rer den koreanske vippel\u00f8ft-teknikken, kjent for sin presisjon, stabilitet og naturlige, men markante resultat. Teknikken gir et perfekt l\u00f8ft fra rot til ...\" \/>\n<meta property=\"og:url\" content=\"https:\/\/karmaprobeautystore.no\/nb_no\/produkt\/koreansk-vippeloft-masterclass\/\" \/>\n<meta property=\"og:site_name\" content=\"Karma Pro Beauty Store\" \/>\n<meta property=\"article:modified_time\" content=\"2026-02-21T15:29:26+00:00\" \/>\n<meta property=\"og:image\" content=\"https:\/\/karmaprobeautystore.no\/wp-content\/uploads\/2026\/02\/karma-kurs.jpg\" \/>\n\t<meta property=\"og:image:width\" content=\"1080\" \/>\n\t<meta property=\"og:image:height\" content=\"1080\" \/>\n\t<meta property=\"og:image:type\" content=\"image\/jpeg\" \/>\n<meta name=\"twitter:card\" content=\"summary_large_image\" \/>\n<meta name=\"twitter:label1\" content=\"Ansl. lesetid\" \/>\n\t<meta name=\"twitter:data1\" content=\"2 minutter\" \/>\n<script type=\"application\/ld+json\" class=\"yoast-schema-graph\">{\"@context\":\"https:\\\/\\\/schema.org\",\"@graph\":[{\"@type\":\"WebPage\",\"@id\":\"https:\\\/\\\/karmaprobeautystore.no\\\/produkt\\\/koreansk-vippeloft-masterclass\\\/\",\"url\":\"https:\\\/\\\/karmaprobeautystore.no\\\/produkt\\\/koreansk-vippeloft-masterclass\\\/\",\"name\":\"Koreansk VIPPEL\u00d8FT Masterclass med Karma Pro Beauty System \u00c5LESUND - 28 februar. - Karma Pro Beauty Store\",\"isPartOf\":{\"@id\":\"https:\\\/\\\/karmaprobeautystore.no\\\/en\\\/#website\"},\"primaryImageOfPage\":{\"@id\":\"https:\\\/\\\/karmaprobeautystore.no\\\/produkt\\\/koreansk-vippeloft-masterclass\\\/#primaryimage\"},\"image\":{\"@id\":\"https:\\\/\\\/karmaprobeautystore.no\\\/produkt\\\/koreansk-vippeloft-masterclass\\\/#primaryimage\"},\"thumbnailUrl\":\"https:\\\/\\\/karmaprobeautystore.no\\\/wp-content\\\/uploads\\\/2026\\\/02\\\/karma-kurs.jpg\",\"datePublished\":\"2026-02-03T13:49:23+00:00\",\"dateModified\":\"2026-02-21T15:29:26+00:00\",\"breadcrumb\":{\"@id\":\"https:\\\/\\\/karmaprobeautystore.no\\\/produkt\\\/koreansk-vippeloft-masterclass\\\/#breadcrumb\"},\"inLanguage\":\"nb-NO\",\"potentialAction\":[{\"@type\":\"ReadAction\",\"target\":[\"https:\\\/\\\/karmaprobeautystore.no\\\/produkt\\\/koreansk-vippeloft-masterclass\\\/\"]}]},{\"@type\":\"ImageObject\",\"inLanguage\":\"nb-NO\",\"@id\":\"https:\\\/\\\/karmaprobeautystore.no\\\/produkt\\\/koreansk-vippeloft-masterclass\\\/#primaryimage\",\"url\":\"https:\\\/\\\/karmaprobeautystore.no\\\/wp-content\\\/uploads\\\/2026\\\/02\\\/karma-kurs.jpg\",\"contentUrl\":\"https:\\\/\\\/karmaprobeautystore.no\\\/wp-content\\\/uploads\\\/2026\\\/02\\\/karma-kurs.jpg\",\"width\":1080,\"height\":1080},{\"@type\":\"BreadcrumbList\",\"@id\":\"https:\\\/\\\/karmaprobeautystore.no\\\/produkt\\\/koreansk-vippeloft-masterclass\\\/#breadcrumb\",\"itemListElement\":[{\"@type\":\"ListItem\",\"position\":1,\"name\":\"Home\",\"item\":\"https:\\\/\\\/karmaprobeautystore.no\\\/\"},{\"@type\":\"ListItem\",\"position\":2,\"name\":\"Shop\",\"item\":\"https:\\\/\\\/karmaprobeautystore.no\\\/nb\\\/shop\\\/\"},{\"@type\":\"ListItem\",\"position\":3,\"name\":\"Koreansk VIPPEL\u00d8FT Masterclass med Karma Pro Beauty System \u00c5LESUND &#8211; 28 februar.\"}]},{\"@type\":\"WebSite\",\"@id\":\"https:\\\/\\\/karmaprobeautystore.no\\\/en\\\/#website\",\"url\":\"https:\\\/\\\/karmaprobeautystore.no\\\/en\\\/\",\"name\":\"Karma Pro Beauty Store\",\"description\":\"\",\"potentialAction\":[{\"@type\":\"SearchAction\",\"target\":{\"@type\":\"EntryPoint\",\"urlTemplate\":\"https:\\\/\\\/karmaprobeautystore.no\\\/en\\\/?s={search_term_string}\"},\"query-input\":{\"@type\":\"PropertyValueSpecification\",\"valueRequired\":true,\"valueName\":\"search_term_string\"}}],\"inLanguage\":\"nb-NO\"}]}<\/script>\n<!-- \/ Yoast SEO plugin. -->","yoast_head_json":{"title":"Koreansk VIPPEL\u00d8FT Masterclass med Karma Pro Beauty System \u00c5LESUND - 28. februar. - Karma Pro Beauty Store","robots":{"index":"index","follow":"follow","max-snippet":"max-snippet:-1","max-image-preview":"max-image-preview:large","max-video-preview":"max-video-preview:-1"},"canonical":"https:\/\/karmaprobeautystore.no\/nb_no\/produkt\/koreansk-vippeloft-masterclass\/","og_locale":"nb_NO","og_type":"article","og_title":"Koreansk VIPPEL\u00d8FT Masterclass med Karma Pro Beauty System \u00c5LESUND - 28 februar. - Karma Pro Beauty Store","og_description":"Koreansk VIPPEL\u00d8FT Masterclass med Karma Pro Beauty System \u00c5LESUND &#8211; 28 februar. Dette kurset er utviklet for behandlere som \u00f8nsker \u00e5 jobbe raskere, tryggere og med perfekte resultater \u2013 hver eneste gang. Du l\u00e6rer den koreanske vippel\u00f8ft-teknikken, kjent for sin presisjon, stabilitet og naturlige, men markante resultat. Teknikken gir et perfekt l\u00f8ft fra rot til ...","og_url":"https:\/\/karmaprobeautystore.no\/nb_no\/produkt\/koreansk-vippeloft-masterclass\/","og_site_name":"Karma Pro Beauty Store","article_modified_time":"2026-02-21T15:29:26+00:00","og_image":[{"width":1080,"height":1080,"url":"https:\/\/karmaprobeautystore.no\/wp-content\/uploads\/2026\/02\/karma-kurs.jpg","type":"image\/jpeg"}],"twitter_card":"summary_large_image","twitter_misc":{"Ansl. lesetid":"2 minutter"},"schema":{"@context":"https:\/\/schema.org","@graph":[{"@type":"WebPage","@id":"https:\/\/karmaprobeautystore.no\/produkt\/koreansk-vippeloft-masterclass\/","url":"https:\/\/karmaprobeautystore.no\/produkt\/koreansk-vippeloft-masterclass\/","name":"Koreansk VIPPEL\u00d8FT Masterclass med Karma Pro Beauty System \u00c5LESUND - 28. februar. - Karma Pro Beauty Store","isPartOf":{"@id":"https:\/\/karmaprobeautystore.no\/en\/#website"},"primaryImageOfPage":{"@id":"https:\/\/karmaprobeautystore.no\/produkt\/koreansk-vippeloft-masterclass\/#primaryimage"},"image":{"@id":"https:\/\/karmaprobeautystore.no\/produkt\/koreansk-vippeloft-masterclass\/#primaryimage"},"thumbnailUrl":"https:\/\/karmaprobeautystore.no\/wp-content\/uploads\/2026\/02\/karma-kurs.jpg","datePublished":"2026-02-03T13:49:23+00:00","dateModified":"2026-02-21T15:29:26+00:00","breadcrumb":{"@id":"https:\/\/karmaprobeautystore.no\/produkt\/koreansk-vippeloft-masterclass\/#breadcrumb"},"inLanguage":"nb-NO","potentialAction":[{"@type":"ReadAction","target":["https:\/\/karmaprobeautystore.no\/produkt\/koreansk-vippeloft-masterclass\/"]}]},{"@type":"ImageObject","inLanguage":"nb-NO","@id":"https:\/\/karmaprobeautystore.no\/produkt\/koreansk-vippeloft-masterclass\/#primaryimage","url":"https:\/\/karmaprobeautystore.no\/wp-content\/uploads\/2026\/02\/karma-kurs.jpg","contentUrl":"https:\/\/karmaprobeautystore.no\/wp-content\/uploads\/2026\/02\/karma-kurs.jpg","width":1080,"height":1080},{"@type":"BreadcrumbList","@id":"https:\/\/karmaprobeautystore.no\/produkt\/koreansk-vippeloft-masterclass\/#breadcrumb","itemListElement":[{"@type":"ListItem","position":1,"name":"Home","item":"https:\/\/karmaprobeautystore.no\/"},{"@type":"ListItem","position":2,"name":"Shop","item":"https:\/\/karmaprobeautystore.no\/nb\/shop\/"},{"@type":"ListItem","position":3,"name":"Koreansk VIPPEL\u00d8FT Masterclass med Karma Pro Beauty System \u00c5LESUND &#8211; 28 februar."}]},{"@type":"WebSite","@id":"https:\/\/karmaprobeautystore.no\/en\/#website","url":"https:\/\/karmaprobeautystore.no\/en\/","name":"Karma Pro Skj\u00f8nnhetsbutikk","description":"","potentialAction":[{"@type":"SearchAction","target":{"@type":"EntryPoint","urlTemplate":"https:\/\/karmaprobeautystore.no\/en\/?s={search_term_string}"},"query-input":{"@type":"PropertyValueSpecification","valueRequired":true,"valueName":"search_term_string"}}],"inLanguage":"nb-NO"}]}},"_links":{"self":[{"href":"https:\/\/karmaprobeautystore.no\/nb_no\/wp-json\/wp\/v2\/product\/6628","targetHints":{"allow":["GET"]}}],"collection":[{"href":"https:\/\/karmaprobeautystore.no\/nb_no\/wp-json\/wp\/v2\/product"}],"about":[{"href":"https:\/\/karmaprobeautystore.no\/nb_no\/wp-json\/wp\/v2\/types\/product"}],"replies":[{"embeddable":true,"href":"https:\/\/karmaprobeautystore.no\/nb_no\/wp-json\/wp\/v2\/comments?post=6628"}],"wp:featuredmedia":[{"embeddable":true,"href":"https:\/\/karmaprobeautystore.no\/nb_no\/wp-json\/wp\/v2\/media\/6630"}],"wp:attachment":[{"href":"https:\/\/karmaprobeautystore.no\/nb_no\/wp-json\/wp\/v2\/media?parent=6628"}],"wp:term":[{"taxonomy":"product_brand","embeddable":true,"href":"https:\/\/karmaprobeautystore.no\/nb_no\/wp-json\/wp\/v2\/product_brand?post=6628"},{"taxonomy":"product_cat","embeddable":true,"href":"https:\/\/karmaprobeautystore.no\/nb_no\/wp-json\/wp\/v2\/product_cat?post=6628"},{"taxonomy":"product_tag","embeddable":true,"href":"https:\/\/karmaprobeautystore.no\/nb_no\/wp-json\/wp\/v2\/product_tag?post=6628"}],"curies":[{"name":"wp","href":"https:\/\/api.w.org\/{rel}","templated":true}]}}