{"id":6516,"date":"2026-01-14T12:08:35","date_gmt":"2026-01-14T12:08:35","guid":{"rendered":"https:\/\/karmaprobeautystore.no\/?post_type=product&#038;p=6516"},"modified":"2026-04-01T11:54:05","modified_gmt":"2026-04-01T11:54:05","slug":"karma-005-cc-silky-soft-chocolate-brown-single-length","status":"publish","type":"product","link":"https:\/\/karmaprobeautystore.no\/nb_no\/produkt\/karma-005-cc-silky-soft-chocolate-brown-single-length\/","title":{"rendered":"KARMA 0,05 CC SILKEMIKT Sjokoladebrun enkel lengde"},"content":{"rendered":"<p>Disse vippene er en profesjonell favoritt av en grunn. De har koniske tupper og en solid base, noe som gj\u00f8r p\u00e5f\u00f8ringen til en lek samtidig som de er sk\u00e5nsomme mot ber\u00f8ring. Den uovertrufne holdbarheten sikrer en langvarig perfekt kr\u00f8ll som t\u00e5ler tidens tann.<\/p>\n<p>Produktdetaljer<\/p>\n<p>Volumbrett<\/p>\n<p>Materiale: Premium koreansk PBT-fiber<br \/>\nFarge: Brun<br \/>\nKr\u00f8ll: CC<br \/>\nDiameter\/tykkelse: 0,05<br \/>\nLengder: 5 mm til 14 mm.<br \/>\n16 rader<br \/>\n100% vegansk og ikke testet p\u00e5 dyr<br \/>\nLett \u00e5 plukke opp<br \/>\nFolie baklinjer.<\/p>","protected":false},"excerpt":{"rendered":"<p>Disse vippene er som en dr\u00f8m som g\u00e5r i oppfyllelse, laget av den fineste koreanske PBT-fiberen. De er s\u00e5 silkemyke som det kan bli! Det brune alternativet tilbyr en rik, dyp fargetone og en matt finish, perfekt for det kjevefallende, showstoppende dramaet.<\/p>","protected":false},"featured_media":5399,"menu_order":0,"comment_status":"open","ping_status":"closed","template":"","meta":{"_acf_changed":false},"product_brand":[],"product_cat":[150,201,158],"product_tag":[],"class_list":{"0":"post-6516","1":"product","2":"type-product","3":"status-publish","4":"has-post-thumbnail","6":"product_cat-eyelashes","7":"product_cat-chocolate-brown","8":"product_cat-sale","10":"first","11":"instock","12":"sale","13":"taxable","14":"shipping-taxable","15":"purchasable","16":"product-type-variable","17":"rtwpvg-product","18":"rtwpvs-product"},"acf":[],"yoast_head":"<!-- This site is optimized with the Yoast SEO plugin v27.3 - https:\/\/yoast.com\/product\/yoast-seo-wordpress\/ -->\n<title>KARMA 0,05 CC SILKY SOFT Chocolate brown single length - Karma Pro Beauty Store<\/title>\n<meta name=\"robots\" content=\"index, follow, max-snippet:-1, max-image-preview:large, max-video-preview:-1\" \/>\n<link rel=\"canonical\" href=\"https:\/\/karmaprobeautystore.no\/nb_no\/produkt\/karma-005-cc-silky-soft-chocolate-brown-single-length\/\" \/>\n<meta property=\"og:locale\" content=\"nb_NO\" \/>\n<meta property=\"og:type\" content=\"article\" \/>\n<meta property=\"og:title\" content=\"KARMA 0,05 CC SILKY SOFT Chocolate brown single length - Karma Pro Beauty Store\" \/>\n<meta property=\"og:description\" content=\"These lashes are like a dream come true, made from the finest Korean PBT fiber. They\u2019re as silky soft as it gets! The Brown option offers a rich, deep hue and a matte finish, perfect for that jaw-dropping, show-stopping drama.\" \/>\n<meta property=\"og:url\" content=\"https:\/\/karmaprobeautystore.no\/nb_no\/produkt\/karma-005-cc-silky-soft-chocolate-brown-single-length\/\" \/>\n<meta property=\"og:site_name\" content=\"Karma Pro Beauty Store\" \/>\n<meta property=\"article:modified_time\" content=\"2026-04-01T11:54:05+00:00\" \/>\n<meta property=\"og:image\" content=\"https:\/\/karmaprobeautystore.no\/wp-content\/uploads\/2025\/05\/karma-2924-Edit-scaled.jpeg\" \/>\n\t<meta property=\"og:image:width\" content=\"1709\" \/>\n\t<meta property=\"og:image:height\" content=\"2560\" \/>\n\t<meta property=\"og:image:type\" content=\"image\/jpeg\" \/>\n<meta name=\"twitter:card\" content=\"summary_large_image\" \/>\n<meta name=\"twitter:label1\" content=\"Ansl. lesetid\" \/>\n\t<meta name=\"twitter:data1\" content=\"1 minutt\" \/>\n<script type=\"application\/ld+json\" class=\"yoast-schema-graph\">{\"@context\":\"https:\\\/\\\/schema.org\",\"@graph\":[{\"@type\":\"WebPage\",\"@id\":\"https:\\\/\\\/karmaprobeautystore.no\\\/produkt\\\/karma-005-cc-silky-soft-chocolate-brown-single-length\\\/\",\"url\":\"https:\\\/\\\/karmaprobeautystore.no\\\/produkt\\\/karma-005-cc-silky-soft-chocolate-brown-single-length\\\/\",\"name\":\"KARMA 0,05 CC SILKY SOFT Chocolate brown single length - Karma Pro Beauty Store\",\"isPartOf\":{\"@id\":\"https:\\\/\\\/karmaprobeautystore.no\\\/en\\\/#website\"},\"primaryImageOfPage\":{\"@id\":\"https:\\\/\\\/karmaprobeautystore.no\\\/produkt\\\/karma-005-cc-silky-soft-chocolate-brown-single-length\\\/#primaryimage\"},\"image\":{\"@id\":\"https:\\\/\\\/karmaprobeautystore.no\\\/produkt\\\/karma-005-cc-silky-soft-chocolate-brown-single-length\\\/#primaryimage\"},\"thumbnailUrl\":\"https:\\\/\\\/karmaprobeautystore.no\\\/wp-content\\\/uploads\\\/2025\\\/05\\\/karma-2924-Edit-scaled.jpeg\",\"datePublished\":\"2026-01-14T12:08:35+00:00\",\"dateModified\":\"2026-04-01T11:54:05+00:00\",\"breadcrumb\":{\"@id\":\"https:\\\/\\\/karmaprobeautystore.no\\\/produkt\\\/karma-005-cc-silky-soft-chocolate-brown-single-length\\\/#breadcrumb\"},\"inLanguage\":\"nb-NO\",\"potentialAction\":[{\"@type\":\"ReadAction\",\"target\":[\"https:\\\/\\\/karmaprobeautystore.no\\\/produkt\\\/karma-005-cc-silky-soft-chocolate-brown-single-length\\\/\"]}]},{\"@type\":\"ImageObject\",\"inLanguage\":\"nb-NO\",\"@id\":\"https:\\\/\\\/karmaprobeautystore.no\\\/produkt\\\/karma-005-cc-silky-soft-chocolate-brown-single-length\\\/#primaryimage\",\"url\":\"https:\\\/\\\/karmaprobeautystore.no\\\/wp-content\\\/uploads\\\/2025\\\/05\\\/karma-2924-Edit-scaled.jpeg\",\"contentUrl\":\"https:\\\/\\\/karmaprobeautystore.no\\\/wp-content\\\/uploads\\\/2025\\\/05\\\/karma-2924-Edit-scaled.jpeg\",\"width\":1709,\"height\":2560},{\"@type\":\"BreadcrumbList\",\"@id\":\"https:\\\/\\\/karmaprobeautystore.no\\\/produkt\\\/karma-005-cc-silky-soft-chocolate-brown-single-length\\\/#breadcrumb\",\"itemListElement\":[{\"@type\":\"ListItem\",\"position\":1,\"name\":\"Home\",\"item\":\"https:\\\/\\\/karmaprobeautystore.no\\\/\"},{\"@type\":\"ListItem\",\"position\":2,\"name\":\"Shop\",\"item\":\"https:\\\/\\\/karmaprobeautystore.no\\\/nb\\\/shop\\\/\"},{\"@type\":\"ListItem\",\"position\":3,\"name\":\"KARMA 0,05 CC SILKY SOFT Chocolate brown single length\"}]},{\"@type\":\"WebSite\",\"@id\":\"https:\\\/\\\/karmaprobeautystore.no\\\/en\\\/#website\",\"url\":\"https:\\\/\\\/karmaprobeautystore.no\\\/en\\\/\",\"name\":\"Karma Pro Beauty Store\",\"description\":\"\",\"potentialAction\":[{\"@type\":\"SearchAction\",\"target\":{\"@type\":\"EntryPoint\",\"urlTemplate\":\"https:\\\/\\\/karmaprobeautystore.no\\\/en\\\/?s={search_term_string}\"},\"query-input\":{\"@type\":\"PropertyValueSpecification\",\"valueRequired\":true,\"valueName\":\"search_term_string\"}}],\"inLanguage\":\"nb-NO\"}]}<\/script>\n<!-- \/ Yoast SEO plugin. -->","yoast_head_json":{"title":"KARMA 0,05 CC SILKY SOFT Chocolate brown single length - Karma Pro Beauty Store","robots":{"index":"index","follow":"follow","max-snippet":"max-snippet:-1","max-image-preview":"max-image-preview:large","max-video-preview":"max-video-preview:-1"},"canonical":"https:\/\/karmaprobeautystore.no\/nb_no\/produkt\/karma-005-cc-silky-soft-chocolate-brown-single-length\/","og_locale":"nb_NO","og_type":"article","og_title":"KARMA 0,05 CC SILKY SOFT Chocolate brown single length - Karma Pro Beauty Store","og_description":"These lashes are like a dream come true, made from the finest Korean PBT fiber. They\u2019re as silky soft as it gets! The Brown option offers a rich, deep hue and a matte finish, perfect for that jaw-dropping, show-stopping drama.","og_url":"https:\/\/karmaprobeautystore.no\/nb_no\/produkt\/karma-005-cc-silky-soft-chocolate-brown-single-length\/","og_site_name":"Karma Pro Beauty Store","article_modified_time":"2026-04-01T11:54:05+00:00","og_image":[{"width":1709,"height":2560,"url":"https:\/\/karmaprobeautystore.no\/wp-content\/uploads\/2025\/05\/karma-2924-Edit-scaled.jpeg","type":"image\/jpeg"}],"twitter_card":"summary_large_image","twitter_misc":{"Ansl. lesetid":"1 minutt"},"schema":{"@context":"https:\/\/schema.org","@graph":[{"@type":"WebPage","@id":"https:\/\/karmaprobeautystore.no\/produkt\/karma-005-cc-silky-soft-chocolate-brown-single-length\/","url":"https:\/\/karmaprobeautystore.no\/produkt\/karma-005-cc-silky-soft-chocolate-brown-single-length\/","name":"KARMA 0,05 CC SILKY SOFT Chocolate brown single length - Karma Pro Beauty Store","isPartOf":{"@id":"https:\/\/karmaprobeautystore.no\/en\/#website"},"primaryImageOfPage":{"@id":"https:\/\/karmaprobeautystore.no\/produkt\/karma-005-cc-silky-soft-chocolate-brown-single-length\/#primaryimage"},"image":{"@id":"https:\/\/karmaprobeautystore.no\/produkt\/karma-005-cc-silky-soft-chocolate-brown-single-length\/#primaryimage"},"thumbnailUrl":"https:\/\/karmaprobeautystore.no\/wp-content\/uploads\/2025\/05\/karma-2924-Edit-scaled.jpeg","datePublished":"2026-01-14T12:08:35+00:00","dateModified":"2026-04-01T11:54:05+00:00","breadcrumb":{"@id":"https:\/\/karmaprobeautystore.no\/produkt\/karma-005-cc-silky-soft-chocolate-brown-single-length\/#breadcrumb"},"inLanguage":"nb-NO","potentialAction":[{"@type":"ReadAction","target":["https:\/\/karmaprobeautystore.no\/produkt\/karma-005-cc-silky-soft-chocolate-brown-single-length\/"]}]},{"@type":"ImageObject","inLanguage":"nb-NO","@id":"https:\/\/karmaprobeautystore.no\/produkt\/karma-005-cc-silky-soft-chocolate-brown-single-length\/#primaryimage","url":"https:\/\/karmaprobeautystore.no\/wp-content\/uploads\/2025\/05\/karma-2924-Edit-scaled.jpeg","contentUrl":"https:\/\/karmaprobeautystore.no\/wp-content\/uploads\/2025\/05\/karma-2924-Edit-scaled.jpeg","width":1709,"height":2560},{"@type":"BreadcrumbList","@id":"https:\/\/karmaprobeautystore.no\/produkt\/karma-005-cc-silky-soft-chocolate-brown-single-length\/#breadcrumb","itemListElement":[{"@type":"ListItem","position":1,"name":"Home","item":"https:\/\/karmaprobeautystore.no\/"},{"@type":"ListItem","position":2,"name":"Shop","item":"https:\/\/karmaprobeautystore.no\/nb\/shop\/"},{"@type":"ListItem","position":3,"name":"KARMA 0,05 CC SILKY SOFT Chocolate brown single length"}]},{"@type":"WebSite","@id":"https:\/\/karmaprobeautystore.no\/en\/#website","url":"https:\/\/karmaprobeautystore.no\/en\/","name":"Karma Pro Skj\u00f8nnhetsbutikk","description":"","potentialAction":[{"@type":"SearchAction","target":{"@type":"EntryPoint","urlTemplate":"https:\/\/karmaprobeautystore.no\/en\/?s={search_term_string}"},"query-input":{"@type":"PropertyValueSpecification","valueRequired":true,"valueName":"search_term_string"}}],"inLanguage":"nb-NO"}]}},"_links":{"self":[{"href":"https:\/\/karmaprobeautystore.no\/nb_no\/wp-json\/wp\/v2\/product\/6516","targetHints":{"allow":["GET"]}}],"collection":[{"href":"https:\/\/karmaprobeautystore.no\/nb_no\/wp-json\/wp\/v2\/product"}],"about":[{"href":"https:\/\/karmaprobeautystore.no\/nb_no\/wp-json\/wp\/v2\/types\/product"}],"replies":[{"embeddable":true,"href":"https:\/\/karmaprobeautystore.no\/nb_no\/wp-json\/wp\/v2\/comments?post=6516"}],"wp:featuredmedia":[{"embeddable":true,"href":"https:\/\/karmaprobeautystore.no\/nb_no\/wp-json\/wp\/v2\/media\/5399"}],"wp:attachment":[{"href":"https:\/\/karmaprobeautystore.no\/nb_no\/wp-json\/wp\/v2\/media?parent=6516"}],"wp:term":[{"taxonomy":"product_brand","embeddable":true,"href":"https:\/\/karmaprobeautystore.no\/nb_no\/wp-json\/wp\/v2\/product_brand?post=6516"},{"taxonomy":"product_cat","embeddable":true,"href":"https:\/\/karmaprobeautystore.no\/nb_no\/wp-json\/wp\/v2\/product_cat?post=6516"},{"taxonomy":"product_tag","embeddable":true,"href":"https:\/\/karmaprobeautystore.no\/nb_no\/wp-json\/wp\/v2\/product_tag?post=6516"}],"curies":[{"name":"wp","href":"https:\/\/api.w.org\/{rel}","templated":true}]}}