{"id":6515,"date":"2026-01-14T11:52:22","date_gmt":"2026-01-14T11:52:22","guid":{"rendered":"https:\/\/karmaprobeautystore.no\/?post_type=product&#038;p=6515"},"modified":"2026-04-01T11:54:20","modified_gmt":"2026-04-01T11:54:20","slug":"karma-003-d-mix-silky-soft","status":"publish","type":"product","link":"https:\/\/karmaprobeautystore.no\/nb_no\/produkt\/karma-003-d-mix-silky-soft\/","title":{"rendered":"KARMA 0,03 D Mix SILKEMIK MYK"},"content":{"rendered":"<p>Disse vippene er en profesjonell favoritt av en grunn. De har koniske tupper og en solid base, noe som gj\u00f8r p\u00e5f\u00f8ringen til en lek samtidig som de er sk\u00e5nsomme mot ber\u00f8ring. Den uovertrufne holdbarheten sikrer en langvarig perfekt kr\u00f8ll som t\u00e5ler tidens tann.<\/p>\n<p>Produktdetaljer<\/p>\n<p>Volumbrett<\/p>\n<p>Materiale: Premium koreansk PBT-fiber<br \/>\nFarge: Svart<br \/>\nKr\u00f8ll: D<br \/>\nDiameter\/tykkelse: 0,03<br \/>\nLengder: 5 mm til 14 mm.<br \/>\nBlandede lengder per brett 1 x 5 mm, 1 x 6 mm, 1 x 7 mm, 2 x 8 mm, 2 x 9 mm, 2 x 10 mm, 2 x 11 mm, 2 x 12 mm, 2 x 13 mm, 1 x 14 mm.<br \/>\n16 rader<br \/>\n100% vegansk og ikke testet p\u00e5 dyr<br \/>\nLett \u00e5 plukke opp<br \/>\nFolie baklinjer.<br \/>\nDisse vippene er som en dr\u00f8m som g\u00e5r i oppfyllelse, laget av den fineste koreanske PBT-fiberen. De er s\u00e5 silkemyke som det kan bli! Det svarte alternativet tilbyr en rik, dyp fargetone og en matt finish, perfekt for det kjevefallende, showstoppende dramaet.<\/p>","protected":false},"excerpt":{"rendered":"<p>Disse vippene er en profesjonell favoritt av en grunn. De har koniske tupper og en solid base, noe som gj\u00f8r p\u00e5f\u00f8ringen til en lek samtidig som de er sk\u00e5nsomme mot ber\u00f8ring. Den uovertrufne holdbarheten sikrer en langvarig perfekt kr\u00f8ll som t\u00e5ler tidens tann. Produktdetaljer Volumbrett Materiale: Premium koreansk PBT-fiber Farge: Svart Kr\u00f8ll: D Diameter\/tykkelse: \u2026<\/p>","protected":false},"featured_media":4581,"menu_order":0,"comment_status":"open","ping_status":"closed","template":"","meta":{"_acf_changed":false},"product_brand":[],"product_cat":[150,151,158],"product_tag":[],"class_list":{"0":"post-6515","1":"product","2":"type-product","3":"status-publish","4":"has-post-thumbnail","6":"product_cat-eyelashes","7":"product_cat-volume","8":"product_cat-sale","10":"first","11":"instock","12":"sale","13":"taxable","14":"shipping-taxable","15":"purchasable","16":"product-type-simple"},"acf":[],"yoast_head":"<!-- This site is optimized with the Yoast SEO plugin v27.3 - https:\/\/yoast.com\/product\/yoast-seo-wordpress\/ -->\n<title>KARMA 0,03 D Mix SILKY SOFT - Karma Pro Beauty Store<\/title>\n<meta name=\"robots\" content=\"index, follow, max-snippet:-1, max-image-preview:large, max-video-preview:-1\" \/>\n<link rel=\"canonical\" href=\"https:\/\/karmaprobeautystore.no\/nb_no\/produkt\/karma-003-d-mix-silky-soft\/\" \/>\n<meta property=\"og:locale\" content=\"nb_NO\" \/>\n<meta property=\"og:type\" content=\"article\" \/>\n<meta property=\"og:title\" content=\"KARMA 0,03 D Mix SILKY SOFT - Karma Pro Beauty Store\" \/>\n<meta property=\"og:description\" content=\"These lashes are a professional favorite for a reason. They feature tapered tips and a sturdy base, making application a breeze while remaining gentle to the touch. Their unmatched durability ensures a long-lasting perfect curl that stands the test of time. Product Details Volume Trays Material: Premium Korean PBT fiber Color: Black Curl: D Diameter\/Thickness: ...\" \/>\n<meta property=\"og:url\" content=\"https:\/\/karmaprobeautystore.no\/nb_no\/produkt\/karma-003-d-mix-silky-soft\/\" \/>\n<meta property=\"og:site_name\" content=\"Karma Pro Beauty Store\" \/>\n<meta property=\"article:modified_time\" content=\"2026-04-01T11:54:20+00:00\" \/>\n<meta property=\"og:image\" content=\"https:\/\/karmaprobeautystore.no\/wp-content\/uploads\/2024\/12\/karma-2749-Edit-scaled.jpeg\" \/>\n\t<meta property=\"og:image:width\" content=\"1709\" \/>\n\t<meta property=\"og:image:height\" content=\"2560\" \/>\n\t<meta property=\"og:image:type\" content=\"image\/jpeg\" \/>\n<meta name=\"twitter:card\" content=\"summary_large_image\" \/>\n<meta name=\"twitter:label1\" content=\"Ansl. lesetid\" \/>\n\t<meta name=\"twitter:data1\" content=\"1 minutt\" \/>\n<script type=\"application\/ld+json\" class=\"yoast-schema-graph\">{\"@context\":\"https:\\\/\\\/schema.org\",\"@graph\":[{\"@type\":\"WebPage\",\"@id\":\"https:\\\/\\\/karmaprobeautystore.no\\\/produkt\\\/karma-003-d-mix-silky-soft\\\/\",\"url\":\"https:\\\/\\\/karmaprobeautystore.no\\\/produkt\\\/karma-003-d-mix-silky-soft\\\/\",\"name\":\"KARMA 0,03 D Mix SILKY SOFT - Karma Pro Beauty Store\",\"isPartOf\":{\"@id\":\"https:\\\/\\\/karmaprobeautystore.no\\\/en\\\/#website\"},\"primaryImageOfPage\":{\"@id\":\"https:\\\/\\\/karmaprobeautystore.no\\\/produkt\\\/karma-003-d-mix-silky-soft\\\/#primaryimage\"},\"image\":{\"@id\":\"https:\\\/\\\/karmaprobeautystore.no\\\/produkt\\\/karma-003-d-mix-silky-soft\\\/#primaryimage\"},\"thumbnailUrl\":\"https:\\\/\\\/karmaprobeautystore.no\\\/wp-content\\\/uploads\\\/2024\\\/12\\\/karma-2749-Edit-scaled.jpeg\",\"datePublished\":\"2026-01-14T11:52:22+00:00\",\"dateModified\":\"2026-04-01T11:54:20+00:00\",\"breadcrumb\":{\"@id\":\"https:\\\/\\\/karmaprobeautystore.no\\\/produkt\\\/karma-003-d-mix-silky-soft\\\/#breadcrumb\"},\"inLanguage\":\"nb-NO\",\"potentialAction\":[{\"@type\":\"ReadAction\",\"target\":[\"https:\\\/\\\/karmaprobeautystore.no\\\/produkt\\\/karma-003-d-mix-silky-soft\\\/\"]}]},{\"@type\":\"ImageObject\",\"inLanguage\":\"nb-NO\",\"@id\":\"https:\\\/\\\/karmaprobeautystore.no\\\/produkt\\\/karma-003-d-mix-silky-soft\\\/#primaryimage\",\"url\":\"https:\\\/\\\/karmaprobeautystore.no\\\/wp-content\\\/uploads\\\/2024\\\/12\\\/karma-2749-Edit-scaled.jpeg\",\"contentUrl\":\"https:\\\/\\\/karmaprobeautystore.no\\\/wp-content\\\/uploads\\\/2024\\\/12\\\/karma-2749-Edit-scaled.jpeg\",\"width\":1709,\"height\":2560},{\"@type\":\"BreadcrumbList\",\"@id\":\"https:\\\/\\\/karmaprobeautystore.no\\\/produkt\\\/karma-003-d-mix-silky-soft\\\/#breadcrumb\",\"itemListElement\":[{\"@type\":\"ListItem\",\"position\":1,\"name\":\"Home\",\"item\":\"https:\\\/\\\/karmaprobeautystore.no\\\/\"},{\"@type\":\"ListItem\",\"position\":2,\"name\":\"Shop\",\"item\":\"https:\\\/\\\/karmaprobeautystore.no\\\/nb\\\/shop\\\/\"},{\"@type\":\"ListItem\",\"position\":3,\"name\":\"KARMA 0,03 D Mix SILKY SOFT\"}]},{\"@type\":\"WebSite\",\"@id\":\"https:\\\/\\\/karmaprobeautystore.no\\\/en\\\/#website\",\"url\":\"https:\\\/\\\/karmaprobeautystore.no\\\/en\\\/\",\"name\":\"Karma Pro Beauty Store\",\"description\":\"\",\"potentialAction\":[{\"@type\":\"SearchAction\",\"target\":{\"@type\":\"EntryPoint\",\"urlTemplate\":\"https:\\\/\\\/karmaprobeautystore.no\\\/en\\\/?s={search_term_string}\"},\"query-input\":{\"@type\":\"PropertyValueSpecification\",\"valueRequired\":true,\"valueName\":\"search_term_string\"}}],\"inLanguage\":\"nb-NO\"}]}<\/script>\n<!-- \/ Yoast SEO plugin. -->","yoast_head_json":{"title":"KARMA 0,03 D Mix SILKY SOFT - Karma Pro Beauty Store","robots":{"index":"index","follow":"follow","max-snippet":"max-snippet:-1","max-image-preview":"max-image-preview:large","max-video-preview":"max-video-preview:-1"},"canonical":"https:\/\/karmaprobeautystore.no\/nb_no\/produkt\/karma-003-d-mix-silky-soft\/","og_locale":"nb_NO","og_type":"article","og_title":"KARMA 0,03 D Mix SILKY SOFT - Karma Pro Beauty Store","og_description":"These lashes are a professional favorite for a reason. They feature tapered tips and a sturdy base, making application a breeze while remaining gentle to the touch. Their unmatched durability ensures a long-lasting perfect curl that stands the test of time. Product Details Volume Trays Material: Premium Korean PBT fiber Color: Black Curl: D Diameter\/Thickness: ...","og_url":"https:\/\/karmaprobeautystore.no\/nb_no\/produkt\/karma-003-d-mix-silky-soft\/","og_site_name":"Karma Pro Beauty Store","article_modified_time":"2026-04-01T11:54:20+00:00","og_image":[{"width":1709,"height":2560,"url":"https:\/\/karmaprobeautystore.no\/wp-content\/uploads\/2024\/12\/karma-2749-Edit-scaled.jpeg","type":"image\/jpeg"}],"twitter_card":"summary_large_image","twitter_misc":{"Ansl. lesetid":"1 minutt"},"schema":{"@context":"https:\/\/schema.org","@graph":[{"@type":"WebPage","@id":"https:\/\/karmaprobeautystore.no\/produkt\/karma-003-d-mix-silky-soft\/","url":"https:\/\/karmaprobeautystore.no\/produkt\/karma-003-d-mix-silky-soft\/","name":"KARMA 0,03 D Mix SILKY SOFT - Karma Pro Beauty Store","isPartOf":{"@id":"https:\/\/karmaprobeautystore.no\/en\/#website"},"primaryImageOfPage":{"@id":"https:\/\/karmaprobeautystore.no\/produkt\/karma-003-d-mix-silky-soft\/#primaryimage"},"image":{"@id":"https:\/\/karmaprobeautystore.no\/produkt\/karma-003-d-mix-silky-soft\/#primaryimage"},"thumbnailUrl":"https:\/\/karmaprobeautystore.no\/wp-content\/uploads\/2024\/12\/karma-2749-Edit-scaled.jpeg","datePublished":"2026-01-14T11:52:22+00:00","dateModified":"2026-04-01T11:54:20+00:00","breadcrumb":{"@id":"https:\/\/karmaprobeautystore.no\/produkt\/karma-003-d-mix-silky-soft\/#breadcrumb"},"inLanguage":"nb-NO","potentialAction":[{"@type":"ReadAction","target":["https:\/\/karmaprobeautystore.no\/produkt\/karma-003-d-mix-silky-soft\/"]}]},{"@type":"ImageObject","inLanguage":"nb-NO","@id":"https:\/\/karmaprobeautystore.no\/produkt\/karma-003-d-mix-silky-soft\/#primaryimage","url":"https:\/\/karmaprobeautystore.no\/wp-content\/uploads\/2024\/12\/karma-2749-Edit-scaled.jpeg","contentUrl":"https:\/\/karmaprobeautystore.no\/wp-content\/uploads\/2024\/12\/karma-2749-Edit-scaled.jpeg","width":1709,"height":2560},{"@type":"BreadcrumbList","@id":"https:\/\/karmaprobeautystore.no\/produkt\/karma-003-d-mix-silky-soft\/#breadcrumb","itemListElement":[{"@type":"ListItem","position":1,"name":"Home","item":"https:\/\/karmaprobeautystore.no\/"},{"@type":"ListItem","position":2,"name":"Shop","item":"https:\/\/karmaprobeautystore.no\/nb\/shop\/"},{"@type":"ListItem","position":3,"name":"KARMA 0,03 D Mix SILKY SOFT"}]},{"@type":"WebSite","@id":"https:\/\/karmaprobeautystore.no\/en\/#website","url":"https:\/\/karmaprobeautystore.no\/en\/","name":"Karma Pro Skj\u00f8nnhetsbutikk","description":"","potentialAction":[{"@type":"SearchAction","target":{"@type":"EntryPoint","urlTemplate":"https:\/\/karmaprobeautystore.no\/en\/?s={search_term_string}"},"query-input":{"@type":"PropertyValueSpecification","valueRequired":true,"valueName":"search_term_string"}}],"inLanguage":"nb-NO"}]}},"_links":{"self":[{"href":"https:\/\/karmaprobeautystore.no\/nb_no\/wp-json\/wp\/v2\/product\/6515","targetHints":{"allow":["GET"]}}],"collection":[{"href":"https:\/\/karmaprobeautystore.no\/nb_no\/wp-json\/wp\/v2\/product"}],"about":[{"href":"https:\/\/karmaprobeautystore.no\/nb_no\/wp-json\/wp\/v2\/types\/product"}],"replies":[{"embeddable":true,"href":"https:\/\/karmaprobeautystore.no\/nb_no\/wp-json\/wp\/v2\/comments?post=6515"}],"wp:featuredmedia":[{"embeddable":true,"href":"https:\/\/karmaprobeautystore.no\/nb_no\/wp-json\/wp\/v2\/media\/4581"}],"wp:attachment":[{"href":"https:\/\/karmaprobeautystore.no\/nb_no\/wp-json\/wp\/v2\/media?parent=6515"}],"wp:term":[{"taxonomy":"product_brand","embeddable":true,"href":"https:\/\/karmaprobeautystore.no\/nb_no\/wp-json\/wp\/v2\/product_brand?post=6515"},{"taxonomy":"product_cat","embeddable":true,"href":"https:\/\/karmaprobeautystore.no\/nb_no\/wp-json\/wp\/v2\/product_cat?post=6515"},{"taxonomy":"product_tag","embeddable":true,"href":"https:\/\/karmaprobeautystore.no\/nb_no\/wp-json\/wp\/v2\/product_tag?post=6515"}],"curies":[{"name":"wp","href":"https:\/\/api.w.org\/{rel}","templated":true}]}}