{"id":5293,"date":"2025-07-02T20:26:51","date_gmt":"2025-07-02T20:26:51","guid":{"rendered":"https:\/\/karmaprobeautystore.no\/?post_type=product&#038;p=5293"},"modified":"2026-04-01T11:55:34","modified_gmt":"2026-04-01T11:55:34","slug":"fiber-pinsett-5","status":"publish","type":"product","link":"https:\/\/karmaprobeautystore.no\/nb_no\/produkt\/fiber-pinsett-5\/","title":{"rendered":"Fibern\u00e5lsett 5."},"content":{"rendered":"<p>Karma Pro Beauty Store \u2013 Fiber Tip Pinsett<\/p>\n<p>Presisjon. Komfort. For profesjonelle.<\/p>\n<p>V\u00e5re fiber tip pinsetter er designet for presis p\u00e5f\u00f8ring av vipper og komfortabel bruk uten belastning p\u00e5 h\u00e5ndleddet. Mikrogranulat p\u00e5 tuppen gir bedre grep og renere resultat.<\/p>\n<p>\u2e3b<\/p>\n<p>Hovedfordeler:<\/p>\n<p>\u2714 Sterk \u00absweet spot\u00bb \u2013 enkelt og n\u00f8yaktig grep p\u00e5 vippen<br \/>\n\u2714 Ergonomisk design \u2013 redusert belastning p\u00e5 h\u00e5ndleddet<br \/>\n\u2714 Mikrogranulat \u2013 raskere og renere p\u00e5f\u00f8ring<br \/>\n\u2714 Rask levering<br \/>\n\u2714 P\u00e5litelig garanti \u2013 vi st\u00e5r for kvalitet og kundetilfredshet<\/p>\n<p>\u2e3b<\/p>\n<p>Velg pinsetter godkjent av profesjonelle.<br \/>\nKarma Pro Beauty Store \u2013 din p\u00e5litelige partner i skj\u00f8nnhetsbransjen.<\/p>","protected":false},"excerpt":{"rendered":"<p>Karma Pro Beauty Store \u2013 Fiber Tip Pinsett Presisjon. Komfort. For profesjonelle. V\u00e5re fiber tip pinsetter er designet for presis p\u00e5f\u00f8ring av vipper og komfortabel bruk uten belastning p\u00e5 h\u00e5ndleddet. Mikrogranulat p\u00e5 tuppen gir bedre grep og renere resultat. \u2e3b Hovedfordeler: \u2714 Sterk \u00absweet spot\u00bb \u2013 enkelt og n\u00f8yaktig grep p\u00e5 vippene \u2714 Ergonomisk design \u2026<\/p>","protected":false},"featured_media":5459,"menu_order":0,"comment_status":"open","ping_status":"closed","template":"","meta":{"_acf_changed":false},"product_brand":[],"product_cat":[200,158],"product_tag":[],"class_list":{"0":"post-5293","1":"product","2":"type-product","3":"status-publish","4":"has-post-thumbnail","6":"product_cat-pinsett","7":"product_cat-sale","9":"first","10":"instock","11":"sale","12":"taxable","13":"shipping-taxable","14":"purchasable","15":"product-type-simple"},"acf":[],"yoast_head":"<!-- This site is optimized with the Yoast SEO plugin v27.3 - https:\/\/yoast.com\/product\/yoast-seo-wordpress\/ -->\n<title>Fiber pinsett 5. - Karma Pro Beauty Store<\/title>\n<meta name=\"robots\" content=\"index, follow, max-snippet:-1, max-image-preview:large, max-video-preview:-1\" \/>\n<link rel=\"canonical\" href=\"https:\/\/karmaprobeautystore.no\/nb_no\/produkt\/fiber-pinsett-5\/\" \/>\n<meta property=\"og:locale\" content=\"nb_NO\" \/>\n<meta property=\"og:type\" content=\"article\" \/>\n<meta property=\"og:title\" content=\"Fiber pinsett 5. - Karma Pro Beauty Store\" \/>\n<meta property=\"og:description\" content=\"Karma Pro Beauty Store \u2013 Fiber Tip Pinsett Presisjon. Komfort. For profesjonelle. V\u00e5re fiber tip pinsetter er designet for presis p\u00e5f\u00f8ring av vipper og komfortabel bruk uten belastning p\u00e5 h\u00e5ndleddet. Mikrogranulat p\u00e5 tuppen gir bedre grep og renere resultat. \u2e3b Hovedfordeler: \u2714 Sterk \u00absweet spot\u00bb \u2013 enkelt og n\u00f8yaktig grep p\u00e5 vippene \u2714 Ergonomisk design ...\" \/>\n<meta property=\"og:url\" content=\"https:\/\/karmaprobeautystore.no\/nb_no\/produkt\/fiber-pinsett-5\/\" \/>\n<meta property=\"og:site_name\" content=\"Karma Pro Beauty Store\" \/>\n<meta property=\"article:modified_time\" content=\"2026-04-01T11:55:34+00:00\" \/>\n<meta property=\"og:image\" content=\"https:\/\/karmaprobeautystore.no\/wp-content\/uploads\/2025\/07\/karma-2937-Edit-copy-1-scaled.jpeg\" \/>\n\t<meta property=\"og:image:width\" content=\"2560\" \/>\n\t<meta property=\"og:image:height\" content=\"1709\" \/>\n\t<meta property=\"og:image:type\" content=\"image\/jpeg\" \/>\n<meta name=\"twitter:card\" content=\"summary_large_image\" \/>\n<meta name=\"twitter:label1\" content=\"Ansl. lesetid\" \/>\n\t<meta name=\"twitter:data1\" content=\"1 minutt\" \/>\n<script type=\"application\/ld+json\" class=\"yoast-schema-graph\">{\"@context\":\"https:\\\/\\\/schema.org\",\"@graph\":[{\"@type\":\"WebPage\",\"@id\":\"https:\\\/\\\/karmaprobeautystore.no\\\/produkt\\\/fiber-pinsett-5\\\/\",\"url\":\"https:\\\/\\\/karmaprobeautystore.no\\\/produkt\\\/fiber-pinsett-5\\\/\",\"name\":\"Fiber pinsett 5. - Karma Pro Beauty Store\",\"isPartOf\":{\"@id\":\"https:\\\/\\\/karmaprobeautystore.no\\\/en\\\/#website\"},\"primaryImageOfPage\":{\"@id\":\"https:\\\/\\\/karmaprobeautystore.no\\\/produkt\\\/fiber-pinsett-5\\\/#primaryimage\"},\"image\":{\"@id\":\"https:\\\/\\\/karmaprobeautystore.no\\\/produkt\\\/fiber-pinsett-5\\\/#primaryimage\"},\"thumbnailUrl\":\"https:\\\/\\\/karmaprobeautystore.no\\\/wp-content\\\/uploads\\\/2025\\\/07\\\/karma-2937-Edit-copy-1-scaled.jpeg\",\"datePublished\":\"2025-07-02T20:26:51+00:00\",\"dateModified\":\"2026-04-01T11:55:34+00:00\",\"breadcrumb\":{\"@id\":\"https:\\\/\\\/karmaprobeautystore.no\\\/produkt\\\/fiber-pinsett-5\\\/#breadcrumb\"},\"inLanguage\":\"nb-NO\",\"potentialAction\":[{\"@type\":\"ReadAction\",\"target\":[\"https:\\\/\\\/karmaprobeautystore.no\\\/produkt\\\/fiber-pinsett-5\\\/\"]}]},{\"@type\":\"ImageObject\",\"inLanguage\":\"nb-NO\",\"@id\":\"https:\\\/\\\/karmaprobeautystore.no\\\/produkt\\\/fiber-pinsett-5\\\/#primaryimage\",\"url\":\"https:\\\/\\\/karmaprobeautystore.no\\\/wp-content\\\/uploads\\\/2025\\\/07\\\/karma-2937-Edit-copy-1-scaled.jpeg\",\"contentUrl\":\"https:\\\/\\\/karmaprobeautystore.no\\\/wp-content\\\/uploads\\\/2025\\\/07\\\/karma-2937-Edit-copy-1-scaled.jpeg\",\"width\":2560,\"height\":1709},{\"@type\":\"BreadcrumbList\",\"@id\":\"https:\\\/\\\/karmaprobeautystore.no\\\/produkt\\\/fiber-pinsett-5\\\/#breadcrumb\",\"itemListElement\":[{\"@type\":\"ListItem\",\"position\":1,\"name\":\"Home\",\"item\":\"https:\\\/\\\/karmaprobeautystore.no\\\/\"},{\"@type\":\"ListItem\",\"position\":2,\"name\":\"Shop\",\"item\":\"https:\\\/\\\/karmaprobeautystore.no\\\/nb\\\/shop\\\/\"},{\"@type\":\"ListItem\",\"position\":3,\"name\":\"Fiber pinsett 5.\"}]},{\"@type\":\"WebSite\",\"@id\":\"https:\\\/\\\/karmaprobeautystore.no\\\/en\\\/#website\",\"url\":\"https:\\\/\\\/karmaprobeautystore.no\\\/en\\\/\",\"name\":\"Karma Pro Beauty Store\",\"description\":\"\",\"potentialAction\":[{\"@type\":\"SearchAction\",\"target\":{\"@type\":\"EntryPoint\",\"urlTemplate\":\"https:\\\/\\\/karmaprobeautystore.no\\\/en\\\/?s={search_term_string}\"},\"query-input\":{\"@type\":\"PropertyValueSpecification\",\"valueRequired\":true,\"valueName\":\"search_term_string\"}}],\"inLanguage\":\"nb-NO\"}]}<\/script>\n<!-- \/ Yoast SEO plugin. -->","yoast_head_json":{"title":"Fiber pinsett 5. - Karma Pro Beauty Store","robots":{"index":"index","follow":"follow","max-snippet":"max-snippet:-1","max-image-preview":"max-image-preview:large","max-video-preview":"max-video-preview:-1"},"canonical":"https:\/\/karmaprobeautystore.no\/nb_no\/produkt\/fiber-pinsett-5\/","og_locale":"nb_NO","og_type":"article","og_title":"Fiber pinsett 5. - Karma Pro Beauty Store","og_description":"Karma Pro Beauty Store \u2013 Fiber Tip Pinsett Presisjon. Komfort. For profesjonelle. V\u00e5re fiber tip pinsetter er designet for presis p\u00e5f\u00f8ring av vipper og komfortabel bruk uten belastning p\u00e5 h\u00e5ndleddet. Mikrogranulat p\u00e5 tuppen gir bedre grep og renere resultat. \u2e3b Hovedfordeler: \u2714 Sterk \u00absweet spot\u00bb \u2013 enkelt og n\u00f8yaktig grep p\u00e5 vippene \u2714 Ergonomisk design ...","og_url":"https:\/\/karmaprobeautystore.no\/nb_no\/produkt\/fiber-pinsett-5\/","og_site_name":"Karma Pro Beauty Store","article_modified_time":"2026-04-01T11:55:34+00:00","og_image":[{"width":2560,"height":1709,"url":"https:\/\/karmaprobeautystore.no\/wp-content\/uploads\/2025\/07\/karma-2937-Edit-copy-1-scaled.jpeg","type":"image\/jpeg"}],"twitter_card":"summary_large_image","twitter_misc":{"Ansl. lesetid":"1 minutt"},"schema":{"@context":"https:\/\/schema.org","@graph":[{"@type":"WebPage","@id":"https:\/\/karmaprobeautystore.no\/produkt\/fiber-pinsett-5\/","url":"https:\/\/karmaprobeautystore.no\/produkt\/fiber-pinsett-5\/","name":"Fiber pinsett 5. - Karma Pro Beauty Store","isPartOf":{"@id":"https:\/\/karmaprobeautystore.no\/en\/#website"},"primaryImageOfPage":{"@id":"https:\/\/karmaprobeautystore.no\/produkt\/fiber-pinsett-5\/#primaryimage"},"image":{"@id":"https:\/\/karmaprobeautystore.no\/produkt\/fiber-pinsett-5\/#primaryimage"},"thumbnailUrl":"https:\/\/karmaprobeautystore.no\/wp-content\/uploads\/2025\/07\/karma-2937-Edit-copy-1-scaled.jpeg","datePublished":"2025-07-02T20:26:51+00:00","dateModified":"2026-04-01T11:55:34+00:00","breadcrumb":{"@id":"https:\/\/karmaprobeautystore.no\/produkt\/fiber-pinsett-5\/#breadcrumb"},"inLanguage":"nb-NO","potentialAction":[{"@type":"ReadAction","target":["https:\/\/karmaprobeautystore.no\/produkt\/fiber-pinsett-5\/"]}]},{"@type":"ImageObject","inLanguage":"nb-NO","@id":"https:\/\/karmaprobeautystore.no\/produkt\/fiber-pinsett-5\/#primaryimage","url":"https:\/\/karmaprobeautystore.no\/wp-content\/uploads\/2025\/07\/karma-2937-Edit-copy-1-scaled.jpeg","contentUrl":"https:\/\/karmaprobeautystore.no\/wp-content\/uploads\/2025\/07\/karma-2937-Edit-copy-1-scaled.jpeg","width":2560,"height":1709},{"@type":"BreadcrumbList","@id":"https:\/\/karmaprobeautystore.no\/produkt\/fiber-pinsett-5\/#breadcrumb","itemListElement":[{"@type":"ListItem","position":1,"name":"Home","item":"https:\/\/karmaprobeautystore.no\/"},{"@type":"ListItem","position":2,"name":"Shop","item":"https:\/\/karmaprobeautystore.no\/nb\/shop\/"},{"@type":"ListItem","position":3,"name":"Fiber pinsett 5."}]},{"@type":"WebSite","@id":"https:\/\/karmaprobeautystore.no\/en\/#website","url":"https:\/\/karmaprobeautystore.no\/en\/","name":"Karma Pro Skj\u00f8nnhetsbutikk","description":"","potentialAction":[{"@type":"SearchAction","target":{"@type":"EntryPoint","urlTemplate":"https:\/\/karmaprobeautystore.no\/en\/?s={search_term_string}"},"query-input":{"@type":"PropertyValueSpecification","valueRequired":true,"valueName":"search_term_string"}}],"inLanguage":"nb-NO"}]}},"_links":{"self":[{"href":"https:\/\/karmaprobeautystore.no\/nb_no\/wp-json\/wp\/v2\/product\/5293","targetHints":{"allow":["GET"]}}],"collection":[{"href":"https:\/\/karmaprobeautystore.no\/nb_no\/wp-json\/wp\/v2\/product"}],"about":[{"href":"https:\/\/karmaprobeautystore.no\/nb_no\/wp-json\/wp\/v2\/types\/product"}],"replies":[{"embeddable":true,"href":"https:\/\/karmaprobeautystore.no\/nb_no\/wp-json\/wp\/v2\/comments?post=5293"}],"wp:featuredmedia":[{"embeddable":true,"href":"https:\/\/karmaprobeautystore.no\/nb_no\/wp-json\/wp\/v2\/media\/5459"}],"wp:attachment":[{"href":"https:\/\/karmaprobeautystore.no\/nb_no\/wp-json\/wp\/v2\/media?parent=5293"}],"wp:term":[{"taxonomy":"product_brand","embeddable":true,"href":"https:\/\/karmaprobeautystore.no\/nb_no\/wp-json\/wp\/v2\/product_brand?post=5293"},{"taxonomy":"product_cat","embeddable":true,"href":"https:\/\/karmaprobeautystore.no\/nb_no\/wp-json\/wp\/v2\/product_cat?post=5293"},{"taxonomy":"product_tag","embeddable":true,"href":"https:\/\/karmaprobeautystore.no\/nb_no\/wp-json\/wp\/v2\/product_tag?post=5293"}],"curies":[{"name":"wp","href":"https:\/\/api.w.org\/{rel}","templated":true}]}}