{"id":5279,"date":"2025-07-05T17:01:30","date_gmt":"2025-07-05T17:01:30","guid":{"rendered":"https:\/\/karmaprobeautystore.no\/?post_type=product&#038;p=5279"},"modified":"2026-04-01T11:55:17","modified_gmt":"2026-04-01T11:55:17","slug":"pro-made-fans-10-d-xxl-40-lines","status":"publish","type":"product","link":"https:\/\/karmaprobeautystore.no\/nb_no\/produkt\/pro-made-fans-10-d-xxl-40-lines\/","title":{"rendered":"Pro Made-vifter 10 D XXL 40 linjer"},"content":{"rendered":"<p>XXL \u2013 1000 vinter per boks!<br \/>\nPro made Svart fans XXL 10D 40 Linjer 1000 vifter<br \/>\nFans in line promade fans-brett tilbyr et bredt utvalg av ferdiglagde vippeextensions, tilpasset b\u00e5de nybegynnere og erfarne fagfolk.<\/p>\n<p>Deres varierte utvalg forenkler p\u00e5f\u00f8ringsprosessen, sparer tid og krefter ved \u00e5 eliminere behovet for n\u00f8ye h\u00e5ndplukking.<\/p>\n<p>Det sikres designet forhindrer uorden og skade, og sikrer holdbarhet og kvalitet.<\/p>","protected":false},"excerpt":{"rendered":"<p>XXL \u2013 1000 vifter per boks! Pro made Svart fans XXL 10D 40 Linjer 1000 vifter Fans in line promade fans-brett tilbyr et bredt utvalg av ferdiglagde vippeextensions, tilpasset b\u00e5de nybegynnere og erfarne fagfolk. Deres varierte utvalg forenkler p\u00e5f\u00f8ringsprosessen, sparer tid og krefter ved \u00e5 eliminere behovet for n\u00f8ye h\u00e5ndplukking. Det sikre designet forhindrer uorden \u2026<\/p>","protected":false},"featured_media":5398,"menu_order":0,"comment_status":"open","ping_status":"closed","template":"","meta":{"_acf_changed":false},"product_brand":[],"product_cat":[153,158],"product_tag":[],"class_list":{"0":"post-5279","1":"product","2":"type-product","3":"status-publish","4":"has-post-thumbnail","6":"product_cat-promade","7":"product_cat-sale","9":"first","10":"instock","11":"sale","12":"taxable","13":"shipping-taxable","14":"purchasable","15":"product-type-variable","16":"rtwpvg-product","17":"rtwpvs-product"},"acf":[],"yoast_head":"<!-- This site is optimized with the Yoast SEO plugin v27.3 - https:\/\/yoast.com\/product\/yoast-seo-wordpress\/ -->\n<title>Pro Made Fans 10 D XXL 40 Lines - Karma Pro Beauty Store<\/title>\n<meta name=\"robots\" content=\"index, follow, max-snippet:-1, max-image-preview:large, max-video-preview:-1\" \/>\n<link rel=\"canonical\" href=\"https:\/\/karmaprobeautystore.no\/nb_no\/produkt\/pro-made-fans-10-d-xxl-40-lines\/\" \/>\n<meta property=\"og:locale\" content=\"nb_NO\" \/>\n<meta property=\"og:type\" content=\"article\" \/>\n<meta property=\"og:title\" content=\"Pro Made Fans 10 D XXL 40 Lines - Karma Pro Beauty Store\" \/>\n<meta property=\"og:description\" content=\"XXL \u2013 1000 vifter per boks! Pro made Svart fans XXL 10D 40 Linjer 1000 vifter Fans in line promade fans-brett tilbyr et bredt utvalg av ferdiglagde vippeextensions, tilpasset b\u00e5de nybegynnere og erfarne fagfolk. Deres varierte utvalg forenkler p\u00e5f\u00f8ringsprosessen, sparer tid og krefter ved \u00e5 eliminere behovet for n\u00f8ye h\u00e5ndplukking. Det sikre designet forhindrer uorden ...\" \/>\n<meta property=\"og:url\" content=\"https:\/\/karmaprobeautystore.no\/nb_no\/produkt\/pro-made-fans-10-d-xxl-40-lines\/\" \/>\n<meta property=\"og:site_name\" content=\"Karma Pro Beauty Store\" \/>\n<meta property=\"article:modified_time\" content=\"2026-04-01T11:55:17+00:00\" \/>\n<meta property=\"og:image\" content=\"https:\/\/karmaprobeautystore.no\/wp-content\/uploads\/2025\/07\/karma-2921-Edit-scaled.jpeg\" \/>\n\t<meta property=\"og:image:width\" content=\"1709\" \/>\n\t<meta property=\"og:image:height\" content=\"2560\" \/>\n\t<meta property=\"og:image:type\" content=\"image\/jpeg\" \/>\n<meta name=\"twitter:card\" content=\"summary_large_image\" \/>\n<meta name=\"twitter:label1\" content=\"Ansl. lesetid\" \/>\n\t<meta name=\"twitter:data1\" content=\"1 minutt\" \/>\n<script type=\"application\/ld+json\" class=\"yoast-schema-graph\">{\"@context\":\"https:\\\/\\\/schema.org\",\"@graph\":[{\"@type\":\"WebPage\",\"@id\":\"https:\\\/\\\/karmaprobeautystore.no\\\/produkt\\\/pro-made-fans-10-d-xxl-40-lines\\\/\",\"url\":\"https:\\\/\\\/karmaprobeautystore.no\\\/produkt\\\/pro-made-fans-10-d-xxl-40-lines\\\/\",\"name\":\"Pro Made Fans 10 D XXL 40 Lines - Karma Pro Beauty Store\",\"isPartOf\":{\"@id\":\"https:\\\/\\\/karmaprobeautystore.no\\\/en\\\/#website\"},\"primaryImageOfPage\":{\"@id\":\"https:\\\/\\\/karmaprobeautystore.no\\\/produkt\\\/pro-made-fans-10-d-xxl-40-lines\\\/#primaryimage\"},\"image\":{\"@id\":\"https:\\\/\\\/karmaprobeautystore.no\\\/produkt\\\/pro-made-fans-10-d-xxl-40-lines\\\/#primaryimage\"},\"thumbnailUrl\":\"https:\\\/\\\/karmaprobeautystore.no\\\/wp-content\\\/uploads\\\/2025\\\/07\\\/karma-2921-Edit-scaled.jpeg\",\"datePublished\":\"2025-07-05T17:01:30+00:00\",\"dateModified\":\"2026-04-01T11:55:17+00:00\",\"breadcrumb\":{\"@id\":\"https:\\\/\\\/karmaprobeautystore.no\\\/produkt\\\/pro-made-fans-10-d-xxl-40-lines\\\/#breadcrumb\"},\"inLanguage\":\"nb-NO\",\"potentialAction\":[{\"@type\":\"ReadAction\",\"target\":[\"https:\\\/\\\/karmaprobeautystore.no\\\/produkt\\\/pro-made-fans-10-d-xxl-40-lines\\\/\"]}]},{\"@type\":\"ImageObject\",\"inLanguage\":\"nb-NO\",\"@id\":\"https:\\\/\\\/karmaprobeautystore.no\\\/produkt\\\/pro-made-fans-10-d-xxl-40-lines\\\/#primaryimage\",\"url\":\"https:\\\/\\\/karmaprobeautystore.no\\\/wp-content\\\/uploads\\\/2025\\\/07\\\/karma-2921-Edit-scaled.jpeg\",\"contentUrl\":\"https:\\\/\\\/karmaprobeautystore.no\\\/wp-content\\\/uploads\\\/2025\\\/07\\\/karma-2921-Edit-scaled.jpeg\",\"width\":1709,\"height\":2560},{\"@type\":\"BreadcrumbList\",\"@id\":\"https:\\\/\\\/karmaprobeautystore.no\\\/produkt\\\/pro-made-fans-10-d-xxl-40-lines\\\/#breadcrumb\",\"itemListElement\":[{\"@type\":\"ListItem\",\"position\":1,\"name\":\"Home\",\"item\":\"https:\\\/\\\/karmaprobeautystore.no\\\/\"},{\"@type\":\"ListItem\",\"position\":2,\"name\":\"Shop\",\"item\":\"https:\\\/\\\/karmaprobeautystore.no\\\/nb\\\/shop\\\/\"},{\"@type\":\"ListItem\",\"position\":3,\"name\":\"Pro Made Fans 10 D XXL 40 Lines\"}]},{\"@type\":\"WebSite\",\"@id\":\"https:\\\/\\\/karmaprobeautystore.no\\\/en\\\/#website\",\"url\":\"https:\\\/\\\/karmaprobeautystore.no\\\/en\\\/\",\"name\":\"Karma Pro Beauty Store\",\"description\":\"\",\"potentialAction\":[{\"@type\":\"SearchAction\",\"target\":{\"@type\":\"EntryPoint\",\"urlTemplate\":\"https:\\\/\\\/karmaprobeautystore.no\\\/en\\\/?s={search_term_string}\"},\"query-input\":{\"@type\":\"PropertyValueSpecification\",\"valueRequired\":true,\"valueName\":\"search_term_string\"}}],\"inLanguage\":\"nb-NO\"}]}<\/script>\n<!-- \/ Yoast SEO plugin. -->","yoast_head_json":{"title":"Pro Made Fans 10 D XXL 40 Lines - Karma Pro Beauty Store","robots":{"index":"index","follow":"follow","max-snippet":"max-snippet:-1","max-image-preview":"max-image-preview:large","max-video-preview":"max-video-preview:-1"},"canonical":"https:\/\/karmaprobeautystore.no\/nb_no\/produkt\/pro-made-fans-10-d-xxl-40-lines\/","og_locale":"nb_NO","og_type":"article","og_title":"Pro Made Fans 10 D XXL 40 Lines - Karma Pro Beauty Store","og_description":"XXL \u2013 1000 vifter per boks! Pro made Svart fans XXL 10D 40 Linjer 1000 vifter Fans in line promade fans-brett tilbyr et bredt utvalg av ferdiglagde vippeextensions, tilpasset b\u00e5de nybegynnere og erfarne fagfolk. Deres varierte utvalg forenkler p\u00e5f\u00f8ringsprosessen, sparer tid og krefter ved \u00e5 eliminere behovet for n\u00f8ye h\u00e5ndplukking. Det sikre designet forhindrer uorden ...","og_url":"https:\/\/karmaprobeautystore.no\/nb_no\/produkt\/pro-made-fans-10-d-xxl-40-lines\/","og_site_name":"Karma Pro Beauty Store","article_modified_time":"2026-04-01T11:55:17+00:00","og_image":[{"width":1709,"height":2560,"url":"https:\/\/karmaprobeautystore.no\/wp-content\/uploads\/2025\/07\/karma-2921-Edit-scaled.jpeg","type":"image\/jpeg"}],"twitter_card":"summary_large_image","twitter_misc":{"Ansl. lesetid":"1 minutt"},"schema":{"@context":"https:\/\/schema.org","@graph":[{"@type":"WebPage","@id":"https:\/\/karmaprobeautystore.no\/produkt\/pro-made-fans-10-d-xxl-40-lines\/","url":"https:\/\/karmaprobeautystore.no\/produkt\/pro-made-fans-10-d-xxl-40-lines\/","name":"Pro Made Fans 10 D XXL 40 Lines - Karma Pro Beauty Store","isPartOf":{"@id":"https:\/\/karmaprobeautystore.no\/en\/#website"},"primaryImageOfPage":{"@id":"https:\/\/karmaprobeautystore.no\/produkt\/pro-made-fans-10-d-xxl-40-lines\/#primaryimage"},"image":{"@id":"https:\/\/karmaprobeautystore.no\/produkt\/pro-made-fans-10-d-xxl-40-lines\/#primaryimage"},"thumbnailUrl":"https:\/\/karmaprobeautystore.no\/wp-content\/uploads\/2025\/07\/karma-2921-Edit-scaled.jpeg","datePublished":"2025-07-05T17:01:30+00:00","dateModified":"2026-04-01T11:55:17+00:00","breadcrumb":{"@id":"https:\/\/karmaprobeautystore.no\/produkt\/pro-made-fans-10-d-xxl-40-lines\/#breadcrumb"},"inLanguage":"nb-NO","potentialAction":[{"@type":"ReadAction","target":["https:\/\/karmaprobeautystore.no\/produkt\/pro-made-fans-10-d-xxl-40-lines\/"]}]},{"@type":"ImageObject","inLanguage":"nb-NO","@id":"https:\/\/karmaprobeautystore.no\/produkt\/pro-made-fans-10-d-xxl-40-lines\/#primaryimage","url":"https:\/\/karmaprobeautystore.no\/wp-content\/uploads\/2025\/07\/karma-2921-Edit-scaled.jpeg","contentUrl":"https:\/\/karmaprobeautystore.no\/wp-content\/uploads\/2025\/07\/karma-2921-Edit-scaled.jpeg","width":1709,"height":2560},{"@type":"BreadcrumbList","@id":"https:\/\/karmaprobeautystore.no\/produkt\/pro-made-fans-10-d-xxl-40-lines\/#breadcrumb","itemListElement":[{"@type":"ListItem","position":1,"name":"Home","item":"https:\/\/karmaprobeautystore.no\/"},{"@type":"ListItem","position":2,"name":"Shop","item":"https:\/\/karmaprobeautystore.no\/nb\/shop\/"},{"@type":"ListItem","position":3,"name":"Pro Made Fans 10 D XXL 40 Lines"}]},{"@type":"WebSite","@id":"https:\/\/karmaprobeautystore.no\/en\/#website","url":"https:\/\/karmaprobeautystore.no\/en\/","name":"Karma Pro Skj\u00f8nnhetsbutikk","description":"","potentialAction":[{"@type":"SearchAction","target":{"@type":"EntryPoint","urlTemplate":"https:\/\/karmaprobeautystore.no\/en\/?s={search_term_string}"},"query-input":{"@type":"PropertyValueSpecification","valueRequired":true,"valueName":"search_term_string"}}],"inLanguage":"nb-NO"}]}},"_links":{"self":[{"href":"https:\/\/karmaprobeautystore.no\/nb_no\/wp-json\/wp\/v2\/product\/5279","targetHints":{"allow":["GET"]}}],"collection":[{"href":"https:\/\/karmaprobeautystore.no\/nb_no\/wp-json\/wp\/v2\/product"}],"about":[{"href":"https:\/\/karmaprobeautystore.no\/nb_no\/wp-json\/wp\/v2\/types\/product"}],"replies":[{"embeddable":true,"href":"https:\/\/karmaprobeautystore.no\/nb_no\/wp-json\/wp\/v2\/comments?post=5279"}],"wp:featuredmedia":[{"embeddable":true,"href":"https:\/\/karmaprobeautystore.no\/nb_no\/wp-json\/wp\/v2\/media\/5398"}],"wp:attachment":[{"href":"https:\/\/karmaprobeautystore.no\/nb_no\/wp-json\/wp\/v2\/media?parent=5279"}],"wp:term":[{"taxonomy":"product_brand","embeddable":true,"href":"https:\/\/karmaprobeautystore.no\/nb_no\/wp-json\/wp\/v2\/product_brand?post=5279"},{"taxonomy":"product_cat","embeddable":true,"href":"https:\/\/karmaprobeautystore.no\/nb_no\/wp-json\/wp\/v2\/product_cat?post=5279"},{"taxonomy":"product_tag","embeddable":true,"href":"https:\/\/karmaprobeautystore.no\/nb_no\/wp-json\/wp\/v2\/product_tag?post=5279"}],"curies":[{"name":"wp","href":"https:\/\/api.w.org\/{rel}","templated":true}]}}