{"id":5124,"date":"2025-05-16T06:52:19","date_gmt":"2025-05-16T06:52:19","guid":{"rendered":"https:\/\/karmaprobeautystore.no\/?post_type=product&#038;p=5124"},"modified":"2026-04-01T11:57:18","modified_gmt":"2026-04-01T11:57:18","slug":"d-0-10-choco-brun-mix","status":"publish","type":"product","link":"https:\/\/karmaprobeautystore.no\/nb_no\/produkt\/d-0-10-choco-brun-mix\/","title":{"rendered":"D 0,10 SJOKOLADEBRUN Mix"},"content":{"rendered":"<p>Disse l\u00f8svippene er en favoritt blant profesjonelle av en god grunn. De har avsmalnende tupper og en solid base, noe som gj\u00f8r p\u00e5f\u00f8ringen enkel samtidig som de forblir sk\u00e5nsomme mot huden. Deres enest\u00e5ende holdbarhet sikrer en langvarig, perfekt b\u00f8y som varer over tid.<\/p>\n<p><b>Detaljer om produktet<\/b><\/p>\n<p><b><i>Volumbrett<\/i><\/b><\/p>\n<ul>\n<li>Materiale: Premium koreansk PBT-fiber<\/li>\n<li>Farge: M\u00f8rk brun<\/li>\n<li>Kr\u00f8ll: D<\/li>\n<li>Diameter\/tykkelse: 0,10<\/li>\n<li>Lengder: 5 mm til 14 mm.<\/li>\n<li>16 linjer<\/li>\n<li>100 % vegansk og grusomhetsfri<\/li>\n<li>Lett \u00e5 plukke opp<\/li>\n<li>Baklinjer i folie<\/li>\n<\/ul>\n<p>Disse l\u00f8svippene som en dr\u00f8m som g\u00e5r i trenelse, laget av den fine koreanske PBT-fiberen. De er silkemyke som bare det! Den svarte varianten har en rik, dyp nyanse og en matt finish \u2013 perfekt for en imponerende, dramatisk look.<\/p>","protected":false},"excerpt":{"rendered":"<p>Disse l\u00f8svippene er en favoritt blant profesjonelle av en god grunn. De har avsmalnende tupper og en solid base, noe som gj\u00f8r p\u00e5f\u00f8ringen enkel samtidig som de forblir sk\u00e5nsomme mot huden. Deres enest\u00e5ende holdbarhet sikrer en langvarig, perfekt b\u00f8y som varer over tid. Detaljer om produktet Volumbrett Materiale: Premium koreansk PBT-fiber Farge: M\u00f8rk brun \u2026<\/p>","protected":false},"featured_media":5399,"menu_order":0,"comment_status":"open","ping_status":"closed","template":"","meta":{"_acf_changed":false},"product_brand":[],"product_cat":[150,201,158],"product_tag":[],"class_list":{"0":"post-5124","1":"product","2":"type-product","3":"status-publish","4":"has-post-thumbnail","6":"product_cat-eyelashes","7":"product_cat-chocolate-brown","8":"product_cat-sale","10":"first","11":"instock","12":"sale","13":"taxable","14":"shipping-taxable","15":"purchasable","16":"product-type-simple"},"acf":[],"yoast_head":"<!-- This site is optimized with the Yoast SEO plugin v27.3 - https:\/\/yoast.com\/product\/yoast-seo-wordpress\/ -->\n<title>D 0.10 CHOCO BRUN Mix - Karma Pro Beauty Store<\/title>\n<meta name=\"robots\" content=\"index, follow, max-snippet:-1, max-image-preview:large, max-video-preview:-1\" \/>\n<link rel=\"canonical\" href=\"https:\/\/karmaprobeautystore.no\/nb_no\/produkt\/d-0-10-choco-brun-mix\/\" \/>\n<meta property=\"og:locale\" content=\"nb_NO\" \/>\n<meta property=\"og:type\" content=\"article\" \/>\n<meta property=\"og:title\" content=\"D 0.10 CHOCO BRUN Mix - Karma Pro Beauty Store\" \/>\n<meta property=\"og:description\" content=\"Disse l\u00f8svippene er en favoritt blant profesjonelle av en god grunn. De har avsmalnende tupper og en solid base, noe som gj\u00f8r p\u00e5f\u00f8ringen enkel samtidig som de forblir sk\u00e5nsomme mot huden. Deres enest\u00e5ende holdbarhet sikrer en langvarig, perfekt b\u00f8y som varer over tid. Detaljer om produktet Volume Trays Materiale: Premium koreansk PBT-fiber Farge: M\u00f8rk brun ...\" \/>\n<meta property=\"og:url\" content=\"https:\/\/karmaprobeautystore.no\/nb_no\/produkt\/d-0-10-choco-brun-mix\/\" \/>\n<meta property=\"og:site_name\" content=\"Karma Pro Beauty Store\" \/>\n<meta property=\"article:modified_time\" content=\"2026-04-01T11:57:18+00:00\" \/>\n<meta property=\"og:image\" content=\"https:\/\/karmaprobeautystore.no\/wp-content\/uploads\/2025\/05\/karma-2924-Edit-scaled.jpeg\" \/>\n\t<meta property=\"og:image:width\" content=\"1709\" \/>\n\t<meta property=\"og:image:height\" content=\"2560\" \/>\n\t<meta property=\"og:image:type\" content=\"image\/jpeg\" \/>\n<meta name=\"twitter:card\" content=\"summary_large_image\" \/>\n<meta name=\"twitter:label1\" content=\"Ansl. lesetid\" \/>\n\t<meta name=\"twitter:data1\" content=\"1 minutt\" \/>\n<script type=\"application\/ld+json\" class=\"yoast-schema-graph\">{\"@context\":\"https:\\\/\\\/schema.org\",\"@graph\":[{\"@type\":\"WebPage\",\"@id\":\"https:\\\/\\\/karmaprobeautystore.no\\\/produkt\\\/d-0-10-choco-brun-mix\\\/\",\"url\":\"https:\\\/\\\/karmaprobeautystore.no\\\/produkt\\\/d-0-10-choco-brun-mix\\\/\",\"name\":\"D 0.10 CHOCO BRUN Mix - Karma Pro Beauty Store\",\"isPartOf\":{\"@id\":\"https:\\\/\\\/karmaprobeautystore.no\\\/en\\\/#website\"},\"primaryImageOfPage\":{\"@id\":\"https:\\\/\\\/karmaprobeautystore.no\\\/produkt\\\/d-0-10-choco-brun-mix\\\/#primaryimage\"},\"image\":{\"@id\":\"https:\\\/\\\/karmaprobeautystore.no\\\/produkt\\\/d-0-10-choco-brun-mix\\\/#primaryimage\"},\"thumbnailUrl\":\"https:\\\/\\\/karmaprobeautystore.no\\\/wp-content\\\/uploads\\\/2025\\\/05\\\/karma-2924-Edit-scaled.jpeg\",\"datePublished\":\"2025-05-16T06:52:19+00:00\",\"dateModified\":\"2026-04-01T11:57:18+00:00\",\"breadcrumb\":{\"@id\":\"https:\\\/\\\/karmaprobeautystore.no\\\/produkt\\\/d-0-10-choco-brun-mix\\\/#breadcrumb\"},\"inLanguage\":\"nb-NO\",\"potentialAction\":[{\"@type\":\"ReadAction\",\"target\":[\"https:\\\/\\\/karmaprobeautystore.no\\\/produkt\\\/d-0-10-choco-brun-mix\\\/\"]}]},{\"@type\":\"ImageObject\",\"inLanguage\":\"nb-NO\",\"@id\":\"https:\\\/\\\/karmaprobeautystore.no\\\/produkt\\\/d-0-10-choco-brun-mix\\\/#primaryimage\",\"url\":\"https:\\\/\\\/karmaprobeautystore.no\\\/wp-content\\\/uploads\\\/2025\\\/05\\\/karma-2924-Edit-scaled.jpeg\",\"contentUrl\":\"https:\\\/\\\/karmaprobeautystore.no\\\/wp-content\\\/uploads\\\/2025\\\/05\\\/karma-2924-Edit-scaled.jpeg\",\"width\":1709,\"height\":2560},{\"@type\":\"BreadcrumbList\",\"@id\":\"https:\\\/\\\/karmaprobeautystore.no\\\/produkt\\\/d-0-10-choco-brun-mix\\\/#breadcrumb\",\"itemListElement\":[{\"@type\":\"ListItem\",\"position\":1,\"name\":\"Home\",\"item\":\"https:\\\/\\\/karmaprobeautystore.no\\\/\"},{\"@type\":\"ListItem\",\"position\":2,\"name\":\"Shop\",\"item\":\"https:\\\/\\\/karmaprobeautystore.no\\\/nb\\\/shop\\\/\"},{\"@type\":\"ListItem\",\"position\":3,\"name\":\"D 0.10 CHOCO BRUN Mix\"}]},{\"@type\":\"WebSite\",\"@id\":\"https:\\\/\\\/karmaprobeautystore.no\\\/en\\\/#website\",\"url\":\"https:\\\/\\\/karmaprobeautystore.no\\\/en\\\/\",\"name\":\"Karma Pro Beauty Store\",\"description\":\"\",\"potentialAction\":[{\"@type\":\"SearchAction\",\"target\":{\"@type\":\"EntryPoint\",\"urlTemplate\":\"https:\\\/\\\/karmaprobeautystore.no\\\/en\\\/?s={search_term_string}\"},\"query-input\":{\"@type\":\"PropertyValueSpecification\",\"valueRequired\":true,\"valueName\":\"search_term_string\"}}],\"inLanguage\":\"nb-NO\"}]}<\/script>\n<!-- \/ Yoast SEO plugin. -->","yoast_head_json":{"title":"D 0.10 CHOCO BRUN Mix - Karma Pro Beauty Store","robots":{"index":"index","follow":"follow","max-snippet":"max-snippet:-1","max-image-preview":"max-image-preview:large","max-video-preview":"max-video-preview:-1"},"canonical":"https:\/\/karmaprobeautystore.no\/nb_no\/produkt\/d-0-10-choco-brun-mix\/","og_locale":"nb_NO","og_type":"article","og_title":"D 0.10 CHOCO BRUN Mix - Karma Pro Beauty Store","og_description":"Disse l\u00f8svippene er en favoritt blant profesjonelle av en god grunn. De har avsmalnende tupper og en solid base, noe som gj\u00f8r p\u00e5f\u00f8ringen enkel samtidig som de forblir sk\u00e5nsomme mot huden. Deres enest\u00e5ende holdbarhet sikrer en langvarig, perfekt b\u00f8y som varer over tid. Detaljer om produktet Volume Trays Materiale: Premium koreansk PBT-fiber Farge: M\u00f8rk brun ...","og_url":"https:\/\/karmaprobeautystore.no\/nb_no\/produkt\/d-0-10-choco-brun-mix\/","og_site_name":"Karma Pro Beauty Store","article_modified_time":"2026-04-01T11:57:18+00:00","og_image":[{"width":1709,"height":2560,"url":"https:\/\/karmaprobeautystore.no\/wp-content\/uploads\/2025\/05\/karma-2924-Edit-scaled.jpeg","type":"image\/jpeg"}],"twitter_card":"summary_large_image","twitter_misc":{"Ansl. lesetid":"1 minutt"},"schema":{"@context":"https:\/\/schema.org","@graph":[{"@type":"WebPage","@id":"https:\/\/karmaprobeautystore.no\/produkt\/d-0-10-choco-brun-mix\/","url":"https:\/\/karmaprobeautystore.no\/produkt\/d-0-10-choco-brun-mix\/","name":"D 0.10 CHOCO BRUN Mix - Karma Pro Beauty Store","isPartOf":{"@id":"https:\/\/karmaprobeautystore.no\/en\/#website"},"primaryImageOfPage":{"@id":"https:\/\/karmaprobeautystore.no\/produkt\/d-0-10-choco-brun-mix\/#primaryimage"},"image":{"@id":"https:\/\/karmaprobeautystore.no\/produkt\/d-0-10-choco-brun-mix\/#primaryimage"},"thumbnailUrl":"https:\/\/karmaprobeautystore.no\/wp-content\/uploads\/2025\/05\/karma-2924-Edit-scaled.jpeg","datePublished":"2025-05-16T06:52:19+00:00","dateModified":"2026-04-01T11:57:18+00:00","breadcrumb":{"@id":"https:\/\/karmaprobeautystore.no\/produkt\/d-0-10-choco-brun-mix\/#breadcrumb"},"inLanguage":"nb-NO","potentialAction":[{"@type":"ReadAction","target":["https:\/\/karmaprobeautystore.no\/produkt\/d-0-10-choco-brun-mix\/"]}]},{"@type":"ImageObject","inLanguage":"nb-NO","@id":"https:\/\/karmaprobeautystore.no\/produkt\/d-0-10-choco-brun-mix\/#primaryimage","url":"https:\/\/karmaprobeautystore.no\/wp-content\/uploads\/2025\/05\/karma-2924-Edit-scaled.jpeg","contentUrl":"https:\/\/karmaprobeautystore.no\/wp-content\/uploads\/2025\/05\/karma-2924-Edit-scaled.jpeg","width":1709,"height":2560},{"@type":"BreadcrumbList","@id":"https:\/\/karmaprobeautystore.no\/produkt\/d-0-10-choco-brun-mix\/#breadcrumb","itemListElement":[{"@type":"ListItem","position":1,"name":"Home","item":"https:\/\/karmaprobeautystore.no\/"},{"@type":"ListItem","position":2,"name":"Shop","item":"https:\/\/karmaprobeautystore.no\/nb\/shop\/"},{"@type":"ListItem","position":3,"name":"D 0.10 CHOCO BRUN Mix"}]},{"@type":"WebSite","@id":"https:\/\/karmaprobeautystore.no\/en\/#website","url":"https:\/\/karmaprobeautystore.no\/en\/","name":"Karma Pro Skj\u00f8nnhetsbutikk","description":"","potentialAction":[{"@type":"SearchAction","target":{"@type":"EntryPoint","urlTemplate":"https:\/\/karmaprobeautystore.no\/en\/?s={search_term_string}"},"query-input":{"@type":"PropertyValueSpecification","valueRequired":true,"valueName":"search_term_string"}}],"inLanguage":"nb-NO"}]}},"_links":{"self":[{"href":"https:\/\/karmaprobeautystore.no\/nb_no\/wp-json\/wp\/v2\/product\/5124","targetHints":{"allow":["GET"]}}],"collection":[{"href":"https:\/\/karmaprobeautystore.no\/nb_no\/wp-json\/wp\/v2\/product"}],"about":[{"href":"https:\/\/karmaprobeautystore.no\/nb_no\/wp-json\/wp\/v2\/types\/product"}],"replies":[{"embeddable":true,"href":"https:\/\/karmaprobeautystore.no\/nb_no\/wp-json\/wp\/v2\/comments?post=5124"}],"wp:featuredmedia":[{"embeddable":true,"href":"https:\/\/karmaprobeautystore.no\/nb_no\/wp-json\/wp\/v2\/media\/5399"}],"wp:attachment":[{"href":"https:\/\/karmaprobeautystore.no\/nb_no\/wp-json\/wp\/v2\/media?parent=5124"}],"wp:term":[{"taxonomy":"product_brand","embeddable":true,"href":"https:\/\/karmaprobeautystore.no\/nb_no\/wp-json\/wp\/v2\/product_brand?post=5124"},{"taxonomy":"product_cat","embeddable":true,"href":"https:\/\/karmaprobeautystore.no\/nb_no\/wp-json\/wp\/v2\/product_cat?post=5124"},{"taxonomy":"product_tag","embeddable":true,"href":"https:\/\/karmaprobeautystore.no\/nb_no\/wp-json\/wp\/v2\/product_tag?post=5124"}],"curies":[{"name":"wp","href":"https:\/\/api.w.org\/{rel}","templated":true}]}}