{"id":5120,"date":"2025-05-16T06:39:41","date_gmt":"2025-05-16T06:39:41","guid":{"rendered":"https:\/\/karmaprobeautystore.no\/?post_type=product&#038;p=5120"},"modified":"2026-04-01T11:59:09","modified_gmt":"2026-04-01T11:59:09","slug":"l-0-06-silky-soft-mix","status":"publish","type":"product","link":"https:\/\/karmaprobeautystore.no\/nb_no\/produkt\/l-0-06-silky-soft-mix\/","title":{"rendered":"L 0,06 SILKEMISK MYK Blanding"},"content":{"rendered":"<p>Disse vippene er en favoritt blant profesjonelle med god grunn. De har koniske tupper og en solid base, noe som gj\u00f8r p\u00e5f\u00f8ringen enkel samtidig som de er sk\u00e5nsomme mot huden. Den eksepsjonelle holdbarheten sikrer en langvarig, perfekt kr\u00f8ll som varer over tid.<\/p>\n<p>Produktdetaljer<\/p>\n<p>Volumbrett<\/p>\n<p>Materiale: Premium koreansk PBT-fiber<br \/>\nFarge: Svart<br \/>\nKr\u00f8ll: L<br \/>\nDiameter\/tykkelse: 0,06<br \/>\nLengder: 5 mm til 14 mm.<br \/>\n16 linjer<br \/>\n100% vegansk og ikke testet p\u00e5 dyr<br \/>\nLett \u00e5 plukke opp<br \/>\nFolie bakf\u00f4r<\/p>\n<p>Disse vippene er en dr\u00f8m som g\u00e5r i oppfyllelse, laget av den fineste koreanske PBT-fiberen. De er silkemyke som silke! Den svarte versjonen har en rik, dyp fargetone og en matt finish \u2013 perfekt for et fantastisk og dramatisk utseende.<\/p>","protected":false},"excerpt":{"rendered":"<p>Disse vippene er en favoritt blant profesjonelle med god grunn. De har koniske tupper og en solid base, noe som gj\u00f8r p\u00e5f\u00f8ringen enkel samtidig som de er sk\u00e5nsomme mot huden. Den eksepsjonelle holdbarheten sikrer en langvarig, perfekt kr\u00f8ll som varer over tid. Produktdetaljer Volumbrett Materiale: Premium koreansk PBT-fiber Farge: Svart Kr\u00f8ll: L Diameter\/tykkelse: 0,06 \u2026<\/p>","protected":false},"featured_media":4580,"menu_order":0,"comment_status":"open","ping_status":"closed","template":"","meta":{"_acf_changed":false},"product_brand":[],"product_cat":[150,151,158],"product_tag":[],"class_list":{"0":"post-5120","1":"product","2":"type-product","3":"status-publish","4":"has-post-thumbnail","6":"product_cat-eyelashes","7":"product_cat-volume","8":"product_cat-sale","10":"first","11":"instock","12":"sale","13":"taxable","14":"shipping-taxable","15":"purchasable","16":"product-type-simple"},"acf":[],"yoast_head":"<!-- This site is optimized with the Yoast SEO plugin v27.3 - https:\/\/yoast.com\/product\/yoast-seo-wordpress\/ -->\n<title>L 0.06 SILKY SOFT Mix - Karma Pro Beauty Store<\/title>\n<meta name=\"robots\" content=\"index, follow, max-snippet:-1, max-image-preview:large, max-video-preview:-1\" \/>\n<link rel=\"canonical\" href=\"https:\/\/karmaprobeautystore.no\/nb_no\/produkt\/l-0-06-silky-soft-mix\/\" \/>\n<meta property=\"og:locale\" content=\"nb_NO\" \/>\n<meta property=\"og:type\" content=\"article\" \/>\n<meta property=\"og:title\" content=\"L 0.06 SILKY SOFT Mix - Karma Pro Beauty Store\" \/>\n<meta property=\"og:description\" content=\"These lashes are a favorite among professionals for a good reason. They feature tapered tips and a sturdy base, making application easy while remaining gentle on the skin. Their exceptional durability ensures a long-lasting, perfect curl that lasts over time. Product Details Volume Trays Material: Premium Korean PBT Fiber Color: Black Curl: L Diameter\/Thickness: 0.06 ...\" \/>\n<meta property=\"og:url\" content=\"https:\/\/karmaprobeautystore.no\/nb_no\/produkt\/l-0-06-silky-soft-mix\/\" \/>\n<meta property=\"og:site_name\" content=\"Karma Pro Beauty Store\" \/>\n<meta property=\"article:modified_time\" content=\"2026-04-01T11:59:09+00:00\" \/>\n<meta property=\"og:image\" content=\"https:\/\/karmaprobeautystore.no\/wp-content\/uploads\/2024\/12\/karma-2748-Edit-scaled.jpeg\" \/>\n\t<meta property=\"og:image:width\" content=\"2560\" \/>\n\t<meta property=\"og:image:height\" content=\"1709\" \/>\n\t<meta property=\"og:image:type\" content=\"image\/jpeg\" \/>\n<meta name=\"twitter:card\" content=\"summary_large_image\" \/>\n<meta name=\"twitter:label1\" content=\"Ansl. lesetid\" \/>\n\t<meta name=\"twitter:data1\" content=\"1 minutt\" \/>\n<script type=\"application\/ld+json\" class=\"yoast-schema-graph\">{\"@context\":\"https:\\\/\\\/schema.org\",\"@graph\":[{\"@type\":\"WebPage\",\"@id\":\"https:\\\/\\\/karmaprobeautystore.no\\\/produkt\\\/l-0-06-silky-soft-mix\\\/\",\"url\":\"https:\\\/\\\/karmaprobeautystore.no\\\/produkt\\\/l-0-06-silky-soft-mix\\\/\",\"name\":\"L 0.06 SILKY SOFT Mix - Karma Pro Beauty Store\",\"isPartOf\":{\"@id\":\"https:\\\/\\\/karmaprobeautystore.no\\\/en\\\/#website\"},\"primaryImageOfPage\":{\"@id\":\"https:\\\/\\\/karmaprobeautystore.no\\\/produkt\\\/l-0-06-silky-soft-mix\\\/#primaryimage\"},\"image\":{\"@id\":\"https:\\\/\\\/karmaprobeautystore.no\\\/produkt\\\/l-0-06-silky-soft-mix\\\/#primaryimage\"},\"thumbnailUrl\":\"https:\\\/\\\/karmaprobeautystore.no\\\/wp-content\\\/uploads\\\/2024\\\/12\\\/karma-2748-Edit-scaled.jpeg\",\"datePublished\":\"2025-05-16T06:39:41+00:00\",\"dateModified\":\"2026-04-01T11:59:09+00:00\",\"breadcrumb\":{\"@id\":\"https:\\\/\\\/karmaprobeautystore.no\\\/produkt\\\/l-0-06-silky-soft-mix\\\/#breadcrumb\"},\"inLanguage\":\"nb-NO\",\"potentialAction\":[{\"@type\":\"ReadAction\",\"target\":[\"https:\\\/\\\/karmaprobeautystore.no\\\/produkt\\\/l-0-06-silky-soft-mix\\\/\"]}]},{\"@type\":\"ImageObject\",\"inLanguage\":\"nb-NO\",\"@id\":\"https:\\\/\\\/karmaprobeautystore.no\\\/produkt\\\/l-0-06-silky-soft-mix\\\/#primaryimage\",\"url\":\"https:\\\/\\\/karmaprobeautystore.no\\\/wp-content\\\/uploads\\\/2024\\\/12\\\/karma-2748-Edit-scaled.jpeg\",\"contentUrl\":\"https:\\\/\\\/karmaprobeautystore.no\\\/wp-content\\\/uploads\\\/2024\\\/12\\\/karma-2748-Edit-scaled.jpeg\",\"width\":2560,\"height\":1709},{\"@type\":\"BreadcrumbList\",\"@id\":\"https:\\\/\\\/karmaprobeautystore.no\\\/produkt\\\/l-0-06-silky-soft-mix\\\/#breadcrumb\",\"itemListElement\":[{\"@type\":\"ListItem\",\"position\":1,\"name\":\"Home\",\"item\":\"https:\\\/\\\/karmaprobeautystore.no\\\/\"},{\"@type\":\"ListItem\",\"position\":2,\"name\":\"Shop\",\"item\":\"https:\\\/\\\/karmaprobeautystore.no\\\/nb\\\/shop\\\/\"},{\"@type\":\"ListItem\",\"position\":3,\"name\":\"L 0.06 SILKY SOFT Mix\"}]},{\"@type\":\"WebSite\",\"@id\":\"https:\\\/\\\/karmaprobeautystore.no\\\/en\\\/#website\",\"url\":\"https:\\\/\\\/karmaprobeautystore.no\\\/en\\\/\",\"name\":\"Karma Pro Beauty Store\",\"description\":\"\",\"potentialAction\":[{\"@type\":\"SearchAction\",\"target\":{\"@type\":\"EntryPoint\",\"urlTemplate\":\"https:\\\/\\\/karmaprobeautystore.no\\\/en\\\/?s={search_term_string}\"},\"query-input\":{\"@type\":\"PropertyValueSpecification\",\"valueRequired\":true,\"valueName\":\"search_term_string\"}}],\"inLanguage\":\"nb-NO\"}]}<\/script>\n<!-- \/ Yoast SEO plugin. -->","yoast_head_json":{"title":"L 0.06 SILKY SOFT Mix - Karma Pro Beauty Store","robots":{"index":"index","follow":"follow","max-snippet":"max-snippet:-1","max-image-preview":"max-image-preview:large","max-video-preview":"max-video-preview:-1"},"canonical":"https:\/\/karmaprobeautystore.no\/nb_no\/produkt\/l-0-06-silky-soft-mix\/","og_locale":"nb_NO","og_type":"article","og_title":"L 0.06 SILKY SOFT Mix - Karma Pro Beauty Store","og_description":"These lashes are a favorite among professionals for a good reason. They feature tapered tips and a sturdy base, making application easy while remaining gentle on the skin. Their exceptional durability ensures a long-lasting, perfect curl that lasts over time. Product Details Volume Trays Material: Premium Korean PBT Fiber Color: Black Curl: L Diameter\/Thickness: 0.06 ...","og_url":"https:\/\/karmaprobeautystore.no\/nb_no\/produkt\/l-0-06-silky-soft-mix\/","og_site_name":"Karma Pro Beauty Store","article_modified_time":"2026-04-01T11:59:09+00:00","og_image":[{"width":2560,"height":1709,"url":"https:\/\/karmaprobeautystore.no\/wp-content\/uploads\/2024\/12\/karma-2748-Edit-scaled.jpeg","type":"image\/jpeg"}],"twitter_card":"summary_large_image","twitter_misc":{"Ansl. lesetid":"1 minutt"},"schema":{"@context":"https:\/\/schema.org","@graph":[{"@type":"WebPage","@id":"https:\/\/karmaprobeautystore.no\/produkt\/l-0-06-silky-soft-mix\/","url":"https:\/\/karmaprobeautystore.no\/produkt\/l-0-06-silky-soft-mix\/","name":"L 0.06 SILKY SOFT Mix - Karma Pro Beauty Store","isPartOf":{"@id":"https:\/\/karmaprobeautystore.no\/en\/#website"},"primaryImageOfPage":{"@id":"https:\/\/karmaprobeautystore.no\/produkt\/l-0-06-silky-soft-mix\/#primaryimage"},"image":{"@id":"https:\/\/karmaprobeautystore.no\/produkt\/l-0-06-silky-soft-mix\/#primaryimage"},"thumbnailUrl":"https:\/\/karmaprobeautystore.no\/wp-content\/uploads\/2024\/12\/karma-2748-Edit-scaled.jpeg","datePublished":"2025-05-16T06:39:41+00:00","dateModified":"2026-04-01T11:59:09+00:00","breadcrumb":{"@id":"https:\/\/karmaprobeautystore.no\/produkt\/l-0-06-silky-soft-mix\/#breadcrumb"},"inLanguage":"nb-NO","potentialAction":[{"@type":"ReadAction","target":["https:\/\/karmaprobeautystore.no\/produkt\/l-0-06-silky-soft-mix\/"]}]},{"@type":"ImageObject","inLanguage":"nb-NO","@id":"https:\/\/karmaprobeautystore.no\/produkt\/l-0-06-silky-soft-mix\/#primaryimage","url":"https:\/\/karmaprobeautystore.no\/wp-content\/uploads\/2024\/12\/karma-2748-Edit-scaled.jpeg","contentUrl":"https:\/\/karmaprobeautystore.no\/wp-content\/uploads\/2024\/12\/karma-2748-Edit-scaled.jpeg","width":2560,"height":1709},{"@type":"BreadcrumbList","@id":"https:\/\/karmaprobeautystore.no\/produkt\/l-0-06-silky-soft-mix\/#breadcrumb","itemListElement":[{"@type":"ListItem","position":1,"name":"Home","item":"https:\/\/karmaprobeautystore.no\/"},{"@type":"ListItem","position":2,"name":"Shop","item":"https:\/\/karmaprobeautystore.no\/nb\/shop\/"},{"@type":"ListItem","position":3,"name":"L 0.06 SILKY SOFT Mix"}]},{"@type":"WebSite","@id":"https:\/\/karmaprobeautystore.no\/en\/#website","url":"https:\/\/karmaprobeautystore.no\/en\/","name":"Karma Pro Skj\u00f8nnhetsbutikk","description":"","potentialAction":[{"@type":"SearchAction","target":{"@type":"EntryPoint","urlTemplate":"https:\/\/karmaprobeautystore.no\/en\/?s={search_term_string}"},"query-input":{"@type":"PropertyValueSpecification","valueRequired":true,"valueName":"search_term_string"}}],"inLanguage":"nb-NO"}]}},"_links":{"self":[{"href":"https:\/\/karmaprobeautystore.no\/nb_no\/wp-json\/wp\/v2\/product\/5120","targetHints":{"allow":["GET"]}}],"collection":[{"href":"https:\/\/karmaprobeautystore.no\/nb_no\/wp-json\/wp\/v2\/product"}],"about":[{"href":"https:\/\/karmaprobeautystore.no\/nb_no\/wp-json\/wp\/v2\/types\/product"}],"replies":[{"embeddable":true,"href":"https:\/\/karmaprobeautystore.no\/nb_no\/wp-json\/wp\/v2\/comments?post=5120"}],"wp:featuredmedia":[{"embeddable":true,"href":"https:\/\/karmaprobeautystore.no\/nb_no\/wp-json\/wp\/v2\/media\/4580"}],"wp:attachment":[{"href":"https:\/\/karmaprobeautystore.no\/nb_no\/wp-json\/wp\/v2\/media?parent=5120"}],"wp:term":[{"taxonomy":"product_brand","embeddable":true,"href":"https:\/\/karmaprobeautystore.no\/nb_no\/wp-json\/wp\/v2\/product_brand?post=5120"},{"taxonomy":"product_cat","embeddable":true,"href":"https:\/\/karmaprobeautystore.no\/nb_no\/wp-json\/wp\/v2\/product_cat?post=5120"},{"taxonomy":"product_tag","embeddable":true,"href":"https:\/\/karmaprobeautystore.no\/nb_no\/wp-json\/wp\/v2\/product_tag?post=5120"}],"curies":[{"name":"wp","href":"https:\/\/api.w.org\/{rel}","templated":true}]}}