{"id":4796,"date":"2025-01-29T11:39:05","date_gmt":"2025-01-29T11:39:05","guid":{"rendered":"http:\/\/karmaprobeautystore.no\/?post_type=product&#038;p=4796"},"modified":"2026-04-12T00:03:22","modified_gmt":"2026-04-12T00:03:22","slug":"evo-smooth-talker-pack","status":"publish","type":"product","link":"https:\/\/karmaprobeautystore.no\/nb_no\/produkt\/evo-smooth-talker-pack\/","title":{"rendered":"Evo Smooth Talker-pakke"},"content":{"rendered":"<p>evo Smooth Talker Pack er den perfekte trioen for glatt og elegant h\u00e5r.<\/p>\n<p>Denne pakken inneholder tre av Evos mest solgte produkter som hjelper deg med \u00e5 oppn\u00e5 glatt og elegant h\u00e5r. Mane Tamer Smoothing-sjampoen og balsamen jobber sammen for \u00e5 gi n\u00e6ring og glattgj\u00f8ring til h\u00e5ret, mens Icon Welder Heat Protection Spray beskytter h\u00e5ret mot varmestyling.<\/p>\n<p><strong>Hva er inkludert i evo Smooth Talker-pakken?<\/strong><\/p>\n<ul>\n<li>1x mane-temmer glattende sjampo 300 ml<\/li>\n<li>1x mane tamer glattende balsam 300 ml<\/li>\n<li>1x ikon sveisespray med varmebeskyttelse 200 ml<\/li>\n<\/ul>\n<p><strong>Hva er funksjonene og fordelene med evo Smooth Talker Pack?<\/strong><\/p>\n<p>Mane Tamer Smoothing-sjampoen og balsamen er formulert med en blanding av naturlige oljer og proteiner for \u00e5 gi n\u00e6ring og glattgj\u00f8ring til h\u00e5ret. Sjampoen bidrar til \u00e5 redusere krusete og flygende h\u00e5r, mens balsamen bidrar til \u00e5 l\u00f8se opp floker og gi glans. Icon Welder varmebeskyttelsesspray beskytter h\u00e5ret mot varmestyling opptil 230 \u00b0C, samtidig som den gir et lett hold.<\/p>\n<p><strong>Hvem er evo Smooth Talker Pack for?<\/strong><\/p>\n<p>Evo Smooth Talker Pack er perfekt for alle som \u00f8nsker \u00e5 oppn\u00e5 glatt og elegant h\u00e5r. Den er ideell for de som bruker varmestylingverkt\u00f8y regelmessig, ettersom Icon Welder varmebeskyttelsesspray bidrar til \u00e5 beskytte h\u00e5ret mot varmeskader.<\/p>\n<h4 class=\"\">Slik bruker du<\/h4>\n<p><strong>Mane Tamer utglattende sjampo<\/strong><br \/>\n1. Fukt h\u00e5ret med varmt vann.<br \/>\n2. P\u00e5f\u00f8r en rikelig mengde sjampo i hodebunnen og masser den inn med fingertuppene.<br \/>\n3. Skyll sjampoen ut av h\u00e5ret og gjenta om n\u00f8dvendig.<br \/>\n4. F\u00f8lg opp med den mane tamer utglattende balsamen.<br \/>\n5. Skyll ut balsamen og style h\u00e5ret som \u00f8nsket.<br \/>\n<strong>Mane Tamer utglattende balsam<\/strong><br \/>\n1. Etter sjamponering, p\u00e5f\u00f8r en rikelig mengde balsam i h\u00e5ret, med fokus p\u00e5 tuppene.<br \/>\n2. La balsamen virke i 2\u20133 minutter.<br \/>\n3. Skyll balsamen ut av h\u00e5ret.<br \/>\n4. Style som \u00f8nsket.<br \/>\n<strong>Icon Welder varmebeskyttelsesspray<\/strong><br \/>\n1. Spray icon welder varmebeskyttelsesspray i fuktig eller t\u00f8rt h\u00e5r.<br \/>\n2. Gre gjennom h\u00e5ret for \u00e5 fordele produktet jevnt.<br \/>\n3. Bruk et varmestylingverkt\u00f8y til \u00e5 style h\u00e5ret slik du \u00f8nsker.<br \/>\n4. P\u00e5f\u00f8r ikon-sveisers varmebeskyttelsesspray p\u00e5 nytt om n\u00f8dvendig.<br \/>\n5. Avslutt med en lett spray for \u00e5 fikse frisyren.<\/p>\n<h4 class=\"\">Viktige ingredienser<\/h4>\n<p>Sulfatfri<\/p>","protected":false},"excerpt":{"rendered":"<p>evo Smooth Talker Pack er den perfekte trioen for glatt og elegant h\u00e5r. Denne pakken inneholder tre av evos bestselgende produkter som hjelper deg med \u00e5 oppn\u00e5 glatt og elegant h\u00e5r. Mane Tamer Smoothing Shampoo og balsam jobber sammen for \u00e5 gi n\u00e6ring og glattgj\u00f8ring til h\u00e5ret, mens icon welder heat Protection Spray bidrar til \u00e5 beskytte h\u00e5ret mot \u2026<\/p>","protected":false},"featured_media":4797,"menu_order":0,"comment_status":"open","ping_status":"closed","template":"","meta":{"_acf_changed":false},"product_brand":[],"product_cat":[161,163,158],"product_tag":[],"class_list":{"0":"post-4796","1":"product","2":"type-product","3":"status-publish","4":"has-post-thumbnail","6":"product_cat-beauty-products","7":"product_cat-hair-products","8":"product_cat-sale","10":"first","11":"instock","12":"sale","13":"taxable","14":"shipping-taxable","15":"purchasable","16":"product-type-simple"},"acf":[],"yoast_head":"<!-- This site is optimized with the Yoast SEO plugin v27.3 - https:\/\/yoast.com\/product\/yoast-seo-wordpress\/ -->\n<title>Evo Smooth Talker Pack - Karma Pro Beauty Store<\/title>\n<meta name=\"robots\" content=\"index, follow, max-snippet:-1, max-image-preview:large, max-video-preview:-1\" \/>\n<link rel=\"canonical\" href=\"https:\/\/karmaprobeautystore.no\/nb_no\/produkt\/evo-smooth-talker-pack\/\" \/>\n<meta property=\"og:locale\" content=\"nb_NO\" \/>\n<meta property=\"og:type\" content=\"article\" \/>\n<meta property=\"og:title\" content=\"Evo Smooth Talker Pack - Karma Pro Beauty Store\" \/>\n<meta property=\"og:description\" content=\"The evo Smooth Talker Pack is the perfect trio for smooth, sleek hair. This pack includes three of evo&#8217;s best-selling products to help you achieve smooth, sleek hair. The mane tamer smoothing shampoo and conditioner work together to nourish and smooth the hair, while the icon welder heat protection spray helps protect your hair from ...\" \/>\n<meta property=\"og:url\" content=\"https:\/\/karmaprobeautystore.no\/nb_no\/produkt\/evo-smooth-talker-pack\/\" \/>\n<meta property=\"og:site_name\" content=\"Karma Pro Beauty Store\" \/>\n<meta property=\"article:modified_time\" content=\"2026-04-12T00:03:22+00:00\" \/>\n<meta property=\"og:image\" content=\"https:\/\/karmaprobeautystore.no\/wp-content\/uploads\/2025\/01\/107_710x700.webp\" \/>\n\t<meta property=\"og:image:width\" content=\"709\" \/>\n\t<meta property=\"og:image:height\" content=\"700\" \/>\n\t<meta property=\"og:image:type\" content=\"image\/webp\" \/>\n<meta name=\"twitter:card\" content=\"summary_large_image\" \/>\n<meta name=\"twitter:label1\" content=\"Ansl. lesetid\" \/>\n\t<meta name=\"twitter:data1\" content=\"3 minutter\" \/>\n<script type=\"application\/ld+json\" class=\"yoast-schema-graph\">{\"@context\":\"https:\\\/\\\/schema.org\",\"@graph\":[{\"@type\":\"WebPage\",\"@id\":\"https:\\\/\\\/karmaprobeautystore.no\\\/produkt\\\/evo-smooth-talker-pack\\\/\",\"url\":\"https:\\\/\\\/karmaprobeautystore.no\\\/produkt\\\/evo-smooth-talker-pack\\\/\",\"name\":\"Evo Smooth Talker Pack - Karma Pro Beauty Store\",\"isPartOf\":{\"@id\":\"https:\\\/\\\/karmaprobeautystore.no\\\/en\\\/#website\"},\"primaryImageOfPage\":{\"@id\":\"https:\\\/\\\/karmaprobeautystore.no\\\/produkt\\\/evo-smooth-talker-pack\\\/#primaryimage\"},\"image\":{\"@id\":\"https:\\\/\\\/karmaprobeautystore.no\\\/produkt\\\/evo-smooth-talker-pack\\\/#primaryimage\"},\"thumbnailUrl\":\"https:\\\/\\\/karmaprobeautystore.no\\\/wp-content\\\/uploads\\\/2025\\\/01\\\/107_710x700.webp\",\"datePublished\":\"2025-01-29T11:39:05+00:00\",\"dateModified\":\"2026-04-12T00:03:22+00:00\",\"breadcrumb\":{\"@id\":\"https:\\\/\\\/karmaprobeautystore.no\\\/produkt\\\/evo-smooth-talker-pack\\\/#breadcrumb\"},\"inLanguage\":\"nb-NO\",\"potentialAction\":[{\"@type\":\"ReadAction\",\"target\":[\"https:\\\/\\\/karmaprobeautystore.no\\\/produkt\\\/evo-smooth-talker-pack\\\/\"]}]},{\"@type\":\"ImageObject\",\"inLanguage\":\"nb-NO\",\"@id\":\"https:\\\/\\\/karmaprobeautystore.no\\\/produkt\\\/evo-smooth-talker-pack\\\/#primaryimage\",\"url\":\"https:\\\/\\\/karmaprobeautystore.no\\\/wp-content\\\/uploads\\\/2025\\\/01\\\/107_710x700.webp\",\"contentUrl\":\"https:\\\/\\\/karmaprobeautystore.no\\\/wp-content\\\/uploads\\\/2025\\\/01\\\/107_710x700.webp\",\"width\":709,\"height\":700},{\"@type\":\"BreadcrumbList\",\"@id\":\"https:\\\/\\\/karmaprobeautystore.no\\\/produkt\\\/evo-smooth-talker-pack\\\/#breadcrumb\",\"itemListElement\":[{\"@type\":\"ListItem\",\"position\":1,\"name\":\"Home\",\"item\":\"https:\\\/\\\/karmaprobeautystore.no\\\/\"},{\"@type\":\"ListItem\",\"position\":2,\"name\":\"Shop\",\"item\":\"https:\\\/\\\/karmaprobeautystore.no\\\/nb\\\/shop\\\/\"},{\"@type\":\"ListItem\",\"position\":3,\"name\":\"Evo Smooth Talker Pack\"}]},{\"@type\":\"WebSite\",\"@id\":\"https:\\\/\\\/karmaprobeautystore.no\\\/en\\\/#website\",\"url\":\"https:\\\/\\\/karmaprobeautystore.no\\\/en\\\/\",\"name\":\"Karma Pro Beauty Store\",\"description\":\"\",\"potentialAction\":[{\"@type\":\"SearchAction\",\"target\":{\"@type\":\"EntryPoint\",\"urlTemplate\":\"https:\\\/\\\/karmaprobeautystore.no\\\/en\\\/?s={search_term_string}\"},\"query-input\":{\"@type\":\"PropertyValueSpecification\",\"valueRequired\":true,\"valueName\":\"search_term_string\"}}],\"inLanguage\":\"nb-NO\"}]}<\/script>\n<!-- \/ Yoast SEO plugin. -->","yoast_head_json":{"title":"Evo Smooth Talker Pack - Karma Pro Beauty Store","robots":{"index":"index","follow":"follow","max-snippet":"max-snippet:-1","max-image-preview":"max-image-preview:large","max-video-preview":"max-video-preview:-1"},"canonical":"https:\/\/karmaprobeautystore.no\/nb_no\/produkt\/evo-smooth-talker-pack\/","og_locale":"nb_NO","og_type":"article","og_title":"Evo Smooth Talker Pack - Karma Pro Beauty Store","og_description":"The evo Smooth Talker Pack is the perfect trio for smooth, sleek hair. This pack includes three of evo&#8217;s best-selling products to help you achieve smooth, sleek hair. The mane tamer smoothing shampoo and conditioner work together to nourish and smooth the hair, while the icon welder heat protection spray helps protect your hair from ...","og_url":"https:\/\/karmaprobeautystore.no\/nb_no\/produkt\/evo-smooth-talker-pack\/","og_site_name":"Karma Pro Beauty Store","article_modified_time":"2026-04-12T00:03:22+00:00","og_image":[{"width":709,"height":700,"url":"https:\/\/karmaprobeautystore.no\/wp-content\/uploads\/2025\/01\/107_710x700.webp","type":"image\/webp"}],"twitter_card":"summary_large_image","twitter_misc":{"Ansl. lesetid":"3 minutter"},"schema":{"@context":"https:\/\/schema.org","@graph":[{"@type":"WebPage","@id":"https:\/\/karmaprobeautystore.no\/produkt\/evo-smooth-talker-pack\/","url":"https:\/\/karmaprobeautystore.no\/produkt\/evo-smooth-talker-pack\/","name":"Evo Smooth Talker Pack - Karma Pro Beauty Store","isPartOf":{"@id":"https:\/\/karmaprobeautystore.no\/en\/#website"},"primaryImageOfPage":{"@id":"https:\/\/karmaprobeautystore.no\/produkt\/evo-smooth-talker-pack\/#primaryimage"},"image":{"@id":"https:\/\/karmaprobeautystore.no\/produkt\/evo-smooth-talker-pack\/#primaryimage"},"thumbnailUrl":"https:\/\/karmaprobeautystore.no\/wp-content\/uploads\/2025\/01\/107_710x700.webp","datePublished":"2025-01-29T11:39:05+00:00","dateModified":"2026-04-12T00:03:22+00:00","breadcrumb":{"@id":"https:\/\/karmaprobeautystore.no\/produkt\/evo-smooth-talker-pack\/#breadcrumb"},"inLanguage":"nb-NO","potentialAction":[{"@type":"ReadAction","target":["https:\/\/karmaprobeautystore.no\/produkt\/evo-smooth-talker-pack\/"]}]},{"@type":"ImageObject","inLanguage":"nb-NO","@id":"https:\/\/karmaprobeautystore.no\/produkt\/evo-smooth-talker-pack\/#primaryimage","url":"https:\/\/karmaprobeautystore.no\/wp-content\/uploads\/2025\/01\/107_710x700.webp","contentUrl":"https:\/\/karmaprobeautystore.no\/wp-content\/uploads\/2025\/01\/107_710x700.webp","width":709,"height":700},{"@type":"BreadcrumbList","@id":"https:\/\/karmaprobeautystore.no\/produkt\/evo-smooth-talker-pack\/#breadcrumb","itemListElement":[{"@type":"ListItem","position":1,"name":"Home","item":"https:\/\/karmaprobeautystore.no\/"},{"@type":"ListItem","position":2,"name":"Shop","item":"https:\/\/karmaprobeautystore.no\/nb\/shop\/"},{"@type":"ListItem","position":3,"name":"Evo Smooth Talker Pack"}]},{"@type":"WebSite","@id":"https:\/\/karmaprobeautystore.no\/en\/#website","url":"https:\/\/karmaprobeautystore.no\/en\/","name":"Karma Pro Skj\u00f8nnhetsbutikk","description":"","potentialAction":[{"@type":"SearchAction","target":{"@type":"EntryPoint","urlTemplate":"https:\/\/karmaprobeautystore.no\/en\/?s={search_term_string}"},"query-input":{"@type":"PropertyValueSpecification","valueRequired":true,"valueName":"search_term_string"}}],"inLanguage":"nb-NO"}]}},"_links":{"self":[{"href":"https:\/\/karmaprobeautystore.no\/nb_no\/wp-json\/wp\/v2\/product\/4796","targetHints":{"allow":["GET"]}}],"collection":[{"href":"https:\/\/karmaprobeautystore.no\/nb_no\/wp-json\/wp\/v2\/product"}],"about":[{"href":"https:\/\/karmaprobeautystore.no\/nb_no\/wp-json\/wp\/v2\/types\/product"}],"replies":[{"embeddable":true,"href":"https:\/\/karmaprobeautystore.no\/nb_no\/wp-json\/wp\/v2\/comments?post=4796"}],"wp:featuredmedia":[{"embeddable":true,"href":"https:\/\/karmaprobeautystore.no\/nb_no\/wp-json\/wp\/v2\/media\/4797"}],"wp:attachment":[{"href":"https:\/\/karmaprobeautystore.no\/nb_no\/wp-json\/wp\/v2\/media?parent=4796"}],"wp:term":[{"taxonomy":"product_brand","embeddable":true,"href":"https:\/\/karmaprobeautystore.no\/nb_no\/wp-json\/wp\/v2\/product_brand?post=4796"},{"taxonomy":"product_cat","embeddable":true,"href":"https:\/\/karmaprobeautystore.no\/nb_no\/wp-json\/wp\/v2\/product_cat?post=4796"},{"taxonomy":"product_tag","embeddable":true,"href":"https:\/\/karmaprobeautystore.no\/nb_no\/wp-json\/wp\/v2\/product_tag?post=4796"}],"curies":[{"name":"wp","href":"https:\/\/api.w.org\/{rel}","templated":true}]}}