{"id":4792,"date":"2025-01-29T11:25:19","date_gmt":"2025-01-29T11:25:19","guid":{"rendered":"http:\/\/karmaprobeautystore.no\/?post_type=product&#038;p=4792"},"modified":"2026-02-10T17:54:02","modified_gmt":"2026-02-10T17:54:02","slug":"four-reasons-original-silver-duo","status":"publish","type":"product","link":"https:\/\/karmaprobeautystore.no\/nb_no\/produkt\/four-reasons-original-silver-duo\/","title":{"rendered":"Fire grunner til original s\u00f8lvduo"},"content":{"rendered":"<p>Original s\u00f8lvduo: 2 x 500 ml.<\/p>\n<p>S\u00f8lvsjampo 500 ml<br \/>\nEn pigmentert sjampo som effektivt n\u00f8ytraliserer u\u00f8nskede gule toner i lyst h\u00e5r. Sjampoen rehydrerer h\u00e5ret samtidig som den gj\u00f8r det silkemykt. Beriket med regenererende planteekstrakt som f\u00e5r sin kraft fra gotu kola, papaya og iris.<br \/>\nSjampoen har en duft av blomster og vanilje og er 100% vegansk og kommer i emballasje laget av resirkulerbar, biobasert sukkerr\u00f8rplast, noe som reduserer produktets karbonavtrykk betydelig.<\/p>\n<p>S\u00f8lvbalsam 500 ml<br \/>\nEn pigmentert balsam som effektivt n\u00f8ytraliserer u\u00f8nskede gule toner i lyst h\u00e5r. Balsamen styrker h\u00e5ret samtidig som den gj\u00f8r det lettgrebart og glansfullt. Beriket med regenererende planteekstrakt som f\u00e5r sin kraft fra gotu kola, papaya og iris.<br \/>\nBalsamen har en duft av blomster og vanilje og er 100% vegansk og kommer i emballasje laget av resirkulerbar, biobasert sukkerr\u00f8rplast, noe som reduserer produktets karbonavtrykk betydelig.<\/p>","protected":false},"excerpt":{"rendered":"<p>Original Silver Duo: 2x500ml. S\u00f8lvsjampo 500 ml En pigmentert sjampo som effektivt n\u00f8ytraliserer u\u00f8nskede gule toner i lyst h\u00e5r. Sjampoen rehydrerer h\u00e5ret samtidig som den gj\u00f8r det silkemykt. Beriket med regenererende planteekstrakt som f\u00e5r sin kraft fra gotu kola, papaya og iris. Sjampoen har en duft av blomster og vanilje og \u2026<\/p>","protected":false},"featured_media":4793,"menu_order":0,"comment_status":"open","ping_status":"closed","template":"","meta":{"_acf_changed":false},"product_brand":[],"product_cat":[161,163,158],"product_tag":[],"class_list":{"0":"post-4792","1":"product","2":"type-product","3":"status-publish","4":"has-post-thumbnail","6":"product_cat-beauty-products","7":"product_cat-hair-products","8":"product_cat-sale","10":"first","11":"outofstock","12":"sale","13":"taxable","14":"shipping-taxable","15":"purchasable","16":"product-type-simple"},"acf":[],"yoast_head":"<!-- This site is optimized with the Yoast SEO plugin v27.3 - https:\/\/yoast.com\/product\/yoast-seo-wordpress\/ -->\n<title>Four Reasons Original Silver Duo - Karma Pro Beauty Store<\/title>\n<meta name=\"robots\" content=\"index, follow, max-snippet:-1, max-image-preview:large, max-video-preview:-1\" \/>\n<link rel=\"canonical\" href=\"https:\/\/karmaprobeautystore.no\/nb_no\/produkt\/four-reasons-original-silver-duo\/\" \/>\n<meta property=\"og:locale\" content=\"nb_NO\" \/>\n<meta property=\"og:type\" content=\"article\" \/>\n<meta property=\"og:title\" content=\"Four Reasons Original Silver Duo - Karma Pro Beauty Store\" \/>\n<meta property=\"og:description\" content=\"Original Silver Duo: 2x500ml. Silver Shampoo 500 ml A pigmented shampoo that effectively neutralizes unwanted yellow tones in light hair. The shampoo rehydrates the hair while making it silky soft. Enriched with regenerating plant extract that gets its power from gotu kola, papaya and iris. The shampoo has a scent of flowers and vanilla and ...\" \/>\n<meta property=\"og:url\" content=\"https:\/\/karmaprobeautystore.no\/nb_no\/produkt\/four-reasons-original-silver-duo\/\" \/>\n<meta property=\"og:site_name\" content=\"Karma Pro Beauty Store\" \/>\n<meta property=\"article:modified_time\" content=\"2026-02-10T17:54:02+00:00\" \/>\n<meta property=\"og:image\" content=\"https:\/\/karmaprobeautystore.no\/wp-content\/uploads\/2025\/01\/IMG_0353.webp\" \/>\n\t<meta property=\"og:image:width\" content=\"600\" \/>\n\t<meta property=\"og:image:height\" content=\"600\" \/>\n\t<meta property=\"og:image:type\" content=\"image\/webp\" \/>\n<meta name=\"twitter:card\" content=\"summary_large_image\" \/>\n<meta name=\"twitter:label1\" content=\"Ansl. lesetid\" \/>\n\t<meta name=\"twitter:data1\" content=\"2 minutter\" \/>\n<script type=\"application\/ld+json\" class=\"yoast-schema-graph\">{\"@context\":\"https:\\\/\\\/schema.org\",\"@graph\":[{\"@type\":\"WebPage\",\"@id\":\"https:\\\/\\\/karmaprobeautystore.no\\\/produkt\\\/four-reasons-original-silver-duo\\\/\",\"url\":\"https:\\\/\\\/karmaprobeautystore.no\\\/produkt\\\/four-reasons-original-silver-duo\\\/\",\"name\":\"Four Reasons Original Silver Duo - Karma Pro Beauty Store\",\"isPartOf\":{\"@id\":\"https:\\\/\\\/karmaprobeautystore.no\\\/en\\\/#website\"},\"primaryImageOfPage\":{\"@id\":\"https:\\\/\\\/karmaprobeautystore.no\\\/produkt\\\/four-reasons-original-silver-duo\\\/#primaryimage\"},\"image\":{\"@id\":\"https:\\\/\\\/karmaprobeautystore.no\\\/produkt\\\/four-reasons-original-silver-duo\\\/#primaryimage\"},\"thumbnailUrl\":\"https:\\\/\\\/karmaprobeautystore.no\\\/wp-content\\\/uploads\\\/2025\\\/01\\\/IMG_0353.webp\",\"datePublished\":\"2025-01-29T11:25:19+00:00\",\"dateModified\":\"2026-02-10T17:54:02+00:00\",\"breadcrumb\":{\"@id\":\"https:\\\/\\\/karmaprobeautystore.no\\\/produkt\\\/four-reasons-original-silver-duo\\\/#breadcrumb\"},\"inLanguage\":\"nb-NO\",\"potentialAction\":[{\"@type\":\"ReadAction\",\"target\":[\"https:\\\/\\\/karmaprobeautystore.no\\\/produkt\\\/four-reasons-original-silver-duo\\\/\"]}]},{\"@type\":\"ImageObject\",\"inLanguage\":\"nb-NO\",\"@id\":\"https:\\\/\\\/karmaprobeautystore.no\\\/produkt\\\/four-reasons-original-silver-duo\\\/#primaryimage\",\"url\":\"https:\\\/\\\/karmaprobeautystore.no\\\/wp-content\\\/uploads\\\/2025\\\/01\\\/IMG_0353.webp\",\"contentUrl\":\"https:\\\/\\\/karmaprobeautystore.no\\\/wp-content\\\/uploads\\\/2025\\\/01\\\/IMG_0353.webp\",\"width\":600,\"height\":600},{\"@type\":\"BreadcrumbList\",\"@id\":\"https:\\\/\\\/karmaprobeautystore.no\\\/produkt\\\/four-reasons-original-silver-duo\\\/#breadcrumb\",\"itemListElement\":[{\"@type\":\"ListItem\",\"position\":1,\"name\":\"Home\",\"item\":\"https:\\\/\\\/karmaprobeautystore.no\\\/\"},{\"@type\":\"ListItem\",\"position\":2,\"name\":\"Shop\",\"item\":\"https:\\\/\\\/karmaprobeautystore.no\\\/nb\\\/shop\\\/\"},{\"@type\":\"ListItem\",\"position\":3,\"name\":\"Four Reasons Original Silver Duo\"}]},{\"@type\":\"WebSite\",\"@id\":\"https:\\\/\\\/karmaprobeautystore.no\\\/en\\\/#website\",\"url\":\"https:\\\/\\\/karmaprobeautystore.no\\\/en\\\/\",\"name\":\"Karma Pro Beauty Store\",\"description\":\"\",\"potentialAction\":[{\"@type\":\"SearchAction\",\"target\":{\"@type\":\"EntryPoint\",\"urlTemplate\":\"https:\\\/\\\/karmaprobeautystore.no\\\/en\\\/?s={search_term_string}\"},\"query-input\":{\"@type\":\"PropertyValueSpecification\",\"valueRequired\":true,\"valueName\":\"search_term_string\"}}],\"inLanguage\":\"nb-NO\"}]}<\/script>\n<!-- \/ Yoast SEO plugin. -->","yoast_head_json":{"title":"Four Reasons Original Silver Duo - Karma Pro Beauty Store","robots":{"index":"index","follow":"follow","max-snippet":"max-snippet:-1","max-image-preview":"max-image-preview:large","max-video-preview":"max-video-preview:-1"},"canonical":"https:\/\/karmaprobeautystore.no\/nb_no\/produkt\/four-reasons-original-silver-duo\/","og_locale":"nb_NO","og_type":"article","og_title":"Four Reasons Original Silver Duo - Karma Pro Beauty Store","og_description":"Original Silver Duo: 2x500ml. Silver Shampoo 500 ml A pigmented shampoo that effectively neutralizes unwanted yellow tones in light hair. The shampoo rehydrates the hair while making it silky soft. Enriched with regenerating plant extract that gets its power from gotu kola, papaya and iris. The shampoo has a scent of flowers and vanilla and ...","og_url":"https:\/\/karmaprobeautystore.no\/nb_no\/produkt\/four-reasons-original-silver-duo\/","og_site_name":"Karma Pro Beauty Store","article_modified_time":"2026-02-10T17:54:02+00:00","og_image":[{"width":600,"height":600,"url":"https:\/\/karmaprobeautystore.no\/wp-content\/uploads\/2025\/01\/IMG_0353.webp","type":"image\/webp"}],"twitter_card":"summary_large_image","twitter_misc":{"Ansl. lesetid":"2 minutter"},"schema":{"@context":"https:\/\/schema.org","@graph":[{"@type":"WebPage","@id":"https:\/\/karmaprobeautystore.no\/produkt\/four-reasons-original-silver-duo\/","url":"https:\/\/karmaprobeautystore.no\/produkt\/four-reasons-original-silver-duo\/","name":"Four Reasons Original Silver Duo - Karma Pro Beauty Store","isPartOf":{"@id":"https:\/\/karmaprobeautystore.no\/en\/#website"},"primaryImageOfPage":{"@id":"https:\/\/karmaprobeautystore.no\/produkt\/four-reasons-original-silver-duo\/#primaryimage"},"image":{"@id":"https:\/\/karmaprobeautystore.no\/produkt\/four-reasons-original-silver-duo\/#primaryimage"},"thumbnailUrl":"https:\/\/karmaprobeautystore.no\/wp-content\/uploads\/2025\/01\/IMG_0353.webp","datePublished":"2025-01-29T11:25:19+00:00","dateModified":"2026-02-10T17:54:02+00:00","breadcrumb":{"@id":"https:\/\/karmaprobeautystore.no\/produkt\/four-reasons-original-silver-duo\/#breadcrumb"},"inLanguage":"nb-NO","potentialAction":[{"@type":"ReadAction","target":["https:\/\/karmaprobeautystore.no\/produkt\/four-reasons-original-silver-duo\/"]}]},{"@type":"ImageObject","inLanguage":"nb-NO","@id":"https:\/\/karmaprobeautystore.no\/produkt\/four-reasons-original-silver-duo\/#primaryimage","url":"https:\/\/karmaprobeautystore.no\/wp-content\/uploads\/2025\/01\/IMG_0353.webp","contentUrl":"https:\/\/karmaprobeautystore.no\/wp-content\/uploads\/2025\/01\/IMG_0353.webp","width":600,"height":600},{"@type":"BreadcrumbList","@id":"https:\/\/karmaprobeautystore.no\/produkt\/four-reasons-original-silver-duo\/#breadcrumb","itemListElement":[{"@type":"ListItem","position":1,"name":"Home","item":"https:\/\/karmaprobeautystore.no\/"},{"@type":"ListItem","position":2,"name":"Shop","item":"https:\/\/karmaprobeautystore.no\/nb\/shop\/"},{"@type":"ListItem","position":3,"name":"Four Reasons Original Silver Duo"}]},{"@type":"WebSite","@id":"https:\/\/karmaprobeautystore.no\/en\/#website","url":"https:\/\/karmaprobeautystore.no\/en\/","name":"Karma Pro Skj\u00f8nnhetsbutikk","description":"","potentialAction":[{"@type":"SearchAction","target":{"@type":"EntryPoint","urlTemplate":"https:\/\/karmaprobeautystore.no\/en\/?s={search_term_string}"},"query-input":{"@type":"PropertyValueSpecification","valueRequired":true,"valueName":"search_term_string"}}],"inLanguage":"nb-NO"}]}},"_links":{"self":[{"href":"https:\/\/karmaprobeautystore.no\/nb_no\/wp-json\/wp\/v2\/product\/4792","targetHints":{"allow":["GET"]}}],"collection":[{"href":"https:\/\/karmaprobeautystore.no\/nb_no\/wp-json\/wp\/v2\/product"}],"about":[{"href":"https:\/\/karmaprobeautystore.no\/nb_no\/wp-json\/wp\/v2\/types\/product"}],"replies":[{"embeddable":true,"href":"https:\/\/karmaprobeautystore.no\/nb_no\/wp-json\/wp\/v2\/comments?post=4792"}],"wp:featuredmedia":[{"embeddable":true,"href":"https:\/\/karmaprobeautystore.no\/nb_no\/wp-json\/wp\/v2\/media\/4793"}],"wp:attachment":[{"href":"https:\/\/karmaprobeautystore.no\/nb_no\/wp-json\/wp\/v2\/media?parent=4792"}],"wp:term":[{"taxonomy":"product_brand","embeddable":true,"href":"https:\/\/karmaprobeautystore.no\/nb_no\/wp-json\/wp\/v2\/product_brand?post=4792"},{"taxonomy":"product_cat","embeddable":true,"href":"https:\/\/karmaprobeautystore.no\/nb_no\/wp-json\/wp\/v2\/product_cat?post=4792"},{"taxonomy":"product_tag","embeddable":true,"href":"https:\/\/karmaprobeautystore.no\/nb_no\/wp-json\/wp\/v2\/product_tag?post=4792"}],"curies":[{"name":"wp","href":"https:\/\/api.w.org\/{rel}","templated":true}]}}