{"id":4786,"date":"2025-01-29T11:18:48","date_gmt":"2025-01-29T11:18:48","guid":{"rendered":"http:\/\/karmaprobeautystore.no\/?post_type=product&#038;p=4786"},"modified":"2025-04-16T13:58:20","modified_gmt":"2025-04-16T13:58:20","slug":"original-best-buy-neo-neox-straightener-matt-black-silver","status":"publish","type":"product","link":"https:\/\/karmaprobeautystore.no\/nb_no\/produkt\/original-best-buy-neo-neox-straightener-matt-black-silver\/","title":{"rendered":"Original Best Buy \u2013 NEO Neox Rettetang Matt Svart\/S\u00f8lv"},"content":{"rendered":"<p>Rettetang med lange keramiske\/turmalinplater<\/p>\n<ul>\n<li>Lange, flytende plater: 100 mm keramiske plater og turmalinplater som tilpasser seg h\u00e5rets struktur for en jevn og sk\u00e5nsom styling.<\/li>\n<li>Justerbar temperatur: Velg mellom 150 \u00b0C og 230 \u00b0C for \u00e5 tilpasse varmen til h\u00e5rtypen din og oppn\u00e5 langvarige resultater.<\/li>\n<li>L\u00e5semekanisme: Praktisk l\u00e5semekanisme for sikker oppbevaring og kompakt design.<\/li>\n<li>360\u00b0 roterende ledning: En 3 meter lang ledning gir fri bevegelse og gj\u00f8r det enkelt \u00e5 n\u00e5 alle vinkler under styling.<\/li>\n<li>Skinnende glatt h\u00e5r: Utviklet for \u00e5 gi et vakkert og glatt utseende samtidig som det beskytter h\u00e5ret mot skader.<\/li>\n<li>Skap det perfekte, glatte h\u00e5ret med denne effektive og brukervennlige rettetangen!<\/li>\n<\/ul>","protected":false},"excerpt":{"rendered":"<p>Rettetang med lange keramiske\/turmalinplater Lange flytende plater: 100 mm keramiske og turmalinplater som tilpasser seg h\u00e5rets struktur for jevn og sk\u00e5nsom styling. Justerbar temperatur: Velg mellom 150 \u00b0C og 230 \u00b0C for \u00e5 tilpasse varmen til h\u00e5rtypen din og oppn\u00e5 langvarige resultater. L\u00e5semekanisme: Praktisk l\u00e5semekanisme for sikker \u2026<\/p>","protected":false},"featured_media":4787,"menu_order":0,"comment_status":"open","ping_status":"closed","template":"","meta":{"_acf_changed":false},"product_brand":[],"product_cat":[161,163,158],"product_tag":[],"class_list":{"0":"post-4786","1":"product","2":"type-product","3":"status-publish","4":"has-post-thumbnail","6":"product_cat-beauty-products","7":"product_cat-hair-products","8":"product_cat-sale","10":"first","11":"instock","12":"sale","13":"taxable","14":"shipping-taxable","15":"purchasable","16":"product-type-simple"},"acf":[],"yoast_head":"<!-- This site is optimized with the Yoast SEO plugin v27.3 - https:\/\/yoast.com\/product\/yoast-seo-wordpress\/ -->\n<title>Original Best Buy - NEO Neox Straightener Matt Black\/Silver - Karma Pro Beauty Store<\/title>\n<meta name=\"robots\" content=\"index, follow, max-snippet:-1, max-image-preview:large, max-video-preview:-1\" \/>\n<link rel=\"canonical\" href=\"https:\/\/karmaprobeautystore.no\/nb_no\/produkt\/original-best-buy-neo-neox-straightener-matt-black-silver\/\" \/>\n<meta property=\"og:locale\" content=\"nb_NO\" \/>\n<meta property=\"og:type\" content=\"article\" \/>\n<meta property=\"og:title\" content=\"Original Best Buy - NEO Neox Straightener Matt Black\/Silver - Karma Pro Beauty Store\" \/>\n<meta property=\"og:description\" content=\"Straightener with long ceramic\/tourmaline plates Long floating plates: 100 mm ceramic and tourmaline plates that adapt to the structure of the hair for smooth and gentle styling. Adjustable temperature: Choose between 150 \u00b0C and 230 \u00b0C to adapt the heat to your hair type and achieve long-lasting results. Locking mechanism: Practical locking mechanism for safe ...\" \/>\n<meta property=\"og:url\" content=\"https:\/\/karmaprobeautystore.no\/nb_no\/produkt\/original-best-buy-neo-neox-straightener-matt-black-silver\/\" \/>\n<meta property=\"og:site_name\" content=\"Karma Pro Beauty Store\" \/>\n<meta property=\"article:modified_time\" content=\"2025-04-16T13:58:20+00:00\" \/>\n<meta property=\"og:image\" content=\"https:\/\/karmaprobeautystore.no\/wp-content\/uploads\/2025\/01\/0447502.jpg\" \/>\n\t<meta property=\"og:image:width\" content=\"774\" \/>\n\t<meta property=\"og:image:height\" content=\"523\" \/>\n\t<meta property=\"og:image:type\" content=\"image\/jpeg\" \/>\n<meta name=\"twitter:card\" content=\"summary_large_image\" \/>\n<meta name=\"twitter:label1\" content=\"Ansl. lesetid\" \/>\n\t<meta name=\"twitter:data1\" content=\"1 minutt\" \/>\n<script type=\"application\/ld+json\" class=\"yoast-schema-graph\">{\"@context\":\"https:\\\/\\\/schema.org\",\"@graph\":[{\"@type\":\"WebPage\",\"@id\":\"https:\\\/\\\/karmaprobeautystore.no\\\/product\\\/original-best-buy-neo-neox-straightener-matt-black-silver\\\/\",\"url\":\"https:\\\/\\\/karmaprobeautystore.no\\\/product\\\/original-best-buy-neo-neox-straightener-matt-black-silver\\\/\",\"name\":\"Original Best Buy - NEO Neox Straightener Matt Black\\\/Silver - Karma Pro Beauty Store\",\"isPartOf\":{\"@id\":\"https:\\\/\\\/karmaprobeautystore.no\\\/en\\\/#website\"},\"primaryImageOfPage\":{\"@id\":\"https:\\\/\\\/karmaprobeautystore.no\\\/product\\\/original-best-buy-neo-neox-straightener-matt-black-silver\\\/#primaryimage\"},\"image\":{\"@id\":\"https:\\\/\\\/karmaprobeautystore.no\\\/product\\\/original-best-buy-neo-neox-straightener-matt-black-silver\\\/#primaryimage\"},\"thumbnailUrl\":\"https:\\\/\\\/karmaprobeautystore.no\\\/wp-content\\\/uploads\\\/2025\\\/01\\\/0447502.jpg\",\"datePublished\":\"2025-01-29T11:18:48+00:00\",\"dateModified\":\"2025-04-16T13:58:20+00:00\",\"breadcrumb\":{\"@id\":\"https:\\\/\\\/karmaprobeautystore.no\\\/product\\\/original-best-buy-neo-neox-straightener-matt-black-silver\\\/#breadcrumb\"},\"inLanguage\":\"nb-NO\",\"potentialAction\":[{\"@type\":\"ReadAction\",\"target\":[\"https:\\\/\\\/karmaprobeautystore.no\\\/product\\\/original-best-buy-neo-neox-straightener-matt-black-silver\\\/\"]}]},{\"@type\":\"ImageObject\",\"inLanguage\":\"nb-NO\",\"@id\":\"https:\\\/\\\/karmaprobeautystore.no\\\/product\\\/original-best-buy-neo-neox-straightener-matt-black-silver\\\/#primaryimage\",\"url\":\"https:\\\/\\\/karmaprobeautystore.no\\\/wp-content\\\/uploads\\\/2025\\\/01\\\/0447502.jpg\",\"contentUrl\":\"https:\\\/\\\/karmaprobeautystore.no\\\/wp-content\\\/uploads\\\/2025\\\/01\\\/0447502.jpg\",\"width\":774,\"height\":523},{\"@type\":\"BreadcrumbList\",\"@id\":\"https:\\\/\\\/karmaprobeautystore.no\\\/product\\\/original-best-buy-neo-neox-straightener-matt-black-silver\\\/#breadcrumb\",\"itemListElement\":[{\"@type\":\"ListItem\",\"position\":1,\"name\":\"Home\",\"item\":\"https:\\\/\\\/karmaprobeautystore.no\\\/\"},{\"@type\":\"ListItem\",\"position\":2,\"name\":\"Shop\",\"item\":\"https:\\\/\\\/karmaprobeautystore.no\\\/nb\\\/shop\\\/\"},{\"@type\":\"ListItem\",\"position\":3,\"name\":\"Original Best Buy &#8211; NEO Neox Straightener Matt Black\\\/Silver\"}]},{\"@type\":\"WebSite\",\"@id\":\"https:\\\/\\\/karmaprobeautystore.no\\\/en\\\/#website\",\"url\":\"https:\\\/\\\/karmaprobeautystore.no\\\/en\\\/\",\"name\":\"Karma Pro Beauty Store\",\"description\":\"\",\"potentialAction\":[{\"@type\":\"SearchAction\",\"target\":{\"@type\":\"EntryPoint\",\"urlTemplate\":\"https:\\\/\\\/karmaprobeautystore.no\\\/en\\\/?s={search_term_string}\"},\"query-input\":{\"@type\":\"PropertyValueSpecification\",\"valueRequired\":true,\"valueName\":\"search_term_string\"}}],\"inLanguage\":\"nb-NO\"}]}<\/script>\n<!-- \/ Yoast SEO plugin. -->","yoast_head_json":{"title":"Original Best Buy - NEO Neox Straightener Matt Black\/Silver - Karma Pro Beauty Store","robots":{"index":"index","follow":"follow","max-snippet":"max-snippet:-1","max-image-preview":"max-image-preview:large","max-video-preview":"max-video-preview:-1"},"canonical":"https:\/\/karmaprobeautystore.no\/nb_no\/produkt\/original-best-buy-neo-neox-straightener-matt-black-silver\/","og_locale":"nb_NO","og_type":"article","og_title":"Original Best Buy - NEO Neox Straightener Matt Black\/Silver - Karma Pro Beauty Store","og_description":"Straightener with long ceramic\/tourmaline plates Long floating plates: 100 mm ceramic and tourmaline plates that adapt to the structure of the hair for smooth and gentle styling. Adjustable temperature: Choose between 150 \u00b0C and 230 \u00b0C to adapt the heat to your hair type and achieve long-lasting results. Locking mechanism: Practical locking mechanism for safe ...","og_url":"https:\/\/karmaprobeautystore.no\/nb_no\/produkt\/original-best-buy-neo-neox-straightener-matt-black-silver\/","og_site_name":"Karma Pro Beauty Store","article_modified_time":"2025-04-16T13:58:20+00:00","og_image":[{"width":774,"height":523,"url":"https:\/\/karmaprobeautystore.no\/wp-content\/uploads\/2025\/01\/0447502.jpg","type":"image\/jpeg"}],"twitter_card":"summary_large_image","twitter_misc":{"Ansl. lesetid":"1 minutt"},"schema":{"@context":"https:\/\/schema.org","@graph":[{"@type":"WebPage","@id":"https:\/\/karmaprobeautystore.no\/product\/original-best-buy-neo-neox-straightener-matt-black-silver\/","url":"https:\/\/karmaprobeautystore.no\/product\/original-best-buy-neo-neox-straightener-matt-black-silver\/","name":"Original Best Buy - NEO Neox Straightener Matt Black\/Silver - Karma Pro Beauty Store","isPartOf":{"@id":"https:\/\/karmaprobeautystore.no\/en\/#website"},"primaryImageOfPage":{"@id":"https:\/\/karmaprobeautystore.no\/product\/original-best-buy-neo-neox-straightener-matt-black-silver\/#primaryimage"},"image":{"@id":"https:\/\/karmaprobeautystore.no\/product\/original-best-buy-neo-neox-straightener-matt-black-silver\/#primaryimage"},"thumbnailUrl":"https:\/\/karmaprobeautystore.no\/wp-content\/uploads\/2025\/01\/0447502.jpg","datePublished":"2025-01-29T11:18:48+00:00","dateModified":"2025-04-16T13:58:20+00:00","breadcrumb":{"@id":"https:\/\/karmaprobeautystore.no\/product\/original-best-buy-neo-neox-straightener-matt-black-silver\/#breadcrumb"},"inLanguage":"nb-NO","potentialAction":[{"@type":"ReadAction","target":["https:\/\/karmaprobeautystore.no\/product\/original-best-buy-neo-neox-straightener-matt-black-silver\/"]}]},{"@type":"ImageObject","inLanguage":"nb-NO","@id":"https:\/\/karmaprobeautystore.no\/product\/original-best-buy-neo-neox-straightener-matt-black-silver\/#primaryimage","url":"https:\/\/karmaprobeautystore.no\/wp-content\/uploads\/2025\/01\/0447502.jpg","contentUrl":"https:\/\/karmaprobeautystore.no\/wp-content\/uploads\/2025\/01\/0447502.jpg","width":774,"height":523},{"@type":"BreadcrumbList","@id":"https:\/\/karmaprobeautystore.no\/product\/original-best-buy-neo-neox-straightener-matt-black-silver\/#breadcrumb","itemListElement":[{"@type":"ListItem","position":1,"name":"Home","item":"https:\/\/karmaprobeautystore.no\/"},{"@type":"ListItem","position":2,"name":"Shop","item":"https:\/\/karmaprobeautystore.no\/nb\/shop\/"},{"@type":"ListItem","position":3,"name":"Original Best Buy &#8211; NEO Neox Straightener Matt Black\/Silver"}]},{"@type":"WebSite","@id":"https:\/\/karmaprobeautystore.no\/en\/#website","url":"https:\/\/karmaprobeautystore.no\/en\/","name":"Karma Pro Skj\u00f8nnhetsbutikk","description":"","potentialAction":[{"@type":"SearchAction","target":{"@type":"EntryPoint","urlTemplate":"https:\/\/karmaprobeautystore.no\/en\/?s={search_term_string}"},"query-input":{"@type":"PropertyValueSpecification","valueRequired":true,"valueName":"search_term_string"}}],"inLanguage":"nb-NO"}]}},"_links":{"self":[{"href":"https:\/\/karmaprobeautystore.no\/nb_no\/wp-json\/wp\/v2\/product\/4786","targetHints":{"allow":["GET"]}}],"collection":[{"href":"https:\/\/karmaprobeautystore.no\/nb_no\/wp-json\/wp\/v2\/product"}],"about":[{"href":"https:\/\/karmaprobeautystore.no\/nb_no\/wp-json\/wp\/v2\/types\/product"}],"replies":[{"embeddable":true,"href":"https:\/\/karmaprobeautystore.no\/nb_no\/wp-json\/wp\/v2\/comments?post=4786"}],"wp:featuredmedia":[{"embeddable":true,"href":"https:\/\/karmaprobeautystore.no\/nb_no\/wp-json\/wp\/v2\/media\/4787"}],"wp:attachment":[{"href":"https:\/\/karmaprobeautystore.no\/nb_no\/wp-json\/wp\/v2\/media?parent=4786"}],"wp:term":[{"taxonomy":"product_brand","embeddable":true,"href":"https:\/\/karmaprobeautystore.no\/nb_no\/wp-json\/wp\/v2\/product_brand?post=4786"},{"taxonomy":"product_cat","embeddable":true,"href":"https:\/\/karmaprobeautystore.no\/nb_no\/wp-json\/wp\/v2\/product_cat?post=4786"},{"taxonomy":"product_tag","embeddable":true,"href":"https:\/\/karmaprobeautystore.no\/nb_no\/wp-json\/wp\/v2\/product_tag?post=4786"}],"curies":[{"name":"wp","href":"https:\/\/api.w.org\/{rel}","templated":true}]}}