{"id":4746,"date":"2025-01-23T13:32:52","date_gmt":"2025-01-23T13:32:52","guid":{"rendered":"http:\/\/karmaprobeautystore.no\/?post_type=product&#038;p=4746"},"modified":"2025-04-16T14:02:11","modified_gmt":"2025-04-16T14:02:11","slug":"jade-stone","status":"publish","type":"product","link":"https:\/\/karmaprobeautystore.no\/nb_no\/produkt\/jade-stone\/","title":{"rendered":"Jadestein"},"content":{"rendered":"<p><em><strong>For profesjonell bruk.<\/strong><\/em><\/p>\n<p>Jadesteinen er perfekt for \u00e5 p\u00e5f\u00f8re lim \u2013 beskytt med mikroporetape.<\/p>\n<p>Jadesteinens kj\u00f8lende effekt holder limet p\u00e5 en konstant temperatur, noe som gir en mer stabil limstreng.<\/p>\n<p>P\u00e5 grunn av sin naturlige opprinnelse kan fargen p\u00e5 jade variere.<\/p>","protected":false},"excerpt":{"rendered":"<p>For profesjonell bruk. Jadesteinen er perfekt for \u00e5 p\u00e5f\u00f8re lim \u2013 beskytt med mikroporetape. Jadesteinens kj\u00f8lende effekt holder limet p\u00e5 en konstant temperatur, noe som gir en mer stabil limstreng. P\u00e5 grunn av sin naturlige opprinnelse kan fargen p\u00e5 jade variere.<\/p>","protected":false},"featured_media":4747,"menu_order":0,"comment_status":"open","ping_status":"closed","template":"","meta":{"_acf_changed":false},"product_brand":[],"product_cat":[159],"product_tag":[],"class_list":{"0":"post-4746","1":"product","2":"type-product","3":"status-publish","4":"has-post-thumbnail","6":"product_cat-other","8":"first","9":"instock","10":"taxable","11":"shipping-taxable","12":"purchasable","13":"product-type-simple"},"acf":[],"yoast_head":"<!-- This site is optimized with the Yoast SEO plugin v27.3 - https:\/\/yoast.com\/product\/yoast-seo-wordpress\/ -->\n<title>Jade Stone - Karma Pro Beauty Store<\/title>\n<meta name=\"robots\" content=\"index, follow, max-snippet:-1, max-image-preview:large, max-video-preview:-1\" \/>\n<link rel=\"canonical\" href=\"https:\/\/karmaprobeautystore.no\/nb_no\/produkt\/jade-stone\/\" \/>\n<meta property=\"og:locale\" content=\"nb_NO\" \/>\n<meta property=\"og:type\" content=\"article\" \/>\n<meta property=\"og:title\" content=\"Jade Stone - Karma Pro Beauty Store\" \/>\n<meta property=\"og:description\" content=\"For professional use. The Jade Stone is perfect for dispensing adhesive on &#8211; protect with micropore tape. The Jade Stone&#8217;s cooling effect keeps the adhesive at a constant temperature, enabling a more stable bead of adhesive. Due to its natural origin, colour of jade may vary.\" \/>\n<meta property=\"og:url\" content=\"https:\/\/karmaprobeautystore.no\/nb_no\/produkt\/jade-stone\/\" \/>\n<meta property=\"og:site_name\" content=\"Karma Pro Beauty Store\" \/>\n<meta property=\"article:modified_time\" content=\"2025-04-16T14:02:11+00:00\" \/>\n<meta property=\"og:image\" content=\"https:\/\/karmaprobeautystore.no\/wp-content\/uploads\/2025\/01\/IMG_5830.webp\" \/>\n\t<meta property=\"og:image:width\" content=\"600\" \/>\n\t<meta property=\"og:image:height\" content=\"396\" \/>\n\t<meta property=\"og:image:type\" content=\"image\/webp\" \/>\n<meta name=\"twitter:card\" content=\"summary_large_image\" \/>\n<meta name=\"twitter:label1\" content=\"Ansl. lesetid\" \/>\n\t<meta name=\"twitter:data1\" content=\"1 minutt\" \/>\n<script type=\"application\/ld+json\" class=\"yoast-schema-graph\">{\"@context\":\"https:\\\/\\\/schema.org\",\"@graph\":[{\"@type\":\"WebPage\",\"@id\":\"https:\\\/\\\/karmaprobeautystore.no\\\/product\\\/jade-stone\\\/\",\"url\":\"https:\\\/\\\/karmaprobeautystore.no\\\/product\\\/jade-stone\\\/\",\"name\":\"Jade Stone - Karma Pro Beauty Store\",\"isPartOf\":{\"@id\":\"https:\\\/\\\/karmaprobeautystore.no\\\/en\\\/#website\"},\"primaryImageOfPage\":{\"@id\":\"https:\\\/\\\/karmaprobeautystore.no\\\/product\\\/jade-stone\\\/#primaryimage\"},\"image\":{\"@id\":\"https:\\\/\\\/karmaprobeautystore.no\\\/product\\\/jade-stone\\\/#primaryimage\"},\"thumbnailUrl\":\"https:\\\/\\\/karmaprobeautystore.no\\\/wp-content\\\/uploads\\\/2025\\\/01\\\/IMG_5830.webp\",\"datePublished\":\"2025-01-23T13:32:52+00:00\",\"dateModified\":\"2025-04-16T14:02:11+00:00\",\"breadcrumb\":{\"@id\":\"https:\\\/\\\/karmaprobeautystore.no\\\/product\\\/jade-stone\\\/#breadcrumb\"},\"inLanguage\":\"nb-NO\",\"potentialAction\":[{\"@type\":\"ReadAction\",\"target\":[\"https:\\\/\\\/karmaprobeautystore.no\\\/product\\\/jade-stone\\\/\"]}]},{\"@type\":\"ImageObject\",\"inLanguage\":\"nb-NO\",\"@id\":\"https:\\\/\\\/karmaprobeautystore.no\\\/product\\\/jade-stone\\\/#primaryimage\",\"url\":\"https:\\\/\\\/karmaprobeautystore.no\\\/wp-content\\\/uploads\\\/2025\\\/01\\\/IMG_5830.webp\",\"contentUrl\":\"https:\\\/\\\/karmaprobeautystore.no\\\/wp-content\\\/uploads\\\/2025\\\/01\\\/IMG_5830.webp\",\"width\":600,\"height\":396},{\"@type\":\"BreadcrumbList\",\"@id\":\"https:\\\/\\\/karmaprobeautystore.no\\\/product\\\/jade-stone\\\/#breadcrumb\",\"itemListElement\":[{\"@type\":\"ListItem\",\"position\":1,\"name\":\"Home\",\"item\":\"https:\\\/\\\/karmaprobeautystore.no\\\/\"},{\"@type\":\"ListItem\",\"position\":2,\"name\":\"Shop\",\"item\":\"https:\\\/\\\/karmaprobeautystore.no\\\/nb\\\/shop\\\/\"},{\"@type\":\"ListItem\",\"position\":3,\"name\":\"Jade Stone\"}]},{\"@type\":\"WebSite\",\"@id\":\"https:\\\/\\\/karmaprobeautystore.no\\\/en\\\/#website\",\"url\":\"https:\\\/\\\/karmaprobeautystore.no\\\/en\\\/\",\"name\":\"Karma Pro Beauty Store\",\"description\":\"\",\"potentialAction\":[{\"@type\":\"SearchAction\",\"target\":{\"@type\":\"EntryPoint\",\"urlTemplate\":\"https:\\\/\\\/karmaprobeautystore.no\\\/en\\\/?s={search_term_string}\"},\"query-input\":{\"@type\":\"PropertyValueSpecification\",\"valueRequired\":true,\"valueName\":\"search_term_string\"}}],\"inLanguage\":\"nb-NO\"}]}<\/script>\n<!-- \/ Yoast SEO plugin. -->","yoast_head_json":{"title":"Jade Stone - Karma Pro Beauty Store","robots":{"index":"index","follow":"follow","max-snippet":"max-snippet:-1","max-image-preview":"max-image-preview:large","max-video-preview":"max-video-preview:-1"},"canonical":"https:\/\/karmaprobeautystore.no\/nb_no\/produkt\/jade-stone\/","og_locale":"nb_NO","og_type":"article","og_title":"Jade Stone - Karma Pro Beauty Store","og_description":"For professional use. The Jade Stone is perfect for dispensing adhesive on &#8211; protect with micropore tape. The Jade Stone&#8217;s cooling effect keeps the adhesive at a constant temperature, enabling a more stable bead of adhesive. Due to its natural origin, colour of jade may vary.","og_url":"https:\/\/karmaprobeautystore.no\/nb_no\/produkt\/jade-stone\/","og_site_name":"Karma Pro Beauty Store","article_modified_time":"2025-04-16T14:02:11+00:00","og_image":[{"width":600,"height":396,"url":"https:\/\/karmaprobeautystore.no\/wp-content\/uploads\/2025\/01\/IMG_5830.webp","type":"image\/webp"}],"twitter_card":"summary_large_image","twitter_misc":{"Ansl. lesetid":"1 minutt"},"schema":{"@context":"https:\/\/schema.org","@graph":[{"@type":"WebPage","@id":"https:\/\/karmaprobeautystore.no\/product\/jade-stone\/","url":"https:\/\/karmaprobeautystore.no\/product\/jade-stone\/","name":"Jade Stone - Karma Pro Beauty Store","isPartOf":{"@id":"https:\/\/karmaprobeautystore.no\/en\/#website"},"primaryImageOfPage":{"@id":"https:\/\/karmaprobeautystore.no\/product\/jade-stone\/#primaryimage"},"image":{"@id":"https:\/\/karmaprobeautystore.no\/product\/jade-stone\/#primaryimage"},"thumbnailUrl":"https:\/\/karmaprobeautystore.no\/wp-content\/uploads\/2025\/01\/IMG_5830.webp","datePublished":"2025-01-23T13:32:52+00:00","dateModified":"2025-04-16T14:02:11+00:00","breadcrumb":{"@id":"https:\/\/karmaprobeautystore.no\/product\/jade-stone\/#breadcrumb"},"inLanguage":"nb-NO","potentialAction":[{"@type":"ReadAction","target":["https:\/\/karmaprobeautystore.no\/product\/jade-stone\/"]}]},{"@type":"ImageObject","inLanguage":"nb-NO","@id":"https:\/\/karmaprobeautystore.no\/product\/jade-stone\/#primaryimage","url":"https:\/\/karmaprobeautystore.no\/wp-content\/uploads\/2025\/01\/IMG_5830.webp","contentUrl":"https:\/\/karmaprobeautystore.no\/wp-content\/uploads\/2025\/01\/IMG_5830.webp","width":600,"height":396},{"@type":"BreadcrumbList","@id":"https:\/\/karmaprobeautystore.no\/product\/jade-stone\/#breadcrumb","itemListElement":[{"@type":"ListItem","position":1,"name":"Home","item":"https:\/\/karmaprobeautystore.no\/"},{"@type":"ListItem","position":2,"name":"Shop","item":"https:\/\/karmaprobeautystore.no\/nb\/shop\/"},{"@type":"ListItem","position":3,"name":"Jade Stone"}]},{"@type":"WebSite","@id":"https:\/\/karmaprobeautystore.no\/en\/#website","url":"https:\/\/karmaprobeautystore.no\/en\/","name":"Karma Pro Skj\u00f8nnhetsbutikk","description":"","potentialAction":[{"@type":"SearchAction","target":{"@type":"EntryPoint","urlTemplate":"https:\/\/karmaprobeautystore.no\/en\/?s={search_term_string}"},"query-input":{"@type":"PropertyValueSpecification","valueRequired":true,"valueName":"search_term_string"}}],"inLanguage":"nb-NO"}]}},"_links":{"self":[{"href":"https:\/\/karmaprobeautystore.no\/nb_no\/wp-json\/wp\/v2\/product\/4746","targetHints":{"allow":["GET"]}}],"collection":[{"href":"https:\/\/karmaprobeautystore.no\/nb_no\/wp-json\/wp\/v2\/product"}],"about":[{"href":"https:\/\/karmaprobeautystore.no\/nb_no\/wp-json\/wp\/v2\/types\/product"}],"replies":[{"embeddable":true,"href":"https:\/\/karmaprobeautystore.no\/nb_no\/wp-json\/wp\/v2\/comments?post=4746"}],"wp:featuredmedia":[{"embeddable":true,"href":"https:\/\/karmaprobeautystore.no\/nb_no\/wp-json\/wp\/v2\/media\/4747"}],"wp:attachment":[{"href":"https:\/\/karmaprobeautystore.no\/nb_no\/wp-json\/wp\/v2\/media?parent=4746"}],"wp:term":[{"taxonomy":"product_brand","embeddable":true,"href":"https:\/\/karmaprobeautystore.no\/nb_no\/wp-json\/wp\/v2\/product_brand?post=4746"},{"taxonomy":"product_cat","embeddable":true,"href":"https:\/\/karmaprobeautystore.no\/nb_no\/wp-json\/wp\/v2\/product_cat?post=4746"},{"taxonomy":"product_tag","embeddable":true,"href":"https:\/\/karmaprobeautystore.no\/nb_no\/wp-json\/wp\/v2\/product_tag?post=4746"}],"curies":[{"name":"wp","href":"https:\/\/api.w.org\/{rel}","templated":true}]}}