{"id":4737,"date":"2025-01-23T09:52:24","date_gmt":"2025-01-23T09:52:24","guid":{"rendered":"http:\/\/karmaprobeautystore.no\/?post_type=product&#038;p=4737"},"modified":"2026-02-11T18:24:17","modified_gmt":"2026-02-11T18:24:17","slug":"eyelashes-extensions-full-length-set","status":"publish","type":"product","link":"https:\/\/karmaprobeautystore.no\/nb_no\/produkt\/eyelashes-extensions-full-length-set\/","title":{"rendered":"Sett med vippeextensions i full lengde"},"content":{"rendered":"<p>En flott mulighet til \u00e5 kj\u00f8pe \u00f8yevipper i alle lengder til en ideell pris.<\/p>\n<p>Du kan velge mellom \u2013<\/p>\n<ul>\n<li>C 0,06<\/li>\n<li>D 0,06<\/li>\n<li>C 0,12<\/li>\n<li>D 0,12<\/li>\n<\/ul>\n<p>Inkludert 10 esker \u2013 5 mm, 6 mm, 7 mm, 8 mm, 9 mm, 10 mm, 11 mm, 12 mm, 13 mm, 14 mm.<\/p>","protected":false},"excerpt":{"rendered":"<p>Disse vippene er en profesjonell favoritt av en grunn. De har koniske tupper og en solid base, noe som gj\u00f8r p\u00e5f\u00f8ringen til en lek samtidig som de er sk\u00e5nsomme mot ber\u00f8ring. Den uovertrufne holdbarheten sikrer en langvarig perfekt kr\u00f8ll som t\u00e5ler tidens tann.<\/p>","protected":false},"featured_media":4580,"menu_order":0,"comment_status":"open","ping_status":"closed","template":"","meta":{"_acf_changed":false},"product_brand":[],"product_cat":[160],"product_tag":[],"class_list":{"0":"post-4737","1":"product","2":"type-product","3":"status-publish","4":"has-post-thumbnail","6":"product_cat-good-deals","8":"first","9":"instock","10":"sale","11":"taxable","12":"shipping-taxable","13":"purchasable","14":"product-type-variable","15":"rtwpvg-product","16":"rtwpvs-product"},"acf":[],"yoast_head":"<!-- This site is optimized with the Yoast SEO plugin v27.3 - https:\/\/yoast.com\/product\/yoast-seo-wordpress\/ -->\n<title>Eyelashes extensions full length set - Karma Pro Beauty Store<\/title>\n<meta name=\"robots\" content=\"index, follow, max-snippet:-1, max-image-preview:large, max-video-preview:-1\" \/>\n<link rel=\"canonical\" href=\"https:\/\/karmaprobeautystore.no\/nb_no\/produkt\/eyelashes-extensions-full-length-set\/\" \/>\n<meta property=\"og:locale\" content=\"nb_NO\" \/>\n<meta property=\"og:type\" content=\"article\" \/>\n<meta property=\"og:title\" content=\"Eyelashes extensions full length set - Karma Pro Beauty Store\" \/>\n<meta property=\"og:description\" content=\"These lashes are a professional favorite for a reason. They feature tapered tips and a sturdy base, making application a breeze while remaining gentle to the touch. Their unmatched durability ensures a long-lasting perfect curl that stands the test of time.\" \/>\n<meta property=\"og:url\" content=\"https:\/\/karmaprobeautystore.no\/nb_no\/produkt\/eyelashes-extensions-full-length-set\/\" \/>\n<meta property=\"og:site_name\" content=\"Karma Pro Beauty Store\" \/>\n<meta property=\"article:modified_time\" content=\"2026-02-11T18:24:17+00:00\" \/>\n<meta property=\"og:image\" content=\"https:\/\/karmaprobeautystore.no\/wp-content\/uploads\/2024\/12\/karma-2748-Edit-scaled.jpeg\" \/>\n\t<meta property=\"og:image:width\" content=\"2560\" \/>\n\t<meta property=\"og:image:height\" content=\"1709\" \/>\n\t<meta property=\"og:image:type\" content=\"image\/jpeg\" \/>\n<meta name=\"twitter:card\" content=\"summary_large_image\" \/>\n<meta name=\"twitter:label1\" content=\"Ansl. lesetid\" \/>\n\t<meta name=\"twitter:data1\" content=\"1 minutt\" \/>\n<script type=\"application\/ld+json\" class=\"yoast-schema-graph\">{\"@context\":\"https:\\\/\\\/schema.org\",\"@graph\":[{\"@type\":\"WebPage\",\"@id\":\"https:\\\/\\\/karmaprobeautystore.no\\\/produkt\\\/eyelashes-extensions-full-length-set\\\/\",\"url\":\"https:\\\/\\\/karmaprobeautystore.no\\\/produkt\\\/eyelashes-extensions-full-length-set\\\/\",\"name\":\"Eyelashes extensions full length set - Karma Pro Beauty Store\",\"isPartOf\":{\"@id\":\"https:\\\/\\\/karmaprobeautystore.no\\\/en\\\/#website\"},\"primaryImageOfPage\":{\"@id\":\"https:\\\/\\\/karmaprobeautystore.no\\\/produkt\\\/eyelashes-extensions-full-length-set\\\/#primaryimage\"},\"image\":{\"@id\":\"https:\\\/\\\/karmaprobeautystore.no\\\/produkt\\\/eyelashes-extensions-full-length-set\\\/#primaryimage\"},\"thumbnailUrl\":\"https:\\\/\\\/karmaprobeautystore.no\\\/wp-content\\\/uploads\\\/2024\\\/12\\\/karma-2748-Edit-scaled.jpeg\",\"datePublished\":\"2025-01-23T09:52:24+00:00\",\"dateModified\":\"2026-02-11T18:24:17+00:00\",\"breadcrumb\":{\"@id\":\"https:\\\/\\\/karmaprobeautystore.no\\\/produkt\\\/eyelashes-extensions-full-length-set\\\/#breadcrumb\"},\"inLanguage\":\"nb-NO\",\"potentialAction\":[{\"@type\":\"ReadAction\",\"target\":[\"https:\\\/\\\/karmaprobeautystore.no\\\/produkt\\\/eyelashes-extensions-full-length-set\\\/\"]}]},{\"@type\":\"ImageObject\",\"inLanguage\":\"nb-NO\",\"@id\":\"https:\\\/\\\/karmaprobeautystore.no\\\/produkt\\\/eyelashes-extensions-full-length-set\\\/#primaryimage\",\"url\":\"https:\\\/\\\/karmaprobeautystore.no\\\/wp-content\\\/uploads\\\/2024\\\/12\\\/karma-2748-Edit-scaled.jpeg\",\"contentUrl\":\"https:\\\/\\\/karmaprobeautystore.no\\\/wp-content\\\/uploads\\\/2024\\\/12\\\/karma-2748-Edit-scaled.jpeg\",\"width\":2560,\"height\":1709},{\"@type\":\"BreadcrumbList\",\"@id\":\"https:\\\/\\\/karmaprobeautystore.no\\\/produkt\\\/eyelashes-extensions-full-length-set\\\/#breadcrumb\",\"itemListElement\":[{\"@type\":\"ListItem\",\"position\":1,\"name\":\"Home\",\"item\":\"https:\\\/\\\/karmaprobeautystore.no\\\/\"},{\"@type\":\"ListItem\",\"position\":2,\"name\":\"Shop\",\"item\":\"https:\\\/\\\/karmaprobeautystore.no\\\/nb\\\/shop\\\/\"},{\"@type\":\"ListItem\",\"position\":3,\"name\":\"Eyelashes extensions full length set\"}]},{\"@type\":\"WebSite\",\"@id\":\"https:\\\/\\\/karmaprobeautystore.no\\\/en\\\/#website\",\"url\":\"https:\\\/\\\/karmaprobeautystore.no\\\/en\\\/\",\"name\":\"Karma Pro Beauty Store\",\"description\":\"\",\"potentialAction\":[{\"@type\":\"SearchAction\",\"target\":{\"@type\":\"EntryPoint\",\"urlTemplate\":\"https:\\\/\\\/karmaprobeautystore.no\\\/en\\\/?s={search_term_string}\"},\"query-input\":{\"@type\":\"PropertyValueSpecification\",\"valueRequired\":true,\"valueName\":\"search_term_string\"}}],\"inLanguage\":\"nb-NO\"}]}<\/script>\n<!-- \/ Yoast SEO plugin. -->","yoast_head_json":{"title":"Eyelashes extensions full length set - Karma Pro Beauty Store","robots":{"index":"index","follow":"follow","max-snippet":"max-snippet:-1","max-image-preview":"max-image-preview:large","max-video-preview":"max-video-preview:-1"},"canonical":"https:\/\/karmaprobeautystore.no\/nb_no\/produkt\/eyelashes-extensions-full-length-set\/","og_locale":"nb_NO","og_type":"article","og_title":"Eyelashes extensions full length set - Karma Pro Beauty Store","og_description":"These lashes are a professional favorite for a reason. They feature tapered tips and a sturdy base, making application a breeze while remaining gentle to the touch. Their unmatched durability ensures a long-lasting perfect curl that stands the test of time.","og_url":"https:\/\/karmaprobeautystore.no\/nb_no\/produkt\/eyelashes-extensions-full-length-set\/","og_site_name":"Karma Pro Beauty Store","article_modified_time":"2026-02-11T18:24:17+00:00","og_image":[{"width":2560,"height":1709,"url":"https:\/\/karmaprobeautystore.no\/wp-content\/uploads\/2024\/12\/karma-2748-Edit-scaled.jpeg","type":"image\/jpeg"}],"twitter_card":"summary_large_image","twitter_misc":{"Ansl. lesetid":"1 minutt"},"schema":{"@context":"https:\/\/schema.org","@graph":[{"@type":"WebPage","@id":"https:\/\/karmaprobeautystore.no\/produkt\/eyelashes-extensions-full-length-set\/","url":"https:\/\/karmaprobeautystore.no\/produkt\/eyelashes-extensions-full-length-set\/","name":"Eyelashes extensions full length set - Karma Pro Beauty Store","isPartOf":{"@id":"https:\/\/karmaprobeautystore.no\/en\/#website"},"primaryImageOfPage":{"@id":"https:\/\/karmaprobeautystore.no\/produkt\/eyelashes-extensions-full-length-set\/#primaryimage"},"image":{"@id":"https:\/\/karmaprobeautystore.no\/produkt\/eyelashes-extensions-full-length-set\/#primaryimage"},"thumbnailUrl":"https:\/\/karmaprobeautystore.no\/wp-content\/uploads\/2024\/12\/karma-2748-Edit-scaled.jpeg","datePublished":"2025-01-23T09:52:24+00:00","dateModified":"2026-02-11T18:24:17+00:00","breadcrumb":{"@id":"https:\/\/karmaprobeautystore.no\/produkt\/eyelashes-extensions-full-length-set\/#breadcrumb"},"inLanguage":"nb-NO","potentialAction":[{"@type":"ReadAction","target":["https:\/\/karmaprobeautystore.no\/produkt\/eyelashes-extensions-full-length-set\/"]}]},{"@type":"ImageObject","inLanguage":"nb-NO","@id":"https:\/\/karmaprobeautystore.no\/produkt\/eyelashes-extensions-full-length-set\/#primaryimage","url":"https:\/\/karmaprobeautystore.no\/wp-content\/uploads\/2024\/12\/karma-2748-Edit-scaled.jpeg","contentUrl":"https:\/\/karmaprobeautystore.no\/wp-content\/uploads\/2024\/12\/karma-2748-Edit-scaled.jpeg","width":2560,"height":1709},{"@type":"BreadcrumbList","@id":"https:\/\/karmaprobeautystore.no\/produkt\/eyelashes-extensions-full-length-set\/#breadcrumb","itemListElement":[{"@type":"ListItem","position":1,"name":"Home","item":"https:\/\/karmaprobeautystore.no\/"},{"@type":"ListItem","position":2,"name":"Shop","item":"https:\/\/karmaprobeautystore.no\/nb\/shop\/"},{"@type":"ListItem","position":3,"name":"Eyelashes extensions full length set"}]},{"@type":"WebSite","@id":"https:\/\/karmaprobeautystore.no\/en\/#website","url":"https:\/\/karmaprobeautystore.no\/en\/","name":"Karma Pro Skj\u00f8nnhetsbutikk","description":"","potentialAction":[{"@type":"SearchAction","target":{"@type":"EntryPoint","urlTemplate":"https:\/\/karmaprobeautystore.no\/en\/?s={search_term_string}"},"query-input":{"@type":"PropertyValueSpecification","valueRequired":true,"valueName":"search_term_string"}}],"inLanguage":"nb-NO"}]}},"_links":{"self":[{"href":"https:\/\/karmaprobeautystore.no\/nb_no\/wp-json\/wp\/v2\/product\/4737","targetHints":{"allow":["GET"]}}],"collection":[{"href":"https:\/\/karmaprobeautystore.no\/nb_no\/wp-json\/wp\/v2\/product"}],"about":[{"href":"https:\/\/karmaprobeautystore.no\/nb_no\/wp-json\/wp\/v2\/types\/product"}],"replies":[{"embeddable":true,"href":"https:\/\/karmaprobeautystore.no\/nb_no\/wp-json\/wp\/v2\/comments?post=4737"}],"wp:featuredmedia":[{"embeddable":true,"href":"https:\/\/karmaprobeautystore.no\/nb_no\/wp-json\/wp\/v2\/media\/4580"}],"wp:attachment":[{"href":"https:\/\/karmaprobeautystore.no\/nb_no\/wp-json\/wp\/v2\/media?parent=4737"}],"wp:term":[{"taxonomy":"product_brand","embeddable":true,"href":"https:\/\/karmaprobeautystore.no\/nb_no\/wp-json\/wp\/v2\/product_brand?post=4737"},{"taxonomy":"product_cat","embeddable":true,"href":"https:\/\/karmaprobeautystore.no\/nb_no\/wp-json\/wp\/v2\/product_cat?post=4737"},{"taxonomy":"product_tag","embeddable":true,"href":"https:\/\/karmaprobeautystore.no\/nb_no\/wp-json\/wp\/v2\/product_tag?post=4737"}],"curies":[{"name":"wp","href":"https:\/\/api.w.org\/{rel}","templated":true}]}}