{"id":4588,"date":"2025-01-06T20:05:18","date_gmt":"2025-01-06T20:05:18","guid":{"rendered":"http:\/\/karmaprobeautystore.no\/?post_type=product&#038;p=4588"},"modified":"2026-04-01T12:01:30","modified_gmt":"2026-04-01T12:01:30","slug":"lash-primer-2","status":"publish","type":"product","link":"https:\/\/karmaprobeautystore.no\/nb_no\/produkt\/lash-primer-2\/","title":{"rendered":"Vippeprimer"},"content":{"rendered":"<ul>\n<li>Alkoholfri<\/li>\n<li>Ferskensmak<\/li>\n<li>Forleng \u00f8yevippeholdtiden<\/li>\n<li>15 ml.<\/li>\n<\/ul>\n<p>&nbsp;<\/p>","protected":false},"excerpt":{"rendered":"<p><strong>Lengre oppbevaring:<\/strong>\u00a0Vippeprimer beskytter ogs\u00e5 dine naturlige vipper, og skaper en bedre binding mellom extensions og naturlige vipper. N\u00e5r du bruker vippeprimer, vil du holde p\u00e5 vippene dine bedre enn noensinne!<strong><br \/>\n<\/strong><\/p>\n<p><strong>Slik bruker du:<\/strong>\u00a0F\u00f8r vippeextensions, p\u00e5f\u00f8r en liten mengde primer p\u00e5 kundens naturlige vipper ved \u00e5 p\u00e5f\u00f8re med en mikrofiberb\u00f8rste fra roten og oppover. En liten mengde varer lenge!<\/p>\n<p><strong>KUN FOR PROFESJONELL BRUK:\u00a0<\/strong>V\u00e5r vippeprimer er beregnet for bruk av profesjonelle vippeartister. S\u00f8rg for at du ikke f\u00e5r primer i kundens \u00f8yne. Ikke bruk den p\u00e5 deg selv. S\u00f8rg for at du ikke f\u00e5r primer i kundens \u00f8yne.<\/p>\n<p><strong>Sikkerhet og kvalitet:<\/strong>\u00a0 Karma Lash Primer beskytter deg og kundene dine. Den er testet og godkjent i henhold til medisinske standarder ISO 9001:2008, ISO 14001:2004 og ITC.<\/p>","protected":false},"featured_media":4348,"menu_order":0,"comment_status":"open","ping_status":"closed","template":"","meta":{"_acf_changed":false},"product_brand":[],"product_cat":[154,158],"product_tag":[],"class_list":{"0":"post-4588","1":"product","2":"type-product","3":"status-publish","4":"has-post-thumbnail","6":"product_cat-glues-and-preparation","7":"product_cat-sale","9":"first","10":"instock","11":"sale","12":"taxable","13":"shipping-taxable","14":"purchasable","15":"product-type-simple"},"acf":[],"yoast_head":"<!-- This site is optimized with the Yoast SEO plugin v27.3 - https:\/\/yoast.com\/product\/yoast-seo-wordpress\/ -->\n<title>Lash Primer - Karma Pro Beauty Store<\/title>\n<meta name=\"robots\" content=\"index, follow, max-snippet:-1, max-image-preview:large, max-video-preview:-1\" \/>\n<link rel=\"canonical\" href=\"https:\/\/karmaprobeautystore.no\/nb_no\/produkt\/lash-primer-2\/\" \/>\n<meta property=\"og:locale\" content=\"nb_NO\" \/>\n<meta property=\"og:type\" content=\"article\" \/>\n<meta property=\"og:title\" content=\"Lash Primer - Karma Pro Beauty Store\" \/>\n<meta property=\"og:description\" content=\"Longer retention:\u00a0Eyelash primer also protects your natural lashes, creating a better bond between extensions and natural lashes. When using lash primer, your retention will be better than ever!   How to Use:\u00a0Before lash extension, apply a small amount of primer to client&#039;s natural lashes by applying with a microfiber brush from the root upwards. A small amount goes a long way!  FOR PROFESSIONAL USE ONLY:\u00a0Our lash primer is intended for use by professional lash artists. Make sure not to get any primer in your client&#039;s eyes. Don&#039;t use it on yourself. Make sure not to get any primer in your client&#039;s eyes.  Safety And Quality:\u00a0 Karma Lash Primer Ultimately Protects You And Your Customers. It Has Been Tested And Approved By Medical Standards Iso 9001:2008, Iso 14001:2004 And Itqa.\" \/>\n<meta property=\"og:url\" content=\"https:\/\/karmaprobeautystore.no\/nb_no\/produkt\/lash-primer-2\/\" \/>\n<meta property=\"og:site_name\" content=\"Karma Pro Beauty Store\" \/>\n<meta property=\"article:modified_time\" content=\"2026-04-01T12:01:30+00:00\" \/>\n<meta property=\"og:image\" content=\"https:\/\/karmaprobeautystore.no\/wp-content\/uploads\/2022\/01\/lash-primer-scaled.jpg\" \/>\n\t<meta property=\"og:image:width\" content=\"2560\" \/>\n\t<meta property=\"og:image:height\" content=\"1709\" \/>\n\t<meta property=\"og:image:type\" content=\"image\/jpeg\" \/>\n<meta name=\"twitter:card\" content=\"summary_large_image\" \/>\n<meta name=\"twitter:label1\" content=\"Ansl. lesetid\" \/>\n\t<meta name=\"twitter:data1\" content=\"1 minutt\" \/>\n<script type=\"application\/ld+json\" class=\"yoast-schema-graph\">{\"@context\":\"https:\\\/\\\/schema.org\",\"@graph\":[{\"@type\":\"WebPage\",\"@id\":\"https:\\\/\\\/karmaprobeautystore.no\\\/produkt\\\/lash-primer-2\\\/\",\"url\":\"https:\\\/\\\/karmaprobeautystore.no\\\/produkt\\\/lash-primer-2\\\/\",\"name\":\"Lash Primer - Karma Pro Beauty Store\",\"isPartOf\":{\"@id\":\"https:\\\/\\\/karmaprobeautystore.no\\\/en\\\/#website\"},\"primaryImageOfPage\":{\"@id\":\"https:\\\/\\\/karmaprobeautystore.no\\\/produkt\\\/lash-primer-2\\\/#primaryimage\"},\"image\":{\"@id\":\"https:\\\/\\\/karmaprobeautystore.no\\\/produkt\\\/lash-primer-2\\\/#primaryimage\"},\"thumbnailUrl\":\"https:\\\/\\\/karmaprobeautystore.no\\\/wp-content\\\/uploads\\\/2022\\\/01\\\/lash-primer-scaled.jpg\",\"datePublished\":\"2025-01-06T20:05:18+00:00\",\"dateModified\":\"2026-04-01T12:01:30+00:00\",\"breadcrumb\":{\"@id\":\"https:\\\/\\\/karmaprobeautystore.no\\\/produkt\\\/lash-primer-2\\\/#breadcrumb\"},\"inLanguage\":\"nb-NO\",\"potentialAction\":[{\"@type\":\"ReadAction\",\"target\":[\"https:\\\/\\\/karmaprobeautystore.no\\\/produkt\\\/lash-primer-2\\\/\"]}]},{\"@type\":\"ImageObject\",\"inLanguage\":\"nb-NO\",\"@id\":\"https:\\\/\\\/karmaprobeautystore.no\\\/produkt\\\/lash-primer-2\\\/#primaryimage\",\"url\":\"https:\\\/\\\/karmaprobeautystore.no\\\/wp-content\\\/uploads\\\/2022\\\/01\\\/lash-primer-scaled.jpg\",\"contentUrl\":\"https:\\\/\\\/karmaprobeautystore.no\\\/wp-content\\\/uploads\\\/2022\\\/01\\\/lash-primer-scaled.jpg\",\"width\":2560,\"height\":1709},{\"@type\":\"BreadcrumbList\",\"@id\":\"https:\\\/\\\/karmaprobeautystore.no\\\/produkt\\\/lash-primer-2\\\/#breadcrumb\",\"itemListElement\":[{\"@type\":\"ListItem\",\"position\":1,\"name\":\"Home\",\"item\":\"https:\\\/\\\/karmaprobeautystore.no\\\/\"},{\"@type\":\"ListItem\",\"position\":2,\"name\":\"Shop\",\"item\":\"https:\\\/\\\/karmaprobeautystore.no\\\/nb\\\/shop\\\/\"},{\"@type\":\"ListItem\",\"position\":3,\"name\":\"Lash Primer\"}]},{\"@type\":\"WebSite\",\"@id\":\"https:\\\/\\\/karmaprobeautystore.no\\\/en\\\/#website\",\"url\":\"https:\\\/\\\/karmaprobeautystore.no\\\/en\\\/\",\"name\":\"Karma Pro Beauty Store\",\"description\":\"\",\"potentialAction\":[{\"@type\":\"SearchAction\",\"target\":{\"@type\":\"EntryPoint\",\"urlTemplate\":\"https:\\\/\\\/karmaprobeautystore.no\\\/en\\\/?s={search_term_string}\"},\"query-input\":{\"@type\":\"PropertyValueSpecification\",\"valueRequired\":true,\"valueName\":\"search_term_string\"}}],\"inLanguage\":\"nb-NO\"}]}<\/script>\n<!-- \/ Yoast SEO plugin. -->","yoast_head_json":{"title":"Lash Primer - Karma Pro Beauty Store","robots":{"index":"index","follow":"follow","max-snippet":"max-snippet:-1","max-image-preview":"max-image-preview:large","max-video-preview":"max-video-preview:-1"},"canonical":"https:\/\/karmaprobeautystore.no\/nb_no\/produkt\/lash-primer-2\/","og_locale":"nb_NO","og_type":"article","og_title":"Lash Primer - Karma Pro Beauty Store","og_description":"Longer retention:\u00a0Eyelash primer also protects your natural lashes, creating a better bond between extensions and natural lashes. When using lash primer, your retention will be better than ever!   How to Use:\u00a0Before lash extension, apply a small amount of primer to client's natural lashes by applying with a microfiber brush from the root upwards. A small amount goes a long way!  FOR PROFESSIONAL USE ONLY:\u00a0Our lash primer is intended for use by professional lash artists. Make sure not to get any primer in your client's eyes. Don't use it on yourself. Make sure not to get any primer in your client's eyes.  Safety And Quality:\u00a0 Karma Lash Primer Ultimately Protects You And Your Customers. It Has Been Tested And Approved By Medical Standards Iso 9001:2008, Iso 14001:2004 And Itqa.","og_url":"https:\/\/karmaprobeautystore.no\/nb_no\/produkt\/lash-primer-2\/","og_site_name":"Karma Pro Beauty Store","article_modified_time":"2026-04-01T12:01:30+00:00","og_image":[{"width":2560,"height":1709,"url":"https:\/\/karmaprobeautystore.no\/wp-content\/uploads\/2022\/01\/lash-primer-scaled.jpg","type":"image\/jpeg"}],"twitter_card":"summary_large_image","twitter_misc":{"Ansl. lesetid":"1 minutt"},"schema":{"@context":"https:\/\/schema.org","@graph":[{"@type":"WebPage","@id":"https:\/\/karmaprobeautystore.no\/produkt\/lash-primer-2\/","url":"https:\/\/karmaprobeautystore.no\/produkt\/lash-primer-2\/","name":"Lash Primer - Karma Pro Beauty Store","isPartOf":{"@id":"https:\/\/karmaprobeautystore.no\/en\/#website"},"primaryImageOfPage":{"@id":"https:\/\/karmaprobeautystore.no\/produkt\/lash-primer-2\/#primaryimage"},"image":{"@id":"https:\/\/karmaprobeautystore.no\/produkt\/lash-primer-2\/#primaryimage"},"thumbnailUrl":"https:\/\/karmaprobeautystore.no\/wp-content\/uploads\/2022\/01\/lash-primer-scaled.jpg","datePublished":"2025-01-06T20:05:18+00:00","dateModified":"2026-04-01T12:01:30+00:00","breadcrumb":{"@id":"https:\/\/karmaprobeautystore.no\/produkt\/lash-primer-2\/#breadcrumb"},"inLanguage":"nb-NO","potentialAction":[{"@type":"ReadAction","target":["https:\/\/karmaprobeautystore.no\/produkt\/lash-primer-2\/"]}]},{"@type":"ImageObject","inLanguage":"nb-NO","@id":"https:\/\/karmaprobeautystore.no\/produkt\/lash-primer-2\/#primaryimage","url":"https:\/\/karmaprobeautystore.no\/wp-content\/uploads\/2022\/01\/lash-primer-scaled.jpg","contentUrl":"https:\/\/karmaprobeautystore.no\/wp-content\/uploads\/2022\/01\/lash-primer-scaled.jpg","width":2560,"height":1709},{"@type":"BreadcrumbList","@id":"https:\/\/karmaprobeautystore.no\/produkt\/lash-primer-2\/#breadcrumb","itemListElement":[{"@type":"ListItem","position":1,"name":"Home","item":"https:\/\/karmaprobeautystore.no\/"},{"@type":"ListItem","position":2,"name":"Shop","item":"https:\/\/karmaprobeautystore.no\/nb\/shop\/"},{"@type":"ListItem","position":3,"name":"Lash Primer"}]},{"@type":"WebSite","@id":"https:\/\/karmaprobeautystore.no\/en\/#website","url":"https:\/\/karmaprobeautystore.no\/en\/","name":"Karma Pro Skj\u00f8nnhetsbutikk","description":"","potentialAction":[{"@type":"SearchAction","target":{"@type":"EntryPoint","urlTemplate":"https:\/\/karmaprobeautystore.no\/en\/?s={search_term_string}"},"query-input":{"@type":"PropertyValueSpecification","valueRequired":true,"valueName":"search_term_string"}}],"inLanguage":"nb-NO"}]}},"_links":{"self":[{"href":"https:\/\/karmaprobeautystore.no\/nb_no\/wp-json\/wp\/v2\/product\/4588","targetHints":{"allow":["GET"]}}],"collection":[{"href":"https:\/\/karmaprobeautystore.no\/nb_no\/wp-json\/wp\/v2\/product"}],"about":[{"href":"https:\/\/karmaprobeautystore.no\/nb_no\/wp-json\/wp\/v2\/types\/product"}],"replies":[{"embeddable":true,"href":"https:\/\/karmaprobeautystore.no\/nb_no\/wp-json\/wp\/v2\/comments?post=4588"}],"wp:featuredmedia":[{"embeddable":true,"href":"https:\/\/karmaprobeautystore.no\/nb_no\/wp-json\/wp\/v2\/media\/4348"}],"wp:attachment":[{"href":"https:\/\/karmaprobeautystore.no\/nb_no\/wp-json\/wp\/v2\/media?parent=4588"}],"wp:term":[{"taxonomy":"product_brand","embeddable":true,"href":"https:\/\/karmaprobeautystore.no\/nb_no\/wp-json\/wp\/v2\/product_brand?post=4588"},{"taxonomy":"product_cat","embeddable":true,"href":"https:\/\/karmaprobeautystore.no\/nb_no\/wp-json\/wp\/v2\/product_cat?post=4588"},{"taxonomy":"product_tag","embeddable":true,"href":"https:\/\/karmaprobeautystore.no\/nb_no\/wp-json\/wp\/v2\/product_tag?post=4588"}],"curies":[{"name":"wp","href":"https:\/\/api.w.org\/{rel}","templated":true}]}}