{"id":4587,"date":"2025-01-06T19:13:32","date_gmt":"2025-01-06T19:13:32","guid":{"rendered":"http:\/\/karmaprobeautystore.no\/?post_type=product&#038;p=4587"},"modified":"2026-03-17T20:20:42","modified_gmt":"2026-03-17T20:20:42","slug":"lash-cleansing-brush","status":"publish","type":"product","link":"https:\/\/karmaprobeautystore.no\/nb_no\/produkt\/lash-cleansing-brush\/","title":{"rendered":"Vippe-renseb\u00f8rste"},"content":{"rendered":"<div class=\"product-h1\"><\/div>\n<div id=\"product\">\n<div class=\"product_bg\">\n<div class=\"form-group buy catalog_hide\">\n<div><\/div>\n<\/div>\n<\/div>\n<\/div>\n<div class=\"info\">\n<p>Vippeb\u00f8rsten v\u00e5r er laget med ultrafine fibre og brukes til \u00e5 rengj\u00f8re vippene i dybden, fjerne olje, st\u00f8v og kosmetiske rester fra vippene. Anbefales p\u00e5 det sterkeste \u00e5 bruke den sammen med vippeskumrensen v\u00e5r for en 360-graders dyprens.<\/p>\n<ul>\n<li>Fin, myk og tett. Ingen h\u00e5rtap, ingen deformasjon og behagelig ber\u00f8ring.<\/li>\n<li>H\u00e5ndtak av h\u00f8y kvalitet og aluminiumspakke gj\u00f8r h\u00e5ndtaket mer komfortabelt.<\/li>\n<\/ul>\n<\/div>","protected":false},"excerpt":{"rendered":"<p>V\u00e5r vipperensb\u00f8rste er laget med ultrafine fibre og brukes til \u00e5 rengj\u00f8re vippene i dybden, fjerne olje, st\u00f8v og kosmetikkrester fra vippene. Anbefales p\u00e5 det sterkeste \u00e5 bruke den sammen med v\u00e5r vipperenser for \u00e5 gi deg en 360-graders dyprens. Fin, myk og tett. Ingen h\u00e5rtap, ingen deformasjon og komfortabel ber\u00f8ring. H\u00e5ndtak av h\u00f8y kvalitet \u2026<\/p>","protected":false},"featured_media":4579,"menu_order":0,"comment_status":"open","ping_status":"closed","template":"","meta":{"_acf_changed":false},"product_brand":[],"product_cat":[154,157,159],"product_tag":[],"class_list":{"0":"post-4587","1":"product","2":"type-product","3":"status-publish","4":"has-post-thumbnail","6":"product_cat-glues-and-preparation","7":"product_cat-tools","8":"product_cat-other","10":"first","11":"instock","12":"taxable","13":"shipping-taxable","14":"purchasable","15":"product-type-simple"},"acf":[],"yoast_head":"<!-- This site is optimized with the Yoast SEO plugin v27.3 - https:\/\/yoast.com\/product\/yoast-seo-wordpress\/ -->\n<title>Lash Cleansing Brush - Karma Pro Beauty Store<\/title>\n<meta name=\"robots\" content=\"index, follow, max-snippet:-1, max-image-preview:large, max-video-preview:-1\" \/>\n<link rel=\"canonical\" href=\"https:\/\/karmaprobeautystore.no\/nb_no\/produkt\/lash-cleansing-brush\/\" \/>\n<meta property=\"og:locale\" content=\"nb_NO\" \/>\n<meta property=\"og:type\" content=\"article\" \/>\n<meta property=\"og:title\" content=\"Lash Cleansing Brush - Karma Pro Beauty Store\" \/>\n<meta property=\"og:description\" content=\"Our lash cleansing brush\u00a0 is made with ultra-fine fiber and used to deeply clean eyelashes, remove the oil, dust and cosmetic residues on lashes. Highly recommend pair with our lash foam cleanser to give you a 360 degree deep cleanse. Fine, soft and dense. No hair loss, no deformation and comfortable touch. High quality handle ...\" \/>\n<meta property=\"og:url\" content=\"https:\/\/karmaprobeautystore.no\/nb_no\/produkt\/lash-cleansing-brush\/\" \/>\n<meta property=\"og:site_name\" content=\"Karma Pro Beauty Store\" \/>\n<meta property=\"article:modified_time\" content=\"2026-03-17T20:20:42+00:00\" \/>\n<meta property=\"og:image\" content=\"https:\/\/karmaprobeautystore.no\/wp-content\/uploads\/2024\/12\/karma-2745-Edit-scaled.jpeg\" \/>\n\t<meta property=\"og:image:width\" content=\"2560\" \/>\n\t<meta property=\"og:image:height\" content=\"1709\" \/>\n\t<meta property=\"og:image:type\" content=\"image\/jpeg\" \/>\n<meta name=\"twitter:card\" content=\"summary_large_image\" \/>\n<meta name=\"twitter:label1\" content=\"Ansl. lesetid\" \/>\n\t<meta name=\"twitter:data1\" content=\"1 minutt\" \/>\n<script type=\"application\/ld+json\" class=\"yoast-schema-graph\">{\"@context\":\"https:\\\/\\\/schema.org\",\"@graph\":[{\"@type\":\"WebPage\",\"@id\":\"https:\\\/\\\/karmaprobeautystore.no\\\/produkt\\\/lash-cleansing-brush\\\/\",\"url\":\"https:\\\/\\\/karmaprobeautystore.no\\\/produkt\\\/lash-cleansing-brush\\\/\",\"name\":\"Lash Cleansing Brush - Karma Pro Beauty Store\",\"isPartOf\":{\"@id\":\"https:\\\/\\\/karmaprobeautystore.no\\\/en\\\/#website\"},\"primaryImageOfPage\":{\"@id\":\"https:\\\/\\\/karmaprobeautystore.no\\\/produkt\\\/lash-cleansing-brush\\\/#primaryimage\"},\"image\":{\"@id\":\"https:\\\/\\\/karmaprobeautystore.no\\\/produkt\\\/lash-cleansing-brush\\\/#primaryimage\"},\"thumbnailUrl\":\"https:\\\/\\\/karmaprobeautystore.no\\\/wp-content\\\/uploads\\\/2024\\\/12\\\/karma-2745-Edit-scaled.jpeg\",\"datePublished\":\"2025-01-06T19:13:32+00:00\",\"dateModified\":\"2026-03-17T20:20:42+00:00\",\"breadcrumb\":{\"@id\":\"https:\\\/\\\/karmaprobeautystore.no\\\/produkt\\\/lash-cleansing-brush\\\/#breadcrumb\"},\"inLanguage\":\"nb-NO\",\"potentialAction\":[{\"@type\":\"ReadAction\",\"target\":[\"https:\\\/\\\/karmaprobeautystore.no\\\/produkt\\\/lash-cleansing-brush\\\/\"]}]},{\"@type\":\"ImageObject\",\"inLanguage\":\"nb-NO\",\"@id\":\"https:\\\/\\\/karmaprobeautystore.no\\\/produkt\\\/lash-cleansing-brush\\\/#primaryimage\",\"url\":\"https:\\\/\\\/karmaprobeautystore.no\\\/wp-content\\\/uploads\\\/2024\\\/12\\\/karma-2745-Edit-scaled.jpeg\",\"contentUrl\":\"https:\\\/\\\/karmaprobeautystore.no\\\/wp-content\\\/uploads\\\/2024\\\/12\\\/karma-2745-Edit-scaled.jpeg\",\"width\":2560,\"height\":1709},{\"@type\":\"BreadcrumbList\",\"@id\":\"https:\\\/\\\/karmaprobeautystore.no\\\/produkt\\\/lash-cleansing-brush\\\/#breadcrumb\",\"itemListElement\":[{\"@type\":\"ListItem\",\"position\":1,\"name\":\"Home\",\"item\":\"https:\\\/\\\/karmaprobeautystore.no\\\/\"},{\"@type\":\"ListItem\",\"position\":2,\"name\":\"Shop\",\"item\":\"https:\\\/\\\/karmaprobeautystore.no\\\/nb\\\/shop\\\/\"},{\"@type\":\"ListItem\",\"position\":3,\"name\":\"Lash Cleansing Brush\"}]},{\"@type\":\"WebSite\",\"@id\":\"https:\\\/\\\/karmaprobeautystore.no\\\/en\\\/#website\",\"url\":\"https:\\\/\\\/karmaprobeautystore.no\\\/en\\\/\",\"name\":\"Karma Pro Beauty Store\",\"description\":\"\",\"potentialAction\":[{\"@type\":\"SearchAction\",\"target\":{\"@type\":\"EntryPoint\",\"urlTemplate\":\"https:\\\/\\\/karmaprobeautystore.no\\\/en\\\/?s={search_term_string}\"},\"query-input\":{\"@type\":\"PropertyValueSpecification\",\"valueRequired\":true,\"valueName\":\"search_term_string\"}}],\"inLanguage\":\"nb-NO\"}]}<\/script>\n<!-- \/ Yoast SEO plugin. -->","yoast_head_json":{"title":"Lash Cleansing Brush - Karma Pro Beauty Store","robots":{"index":"index","follow":"follow","max-snippet":"max-snippet:-1","max-image-preview":"max-image-preview:large","max-video-preview":"max-video-preview:-1"},"canonical":"https:\/\/karmaprobeautystore.no\/nb_no\/produkt\/lash-cleansing-brush\/","og_locale":"nb_NO","og_type":"article","og_title":"Lash Cleansing Brush - Karma Pro Beauty Store","og_description":"Our lash cleansing brush\u00a0 is made with ultra-fine fiber and used to deeply clean eyelashes, remove the oil, dust and cosmetic residues on lashes. Highly recommend pair with our lash foam cleanser to give you a 360 degree deep cleanse. Fine, soft and dense. No hair loss, no deformation and comfortable touch. High quality handle ...","og_url":"https:\/\/karmaprobeautystore.no\/nb_no\/produkt\/lash-cleansing-brush\/","og_site_name":"Karma Pro Beauty Store","article_modified_time":"2026-03-17T20:20:42+00:00","og_image":[{"width":2560,"height":1709,"url":"https:\/\/karmaprobeautystore.no\/wp-content\/uploads\/2024\/12\/karma-2745-Edit-scaled.jpeg","type":"image\/jpeg"}],"twitter_card":"summary_large_image","twitter_misc":{"Ansl. lesetid":"1 minutt"},"schema":{"@context":"https:\/\/schema.org","@graph":[{"@type":"WebPage","@id":"https:\/\/karmaprobeautystore.no\/produkt\/lash-cleansing-brush\/","url":"https:\/\/karmaprobeautystore.no\/produkt\/lash-cleansing-brush\/","name":"Lash Cleansing Brush - Karma Pro Beauty Store","isPartOf":{"@id":"https:\/\/karmaprobeautystore.no\/en\/#website"},"primaryImageOfPage":{"@id":"https:\/\/karmaprobeautystore.no\/produkt\/lash-cleansing-brush\/#primaryimage"},"image":{"@id":"https:\/\/karmaprobeautystore.no\/produkt\/lash-cleansing-brush\/#primaryimage"},"thumbnailUrl":"https:\/\/karmaprobeautystore.no\/wp-content\/uploads\/2024\/12\/karma-2745-Edit-scaled.jpeg","datePublished":"2025-01-06T19:13:32+00:00","dateModified":"2026-03-17T20:20:42+00:00","breadcrumb":{"@id":"https:\/\/karmaprobeautystore.no\/produkt\/lash-cleansing-brush\/#breadcrumb"},"inLanguage":"nb-NO","potentialAction":[{"@type":"ReadAction","target":["https:\/\/karmaprobeautystore.no\/produkt\/lash-cleansing-brush\/"]}]},{"@type":"ImageObject","inLanguage":"nb-NO","@id":"https:\/\/karmaprobeautystore.no\/produkt\/lash-cleansing-brush\/#primaryimage","url":"https:\/\/karmaprobeautystore.no\/wp-content\/uploads\/2024\/12\/karma-2745-Edit-scaled.jpeg","contentUrl":"https:\/\/karmaprobeautystore.no\/wp-content\/uploads\/2024\/12\/karma-2745-Edit-scaled.jpeg","width":2560,"height":1709},{"@type":"BreadcrumbList","@id":"https:\/\/karmaprobeautystore.no\/produkt\/lash-cleansing-brush\/#breadcrumb","itemListElement":[{"@type":"ListItem","position":1,"name":"Home","item":"https:\/\/karmaprobeautystore.no\/"},{"@type":"ListItem","position":2,"name":"Shop","item":"https:\/\/karmaprobeautystore.no\/nb\/shop\/"},{"@type":"ListItem","position":3,"name":"Lash Cleansing Brush"}]},{"@type":"WebSite","@id":"https:\/\/karmaprobeautystore.no\/en\/#website","url":"https:\/\/karmaprobeautystore.no\/en\/","name":"Karma Pro Skj\u00f8nnhetsbutikk","description":"","potentialAction":[{"@type":"SearchAction","target":{"@type":"EntryPoint","urlTemplate":"https:\/\/karmaprobeautystore.no\/en\/?s={search_term_string}"},"query-input":{"@type":"PropertyValueSpecification","valueRequired":true,"valueName":"search_term_string"}}],"inLanguage":"nb-NO"}]}},"_links":{"self":[{"href":"https:\/\/karmaprobeautystore.no\/nb_no\/wp-json\/wp\/v2\/product\/4587","targetHints":{"allow":["GET"]}}],"collection":[{"href":"https:\/\/karmaprobeautystore.no\/nb_no\/wp-json\/wp\/v2\/product"}],"about":[{"href":"https:\/\/karmaprobeautystore.no\/nb_no\/wp-json\/wp\/v2\/types\/product"}],"replies":[{"embeddable":true,"href":"https:\/\/karmaprobeautystore.no\/nb_no\/wp-json\/wp\/v2\/comments?post=4587"}],"wp:featuredmedia":[{"embeddable":true,"href":"https:\/\/karmaprobeautystore.no\/nb_no\/wp-json\/wp\/v2\/media\/4579"}],"wp:attachment":[{"href":"https:\/\/karmaprobeautystore.no\/nb_no\/wp-json\/wp\/v2\/media?parent=4587"}],"wp:term":[{"taxonomy":"product_brand","embeddable":true,"href":"https:\/\/karmaprobeautystore.no\/nb_no\/wp-json\/wp\/v2\/product_brand?post=4587"},{"taxonomy":"product_cat","embeddable":true,"href":"https:\/\/karmaprobeautystore.no\/nb_no\/wp-json\/wp\/v2\/product_cat?post=4587"},{"taxonomy":"product_tag","embeddable":true,"href":"https:\/\/karmaprobeautystore.no\/nb_no\/wp-json\/wp\/v2\/product_tag?post=4587"}],"curies":[{"name":"wp","href":"https:\/\/api.w.org\/{rel}","templated":true}]}}