{"id":4586,"date":"2025-01-06T19:00:21","date_gmt":"2025-01-06T19:00:21","guid":{"rendered":"http:\/\/karmaprobeautystore.no\/?post_type=product&#038;p=4586"},"modified":"2026-04-01T12:01:38","modified_gmt":"2026-04-01T12:01:38","slug":"lash-shampoo","status":"publish","type":"product","link":"https:\/\/karmaprobeautystore.no\/nb_no\/produkt\/lash-shampoo\/","title":{"rendered":"Vippesjampo"},"content":{"rendered":"<ul>\n<li>Oljefri<\/li>\n<li>Rikt skum<\/li>\n<li>For sensitiv hud<\/li>\n<li>Kokosn\u00f8ttsmak<\/li>\n<li>50 ml.<\/li>\n<\/ul>","protected":false},"excerpt":{"rendered":"<p>Vippesjampo med kokossmak er spesielt utviklet. Skyller sk\u00e5nsomt av vippeolje og sminkerester, og forbereder vippene for vippel\u00f8ft eller vippeextensions.<\/p>\n<p><strong>Hjemme- og salongbruk:\u00a0<\/strong>Vippeforlengeren fjerner effektivt olje og smuss fra vipper, \u00f8yelokkkanter og omr\u00e5det under \u00f8ynene, samtidig som den gir n\u00e6ring til og revitalisering av vippene og den delikate huden rundt \u00f8ynene. Ikke bare vil vippene dine se nye ut, men det vil ogs\u00e5 huden rundt \u00f8ynene.<\/p>\n<p><strong>LETT \u00c5 BRUKE:\u00a0<\/strong>P\u00e5f\u00f8r en pumpe med sjampo p\u00e5 den medf\u00f8lgende renseb\u00f8rsten, og t\u00f8rk deretter forsiktig av lokkene til all sminke, smuss, olje og rusk er fjernet.<\/p>\n<p>Naturlig formel, ikke-irriterende: ren naturlig formel, trygg \u00e5 bruke. Ikke testet p\u00e5 dyr og vegansk, ingen hudirritasjon.<\/p>\n<p>50 ml.<\/p>","protected":false},"featured_media":4585,"menu_order":0,"comment_status":"open","ping_status":"closed","template":"","meta":{"_acf_changed":false},"product_brand":[],"product_cat":[154,159,158],"product_tag":[],"class_list":{"0":"post-4586","1":"product","2":"type-product","3":"status-publish","4":"has-post-thumbnail","6":"product_cat-glues-and-preparation","7":"product_cat-other","8":"product_cat-sale","10":"first","11":"instock","12":"sale","13":"taxable","14":"shipping-taxable","15":"purchasable","16":"product-type-simple"},"acf":[],"yoast_head":"<!-- This site is optimized with the Yoast SEO plugin v27.3 - https:\/\/yoast.com\/product\/yoast-seo-wordpress\/ -->\n<title>Lash Shampoo - Karma Pro Beauty Store<\/title>\n<meta name=\"robots\" content=\"index, follow, max-snippet:-1, max-image-preview:large, max-video-preview:-1\" \/>\n<link rel=\"canonical\" href=\"https:\/\/karmaprobeautystore.no\/nb_no\/produkt\/lash-shampoo\/\" \/>\n<meta property=\"og:locale\" content=\"nb_NO\" \/>\n<meta property=\"og:type\" content=\"article\" \/>\n<meta property=\"og:title\" content=\"Lash Shampoo - Karma Pro Beauty Store\" \/>\n<meta property=\"og:description\" content=\"Coconut flavored lash shampoo is specially formulated. Gently rinses off lash oil and makeup residue, prepare lashes for lash lift or eyelashes extensions procedure.  Home and Salon Use:\u00a0Eyelash Extender effectively removes oil and dirt from lashes, lid margins and under-eye area, while nourishing and revitalizing the lashes and the delicate skin around the eyes. Not only will your lashes look new, but so will the skin around your eyes.  EASY TO USE:\u00a0Apply a pump of shampoo to the provided cleansing brush, then gently wipe the lids until all makeup, dirt, oil and debris are removed.  Natural formula, non-irritating: pure natural formula, safe to use. Cruelty-free and vegan, no skin irritation.  50ml.\" \/>\n<meta property=\"og:url\" content=\"https:\/\/karmaprobeautystore.no\/nb_no\/produkt\/lash-shampoo\/\" \/>\n<meta property=\"og:site_name\" content=\"Karma Pro Beauty Store\" \/>\n<meta property=\"article:modified_time\" content=\"2026-04-01T12:01:38+00:00\" \/>\n<meta property=\"og:image\" content=\"https:\/\/karmaprobeautystore.no\/wp-content\/uploads\/2024\/12\/karma-2724-Edit-scaled.jpeg\" \/>\n\t<meta property=\"og:image:width\" content=\"2560\" \/>\n\t<meta property=\"og:image:height\" content=\"1709\" \/>\n\t<meta property=\"og:image:type\" content=\"image\/jpeg\" \/>\n<meta name=\"twitter:card\" content=\"summary_large_image\" \/>\n<meta name=\"twitter:label1\" content=\"Ansl. lesetid\" \/>\n\t<meta name=\"twitter:data1\" content=\"1 minutt\" \/>\n<script type=\"application\/ld+json\" class=\"yoast-schema-graph\">{\"@context\":\"https:\\\/\\\/schema.org\",\"@graph\":[{\"@type\":\"WebPage\",\"@id\":\"https:\\\/\\\/karmaprobeautystore.no\\\/produkt\\\/lash-shampoo\\\/\",\"url\":\"https:\\\/\\\/karmaprobeautystore.no\\\/produkt\\\/lash-shampoo\\\/\",\"name\":\"Lash Shampoo - Karma Pro Beauty Store\",\"isPartOf\":{\"@id\":\"https:\\\/\\\/karmaprobeautystore.no\\\/en\\\/#website\"},\"primaryImageOfPage\":{\"@id\":\"https:\\\/\\\/karmaprobeautystore.no\\\/produkt\\\/lash-shampoo\\\/#primaryimage\"},\"image\":{\"@id\":\"https:\\\/\\\/karmaprobeautystore.no\\\/produkt\\\/lash-shampoo\\\/#primaryimage\"},\"thumbnailUrl\":\"https:\\\/\\\/karmaprobeautystore.no\\\/wp-content\\\/uploads\\\/2024\\\/12\\\/karma-2724-Edit-scaled.jpeg\",\"datePublished\":\"2025-01-06T19:00:21+00:00\",\"dateModified\":\"2026-04-01T12:01:38+00:00\",\"breadcrumb\":{\"@id\":\"https:\\\/\\\/karmaprobeautystore.no\\\/produkt\\\/lash-shampoo\\\/#breadcrumb\"},\"inLanguage\":\"nb-NO\",\"potentialAction\":[{\"@type\":\"ReadAction\",\"target\":[\"https:\\\/\\\/karmaprobeautystore.no\\\/produkt\\\/lash-shampoo\\\/\"]}]},{\"@type\":\"ImageObject\",\"inLanguage\":\"nb-NO\",\"@id\":\"https:\\\/\\\/karmaprobeautystore.no\\\/produkt\\\/lash-shampoo\\\/#primaryimage\",\"url\":\"https:\\\/\\\/karmaprobeautystore.no\\\/wp-content\\\/uploads\\\/2024\\\/12\\\/karma-2724-Edit-scaled.jpeg\",\"contentUrl\":\"https:\\\/\\\/karmaprobeautystore.no\\\/wp-content\\\/uploads\\\/2024\\\/12\\\/karma-2724-Edit-scaled.jpeg\",\"width\":2560,\"height\":1709},{\"@type\":\"BreadcrumbList\",\"@id\":\"https:\\\/\\\/karmaprobeautystore.no\\\/produkt\\\/lash-shampoo\\\/#breadcrumb\",\"itemListElement\":[{\"@type\":\"ListItem\",\"position\":1,\"name\":\"Home\",\"item\":\"https:\\\/\\\/karmaprobeautystore.no\\\/\"},{\"@type\":\"ListItem\",\"position\":2,\"name\":\"Shop\",\"item\":\"https:\\\/\\\/karmaprobeautystore.no\\\/nb\\\/shop\\\/\"},{\"@type\":\"ListItem\",\"position\":3,\"name\":\"Lash Shampoo\"}]},{\"@type\":\"WebSite\",\"@id\":\"https:\\\/\\\/karmaprobeautystore.no\\\/en\\\/#website\",\"url\":\"https:\\\/\\\/karmaprobeautystore.no\\\/en\\\/\",\"name\":\"Karma Pro Beauty Store\",\"description\":\"\",\"potentialAction\":[{\"@type\":\"SearchAction\",\"target\":{\"@type\":\"EntryPoint\",\"urlTemplate\":\"https:\\\/\\\/karmaprobeautystore.no\\\/en\\\/?s={search_term_string}\"},\"query-input\":{\"@type\":\"PropertyValueSpecification\",\"valueRequired\":true,\"valueName\":\"search_term_string\"}}],\"inLanguage\":\"nb-NO\"}]}<\/script>\n<!-- \/ Yoast SEO plugin. -->","yoast_head_json":{"title":"Lash Shampoo - Karma Pro Beauty Store","robots":{"index":"index","follow":"follow","max-snippet":"max-snippet:-1","max-image-preview":"max-image-preview:large","max-video-preview":"max-video-preview:-1"},"canonical":"https:\/\/karmaprobeautystore.no\/nb_no\/produkt\/lash-shampoo\/","og_locale":"nb_NO","og_type":"article","og_title":"Lash Shampoo - Karma Pro Beauty Store","og_description":"Coconut flavored lash shampoo is specially formulated. Gently rinses off lash oil and makeup residue, prepare lashes for lash lift or eyelashes extensions procedure.  Home and Salon Use:\u00a0Eyelash Extender effectively removes oil and dirt from lashes, lid margins and under-eye area, while nourishing and revitalizing the lashes and the delicate skin around the eyes. Not only will your lashes look new, but so will the skin around your eyes.  EASY TO USE:\u00a0Apply a pump of shampoo to the provided cleansing brush, then gently wipe the lids until all makeup, dirt, oil and debris are removed.  Natural formula, non-irritating: pure natural formula, safe to use. Cruelty-free and vegan, no skin irritation.  50ml.","og_url":"https:\/\/karmaprobeautystore.no\/nb_no\/produkt\/lash-shampoo\/","og_site_name":"Karma Pro Beauty Store","article_modified_time":"2026-04-01T12:01:38+00:00","og_image":[{"width":2560,"height":1709,"url":"https:\/\/karmaprobeautystore.no\/wp-content\/uploads\/2024\/12\/karma-2724-Edit-scaled.jpeg","type":"image\/jpeg"}],"twitter_card":"summary_large_image","twitter_misc":{"Ansl. lesetid":"1 minutt"},"schema":{"@context":"https:\/\/schema.org","@graph":[{"@type":"WebPage","@id":"https:\/\/karmaprobeautystore.no\/produkt\/lash-shampoo\/","url":"https:\/\/karmaprobeautystore.no\/produkt\/lash-shampoo\/","name":"Lash Shampoo - Karma Pro Beauty Store","isPartOf":{"@id":"https:\/\/karmaprobeautystore.no\/en\/#website"},"primaryImageOfPage":{"@id":"https:\/\/karmaprobeautystore.no\/produkt\/lash-shampoo\/#primaryimage"},"image":{"@id":"https:\/\/karmaprobeautystore.no\/produkt\/lash-shampoo\/#primaryimage"},"thumbnailUrl":"https:\/\/karmaprobeautystore.no\/wp-content\/uploads\/2024\/12\/karma-2724-Edit-scaled.jpeg","datePublished":"2025-01-06T19:00:21+00:00","dateModified":"2026-04-01T12:01:38+00:00","breadcrumb":{"@id":"https:\/\/karmaprobeautystore.no\/produkt\/lash-shampoo\/#breadcrumb"},"inLanguage":"nb-NO","potentialAction":[{"@type":"ReadAction","target":["https:\/\/karmaprobeautystore.no\/produkt\/lash-shampoo\/"]}]},{"@type":"ImageObject","inLanguage":"nb-NO","@id":"https:\/\/karmaprobeautystore.no\/produkt\/lash-shampoo\/#primaryimage","url":"https:\/\/karmaprobeautystore.no\/wp-content\/uploads\/2024\/12\/karma-2724-Edit-scaled.jpeg","contentUrl":"https:\/\/karmaprobeautystore.no\/wp-content\/uploads\/2024\/12\/karma-2724-Edit-scaled.jpeg","width":2560,"height":1709},{"@type":"BreadcrumbList","@id":"https:\/\/karmaprobeautystore.no\/produkt\/lash-shampoo\/#breadcrumb","itemListElement":[{"@type":"ListItem","position":1,"name":"Home","item":"https:\/\/karmaprobeautystore.no\/"},{"@type":"ListItem","position":2,"name":"Shop","item":"https:\/\/karmaprobeautystore.no\/nb\/shop\/"},{"@type":"ListItem","position":3,"name":"Lash Shampoo"}]},{"@type":"WebSite","@id":"https:\/\/karmaprobeautystore.no\/en\/#website","url":"https:\/\/karmaprobeautystore.no\/en\/","name":"Karma Pro Skj\u00f8nnhetsbutikk","description":"","potentialAction":[{"@type":"SearchAction","target":{"@type":"EntryPoint","urlTemplate":"https:\/\/karmaprobeautystore.no\/en\/?s={search_term_string}"},"query-input":{"@type":"PropertyValueSpecification","valueRequired":true,"valueName":"search_term_string"}}],"inLanguage":"nb-NO"}]}},"_links":{"self":[{"href":"https:\/\/karmaprobeautystore.no\/nb_no\/wp-json\/wp\/v2\/product\/4586","targetHints":{"allow":["GET"]}}],"collection":[{"href":"https:\/\/karmaprobeautystore.no\/nb_no\/wp-json\/wp\/v2\/product"}],"about":[{"href":"https:\/\/karmaprobeautystore.no\/nb_no\/wp-json\/wp\/v2\/types\/product"}],"replies":[{"embeddable":true,"href":"https:\/\/karmaprobeautystore.no\/nb_no\/wp-json\/wp\/v2\/comments?post=4586"}],"wp:featuredmedia":[{"embeddable":true,"href":"https:\/\/karmaprobeautystore.no\/nb_no\/wp-json\/wp\/v2\/media\/4585"}],"wp:attachment":[{"href":"https:\/\/karmaprobeautystore.no\/nb_no\/wp-json\/wp\/v2\/media?parent=4586"}],"wp:term":[{"taxonomy":"product_brand","embeddable":true,"href":"https:\/\/karmaprobeautystore.no\/nb_no\/wp-json\/wp\/v2\/product_brand?post=4586"},{"taxonomy":"product_cat","embeddable":true,"href":"https:\/\/karmaprobeautystore.no\/nb_no\/wp-json\/wp\/v2\/product_cat?post=4586"},{"taxonomy":"product_tag","embeddable":true,"href":"https:\/\/karmaprobeautystore.no\/nb_no\/wp-json\/wp\/v2\/product_tag?post=4586"}],"curies":[{"name":"wp","href":"https:\/\/api.w.org\/{rel}","templated":true}]}}