{"id":4356,"date":"2024-12-05T08:59:45","date_gmt":"2024-12-05T08:59:45","guid":{"rendered":"http:\/\/karmaprobeautystore.no\/?post_type=product&#038;p=4356"},"modified":"2026-04-01T12:01:59","modified_gmt":"2026-04-01T12:01:59","slug":"super-bonder","status":"publish","type":"product","link":"https:\/\/karmaprobeautystore.no\/nb_no\/produkt\/super-bonder\/","title":{"rendered":"Super Bonder"},"content":{"rendered":"<p>Super Bonder er en akselerator og forsegler for vippeextensions som brukes sammen med vippelim.<br \/>\nVed \u00e5 p\u00e5f\u00f8re vippelim direkte p\u00e5 extensionsene kan du oppn\u00e5 raskere hold, samtidig som du reduserer duften fra vippelimet.<\/p>\n<p>Superbonder for vippeextensions er trygg, sk\u00e5nsom og vanntett, med en oljebestandig formel for et mer langvarig hold. Den muliggj\u00f8r enkel ansiktsrens etter p\u00e5f\u00f8ring av vippeextensions og hjelper dem \u00e5 holde seg p\u00e5 plass lenger.<\/p>\n<p>Super Bonder er spesielt utviklet kun for salong- eller profesjonell bruk. Den optimaliserer bevaringen av vippeextensions, slik at kundene dine kan nyte sine fantastiske vipper lenger.<\/p>\n<p>Kun til utvortes bruk. Unng\u00e5 \u00e5 f\u00e5 produktet i \u00f8ynene ved bruk. Skyll straks med varmt vann hvis irritasjon oppst\u00e5r og avbryt bruken. Opps\u00f8k lege umiddelbart hvis symptomene vedvarer.<\/p>","protected":false},"excerpt":{"rendered":"<p>Super Bonder er en akselerator og forsegler for vippeextensions som brukes sammen med vippelim. Ved \u00e5 p\u00e5f\u00f8re vippebonder direkte p\u00e5 extensions, kan du oppn\u00e5 raskere hold, samtidig som du reduserer damp fra vippelimet. Superbonder for vippeextensions er trygg, sk\u00e5nsom og vanntett, med en oljebestandig formel for \u2026<\/p>","protected":false},"featured_media":4357,"menu_order":0,"comment_status":"open","ping_status":"closed","template":"","meta":{"_acf_changed":false},"product_brand":[],"product_cat":[154,158],"product_tag":[],"class_list":{"0":"post-4356","1":"product","2":"type-product","3":"status-publish","4":"has-post-thumbnail","6":"product_cat-glues-and-preparation","7":"product_cat-sale","9":"first","10":"instock","11":"sale","12":"taxable","13":"shipping-taxable","14":"purchasable","15":"product-type-simple"},"acf":[],"yoast_head":"<!-- This site is optimized with the Yoast SEO plugin v27.3 - https:\/\/yoast.com\/product\/yoast-seo-wordpress\/ -->\n<title>Super Bonder - Karma Pro Beauty Store<\/title>\n<meta name=\"robots\" content=\"index, follow, max-snippet:-1, max-image-preview:large, max-video-preview:-1\" \/>\n<link rel=\"canonical\" href=\"https:\/\/karmaprobeautystore.no\/nb_no\/produkt\/super-bonder\/\" \/>\n<meta property=\"og:locale\" content=\"nb_NO\" \/>\n<meta property=\"og:type\" content=\"article\" \/>\n<meta property=\"og:title\" content=\"Super Bonder - Karma Pro Beauty Store\" \/>\n<meta property=\"og:description\" content=\"Super Bonder is an accelerator and sealer for lash extensions that is used in conjunction with eyelash glue. By applying lash bonder directly onto the extensions, you can achieve a quicker hold, while also reducing fumes from the eyelash glue. Super bonder for eyelash extensions is safe, gentle, and waterproof, with an oil-resistant formula for ...\" \/>\n<meta property=\"og:url\" content=\"https:\/\/karmaprobeautystore.no\/nb_no\/produkt\/super-bonder\/\" \/>\n<meta property=\"og:site_name\" content=\"Karma Pro Beauty Store\" \/>\n<meta property=\"article:modified_time\" content=\"2026-04-01T12:01:59+00:00\" \/>\n<meta property=\"og:image\" content=\"https:\/\/karmaprobeautystore.no\/wp-content\/uploads\/2024\/12\/super-bonder.jpg\" \/>\n\t<meta property=\"og:image:width\" content=\"1200\" \/>\n\t<meta property=\"og:image:height\" content=\"801\" \/>\n\t<meta property=\"og:image:type\" content=\"image\/jpeg\" \/>\n<meta name=\"twitter:card\" content=\"summary_large_image\" \/>\n<meta name=\"twitter:label1\" content=\"Ansl. lesetid\" \/>\n\t<meta name=\"twitter:data1\" content=\"1 minutt\" \/>\n<script type=\"application\/ld+json\" class=\"yoast-schema-graph\">{\"@context\":\"https:\\\/\\\/schema.org\",\"@graph\":[{\"@type\":\"WebPage\",\"@id\":\"https:\\\/\\\/karmaprobeautystore.no\\\/produkt\\\/super-bonder\\\/\",\"url\":\"https:\\\/\\\/karmaprobeautystore.no\\\/produkt\\\/super-bonder\\\/\",\"name\":\"Super Bonder - Karma Pro Beauty Store\",\"isPartOf\":{\"@id\":\"https:\\\/\\\/karmaprobeautystore.no\\\/en\\\/#website\"},\"primaryImageOfPage\":{\"@id\":\"https:\\\/\\\/karmaprobeautystore.no\\\/produkt\\\/super-bonder\\\/#primaryimage\"},\"image\":{\"@id\":\"https:\\\/\\\/karmaprobeautystore.no\\\/produkt\\\/super-bonder\\\/#primaryimage\"},\"thumbnailUrl\":\"https:\\\/\\\/karmaprobeautystore.no\\\/wp-content\\\/uploads\\\/2024\\\/12\\\/super-bonder.jpg\",\"datePublished\":\"2024-12-05T08:59:45+00:00\",\"dateModified\":\"2026-04-01T12:01:59+00:00\",\"breadcrumb\":{\"@id\":\"https:\\\/\\\/karmaprobeautystore.no\\\/produkt\\\/super-bonder\\\/#breadcrumb\"},\"inLanguage\":\"nb-NO\",\"potentialAction\":[{\"@type\":\"ReadAction\",\"target\":[\"https:\\\/\\\/karmaprobeautystore.no\\\/produkt\\\/super-bonder\\\/\"]}]},{\"@type\":\"ImageObject\",\"inLanguage\":\"nb-NO\",\"@id\":\"https:\\\/\\\/karmaprobeautystore.no\\\/produkt\\\/super-bonder\\\/#primaryimage\",\"url\":\"https:\\\/\\\/karmaprobeautystore.no\\\/wp-content\\\/uploads\\\/2024\\\/12\\\/super-bonder.jpg\",\"contentUrl\":\"https:\\\/\\\/karmaprobeautystore.no\\\/wp-content\\\/uploads\\\/2024\\\/12\\\/super-bonder.jpg\",\"width\":1200,\"height\":801},{\"@type\":\"BreadcrumbList\",\"@id\":\"https:\\\/\\\/karmaprobeautystore.no\\\/produkt\\\/super-bonder\\\/#breadcrumb\",\"itemListElement\":[{\"@type\":\"ListItem\",\"position\":1,\"name\":\"Home\",\"item\":\"https:\\\/\\\/karmaprobeautystore.no\\\/\"},{\"@type\":\"ListItem\",\"position\":2,\"name\":\"Shop\",\"item\":\"https:\\\/\\\/karmaprobeautystore.no\\\/nb\\\/shop\\\/\"},{\"@type\":\"ListItem\",\"position\":3,\"name\":\"Super Bonder\"}]},{\"@type\":\"WebSite\",\"@id\":\"https:\\\/\\\/karmaprobeautystore.no\\\/en\\\/#website\",\"url\":\"https:\\\/\\\/karmaprobeautystore.no\\\/en\\\/\",\"name\":\"Karma Pro Beauty Store\",\"description\":\"\",\"potentialAction\":[{\"@type\":\"SearchAction\",\"target\":{\"@type\":\"EntryPoint\",\"urlTemplate\":\"https:\\\/\\\/karmaprobeautystore.no\\\/en\\\/?s={search_term_string}\"},\"query-input\":{\"@type\":\"PropertyValueSpecification\",\"valueRequired\":true,\"valueName\":\"search_term_string\"}}],\"inLanguage\":\"nb-NO\"}]}<\/script>\n<!-- \/ Yoast SEO plugin. -->","yoast_head_json":{"title":"Super Bonder - Karma Pro Beauty Store","robots":{"index":"index","follow":"follow","max-snippet":"max-snippet:-1","max-image-preview":"max-image-preview:large","max-video-preview":"max-video-preview:-1"},"canonical":"https:\/\/karmaprobeautystore.no\/nb_no\/produkt\/super-bonder\/","og_locale":"nb_NO","og_type":"article","og_title":"Super Bonder - Karma Pro Beauty Store","og_description":"Super Bonder is an accelerator and sealer for lash extensions that is used in conjunction with eyelash glue. By applying lash bonder directly onto the extensions, you can achieve a quicker hold, while also reducing fumes from the eyelash glue. Super bonder for eyelash extensions is safe, gentle, and waterproof, with an oil-resistant formula for ...","og_url":"https:\/\/karmaprobeautystore.no\/nb_no\/produkt\/super-bonder\/","og_site_name":"Karma Pro Beauty Store","article_modified_time":"2026-04-01T12:01:59+00:00","og_image":[{"width":1200,"height":801,"url":"https:\/\/karmaprobeautystore.no\/wp-content\/uploads\/2024\/12\/super-bonder.jpg","type":"image\/jpeg"}],"twitter_card":"summary_large_image","twitter_misc":{"Ansl. lesetid":"1 minutt"},"schema":{"@context":"https:\/\/schema.org","@graph":[{"@type":"WebPage","@id":"https:\/\/karmaprobeautystore.no\/produkt\/super-bonder\/","url":"https:\/\/karmaprobeautystore.no\/produkt\/super-bonder\/","name":"Super Bonder - Karma Pro Beauty Store","isPartOf":{"@id":"https:\/\/karmaprobeautystore.no\/en\/#website"},"primaryImageOfPage":{"@id":"https:\/\/karmaprobeautystore.no\/produkt\/super-bonder\/#primaryimage"},"image":{"@id":"https:\/\/karmaprobeautystore.no\/produkt\/super-bonder\/#primaryimage"},"thumbnailUrl":"https:\/\/karmaprobeautystore.no\/wp-content\/uploads\/2024\/12\/super-bonder.jpg","datePublished":"2024-12-05T08:59:45+00:00","dateModified":"2026-04-01T12:01:59+00:00","breadcrumb":{"@id":"https:\/\/karmaprobeautystore.no\/produkt\/super-bonder\/#breadcrumb"},"inLanguage":"nb-NO","potentialAction":[{"@type":"ReadAction","target":["https:\/\/karmaprobeautystore.no\/produkt\/super-bonder\/"]}]},{"@type":"ImageObject","inLanguage":"nb-NO","@id":"https:\/\/karmaprobeautystore.no\/produkt\/super-bonder\/#primaryimage","url":"https:\/\/karmaprobeautystore.no\/wp-content\/uploads\/2024\/12\/super-bonder.jpg","contentUrl":"https:\/\/karmaprobeautystore.no\/wp-content\/uploads\/2024\/12\/super-bonder.jpg","width":1200,"height":801},{"@type":"BreadcrumbList","@id":"https:\/\/karmaprobeautystore.no\/produkt\/super-bonder\/#breadcrumb","itemListElement":[{"@type":"ListItem","position":1,"name":"Home","item":"https:\/\/karmaprobeautystore.no\/"},{"@type":"ListItem","position":2,"name":"Shop","item":"https:\/\/karmaprobeautystore.no\/nb\/shop\/"},{"@type":"ListItem","position":3,"name":"Super Bonder"}]},{"@type":"WebSite","@id":"https:\/\/karmaprobeautystore.no\/en\/#website","url":"https:\/\/karmaprobeautystore.no\/en\/","name":"Karma Pro Skj\u00f8nnhetsbutikk","description":"","potentialAction":[{"@type":"SearchAction","target":{"@type":"EntryPoint","urlTemplate":"https:\/\/karmaprobeautystore.no\/en\/?s={search_term_string}"},"query-input":{"@type":"PropertyValueSpecification","valueRequired":true,"valueName":"search_term_string"}}],"inLanguage":"nb-NO"}]}},"_links":{"self":[{"href":"https:\/\/karmaprobeautystore.no\/nb_no\/wp-json\/wp\/v2\/product\/4356","targetHints":{"allow":["GET"]}}],"collection":[{"href":"https:\/\/karmaprobeautystore.no\/nb_no\/wp-json\/wp\/v2\/product"}],"about":[{"href":"https:\/\/karmaprobeautystore.no\/nb_no\/wp-json\/wp\/v2\/types\/product"}],"replies":[{"embeddable":true,"href":"https:\/\/karmaprobeautystore.no\/nb_no\/wp-json\/wp\/v2\/comments?post=4356"}],"wp:featuredmedia":[{"embeddable":true,"href":"https:\/\/karmaprobeautystore.no\/nb_no\/wp-json\/wp\/v2\/media\/4357"}],"wp:attachment":[{"href":"https:\/\/karmaprobeautystore.no\/nb_no\/wp-json\/wp\/v2\/media?parent=4356"}],"wp:term":[{"taxonomy":"product_brand","embeddable":true,"href":"https:\/\/karmaprobeautystore.no\/nb_no\/wp-json\/wp\/v2\/product_brand?post=4356"},{"taxonomy":"product_cat","embeddable":true,"href":"https:\/\/karmaprobeautystore.no\/nb_no\/wp-json\/wp\/v2\/product_cat?post=4356"},{"taxonomy":"product_tag","embeddable":true,"href":"https:\/\/karmaprobeautystore.no\/nb_no\/wp-json\/wp\/v2\/product_tag?post=4356"}],"curies":[{"name":"wp","href":"https:\/\/api.w.org\/{rel}","templated":true}]}}