{"id":980,"date":"2019-07-25T07:45:18","date_gmt":"2019-07-25T07:45:18","guid":{"rendered":"http:\/\/karmaprobeautystore.no\/?page_id=980"},"modified":"2024-12-16T17:09:58","modified_gmt":"2024-12-16T17:09:58","slug":"about","status":"publish","type":"page","link":"https:\/\/karmaprobeautystore.no\/nb_no\/about\/","title":{"rendered":"Om oss"},"content":{"rendered":"<div data-elementor-type=\"wp-post\" data-elementor-id=\"980\" class=\"elementor elementor-980\">\n\t\t\t\t\t\t<section class=\"elementor-section elementor-top-section elementor-element elementor-element-20daaa1 elementor-section-boxed elementor-section-height-default elementor-section-height-default\" data-id=\"20daaa1\" data-element_type=\"section\" data-e-type=\"section\">\n\t\t\t\t\t\t<div class=\"elementor-container elementor-column-gap-default\">\n\t\t\t\t\t<div class=\"elementor-column elementor-col-50 elementor-top-column elementor-element elementor-element-bce54dc\" data-id=\"bce54dc\" data-element_type=\"column\" data-e-type=\"column\">\n\t\t\t<div class=\"elementor-widget-wrap elementor-element-populated\">\n\t\t\t\t\t\t<div class=\"elementor-element elementor-element-45229b3 elementor-widget elementor-widget-rt-title\" data-id=\"45229b3\" data-element_type=\"widget\" data-e-type=\"widget\" data-widget_type=\"rt-title.default\">\n\t\t\t\t<div class=\"elementor-widget-container\">\n\t\t\t\t\t<div class=\"rt-el-title rtin-style-2 rtin-align-left\">\n\t<h3 class=\"rtin-title\">Hvem vi er<\/h3>\n\t<\/div>\t\t\t\t<\/div>\n\t\t\t\t<\/div>\n\t\t\t\t<div class=\"elementor-element elementor-element-75591e8 elementor-widget elementor-widget-text-editor\" data-id=\"75591e8\" data-element_type=\"widget\" data-e-type=\"widget\" data-widget_type=\"text-editor.default\">\n\t\t\t\t<div class=\"elementor-widget-container\">\n\t\t\t\t\t\t\t\t\t<div class=\"flex-shrink-0 flex flex-col relative items-end\"><div><div class=\"pt-0\"><div class=\"gizmo-bot-avatar flex h-8 w-8 items-center justify-center overflow-hidden rounded-full\"><div class=\"relative p-1 rounded-sm flex items-center justify-center bg-token-main-surface-primary text-token-text-primary h-8 w-8\">\u00a0<\/div><\/div><\/div><\/div><\/div><div class=\"group\/conversation-turn relative flex w-full min-w-0 flex-col agent-turn\"><div class=\"flex-col gap-1 md:gap-3\"><div class=\"flex max-w-full flex-col flex-grow\"><div class=\"min-h-8 text-message flex w-full flex-col items-end gap-2 whitespace-normal break-words [.text-message+&amp;]:mt-5\" dir=\"auto\" data-message-author-role=\"assistant\" data-message-id=\"b671a6d7-d6fe-46d8-98e2-21758a5c905f\" data-message-model-slug=\"gpt-4o\"><div class=\"flex w-full flex-col gap-1 empty:hidden first:pt-[3px]\"><div class=\"markdown prose w-full break-words dark:prose-invert light\"><p><strong>Om Karma: Butikken for \u00f8yevippeextensions<\/strong><\/p><p>Karma er et merke skapt av erfarne vippeextensions-eksperter med mange \u00e5rs erfaring innen feltet. Drevet av sin lidenskap for skj\u00f8nnhet og perfeksjon, utviklet de Karma \u2013 en serie med f\u00f8rsteklasses norske skj\u00f8nnhetsprodukter designet spesielt for vippeextensions.<\/p><p>Hvert produkt i Karma-kolleksjonen er laget for \u00e5 oppfylle de h\u00f8yeste standardene for kvalitet og ytelse, noe som sikrer eksepsjonelle resultater for b\u00e5de fagfolk og kunder. Med Karma kj\u00f8per du ikke bare skj\u00f8nnhetsprodukter; du investerer i innovasjon og profesjonalitet, brakt til live av eksperter som virkelig forst\u00e5r kunsten \u00e5 bruke vippeextensions.<\/p><p>Vi er stolte av \u00e5 levere produktene v\u00e5re ikke bare over hele Norge, men over hele Europa, noe som gj\u00f8r det enklere enn noensinne for vippeartister overalt \u00e5 f\u00e5 tilgang til f\u00f8rsteklasses produkter som er utviklet for \u00e5 heve h\u00e5ndverket deres.<\/p><p>Oppdag forskjellen med Karma \u2013 der ekspertise m\u00f8ter fortreffelighet.<\/p><\/div><\/div><\/div><\/div><\/div><\/div>\t\t\t\t\t\t\t\t<\/div>\n\t\t\t\t<\/div>\n\t\t\t\t<div class=\"elementor-element elementor-element-f3a03d7 elementor-widget elementor-widget-rt-button\" data-id=\"f3a03d7\" data-element_type=\"widget\" data-e-type=\"widget\" data-widget_type=\"rt-button.default\">\n\t\t\t\t<div class=\"elementor-widget-container\">\n\t\t\t\t\t<div class=\"rt-el-btn rtin-style-1\">\n\t<a href=\"http:\/\/karmaprobeautystore.no\/contact\/\">Kontakter<\/a>\n<\/div>\t\t\t\t<\/div>\n\t\t\t\t<\/div>\n\t\t\t\t\t<\/div>\n\t\t<\/div>\n\t\t\t\t<div class=\"elementor-column elementor-col-50 elementor-top-column elementor-element elementor-element-fba56fc\" data-id=\"fba56fc\" data-element_type=\"column\" data-e-type=\"column\">\n\t\t\t<div class=\"elementor-widget-wrap elementor-element-populated\">\n\t\t\t\t\t\t<div class=\"elementor-element elementor-element-9919564 elementor-widget elementor-widget-image\" data-id=\"9919564\" data-element_type=\"widget\" data-e-type=\"widget\" data-widget_type=\"image.default\">\n\t\t\t\t<div class=\"elementor-widget-container\">\n\t\t\t\t\t\t\t\t\t\t\t\t\t\t\t<img decoding=\"async\" src=\"https:\/\/karmaprobeautystore.no\/wp-content\/uploads\/elementor\/thumbs\/AdobeStock_274403536-scaled-r7kzu93n0x3v7zk3utvkuuuf4kqkpk8c5zux0i9ehs.jpeg\" title=\"Prosedyre for vippeforlengelse i salong av kosmetolog\" alt=\"Procedure of eyelashes extension in salon\" loading=\"lazy\" \/>\t\t\t\t\t\t\t\t\t\t\t\t\t\t\t<\/div>\n\t\t\t\t<\/div>\n\t\t\t\t\t<\/div>\n\t\t<\/div>\n\t\t\t\t\t<\/div>\n\t\t<\/section>\n\t\t\t\t<div class=\"elementor-section elementor-top-section elementor-element elementor-element-714db82 elementor-section-stretched elementor-section-boxed elementor-section-height-default elementor-section-height-default\" data-id=\"714db82\" data-element_type=\"section\" data-e-type=\"section\" data-settings=\"{&quot;stretch_section&quot;:&quot;section-stretched&quot;,&quot;background_background&quot;:&quot;classic&quot;}\">\n\t\t\t\t\t\t<div class=\"elementor-container elementor-column-gap-default\">\n\t\t\t\t\t<div class=\"elementor-column elementor-col-100 elementor-top-column elementor-element elementor-element-f264c0f\" data-id=\"f264c0f\" data-element_type=\"column\" data-e-type=\"column\">\n\t\t\t<div class=\"elementor-widget-wrap elementor-element-populated\">\n\t\t\t\t\t\t<section class=\"elementor-section elementor-inner-section elementor-element elementor-element-d10bb81 elementor-section-boxed elementor-section-height-default elementor-section-height-default\" data-id=\"d10bb81\" data-element_type=\"section\" data-e-type=\"section\">\n\t\t\t\t\t\t<div class=\"elementor-container elementor-column-gap-default\">\n\t\t\t\t\t<div class=\"elementor-column elementor-col-100 elementor-inner-column elementor-element elementor-element-55e7d89\" data-id=\"55e7d89\" data-element_type=\"column\" data-e-type=\"column\">\n\t\t\t<div class=\"elementor-widget-wrap elementor-element-populated\">\n\t\t\t\t\t\t<div class=\"elementor-element elementor-element-54b056d elementor-widget elementor-widget-rt-title\" data-id=\"54b056d\" data-element_type=\"widget\" data-e-type=\"widget\" data-widget_type=\"rt-title.default\">\n\t\t\t\t<div class=\"elementor-widget-container\">\n\t\t\t\t\t<div class=\"rt-el-title rtin-style-2 rtin-align-center\">\n\t<h3 class=\"rtin-title\">Hvorfor handle hos oss<\/h3>\n\t<\/div>\t\t\t\t<\/div>\n\t\t\t\t<\/div>\n\t\t\t\t\t<\/div>\n\t\t<\/div>\n\t\t\t\t\t<\/div>\n\t\t<\/section>\n\t\t\t\t<section class=\"elementor-section elementor-inner-section elementor-element elementor-element-1c1f437 elementor-section-boxed elementor-section-height-default elementor-section-height-default\" data-id=\"1c1f437\" data-element_type=\"section\" data-e-type=\"section\">\n\t\t\t\t\t\t<div class=\"elementor-container elementor-column-gap-default\">\n\t\t\t\t\t<div class=\"elementor-column elementor-col-33 elementor-inner-column elementor-element elementor-element-a3b4d04\" data-id=\"a3b4d04\" data-element_type=\"column\" data-e-type=\"column\">\n\t\t\t<div class=\"elementor-widget-wrap elementor-element-populated\">\n\t\t\t\t\t\t<div class=\"elementor-element elementor-element-511e5a3 elementor-widget elementor-widget-rt-text-with-icon\" data-id=\"511e5a3\" data-element_type=\"widget\" data-e-type=\"widget\" data-widget_type=\"rt-text-with-icon.default\">\n\t\t\t\t<div class=\"elementor-widget-container\">\n\t\t\t\t\t<div class=\"rt-el-text-with-icon elementwidth elwidth-305-320-360 rtin-style-6 rtin-bgtype-light\">\n\t<div class=\"rtin-item\">\t<div class=\"rtin-icon\"><img fetchpriority=\"high\" decoding=\"async\" width=\"512\" height=\"512\" src=\"https:\/\/karmaprobeautystore.no\/wp-content\/uploads\/2024\/11\/eye.png\" class=\"attachment-full size-full wp-post-image\" alt=\"\" srcset=\"https:\/\/karmaprobeautystore.no\/wp-content\/uploads\/2024\/11\/eye.png 512w, https:\/\/karmaprobeautystore.no\/wp-content\/uploads\/2024\/11\/eye-300x300.png 300w, https:\/\/karmaprobeautystore.no\/wp-content\/uploads\/2024\/11\/eye-150x150.png 150w\" sizes=\"(max-width: 512px) 100vw, 512px\" \/><\/div>\n\t<div class=\"rtin-content\">\n\t\t<h3 class=\"rtin-title\">Premium vippeextensions<\/h3>\n\t\t\t\t\t<p class=\"rtin-subtitle\">V\u00e5re norskproduserte vippeextensions av h\u00f8y kvalitet er designet for holdbarhet, komfort og et naturlig utseende. De er tilgjengelige i forskjellige lengder, kr\u00f8ller og tykkelser, og sikrer at du kan im\u00f8tekomme hver kundes unike preferanser samtidig som du opprettholder profesjonelle resultater.<\/p>\n\t\t\t<\/div>\n\t<\/div><\/div>\t\t\t\t<\/div>\n\t\t\t\t<\/div>\n\t\t\t\t\t<\/div>\n\t\t<\/div>\n\t\t\t\t<div class=\"elementor-column elementor-col-33 elementor-inner-column elementor-element elementor-element-53095a7\" data-id=\"53095a7\" data-element_type=\"column\" data-e-type=\"column\">\n\t\t\t<div class=\"elementor-widget-wrap elementor-element-populated\">\n\t\t\t\t\t\t<div class=\"elementor-element elementor-element-cc233f4 elementor-widget elementor-widget-rt-text-with-icon\" data-id=\"cc233f4\" data-element_type=\"widget\" data-e-type=\"widget\" data-widget_type=\"rt-text-with-icon.default\">\n\t\t\t\t<div class=\"elementor-widget-container\">\n\t\t\t\t\t<div class=\"rt-el-text-with-icon elementwidth elwidth-305-320-360 rtin-style-6 rtin-bgtype-light\">\n\t<div class=\"rtin-item\">\t<div class=\"rtin-icon\"><img decoding=\"async\" width=\"512\" height=\"512\" src=\"https:\/\/karmaprobeautystore.no\/wp-content\/uploads\/2024\/11\/hand-nails-painting-bottle.png\" class=\"attachment-full size-full wp-post-image\" alt=\"\" srcset=\"https:\/\/karmaprobeautystore.no\/wp-content\/uploads\/2024\/11\/hand-nails-painting-bottle.png 512w, https:\/\/karmaprobeautystore.no\/wp-content\/uploads\/2024\/11\/hand-nails-painting-bottle-300x300.png 300w, https:\/\/karmaprobeautystore.no\/wp-content\/uploads\/2024\/11\/hand-nails-painting-bottle-150x150.png 150w\" sizes=\"(max-width: 512px) 100vw, 512px\" \/><\/div>\n\t<div class=\"rtin-content\">\n\t\t<h3 class=\"rtin-title\">Profesjonelle lim<\/h3>\n\t\t\t\t\t<p class=\"rtin-subtitle\">Presisjon og p\u00e5litelighet er avgj\u00f8rende for vippedesignere, og derfor er limene v\u00e5re formulert for langvarig holdbarhet, hurtigt\u00f8rking og minimal r\u00f8yk. De er perfekte for \u00e5 lage feilfrie extensions, samtidig som kundens komfort og sikkerhet prioriteres.<\/p>\n\t\t\t<\/div>\n\t<\/div><\/div>\t\t\t\t<\/div>\n\t\t\t\t<\/div>\n\t\t\t\t\t<\/div>\n\t\t<\/div>\n\t\t\t\t<div class=\"elementor-column elementor-col-33 elementor-inner-column elementor-element elementor-element-d4cc69a\" data-id=\"d4cc69a\" data-element_type=\"column\" data-e-type=\"column\">\n\t\t\t<div class=\"elementor-widget-wrap elementor-element-populated\">\n\t\t\t\t\t\t<div class=\"elementor-element elementor-element-723c078 elementor-widget elementor-widget-rt-text-with-icon\" data-id=\"723c078\" data-element_type=\"widget\" data-e-type=\"widget\" data-widget_type=\"rt-text-with-icon.default\">\n\t\t\t\t<div class=\"elementor-widget-container\">\n\t\t\t\t\t<div class=\"rt-el-text-with-icon elementwidth elwidth-305-320-360 rtin-style-6 rtin-bgtype-light\">\n\t<div class=\"rtin-item\">\t<div class=\"rtin-icon\"><img decoding=\"async\" width=\"512\" height=\"512\" src=\"https:\/\/karmaprobeautystore.no\/wp-content\/uploads\/2024\/11\/mascara-wand.png\" class=\"attachment-full size-full wp-post-image\" alt=\"\" srcset=\"https:\/\/karmaprobeautystore.no\/wp-content\/uploads\/2024\/11\/mascara-wand.png 512w, https:\/\/karmaprobeautystore.no\/wp-content\/uploads\/2024\/11\/mascara-wand-300x300.png 300w, https:\/\/karmaprobeautystore.no\/wp-content\/uploads\/2024\/11\/mascara-wand-150x150.png 150w\" sizes=\"(max-width: 512px) 100vw, 512px\" \/><\/div>\n\t<div class=\"rtin-content\">\n\t\t<h3 class=\"rtin-title\">Vippepleie-n\u00f8dvendigheter<\/h3>\n\t\t\t\t\t<p class=\"rtin-subtitle\">Fra sk\u00e5nsomme vipperensere til pleiende etterpleieprodukter, tilbyr vi alt fagfolk trenger for \u00e5 opprettholde helsen og skj\u00f8nnheten til kundenes vipper. Disse produktene bidrar til \u00e5 forlenge levetiden til vippeextensions og fremme kundetilfredshet.<\/p>\n\t\t\t<\/div>\n\t<\/div><\/div>\t\t\t\t<\/div>\n\t\t\t\t<\/div>\n\t\t\t\t\t<\/div>\n\t\t<\/div>\n\t\t\t\t\t<\/div>\n\t\t<\/section>\n\t\t\t\t\t<\/div>\n\t\t<\/div>\n\t\t\t\t\t<\/div>\n\t\t<\/div>\n\t\t\t\t<section class=\"elementor-section elementor-top-section elementor-element elementor-element-91bd4e9 elementor-section-stretched elementor-section-boxed elementor-section-height-default elementor-section-height-default\" data-id=\"91bd4e9\" data-element_type=\"section\" data-e-type=\"section\" data-settings=\"{&quot;stretch_section&quot;:&quot;section-stretched&quot;,&quot;background_background&quot;:&quot;classic&quot;}\">\n\t\t\t\t\t\t\t<div class=\"elementor-background-overlay\"><\/div>\n\t\t\t\t\t\t\t<div class=\"elementor-container elementor-column-gap-default\">\n\t\t\t\t\t<div class=\"elementor-column elementor-col-100 elementor-top-column elementor-element elementor-element-168561d\" data-id=\"168561d\" data-element_type=\"column\" data-e-type=\"column\">\n\t\t\t<div class=\"elementor-widget-wrap elementor-element-populated\">\n\t\t\t\t\t\t<div class=\"elementor-element elementor-element-ec33d22 elementor-widget elementor-widget-rt-title\" data-id=\"ec33d22\" data-element_type=\"widget\" data-e-type=\"widget\" data-widget_type=\"rt-title.default\">\n\t\t\t\t<div class=\"elementor-widget-container\">\n\t\t\t\t\t<div class=\"rt-el-title rtin-style-1 rtin-align-center\">\n\t<h3 class=\"rtin-title\">Uanstrengt handleopplevelse med Karma<\/h3>\n\t\t\t<p class=\"rtin-subtitle\">N\u00e5r bestillingen din er lagt inn, pakker og sender vi den raskt til d\u00f8ren din. Vi tilbyr p\u00e5litelige leveringsalternativer for \u00e5 sikre at du f\u00e5r produktene dine raskt, slik at du kan fokusere p\u00e5 \u00e5 lage fantastiske vipper for kundene dine.<\/p>\n\t<\/div>\t\t\t\t<\/div>\n\t\t\t\t<\/div>\n\t\t\t\t<div class=\"elementor-element elementor-element-82b0755 elementor-widget elementor-widget-rt-button\" data-id=\"82b0755\" data-element_type=\"widget\" data-e-type=\"widget\" data-widget_type=\"rt-button.default\">\n\t\t\t\t<div class=\"elementor-widget-container\">\n\t\t\t\t\t<div class=\"rt-el-btn rtin-style-3\">\n\t<a href=\"http:\/\/karmaprobeautystore.no\/contact\/\">KONTAKT OSS<\/a>\n<\/div>\t\t\t\t<\/div>\n\t\t\t\t<\/div>\n\t\t\t\t\t<\/div>\n\t\t<\/div>\n\t\t\t\t\t<\/div>\n\t\t<\/section>\n\t\t\t\t<div class=\"elementor-section elementor-top-section elementor-element elementor-element-04298ad elementor-section-boxed elementor-section-height-default elementor-section-height-default\" data-id=\"04298ad\" data-element_type=\"section\" data-e-type=\"section\">\n\t\t\t\t\t\t<div class=\"elementor-container elementor-column-gap-default\">\n\t\t\t\t\t<div class=\"elementor-column elementor-col-100 elementor-top-column elementor-element elementor-element-87a470c\" data-id=\"87a470c\" data-element_type=\"column\" data-e-type=\"column\">\n\t\t\t<div class=\"elementor-widget-wrap elementor-element-populated\">\n\t\t\t\t\t\t<div class=\"elementor-element elementor-element-816ee51 elementor-widget elementor-widget-testimonial\" data-id=\"816ee51\" data-element_type=\"widget\" data-e-type=\"widget\" data-widget_type=\"testimonial.default\">\n\t\t\t\t<div class=\"elementor-widget-container\">\n\t\t\t\t\t\t\t<div class=\"elementor-testimonial-wrapper\">\n\t\t\t\t\t\t\t<div class=\"elementor-testimonial-content\">Karma-produktene har fullstendig forvandlet vippevirksomheten min! Kvaliteten p\u00e5 vippene og limet deres er uovertruffen, og kundene mine roser alltid hvor naturlige og langvarige extensionsene deres ser ut. Nettstedet er superenkelt \u00e5 bruke, og den raske leveringen betyr at jeg aldri g\u00e5r tom for det viktigste. Som profesjonell vippeartist stoler jeg p\u00e5 at Karma holder arbeidet mitt p\u00e5 h\u00f8yeste standard. Anbefales p\u00e5 det sterkeste til alle i bransjen!<\/div>\n\t\t\t\n\t\t\t\t\t\t<div class=\"elementor-testimonial-meta elementor-has-image elementor-testimonial-image-position-aside\">\n\t\t\t\t<div class=\"elementor-testimonial-meta-inner\">\n\t\t\t\t\t\t\t\t\t\t\t<div class=\"elementor-testimonial-image\">\n\t\t\t\t\t\t\t<img loading=\"lazy\" decoding=\"async\" width=\"150\" height=\"150\" src=\"https:\/\/karmaprobeautystore.no\/wp-content\/uploads\/2019\/03\/blog_5-150x150.jpg\" class=\"attachment-thumbnail size-thumbnail wp-image-138 wp-post-image\" alt=\"Metro Blog\" \/>\t\t\t\t\t\t<\/div>\n\t\t\t\t\t\n\t\t\t\t\t\t\t\t\t\t<div class=\"elementor-testimonial-details\">\n\t\t\t\t\t\t\t\t\t\t\t\t\t\t<div class=\"elementor-testimonial-name\">Natalja<\/div>\n\t\t\t\t\t\t\t\t\t\t\t\t\t\t\t\t\t\t\t\t\t\t<div class=\"elementor-testimonial-job\">Klient<\/div>\n\t\t\t\t\t\t\t\t\t\t\t\t\t<\/div>\n\t\t\t\t\t\t\t\t\t<\/div>\n\t\t\t<\/div>\n\t\t\t\t\t<\/div>\n\t\t\t\t\t\t<\/div>\n\t\t\t\t<\/div>\n\t\t\t\t\t<\/div>\n\t\t<\/div>\n\t\t\t\t\t<\/div>\n\t\t<\/div>\n\t\t\t\t<\/div>","protected":false},"excerpt":{"rendered":"<p>Hvem vi er Om Karma: Butikken for vippeextensions Karma er et merke skapt av erfarne vippeextensions-eksperter med mange \u00e5rs erfaring innen feltet. Drevet av sin lidenskap for skj\u00f8nnhet og perfeksjon, utviklet de Karma \u2013 en serie med f\u00f8rsteklasses norske skj\u00f8nnhetsprodukter designet spesielt for vippeextensions. Hvert produkt i Karma \u2026<\/p>","protected":false},"author":0,"featured_media":0,"parent":0,"menu_order":0,"comment_status":"closed","ping_status":"closed","template":"templates\/blank.php","meta":{"_acf_changed":false,"footnotes":""},"class_list":["post-980","page","type-page","status-publish","hentry"],"acf":[],"yoast_head":"<!-- This site is optimized with the Yoast SEO plugin v27.3 - https:\/\/yoast.com\/product\/yoast-seo-wordpress\/ -->\n<title>About Us - Karma Pro Beauty Store<\/title>\n<meta name=\"robots\" content=\"index, follow, max-snippet:-1, max-image-preview:large, max-video-preview:-1\" \/>\n<link rel=\"canonical\" href=\"https:\/\/karmaprobeautystore.no\/nb_no\/nb\/about\/\" \/>\n<meta property=\"og:locale\" content=\"nb_NO\" \/>\n<meta property=\"og:type\" content=\"article\" \/>\n<meta property=\"og:title\" content=\"About Us - Karma Pro Beauty Store\" \/>\n<meta property=\"og:description\" content=\"Who We Are \u00a0 About Karma: The Eyelash Extension Product Store Karma is a brand created by experienced lash extension professionals with years of expertise in the field. Driven by their passion for beauty and perfection, they developed Karma\u2014a line of premium Norwegian beauty products designed specifically for eyelash extensions. Every product in the Karma ...\" \/>\n<meta property=\"og:url\" content=\"https:\/\/karmaprobeautystore.no\/nb_no\/nb\/about\/\" \/>\n<meta property=\"og:site_name\" content=\"Karma Pro Beauty Store\" \/>\n<meta property=\"article:modified_time\" content=\"2024-12-16T17:09:58+00:00\" \/>\n<meta property=\"og:image\" content=\"http:\/\/karmaprobeautystore.no\/wp-content\/uploads\/elementor\/thumbs\/AdobeStock_274403536-scaled-qwt1ahfntlls34gr03c8x48gez2zhuvshzy7ggk4gw.jpeg\" \/>\n<meta name=\"twitter:card\" content=\"summary_large_image\" \/>\n<meta name=\"twitter:label1\" content=\"Ansl. lesetid\" \/>\n\t<meta name=\"twitter:data1\" content=\"2 minutter\" \/>\n<script type=\"application\/ld+json\" class=\"yoast-schema-graph\">{\"@context\":\"https:\\\/\\\/schema.org\",\"@graph\":[{\"@type\":\"WebPage\",\"@id\":\"https:\\\/\\\/karmaprobeautystore.no\\\/nb\\\/about\\\/\",\"url\":\"https:\\\/\\\/karmaprobeautystore.no\\\/nb\\\/about\\\/\",\"name\":\"About Us - Karma Pro Beauty Store\",\"isPartOf\":{\"@id\":\"https:\\\/\\\/karmaprobeautystore.no\\\/en\\\/#website\"},\"primaryImageOfPage\":{\"@id\":\"https:\\\/\\\/karmaprobeautystore.no\\\/nb\\\/about\\\/#primaryimage\"},\"image\":{\"@id\":\"https:\\\/\\\/karmaprobeautystore.no\\\/nb\\\/about\\\/#primaryimage\"},\"thumbnailUrl\":\"http:\\\/\\\/karmaprobeautystore.no\\\/wp-content\\\/uploads\\\/elementor\\\/thumbs\\\/AdobeStock_274403536-scaled-qwt1ahfntlls34gr03c8x48gez2zhuvshzy7ggk4gw.jpeg\",\"datePublished\":\"2019-07-25T07:45:18+00:00\",\"dateModified\":\"2024-12-16T17:09:58+00:00\",\"breadcrumb\":{\"@id\":\"https:\\\/\\\/karmaprobeautystore.no\\\/nb\\\/about\\\/#breadcrumb\"},\"inLanguage\":\"nb-NO\",\"potentialAction\":[{\"@type\":\"ReadAction\",\"target\":[\"https:\\\/\\\/karmaprobeautystore.no\\\/nb\\\/about\\\/\"]}]},{\"@type\":\"ImageObject\",\"inLanguage\":\"nb-NO\",\"@id\":\"https:\\\/\\\/karmaprobeautystore.no\\\/nb\\\/about\\\/#primaryimage\",\"url\":\"http:\\\/\\\/karmaprobeautystore.no\\\/wp-content\\\/uploads\\\/elementor\\\/thumbs\\\/AdobeStock_274403536-scaled-qwt1ahfntlls34gr03c8x48gez2zhuvshzy7ggk4gw.jpeg\",\"contentUrl\":\"http:\\\/\\\/karmaprobeautystore.no\\\/wp-content\\\/uploads\\\/elementor\\\/thumbs\\\/AdobeStock_274403536-scaled-qwt1ahfntlls34gr03c8x48gez2zhuvshzy7ggk4gw.jpeg\"},{\"@type\":\"BreadcrumbList\",\"@id\":\"https:\\\/\\\/karmaprobeautystore.no\\\/nb\\\/about\\\/#breadcrumb\",\"itemListElement\":[{\"@type\":\"ListItem\",\"position\":1,\"name\":\"Home\",\"item\":\"https:\\\/\\\/karmaprobeautystore.no\\\/\"},{\"@type\":\"ListItem\",\"position\":2,\"name\":\"About Us\"}]},{\"@type\":\"WebSite\",\"@id\":\"https:\\\/\\\/karmaprobeautystore.no\\\/en\\\/#website\",\"url\":\"https:\\\/\\\/karmaprobeautystore.no\\\/en\\\/\",\"name\":\"Karma Pro Beauty Store\",\"description\":\"\",\"potentialAction\":[{\"@type\":\"SearchAction\",\"target\":{\"@type\":\"EntryPoint\",\"urlTemplate\":\"https:\\\/\\\/karmaprobeautystore.no\\\/en\\\/?s={search_term_string}\"},\"query-input\":{\"@type\":\"PropertyValueSpecification\",\"valueRequired\":true,\"valueName\":\"search_term_string\"}}],\"inLanguage\":\"nb-NO\"}]}<\/script>\n<!-- \/ Yoast SEO plugin. -->","yoast_head_json":{"title":"About Us - Karma Pro Beauty Store","robots":{"index":"index","follow":"follow","max-snippet":"max-snippet:-1","max-image-preview":"max-image-preview:large","max-video-preview":"max-video-preview:-1"},"canonical":"https:\/\/karmaprobeautystore.no\/nb_no\/nb\/about\/","og_locale":"nb_NO","og_type":"article","og_title":"About Us - Karma Pro Beauty Store","og_description":"Who We Are \u00a0 About Karma: The Eyelash Extension Product Store Karma is a brand created by experienced lash extension professionals with years of expertise in the field. Driven by their passion for beauty and perfection, they developed Karma\u2014a line of premium Norwegian beauty products designed specifically for eyelash extensions. Every product in the Karma ...","og_url":"https:\/\/karmaprobeautystore.no\/nb_no\/nb\/about\/","og_site_name":"Karma Pro Beauty Store","article_modified_time":"2024-12-16T17:09:58+00:00","og_image":[{"url":"http:\/\/karmaprobeautystore.no\/wp-content\/uploads\/elementor\/thumbs\/AdobeStock_274403536-scaled-qwt1ahfntlls34gr03c8x48gez2zhuvshzy7ggk4gw.jpeg","type":"","width":"","height":""}],"twitter_card":"summary_large_image","twitter_misc":{"Ansl. lesetid":"2 minutter"},"schema":{"@context":"https:\/\/schema.org","@graph":[{"@type":"WebPage","@id":"https:\/\/karmaprobeautystore.no\/nb\/about\/","url":"https:\/\/karmaprobeautystore.no\/nb\/about\/","name":"About Us - Karma Pro Beauty Store","isPartOf":{"@id":"https:\/\/karmaprobeautystore.no\/en\/#website"},"primaryImageOfPage":{"@id":"https:\/\/karmaprobeautystore.no\/nb\/about\/#primaryimage"},"image":{"@id":"https:\/\/karmaprobeautystore.no\/nb\/about\/#primaryimage"},"thumbnailUrl":"http:\/\/karmaprobeautystore.no\/wp-content\/uploads\/elementor\/thumbs\/AdobeStock_274403536-scaled-qwt1ahfntlls34gr03c8x48gez2zhuvshzy7ggk4gw.jpeg","datePublished":"2019-07-25T07:45:18+00:00","dateModified":"2024-12-16T17:09:58+00:00","breadcrumb":{"@id":"https:\/\/karmaprobeautystore.no\/nb\/about\/#breadcrumb"},"inLanguage":"nb-NO","potentialAction":[{"@type":"ReadAction","target":["https:\/\/karmaprobeautystore.no\/nb\/about\/"]}]},{"@type":"ImageObject","inLanguage":"nb-NO","@id":"https:\/\/karmaprobeautystore.no\/nb\/about\/#primaryimage","url":"http:\/\/karmaprobeautystore.no\/wp-content\/uploads\/elementor\/thumbs\/AdobeStock_274403536-scaled-qwt1ahfntlls34gr03c8x48gez2zhuvshzy7ggk4gw.jpeg","contentUrl":"http:\/\/karmaprobeautystore.no\/wp-content\/uploads\/elementor\/thumbs\/AdobeStock_274403536-scaled-qwt1ahfntlls34gr03c8x48gez2zhuvshzy7ggk4gw.jpeg"},{"@type":"BreadcrumbList","@id":"https:\/\/karmaprobeautystore.no\/nb\/about\/#breadcrumb","itemListElement":[{"@type":"ListItem","position":1,"name":"Home","item":"https:\/\/karmaprobeautystore.no\/"},{"@type":"ListItem","position":2,"name":"About Us"}]},{"@type":"WebSite","@id":"https:\/\/karmaprobeautystore.no\/en\/#website","url":"https:\/\/karmaprobeautystore.no\/en\/","name":"Karma Pro Skj\u00f8nnhetsbutikk","description":"","potentialAction":[{"@type":"SearchAction","target":{"@type":"EntryPoint","urlTemplate":"https:\/\/karmaprobeautystore.no\/en\/?s={search_term_string}"},"query-input":{"@type":"PropertyValueSpecification","valueRequired":true,"valueName":"search_term_string"}}],"inLanguage":"nb-NO"}]}},"_links":{"self":[{"href":"https:\/\/karmaprobeautystore.no\/nb_no\/wp-json\/wp\/v2\/pages\/980","targetHints":{"allow":["GET"]}}],"collection":[{"href":"https:\/\/karmaprobeautystore.no\/nb_no\/wp-json\/wp\/v2\/pages"}],"about":[{"href":"https:\/\/karmaprobeautystore.no\/nb_no\/wp-json\/wp\/v2\/types\/page"}],"replies":[{"embeddable":true,"href":"https:\/\/karmaprobeautystore.no\/nb_no\/wp-json\/wp\/v2\/comments?post=980"}],"version-history":[{"count":0,"href":"https:\/\/karmaprobeautystore.no\/nb_no\/wp-json\/wp\/v2\/pages\/980\/revisions"}],"wp:attachment":[{"href":"https:\/\/karmaprobeautystore.no\/nb_no\/wp-json\/wp\/v2\/media?parent=980"}],"curies":[{"name":"wp","href":"https:\/\/api.w.org\/{rel}","templated":true}]}}