{"id":591,"date":"2019-06-21T11:05:44","date_gmt":"2019-06-21T11:05:44","guid":{"rendered":"http:\/\/karmaprobeautystore.no\/?page_id=591"},"modified":"2025-06-19T16:39:55","modified_gmt":"2025-06-19T16:39:55","slug":"contact","status":"publish","type":"page","link":"https:\/\/karmaprobeautystore.no\/nb_no\/contact\/","title":{"rendered":"Kontakt"},"content":{"rendered":"<div data-elementor-type=\"wp-post\" data-elementor-id=\"591\" class=\"elementor elementor-591\">\n\t\t\t\t\t\t<section class=\"elementor-section elementor-top-section elementor-element elementor-element-0e74a19 elementor-section-stretched elementor-section-full_width elementor-section-content-top elementor-section-height-default elementor-section-height-default\" data-id=\"0e74a19\" data-element_type=\"section\" data-e-type=\"section\" data-settings=\"{&quot;stretch_section&quot;:&quot;section-stretched&quot;}\">\n\t\t\t\t\t\t<div class=\"elementor-container elementor-column-gap-no\">\n\t\t\t\t\t<div class=\"elementor-column elementor-col-50 elementor-top-column elementor-element elementor-element-e27dd46\" data-id=\"e27dd46\" data-element_type=\"column\" data-e-type=\"column\">\n\t\t\t<div class=\"elementor-widget-wrap elementor-element-populated\">\n\t\t\t\t\t\t<div class=\"elementor-element elementor-element-388be61 elementor-widget elementor-widget-rt-google-map\" data-id=\"388be61\" data-element_type=\"widget\" data-e-type=\"widget\" data-widget_type=\"rt-google-map.default\">\n\t\t\t\t<div class=\"elementor-widget-container\">\n\t\t\t\t\t<div class=\"rt-el-google-map\">\n\t<iframe src=\"https:\/\/www.google.com\/maps\/embed?pb=!1m18!1m12!1m3!1d2132.774000141258!2d5.8529657128441155!3d61.45003023940036!2m3!1f0!2f0!3f0!3m2!1i1024!2i768!4f13.1!3m3!1m2!1s0x461633d8ed5b3589%3A0x1709b9ebb0361644!2sHafstadvegen%2034%2C%206800%20F%C3%B8rde%2C%20Norvegija!5e1!3m2!1slt!2slt!4v1734368340462!5m2!1slt!2slt\" width=\"600\" height=\"450\" style=\"border:0;\" allowfullscreen=\"\" loading=\"lazy\" referrerpolicy=\"no-referrer-when-downgrade\"><\/iframe><\/div>\t\t\t\t<\/div>\n\t\t\t\t<\/div>\n\t\t\t\t\t<\/div>\n\t\t<\/div>\n\t\t\t\t<div class=\"elementor-column elementor-col-50 elementor-top-column elementor-element elementor-element-6a720ac\" data-id=\"6a720ac\" data-element_type=\"column\" data-e-type=\"column\" data-settings=\"{&quot;background_background&quot;:&quot;classic&quot;}\">\n\t\t\t<div class=\"elementor-widget-wrap elementor-element-populated\">\n\t\t\t\t\t\t<div class=\"elementor-element elementor-element-81704cf elementor-widget elementor-widget-heading\" data-id=\"81704cf\" data-element_type=\"widget\" data-e-type=\"widget\" data-widget_type=\"heading.default\">\n\t\t\t\t<div class=\"elementor-widget-container\">\n\t\t\t\t\t<h3 class=\"elementor-heading-title elementor-size-default\">Ta kontakt med oss!<\/h3>\t\t\t\t<\/div>\n\t\t\t\t<\/div>\n\t\t\t\t<div class=\"elementor-element elementor-element-633b62a e-grid-align-left elementor-shape-rounded elementor-grid-0 elementor-widget elementor-widget-social-icons\" data-id=\"633b62a\" data-element_type=\"widget\" data-e-type=\"widget\" data-widget_type=\"social-icons.default\">\n\t\t\t\t<div class=\"elementor-widget-container\">\n\t\t\t\t\t\t\t<div class=\"elementor-social-icons-wrapper elementor-grid\" role=\"list\">\n\t\t\t\t\t\t\t<span class=\"elementor-grid-item\" role=\"listitem\">\n\t\t\t\t\t<a class=\"elementor-icon elementor-social-icon elementor-social-icon-facebook-f elementor-repeater-item-04d3c70\" href=\"https:\/\/www.facebook.com\/people\/karma-Pro-Beauty-Store\/61571253239799\/\" target=\"_blank\">\n\t\t\t\t\t\t<span class=\"elementor-screen-only\">Facebook-f<\/span>\n\t\t\t\t\t\t<i aria-hidden=\"true\" class=\"fab fa-facebook-f\"><\/i>\t\t\t\t\t<\/a>\n\t\t\t\t<\/span>\n\t\t\t\t\t\t\t<span class=\"elementor-grid-item\" role=\"listitem\">\n\t\t\t\t\t<a class=\"elementor-icon elementor-social-icon elementor-social-icon-instagram elementor-repeater-item-dc5c42c\" href=\"https:\/\/www.instagram.com\/karma_pro_beauty_store\/profilecard\/\" target=\"_blank\">\n\t\t\t\t\t\t<span class=\"elementor-screen-only\">Instagram<\/span>\n\t\t\t\t\t\t<i aria-hidden=\"true\" class=\"fab fa-instagram\"><\/i>\t\t\t\t\t<\/a>\n\t\t\t\t<\/span>\n\t\t\t\t\t<\/div>\n\t\t\t\t\t\t<\/div>\n\t\t\t\t<\/div>\n\t\t\t\t<div class=\"elementor-element elementor-element-3c00452 elementor-widget__width-initial elementor-widget elementor-widget-text-editor\" data-id=\"3c00452\" data-element_type=\"widget\" data-e-type=\"widget\" data-widget_type=\"text-editor.default\">\n\t\t\t\t<div class=\"elementor-widget-container\">\n\t\t\t\t\t\t\t\t\t<p>Vi er her for \u00e5 svare p\u00e5 eventuelle sp\u00f8rsm\u00e5l du m\u00e5tte ha. Enten du trenger mer informasjon om v\u00e5re produkter, tjenester eller har spesifikke sp\u00f8rsm\u00e5l, er det bare \u00e5 ta kontakt. Fyll ut skjemaet nedenfor med dine opplysninger, s\u00e5 vil teamet v\u00e5rt kontakte deg s\u00e5 snart som mulig. Dine tilbakemeldinger og sp\u00f8rsm\u00e5l er alltid velkomne.<\/p>\t\t\t\t\t\t\t\t<\/div>\n\t\t\t\t<\/div>\n\t\t\t\t<div class=\"elementor-element elementor-element-66654f2 elementor-widget elementor-widget-rt-contact\" data-id=\"66654f2\" data-element_type=\"widget\" data-e-type=\"widget\" data-widget_type=\"rt-contact.default\">\n\t\t\t\t<div class=\"elementor-widget-container\">\n\t\t\t\t\t<div class=\"rt-el-contact\">\n\t<ul>\n\t\t\t\t\t<li>\n\t\t\t\t<div class=\"rtin-icon\"><span class=\"flaticon-placeholder\"><\/span><\/div>\n\t\t\t\t<div class=\"rtin-content\">\n\t\t\t\t\t<h4 class=\"rtin-label\">Address<\/h4>\n\t\t\t\t\t<p class=\"rtin-value\">\nHafstadvegen 34, 6800 F\u00f8rde, Norge<\/p>\n\t\t\t\t<\/div>\n\t\t\t<\/li>\n\t\t\n\t\t\t\t\t<li>\n\t\t\t\t<div class=\"rtin-icon\"><span class=\"flaticon-phone-call\"><\/span><\/div>\n\t\t\t\t<div class=\"rtin-content\">\n\t\t\t\t\t<h4 class=\"rtin-label\">Telefon<\/h4>\n\t\t\t\t\t<p class=\"rtin-value\"><a href=\"tel:+4790946419\"> +4790946419<\/a><\/p>\n\t\t\t\t<\/div>\n\t\t\t<\/li>\n\t\t\n\t\t\t\t\t<li>\n\t\t\t\t<div class=\"rtin-icon\"><span class=\"flaticon-envelope\"><\/span><\/div>\n\t\t\t\t<div class=\"rtin-content\">\n\t\t\t\t\t<h4 class=\"rtin-label\">Email<\/h4>\n\t\t\t\t\t<p class=\"rtin-value\"><a href=\"mailto: info@karmaprobeautystore.no\"> info@karmaprobeautystore.no<\/a><\/p>\n\t\t\t\t<\/div>\n\t\t\t<\/li>\n\t\t\t<\/ul>\n<\/div>\t\t\t\t<\/div>\n\t\t\t\t<\/div>\n\t\t\t\t\t<\/div>\n\t\t<\/div>\n\t\t\t\t\t<\/div>\n\t\t<\/section>\n\t\t\t\t<section class=\"elementor-section elementor-top-section elementor-element elementor-element-a69d503 elementor-section-stretched elementor-section-boxed elementor-section-height-default elementor-section-height-default\" data-id=\"a69d503\" data-element_type=\"section\" data-e-type=\"section\" data-settings=\"{&quot;stretch_section&quot;:&quot;section-stretched&quot;,&quot;background_background&quot;:&quot;classic&quot;}\">\n\t\t\t\t\t\t<div class=\"elementor-container elementor-column-gap-default\">\n\t\t\t\t\t<div class=\"elementor-column elementor-col-100 elementor-top-column elementor-element elementor-element-b372594\" data-id=\"b372594\" data-element_type=\"column\" data-e-type=\"column\">\n\t\t\t<div class=\"elementor-widget-wrap elementor-element-populated\">\n\t\t\t\t\t\t<div class=\"elementor-element elementor-element-9c6011a elementor-widget elementor-widget-shortcode\" data-id=\"9c6011a\" data-element_type=\"widget\" data-e-type=\"widget\" data-widget_type=\"shortcode.default\">\n\t\t\t\t<div class=\"elementor-widget-container\">\n\t\t\t\t\t\t\t<div class=\"elementor-shortcode\">\n<div class=\"wpcf7 no-js\" id=\"wpcf7-f593-o1\" lang=\"en-US\" dir=\"ltr\" data-wpcf7-id=\"593\">\n<div class=\"screen-reader-response\"><p role=\"status\" aria-live=\"polite\" aria-atomic=\"true\"><\/p> <ul><\/ul><\/div>\n<form action=\"\/nb_no\/wp-json\/wp\/v2\/pages\/591#wpcf7-f593-o1\" method=\"post\" class=\"wpcf7-form init\" aria-label=\"Contact form\" novalidate=\"novalidate\" data-status=\"init\" data-trp-original-action=\"\/nb_no\/wp-json\/wp\/v2\/pages\/591#wpcf7-f593-o1\">\n<fieldset class=\"hidden-fields-container\"><input type=\"hidden\" name=\"_wpcf7\" value=\"593\" \/><input type=\"hidden\" name=\"_wpcf7_version\" value=\"6.1.5\" \/><input type=\"hidden\" name=\"_wpcf7_locale\" value=\"en_US\" \/><input type=\"hidden\" name=\"_wpcf7_unit_tag\" value=\"wpcf7-f593-o1\" \/><input type=\"hidden\" name=\"_wpcf7_container_post\" value=\"0\" \/><input type=\"hidden\" name=\"_wpcf7_posted_data_hash\" value=\"\" \/>\n<\/fieldset>\n<div class=\"metro-contact-form\">\n\t<h3 class=\"rtin-title\">Send oss en melding<\/h3>\n\t<div class=\"row\">\n             <div class=\"col-md-6 form-group\">\n                  <label class=\"sr-only\" for=\"hdd-name\">navn<\/label>\n                  <span class=\"wpcf7-form-control-wrap\" data-name=\"your-name\"><input size=\"40\" maxlength=\"400\" class=\"wpcf7-form-control wpcf7-text wpcf7-validates-as-required form-control\" id=\"hdd-name\" aria-required=\"true\" aria-invalid=\"false\" placeholder=\"Navn *\" value=\"\" type=\"text\" name=\"your-name\" \/><\/span>\n             <\/div>\n             <div class=\"col-md-6 form-group\">\n                  <label class=\"sr-only\" for=\"hdd-email\">e-post<\/label>\n                  <span class=\"wpcf7-form-control-wrap\" data-name=\"your-email\"><input size=\"40\" maxlength=\"400\" class=\"wpcf7-form-control wpcf7-email wpcf7-validates-as-required wpcf7-text wpcf7-validates-as-email form-control\" id=\"hdd-email\" aria-required=\"true\" aria-invalid=\"false\" placeholder=\"E-post *\" value=\"\" type=\"email\" name=\"your-email\" \/><\/span>\n             <\/div>\n        <\/div>\n\t<div class=\"row\">\n             <div class=\"col-md-6 form-group\">\n                 <label class=\"sr-only\" for=\"hdd-subject\">tema<\/label>\n                 <span class=\"wpcf7-form-control-wrap\" data-name=\"your-subject\"><input size=\"40\" maxlength=\"400\" class=\"wpcf7-form-control wpcf7-text wpcf7-validates-as-required form-control\" id=\"hdd-subject\" aria-required=\"true\" aria-invalid=\"false\" placeholder=\"Emne *\" value=\"\" type=\"text\" name=\"your-subject\" \/><\/span>\n             <\/div>\n             <div class=\"col-md-6 form-group\">\n                 <label class=\"sr-only\" for=\"hdd-phone\">telefon<\/label>\n                 <span class=\"wpcf7-form-control-wrap\" data-name=\"your-phone\"><input size=\"40\" maxlength=\"400\" class=\"wpcf7-form-control wpcf7-tel wpcf7-text wpcf7-validates-as-tel form-control\" id=\"hdd-phone\" aria-invalid=\"false\" placeholder=\"Telefon\" value=\"\" type=\"tel\" name=\"your-phone\" \/><\/span>\n              <\/div>\n        <\/div>\n\t<div class=\"form-group\">\n             <label class=\"sr-only\" for=\"hdd-message\">beskjed<\/label>\n             <span class=\"wpcf7-form-control-wrap\" data-name=\"your-message\"><textarea cols=\"40\" rows=\"10\" maxlength=\"2000\" class=\"wpcf7-form-control wpcf7-textarea wpcf7-validates-as-required form-control\" id=\"hdd-message\" aria-required=\"true\" aria-invalid=\"false\" placeholder=\"Melding *\" name=\"your-message\"><\/textarea><\/span>\n         <\/div>\n\t<div class=\"form-group\"><input class=\"wpcf7-form-control wpcf7-submit has-spinner\" type=\"submit\" value=\"Send inn\" \/><\/div>\n\t<div class=\"wpcf7-response-output\" aria-hidden=\"true\"><\/div>\n<\/div>\n<input type=\"hidden\" name=\"trp-form-language\" value=\"nb_no\"\/><\/form>\n<\/div>\n<\/div>\n\t\t\t\t\t\t<\/div>\n\t\t\t\t<\/div>\n\t\t\t\t\t<\/div>\n\t\t<\/div>\n\t\t\t\t\t<\/div>\n\t\t<\/section>\n\t\t\t\t<\/div>","protected":false},"excerpt":{"rendered":"<p>Ta kontakt med oss! Facebook-f Instagram Vi er her for \u00e5 svare p\u00e5 eventuelle sp\u00f8rsm\u00e5l du m\u00e5tte ha. Enten du trenger mer informasjon om v\u00e5re produkter, tjenester eller har spesifikke sp\u00f8rsm\u00e5l, er det bare \u00e5 ta kontakt. Fyll ut skjemaet nedenfor med dine opplysninger, s\u00e5 vil teamet v\u00e5rt kontakte deg s\u00e5 snart som mulig. \u2026<\/p>","protected":false},"author":3,"featured_media":0,"parent":0,"menu_order":0,"comment_status":"closed","ping_status":"closed","template":"templates\/blank.php","meta":{"_acf_changed":false,"footnotes":""},"class_list":["post-591","page","type-page","status-publish","hentry"],"acf":[],"yoast_head":"<!-- This site is optimized with the Yoast SEO plugin v27.3 - https:\/\/yoast.com\/product\/yoast-seo-wordpress\/ -->\n<title>Kontakt - Karma Pro Beauty Store<\/title>\n<meta name=\"robots\" content=\"index, follow, max-snippet:-1, max-image-preview:large, max-video-preview:-1\" \/>\n<link rel=\"canonical\" href=\"https:\/\/karmaprobeautystore.no\/nb_no\/contact\/\" \/>\n<meta property=\"og:locale\" content=\"nb_NO\" \/>\n<meta property=\"og:type\" content=\"article\" \/>\n<meta property=\"og:title\" content=\"Kontakt - Karma Pro Beauty Store\" \/>\n<meta property=\"og:description\" content=\"Get in touch with us! Facebook-f Instagram We are here to answer any questions you may have. Whether you need more information about our products, services, or have specific inquiries, feel free to reach out. Fill in the form below with your details, and our team will get back to you as soon as possible. ...\" \/>\n<meta property=\"og:url\" content=\"https:\/\/karmaprobeautystore.no\/nb_no\/contact\/\" \/>\n<meta property=\"og:site_name\" content=\"Karma Pro Beauty Store\" \/>\n<meta property=\"article:modified_time\" content=\"2025-06-19T16:39:55+00:00\" \/>\n<meta name=\"twitter:card\" content=\"summary_large_image\" \/>\n<meta name=\"twitter:label1\" content=\"Ansl. lesetid\" \/>\n\t<meta name=\"twitter:data1\" content=\"1 minutt\" \/>\n<script type=\"application\/ld+json\" class=\"yoast-schema-graph\">{\"@context\":\"https:\\\/\\\/schema.org\",\"@graph\":[{\"@type\":\"WebPage\",\"@id\":\"https:\\\/\\\/karmaprobeautystore.no\\\/contact\\\/\",\"url\":\"https:\\\/\\\/karmaprobeautystore.no\\\/contact\\\/\",\"name\":\"Kontakt - Karma Pro Beauty Store\",\"isPartOf\":{\"@id\":\"https:\\\/\\\/karmaprobeautystore.no\\\/en\\\/#website\"},\"datePublished\":\"2019-06-21T11:05:44+00:00\",\"dateModified\":\"2025-06-19T16:39:55+00:00\",\"breadcrumb\":{\"@id\":\"https:\\\/\\\/karmaprobeautystore.no\\\/contact\\\/#breadcrumb\"},\"inLanguage\":\"nb-NO\",\"potentialAction\":[{\"@type\":\"ReadAction\",\"target\":[\"https:\\\/\\\/karmaprobeautystore.no\\\/contact\\\/\"]}]},{\"@type\":\"BreadcrumbList\",\"@id\":\"https:\\\/\\\/karmaprobeautystore.no\\\/contact\\\/#breadcrumb\",\"itemListElement\":[{\"@type\":\"ListItem\",\"position\":1,\"name\":\"Home\",\"item\":\"https:\\\/\\\/karmaprobeautystore.no\\\/\"},{\"@type\":\"ListItem\",\"position\":2,\"name\":\"Kontakt\"}]},{\"@type\":\"WebSite\",\"@id\":\"https:\\\/\\\/karmaprobeautystore.no\\\/en\\\/#website\",\"url\":\"https:\\\/\\\/karmaprobeautystore.no\\\/en\\\/\",\"name\":\"Karma Pro Beauty Store\",\"description\":\"\",\"potentialAction\":[{\"@type\":\"SearchAction\",\"target\":{\"@type\":\"EntryPoint\",\"urlTemplate\":\"https:\\\/\\\/karmaprobeautystore.no\\\/en\\\/?s={search_term_string}\"},\"query-input\":{\"@type\":\"PropertyValueSpecification\",\"valueRequired\":true,\"valueName\":\"search_term_string\"}}],\"inLanguage\":\"nb-NO\"}]}<\/script>\n<!-- \/ Yoast SEO plugin. -->","yoast_head_json":{"title":"Kontakt - Karma Pro Beauty Store","robots":{"index":"index","follow":"follow","max-snippet":"max-snippet:-1","max-image-preview":"max-image-preview:large","max-video-preview":"max-video-preview:-1"},"canonical":"https:\/\/karmaprobeautystore.no\/nb_no\/contact\/","og_locale":"nb_NO","og_type":"article","og_title":"Kontakt - Karma Pro Beauty Store","og_description":"Get in touch with us! Facebook-f Instagram We are here to answer any questions you may have. Whether you need more information about our products, services, or have specific inquiries, feel free to reach out. Fill in the form below with your details, and our team will get back to you as soon as possible. ...","og_url":"https:\/\/karmaprobeautystore.no\/nb_no\/contact\/","og_site_name":"Karma Pro Beauty Store","article_modified_time":"2025-06-19T16:39:55+00:00","twitter_card":"summary_large_image","twitter_misc":{"Ansl. lesetid":"1 minutt"},"schema":{"@context":"https:\/\/schema.org","@graph":[{"@type":"WebPage","@id":"https:\/\/karmaprobeautystore.no\/contact\/","url":"https:\/\/karmaprobeautystore.no\/contact\/","name":"Kontakt - Karma Pro Beauty Store","isPartOf":{"@id":"https:\/\/karmaprobeautystore.no\/en\/#website"},"datePublished":"2019-06-21T11:05:44+00:00","dateModified":"2025-06-19T16:39:55+00:00","breadcrumb":{"@id":"https:\/\/karmaprobeautystore.no\/contact\/#breadcrumb"},"inLanguage":"nb-NO","potentialAction":[{"@type":"ReadAction","target":["https:\/\/karmaprobeautystore.no\/contact\/"]}]},{"@type":"BreadcrumbList","@id":"https:\/\/karmaprobeautystore.no\/contact\/#breadcrumb","itemListElement":[{"@type":"ListItem","position":1,"name":"Home","item":"https:\/\/karmaprobeautystore.no\/"},{"@type":"ListItem","position":2,"name":"Kontakt"}]},{"@type":"WebSite","@id":"https:\/\/karmaprobeautystore.no\/en\/#website","url":"https:\/\/karmaprobeautystore.no\/en\/","name":"Karma Pro Skj\u00f8nnhetsbutikk","description":"","potentialAction":[{"@type":"SearchAction","target":{"@type":"EntryPoint","urlTemplate":"https:\/\/karmaprobeautystore.no\/en\/?s={search_term_string}"},"query-input":{"@type":"PropertyValueSpecification","valueRequired":true,"valueName":"search_term_string"}}],"inLanguage":"nb-NO"}]}},"_links":{"self":[{"href":"https:\/\/karmaprobeautystore.no\/nb_no\/wp-json\/wp\/v2\/pages\/591","targetHints":{"allow":["GET"]}}],"collection":[{"href":"https:\/\/karmaprobeautystore.no\/nb_no\/wp-json\/wp\/v2\/pages"}],"about":[{"href":"https:\/\/karmaprobeautystore.no\/nb_no\/wp-json\/wp\/v2\/types\/page"}],"author":[{"embeddable":true,"href":"https:\/\/karmaprobeautystore.no\/nb_no\/wp-json\/wp\/v2\/users\/3"}],"replies":[{"embeddable":true,"href":"https:\/\/karmaprobeautystore.no\/nb_no\/wp-json\/wp\/v2\/comments?post=591"}],"version-history":[{"count":0,"href":"https:\/\/karmaprobeautystore.no\/nb_no\/wp-json\/wp\/v2\/pages\/591\/revisions"}],"wp:attachment":[{"href":"https:\/\/karmaprobeautystore.no\/nb_no\/wp-json\/wp\/v2\/media?parent=591"}],"curies":[{"name":"wp","href":"https:\/\/api.w.org\/{rel}","templated":true}]}}