{"id":4274,"date":"2024-11-09T15:16:14","date_gmt":"2024-11-09T15:16:14","guid":{"rendered":"http:\/\/karmaprobeautystore.no\/?page_id=4274"},"modified":"2025-06-24T08:32:05","modified_gmt":"2025-06-24T08:32:05","slug":"return","status":"publish","type":"page","link":"https:\/\/karmaprobeautystore.no\/nb_no\/return\/","title":{"rendered":"Retur og refusjoner"},"content":{"rendered":"<div data-elementor-type=\"wp-page\" data-elementor-id=\"4274\" class=\"elementor elementor-4274\">\n\t\t\t\t\t\t<section class=\"elementor-section elementor-top-section elementor-element elementor-element-40c0292 elementor-section-boxed elementor-section-height-default elementor-section-height-default\" data-id=\"40c0292\" data-element_type=\"section\" data-e-type=\"section\">\n\t\t\t\t\t\t<div class=\"elementor-container elementor-column-gap-default\">\n\t\t\t\t\t<div class=\"elementor-column elementor-col-100 elementor-top-column elementor-element elementor-element-c378c3c\" data-id=\"c378c3c\" data-element_type=\"column\" data-e-type=\"column\">\n\t\t\t<div class=\"elementor-widget-wrap elementor-element-populated\">\n\t\t\t\t\t\t<div class=\"elementor-element elementor-element-66d7e4c elementor-widget elementor-widget-text-editor\" data-id=\"66d7e4c\" data-element_type=\"widget\" data-e-type=\"widget\" data-widget_type=\"text-editor.default\">\n\t\t\t\t<div class=\"elementor-widget-container\">\n\t\t\t\t\t\t\t\t\t<strong>Retur- og refusjonspolicy \u2013 Karma Pro Beauty Store<\/strong>\n<div class=\"page-header\">\n<div class=\"page-cms__title\">\n\nHos Karma Pro Beauty Store \u00f8nsker vi at du skal v\u00e6re 100% forn\u00f8yd med kj\u00f8pet ditt. Hvis du \u00f8nsker \u00e5 returnere en vare, gjelder f\u00f8lgende vilk\u00e5r:\n\n<hr \/>\n\n<strong>1. Returperiode<\/strong>\n<ul>\n \t<li>Du har rett til \u00e5 returnere varen innen <strong>14 dager<\/strong> etter \u00e5 ha mottatt bestillingen din.<\/li>\n<\/ul>\n\n<hr \/>\n\n<strong>2. Returvilk\u00e5r<\/strong>\n<ul>\n \t<li>Produktet m\u00e5 v\u00e6re <strong>ubrukt<\/strong>, i <strong>original og uskadet emballasje<\/strong>.<\/li>\n \t<li>For kosmetiske produkter gjelder strenge hygienekrav: emballasjen m\u00e5 <strong>ikke \u00e5pnes, \u00f8delegges eller tukles med<\/strong>.<\/li>\n \t<li>Produkter som ikke oppfyller disse kravene kan ikke returneres.<\/li>\n<\/ul>\n\n<hr \/>\n\n<strong>3. Hvordan returnere<\/strong>\n<ul>\n \t<li>For \u00e5 starte en retur, vennligst kontakt oss med ordrenummeret og informasjonen din:<\/li>\n \t<li><strong>E-post:<\/strong> <a rel=\"noopener\">info@karmaprobeautystore.no<\/a><\/li>\n \t<li><strong>Telefon:<\/strong> <strong>+47 909 46 419<\/strong><\/li>\n \t<li>Etter godkjenning kan du sende varen tilbake til:<\/li>\n \t<li><strong>Karma Pro Beauty Store Hafstadvegen 34, 6800 F\u00f8rde, Norge<\/strong><\/li>\n<\/ul>\n\n<hr \/>\n\n<strong>4. Refusjon<\/strong>\n<ul>\n \t<li>N\u00e5r vi har mottatt og inspisert varen, vil refusjonen bli behandlet innen <strong>7\u201310 virkedager<\/strong>.<\/li>\n \t<li>Returfraktkostnader er kundens ansvar med mindre varen ble levert feil eller skadet ved mottak.<\/li>\n<\/ul>\n\n<hr \/>\n\n<strong>5. Unntak fra returreglene<\/strong>\n<ul>\n \t<li>F\u00f8lgende produkter kan ikke returneres:<\/li>\n \t<li>Kosmetiske produkter som er <strong>\u00e5pnet, brukt eller der forseglingen er brutt<\/strong>.<\/li>\n<\/ul>\n\n<hr \/>\n\n<strong>Kontakt oss<\/strong>\nHvis du har sp\u00f8rsm\u00e5l om retur eller refusjon, hjelper vi deg gjerne:\n<ul>\n \t<li><strong>E-post:<\/strong> <a rel=\"noopener\">info@karmaprobeautystore.no<\/a><\/li>\n \t<li><strong>Telefon:<\/strong> <strong>+47 909 46 419<\/strong><\/li>\n<\/ul>\n<p data-pm-slice=\"1 1 []\">Takk for at du handlet hos <strong>Karma Pro Skj\u00f8nnhetsbutikk<\/strong> \u2013 hvor kvalitet og kundetilfredshet kommer f\u00f8rst.<\/p>\n\n<\/div>\n<\/div>\t\t\t\t\t\t\t\t<\/div>\n\t\t\t\t<\/div>\n\t\t\t\t\t<\/div>\n\t\t<\/div>\n\t\t\t\t\t<\/div>\n\t\t<\/section>\n\t\t\t\t<\/div>","protected":false},"excerpt":{"rendered":"<p>Retur- og refusjonspolicy \u2013 Karma Pro Beauty Store Hos Karma Pro Beauty Store \u00f8nsker vi at du skal v\u00e6re 100% forn\u00f8yd med kj\u00f8pet ditt. Hvis du \u00f8nsker \u00e5 returnere en vare, gjelder f\u00f8lgende vilk\u00e5r: 1. Returperiode Du har rett til \u00e5 returnere varen innen 14 dager etter at du har mottatt bestillingen din. 2. Retur \u2026<\/p>","protected":false},"author":1,"featured_media":0,"parent":0,"menu_order":0,"comment_status":"closed","ping_status":"closed","template":"","meta":{"_acf_changed":false,"footnotes":""},"class_list":["post-4274","page","type-page","status-publish","hentry"],"acf":[],"yoast_head":"<!-- This site is optimized with the Yoast SEO plugin v27.3 - https:\/\/yoast.com\/product\/yoast-seo-wordpress\/ -->\n<title>Returns and Refunds - Karma Pro Beauty Store<\/title>\n<meta name=\"robots\" content=\"noindex, nofollow\" \/>\n<meta property=\"og:locale\" content=\"nb_NO\" \/>\n<meta property=\"og:type\" content=\"article\" \/>\n<meta property=\"og:title\" content=\"Returns and Refunds - Karma Pro Beauty Store\" \/>\n<meta property=\"og:description\" content=\"Return and Refund Policy \u2013 Karma Pro Beauty Store At Karma Pro Beauty Store, we want you to be 100% satisfied with your purchase. If you wish to return an item, the following conditions apply: 1. Return Period You have the right to return the item within 14 days after receiving your order. 2. Return ...\" \/>\n<meta property=\"og:url\" content=\"https:\/\/karmaprobeautystore.no\/nb_no\/return\/\" \/>\n<meta property=\"og:site_name\" content=\"Karma Pro Beauty Store\" \/>\n<meta property=\"article:modified_time\" content=\"2025-06-24T08:32:05+00:00\" \/>\n<meta name=\"twitter:card\" content=\"summary_large_image\" \/>\n<meta name=\"twitter:label1\" content=\"Ansl. lesetid\" \/>\n\t<meta name=\"twitter:data1\" content=\"2 minutter\" \/>\n<script type=\"application\/ld+json\" class=\"yoast-schema-graph\">{\"@context\":\"https:\\\/\\\/schema.org\",\"@graph\":[{\"@type\":\"WebPage\",\"@id\":\"https:\\\/\\\/karmaprobeautystore.no\\\/nb_no\\\/return\\\/\",\"url\":\"https:\\\/\\\/karmaprobeautystore.no\\\/nb_no\\\/return\\\/\",\"name\":\"Returns and Refunds - Karma Pro Beauty Store\",\"isPartOf\":{\"@id\":\"https:\\\/\\\/karmaprobeautystore.no\\\/en\\\/#website\"},\"datePublished\":\"2024-11-09T15:16:14+00:00\",\"dateModified\":\"2025-06-24T08:32:05+00:00\",\"breadcrumb\":{\"@id\":\"https:\\\/\\\/karmaprobeautystore.no\\\/nb_no\\\/return\\\/#breadcrumb\"},\"inLanguage\":\"nb-NO\",\"potentialAction\":[{\"@type\":\"ReadAction\",\"target\":[\"https:\\\/\\\/karmaprobeautystore.no\\\/nb_no\\\/return\\\/\"]}]},{\"@type\":\"BreadcrumbList\",\"@id\":\"https:\\\/\\\/karmaprobeautystore.no\\\/nb_no\\\/return\\\/#breadcrumb\",\"itemListElement\":[{\"@type\":\"ListItem\",\"position\":1,\"name\":\"Home\",\"item\":\"https:\\\/\\\/karmaprobeautystore.no\\\/\"},{\"@type\":\"ListItem\",\"position\":2,\"name\":\"Returns and Refunds\"}]},{\"@type\":\"WebSite\",\"@id\":\"https:\\\/\\\/karmaprobeautystore.no\\\/en\\\/#website\",\"url\":\"https:\\\/\\\/karmaprobeautystore.no\\\/en\\\/\",\"name\":\"Karma Pro Beauty Store\",\"description\":\"\",\"potentialAction\":[{\"@type\":\"SearchAction\",\"target\":{\"@type\":\"EntryPoint\",\"urlTemplate\":\"https:\\\/\\\/karmaprobeautystore.no\\\/en\\\/?s={search_term_string}\"},\"query-input\":{\"@type\":\"PropertyValueSpecification\",\"valueRequired\":true,\"valueName\":\"search_term_string\"}}],\"inLanguage\":\"nb-NO\"}]}<\/script>\n<!-- \/ Yoast SEO plugin. -->","yoast_head_json":{"title":"Returns and Refunds - Karma Pro Beauty Store","robots":{"index":"noindex","follow":"nofollow"},"og_locale":"nb_NO","og_type":"article","og_title":"Returns and Refunds - Karma Pro Beauty Store","og_description":"Return and Refund Policy \u2013 Karma Pro Beauty Store At Karma Pro Beauty Store, we want you to be 100% satisfied with your purchase. If you wish to return an item, the following conditions apply: 1. Return Period You have the right to return the item within 14 days after receiving your order. 2. Return ...","og_url":"https:\/\/karmaprobeautystore.no\/nb_no\/return\/","og_site_name":"Karma Pro Beauty Store","article_modified_time":"2025-06-24T08:32:05+00:00","twitter_card":"summary_large_image","twitter_misc":{"Ansl. lesetid":"2 minutter"},"schema":{"@context":"https:\/\/schema.org","@graph":[{"@type":"WebPage","@id":"https:\/\/karmaprobeautystore.no\/nb_no\/return\/","url":"https:\/\/karmaprobeautystore.no\/nb_no\/return\/","name":"Returns and Refunds - Karma Pro Beauty Store","isPartOf":{"@id":"https:\/\/karmaprobeautystore.no\/en\/#website"},"datePublished":"2024-11-09T15:16:14+00:00","dateModified":"2025-06-24T08:32:05+00:00","breadcrumb":{"@id":"https:\/\/karmaprobeautystore.no\/nb_no\/return\/#breadcrumb"},"inLanguage":"nb-NO","potentialAction":[{"@type":"ReadAction","target":["https:\/\/karmaprobeautystore.no\/nb_no\/return\/"]}]},{"@type":"BreadcrumbList","@id":"https:\/\/karmaprobeautystore.no\/nb_no\/return\/#breadcrumb","itemListElement":[{"@type":"ListItem","position":1,"name":"Home","item":"https:\/\/karmaprobeautystore.no\/"},{"@type":"ListItem","position":2,"name":"Returns and Refunds"}]},{"@type":"WebSite","@id":"https:\/\/karmaprobeautystore.no\/en\/#website","url":"https:\/\/karmaprobeautystore.no\/en\/","name":"Karma Pro Skj\u00f8nnhetsbutikk","description":"","potentialAction":[{"@type":"SearchAction","target":{"@type":"EntryPoint","urlTemplate":"https:\/\/karmaprobeautystore.no\/en\/?s={search_term_string}"},"query-input":{"@type":"PropertyValueSpecification","valueRequired":true,"valueName":"search_term_string"}}],"inLanguage":"nb-NO"}]}},"_links":{"self":[{"href":"https:\/\/karmaprobeautystore.no\/nb_no\/wp-json\/wp\/v2\/pages\/4274","targetHints":{"allow":["GET"]}}],"collection":[{"href":"https:\/\/karmaprobeautystore.no\/nb_no\/wp-json\/wp\/v2\/pages"}],"about":[{"href":"https:\/\/karmaprobeautystore.no\/nb_no\/wp-json\/wp\/v2\/types\/page"}],"author":[{"embeddable":true,"href":"https:\/\/karmaprobeautystore.no\/nb_no\/wp-json\/wp\/v2\/users\/1"}],"replies":[{"embeddable":true,"href":"https:\/\/karmaprobeautystore.no\/nb_no\/wp-json\/wp\/v2\/comments?post=4274"}],"version-history":[{"count":0,"href":"https:\/\/karmaprobeautystore.no\/nb_no\/wp-json\/wp\/v2\/pages\/4274\/revisions"}],"wp:attachment":[{"href":"https:\/\/karmaprobeautystore.no\/nb_no\/wp-json\/wp\/v2\/media?parent=4274"}],"curies":[{"name":"wp","href":"https:\/\/api.w.org\/{rel}","templated":true}]}}