{"id":6708,"date":"2026-02-10T13:49:46","date_gmt":"2026-02-10T13:49:46","guid":{"rendered":"https:\/\/karmaprobeautystore.no\/?post_type=product&#038;p=6708"},"modified":"2026-02-10T14:09:35","modified_gmt":"2026-02-10T14:09:35","slug":"wella-professionals-colormotion-color-protection-shampoo-250ml","status":"publish","type":"product","link":"https:\/\/karmaprobeautystore.no\/en\/product\/wella-professionals-colormotion-color-protection-shampoo-250ml\/","title":{"rendered":"Wella Professionals ColorMotion+ Color Protection Shampoo 250ml"},"content":{"rendered":"<p>Wella Professionals ColorMotion+ Color Protection Shampoo er en shampoo som bidrar til \u00e5 l\u00e5se inn fargen samtidig som den bevarer h\u00e5rets mykhet og glans.<\/p>\n<p>Denne shampoo fra Wella Professionals er formulert med ekstra antioksidanter som forbedrer beskyttelsen mot frie radikaler, for \u00e5 sikre kvalitet p\u00e5 tre omr\u00e5der:<\/p>\n<p>Fargebeskyttelse, glans samt et sterkere og sunnere h\u00e5r.<br \/>\nColorMotion+ er ogs\u00e5 beriket med WellaPlex+ bindemiddel som styrker h\u00e5ret ved \u00e5 gjenoppbygge h\u00e5rbindingene etter fargebehandling.<br \/>\nDin fargebeskyttelses shampoo for skadet fargebehandlet h\u00e5r.<\/p>\n","protected":false},"excerpt":{"rendered":"<p>Wella Professionals ColorMotion+ Color Protection Shampoo er en shampoo som bidrar til \u00e5 l\u00e5se inn fargen samtidig som den bevarer h\u00e5rets mykhet og glans. Denne shampoo fra Wella Professionals er formulert med ekstra antioksidanter som forbedrer beskyttelsen mot frie radikaler, for \u00e5 sikre kvalitet p\u00e5 tre omr\u00e5der: Fargebeskyttelse, glans samt et sterkere og sunnere h\u00e5r. &#8230;<\/p>\n","protected":false},"featured_media":6709,"menu_order":0,"comment_status":"open","ping_status":"closed","template":"","meta":{"_acf_changed":false},"product_brand":[],"product_cat":[161,163],"product_tag":[],"class_list":{"0":"post-6708","1":"product","2":"type-product","3":"status-publish","4":"has-post-thumbnail","6":"product_cat-beauty-products","7":"product_cat-hair-products","9":"first","10":"instock","11":"taxable","12":"shipping-taxable","13":"purchasable","14":"product-type-simple"},"acf":[],"yoast_head":"<!-- This site is optimized with the Yoast SEO plugin v27.3 - https:\/\/yoast.com\/product\/yoast-seo-wordpress\/ -->\n<title>Wella Professionals ColorMotion+ Color Protection Shampoo 250ml - Karma Pro Beauty Store<\/title>\n<meta name=\"robots\" content=\"index, follow, max-snippet:-1, max-image-preview:large, max-video-preview:-1\" \/>\n<link rel=\"canonical\" href=\"https:\/\/karmaprobeautystore.no\/en\/produkt\/wella-professionals-colormotion-color-protection-shampoo-250ml\/\" \/>\n<meta property=\"og:locale\" content=\"en_GB\" \/>\n<meta property=\"og:type\" content=\"article\" \/>\n<meta property=\"og:title\" content=\"Wella Professionals ColorMotion+ Color Protection Shampoo 250ml - Karma Pro Beauty Store\" \/>\n<meta property=\"og:description\" content=\"Wella Professionals ColorMotion+ Color Protection Shampoo er en shampoo som bidrar til \u00e5 l\u00e5se inn fargen samtidig som den bevarer h\u00e5rets mykhet og glans. Denne shampoo fra Wella Professionals er formulert med ekstra antioksidanter som forbedrer beskyttelsen mot frie radikaler, for \u00e5 sikre kvalitet p\u00e5 tre omr\u00e5der: Fargebeskyttelse, glans samt et sterkere og sunnere h\u00e5r. ...\" \/>\n<meta property=\"og:url\" content=\"https:\/\/karmaprobeautystore.no\/en\/produkt\/wella-professionals-colormotion-color-protection-shampoo-250ml\/\" \/>\n<meta property=\"og:site_name\" content=\"Karma Pro Beauty Store\" \/>\n<meta property=\"article:modified_time\" content=\"2026-02-10T14:09:35+00:00\" \/>\n<meta property=\"og:image\" content=\"https:\/\/karmaprobeautystore.no\/wp-content\/uploads\/2026\/02\/f1d41249-216f-41b8-bb7b-49a7cee21fe5_6.jpeg\" \/>\n\t<meta property=\"og:image:width\" content=\"900\" \/>\n\t<meta property=\"og:image:height\" content=\"900\" \/>\n\t<meta property=\"og:image:type\" content=\"image\/jpeg\" \/>\n<meta name=\"twitter:card\" content=\"summary_large_image\" \/>\n<meta name=\"twitter:label1\" content=\"Estimated reading time\" \/>\n\t<meta name=\"twitter:data1\" content=\"1 minute\" \/>\n<script type=\"application\/ld+json\" class=\"yoast-schema-graph\">{\"@context\":\"https:\\\/\\\/schema.org\",\"@graph\":[{\"@type\":\"WebPage\",\"@id\":\"https:\\\/\\\/karmaprobeautystore.no\\\/produkt\\\/wella-professionals-colormotion-color-protection-shampoo-250ml\\\/\",\"url\":\"https:\\\/\\\/karmaprobeautystore.no\\\/produkt\\\/wella-professionals-colormotion-color-protection-shampoo-250ml\\\/\",\"name\":\"Wella Professionals ColorMotion+ Color Protection Shampoo 250ml - Karma Pro Beauty Store\",\"isPartOf\":{\"@id\":\"https:\\\/\\\/karmaprobeautystore.no\\\/en\\\/#website\"},\"primaryImageOfPage\":{\"@id\":\"https:\\\/\\\/karmaprobeautystore.no\\\/produkt\\\/wella-professionals-colormotion-color-protection-shampoo-250ml\\\/#primaryimage\"},\"image\":{\"@id\":\"https:\\\/\\\/karmaprobeautystore.no\\\/produkt\\\/wella-professionals-colormotion-color-protection-shampoo-250ml\\\/#primaryimage\"},\"thumbnailUrl\":\"https:\\\/\\\/karmaprobeautystore.no\\\/wp-content\\\/uploads\\\/2026\\\/02\\\/f1d41249-216f-41b8-bb7b-49a7cee21fe5_6.jpeg\",\"datePublished\":\"2026-02-10T13:49:46+00:00\",\"dateModified\":\"2026-02-10T14:09:35+00:00\",\"breadcrumb\":{\"@id\":\"https:\\\/\\\/karmaprobeautystore.no\\\/produkt\\\/wella-professionals-colormotion-color-protection-shampoo-250ml\\\/#breadcrumb\"},\"inLanguage\":\"en-GB\",\"potentialAction\":[{\"@type\":\"ReadAction\",\"target\":[\"https:\\\/\\\/karmaprobeautystore.no\\\/produkt\\\/wella-professionals-colormotion-color-protection-shampoo-250ml\\\/\"]}]},{\"@type\":\"ImageObject\",\"inLanguage\":\"en-GB\",\"@id\":\"https:\\\/\\\/karmaprobeautystore.no\\\/produkt\\\/wella-professionals-colormotion-color-protection-shampoo-250ml\\\/#primaryimage\",\"url\":\"https:\\\/\\\/karmaprobeautystore.no\\\/wp-content\\\/uploads\\\/2026\\\/02\\\/f1d41249-216f-41b8-bb7b-49a7cee21fe5_6.jpeg\",\"contentUrl\":\"https:\\\/\\\/karmaprobeautystore.no\\\/wp-content\\\/uploads\\\/2026\\\/02\\\/f1d41249-216f-41b8-bb7b-49a7cee21fe5_6.jpeg\",\"width\":900,\"height\":900},{\"@type\":\"BreadcrumbList\",\"@id\":\"https:\\\/\\\/karmaprobeautystore.no\\\/produkt\\\/wella-professionals-colormotion-color-protection-shampoo-250ml\\\/#breadcrumb\",\"itemListElement\":[{\"@type\":\"ListItem\",\"position\":1,\"name\":\"Home\",\"item\":\"https:\\\/\\\/karmaprobeautystore.no\\\/\"},{\"@type\":\"ListItem\",\"position\":2,\"name\":\"Shop\",\"item\":\"https:\\\/\\\/karmaprobeautystore.no\\\/nb\\\/shop\\\/\"},{\"@type\":\"ListItem\",\"position\":3,\"name\":\"Wella Professionals ColorMotion+ Color Protection Shampoo 250ml\"}]},{\"@type\":\"WebSite\",\"@id\":\"https:\\\/\\\/karmaprobeautystore.no\\\/en\\\/#website\",\"url\":\"https:\\\/\\\/karmaprobeautystore.no\\\/en\\\/\",\"name\":\"Karma Pro Beauty Store\",\"description\":\"\",\"potentialAction\":[{\"@type\":\"SearchAction\",\"target\":{\"@type\":\"EntryPoint\",\"urlTemplate\":\"https:\\\/\\\/karmaprobeautystore.no\\\/en\\\/?s={search_term_string}\"},\"query-input\":{\"@type\":\"PropertyValueSpecification\",\"valueRequired\":true,\"valueName\":\"search_term_string\"}}],\"inLanguage\":\"en-GB\"}]}<\/script>\n<!-- \/ Yoast SEO plugin. -->","yoast_head_json":{"title":"Wella Professionals ColorMotion+ Color Protection Shampoo 250ml - Karma Pro Beauty Store","robots":{"index":"index","follow":"follow","max-snippet":"max-snippet:-1","max-image-preview":"max-image-preview:large","max-video-preview":"max-video-preview:-1"},"canonical":"https:\/\/karmaprobeautystore.no\/en\/produkt\/wella-professionals-colormotion-color-protection-shampoo-250ml\/","og_locale":"en_GB","og_type":"article","og_title":"Wella Professionals ColorMotion+ Color Protection Shampoo 250ml - Karma Pro Beauty Store","og_description":"Wella Professionals ColorMotion+ Color Protection Shampoo er en shampoo som bidrar til \u00e5 l\u00e5se inn fargen samtidig som den bevarer h\u00e5rets mykhet og glans. Denne shampoo fra Wella Professionals er formulert med ekstra antioksidanter som forbedrer beskyttelsen mot frie radikaler, for \u00e5 sikre kvalitet p\u00e5 tre omr\u00e5der: Fargebeskyttelse, glans samt et sterkere og sunnere h\u00e5r. ...","og_url":"https:\/\/karmaprobeautystore.no\/en\/produkt\/wella-professionals-colormotion-color-protection-shampoo-250ml\/","og_site_name":"Karma Pro Beauty Store","article_modified_time":"2026-02-10T14:09:35+00:00","og_image":[{"width":900,"height":900,"url":"https:\/\/karmaprobeautystore.no\/wp-content\/uploads\/2026\/02\/f1d41249-216f-41b8-bb7b-49a7cee21fe5_6.jpeg","type":"image\/jpeg"}],"twitter_card":"summary_large_image","twitter_misc":{"Estimated reading time":"1 minute"},"schema":{"@context":"https:\/\/schema.org","@graph":[{"@type":"WebPage","@id":"https:\/\/karmaprobeautystore.no\/produkt\/wella-professionals-colormotion-color-protection-shampoo-250ml\/","url":"https:\/\/karmaprobeautystore.no\/produkt\/wella-professionals-colormotion-color-protection-shampoo-250ml\/","name":"Wella Professionals ColorMotion+ Color Protection Shampoo 250ml - Karma Pro Beauty Store","isPartOf":{"@id":"https:\/\/karmaprobeautystore.no\/en\/#website"},"primaryImageOfPage":{"@id":"https:\/\/karmaprobeautystore.no\/produkt\/wella-professionals-colormotion-color-protection-shampoo-250ml\/#primaryimage"},"image":{"@id":"https:\/\/karmaprobeautystore.no\/produkt\/wella-professionals-colormotion-color-protection-shampoo-250ml\/#primaryimage"},"thumbnailUrl":"https:\/\/karmaprobeautystore.no\/wp-content\/uploads\/2026\/02\/f1d41249-216f-41b8-bb7b-49a7cee21fe5_6.jpeg","datePublished":"2026-02-10T13:49:46+00:00","dateModified":"2026-02-10T14:09:35+00:00","breadcrumb":{"@id":"https:\/\/karmaprobeautystore.no\/produkt\/wella-professionals-colormotion-color-protection-shampoo-250ml\/#breadcrumb"},"inLanguage":"en-GB","potentialAction":[{"@type":"ReadAction","target":["https:\/\/karmaprobeautystore.no\/produkt\/wella-professionals-colormotion-color-protection-shampoo-250ml\/"]}]},{"@type":"ImageObject","inLanguage":"en-GB","@id":"https:\/\/karmaprobeautystore.no\/produkt\/wella-professionals-colormotion-color-protection-shampoo-250ml\/#primaryimage","url":"https:\/\/karmaprobeautystore.no\/wp-content\/uploads\/2026\/02\/f1d41249-216f-41b8-bb7b-49a7cee21fe5_6.jpeg","contentUrl":"https:\/\/karmaprobeautystore.no\/wp-content\/uploads\/2026\/02\/f1d41249-216f-41b8-bb7b-49a7cee21fe5_6.jpeg","width":900,"height":900},{"@type":"BreadcrumbList","@id":"https:\/\/karmaprobeautystore.no\/produkt\/wella-professionals-colormotion-color-protection-shampoo-250ml\/#breadcrumb","itemListElement":[{"@type":"ListItem","position":1,"name":"Home","item":"https:\/\/karmaprobeautystore.no\/"},{"@type":"ListItem","position":2,"name":"Shop","item":"https:\/\/karmaprobeautystore.no\/nb\/shop\/"},{"@type":"ListItem","position":3,"name":"Wella Professionals ColorMotion+ Color Protection Shampoo 250ml"}]},{"@type":"WebSite","@id":"https:\/\/karmaprobeautystore.no\/en\/#website","url":"https:\/\/karmaprobeautystore.no\/en\/","name":"Karma Pro Beauty Store","description":"","potentialAction":[{"@type":"SearchAction","target":{"@type":"EntryPoint","urlTemplate":"https:\/\/karmaprobeautystore.no\/en\/?s={search_term_string}"},"query-input":{"@type":"PropertyValueSpecification","valueRequired":true,"valueName":"search_term_string"}}],"inLanguage":"en-GB"}]}},"_links":{"self":[{"href":"https:\/\/karmaprobeautystore.no\/en\/wp-json\/wp\/v2\/product\/6708","targetHints":{"allow":["GET"]}}],"collection":[{"href":"https:\/\/karmaprobeautystore.no\/en\/wp-json\/wp\/v2\/product"}],"about":[{"href":"https:\/\/karmaprobeautystore.no\/en\/wp-json\/wp\/v2\/types\/product"}],"replies":[{"embeddable":true,"href":"https:\/\/karmaprobeautystore.no\/en\/wp-json\/wp\/v2\/comments?post=6708"}],"wp:featuredmedia":[{"embeddable":true,"href":"https:\/\/karmaprobeautystore.no\/en\/wp-json\/wp\/v2\/media\/6709"}],"wp:attachment":[{"href":"https:\/\/karmaprobeautystore.no\/en\/wp-json\/wp\/v2\/media?parent=6708"}],"wp:term":[{"taxonomy":"product_brand","embeddable":true,"href":"https:\/\/karmaprobeautystore.no\/en\/wp-json\/wp\/v2\/product_brand?post=6708"},{"taxonomy":"product_cat","embeddable":true,"href":"https:\/\/karmaprobeautystore.no\/en\/wp-json\/wp\/v2\/product_cat?post=6708"},{"taxonomy":"product_tag","embeddable":true,"href":"https:\/\/karmaprobeautystore.no\/en\/wp-json\/wp\/v2\/product_tag?post=6708"}],"curies":[{"name":"wp","href":"https:\/\/api.w.org\/{rel}","templated":true}]}}