{"id":6698,"date":"2026-02-10T13:42:09","date_gmt":"2026-02-10T13:42:09","guid":{"rendered":"https:\/\/karmaprobeautystore.no\/?post_type=product&#038;p=6698"},"modified":"2026-02-10T14:08:33","modified_gmt":"2026-02-10T14:08:33","slug":"wella-professionals-ultimate-repair-night-hair-serum-30ml","status":"publish","type":"product","link":"https:\/\/karmaprobeautystore.no\/en\/product\/wella-professionals-ultimate-repair-night-hair-serum-30ml\/","title":{"rendered":"Wella Professionals Ultimate Repair Night Hair Serum 30ml"},"content":{"rendered":"<p>Wella Professionals Ultimate Repair Night Serum er et leave-in serum til natten som synlig korrigerer matthet, t\u00f8rrhet og brudd. Leave-in-formelen inneholder omega-9 for intensiv fuktighet og forsvarspolymerer som bidrar til \u00e5 beskytte h\u00e5ret mot nattlige stressfaktorer ved \u00e5 skape et usynlig skjold. Med AHA, som vanligvis er kjent innen hudpleie, brukes AHA i Ultimate Repair til \u00e5 styrke, pleie og forhindre brudd i sunt og kjemisk behandlet h\u00e5r ved \u00e5 gjenoppbygge hydrogenbindingene og trenge inn i h\u00e5rfibrene i dybden. Alt dette bidrar til \u00e5 reparere skadet h\u00e5r over natten og gi det n\u00e6ring i opptil 8 timer. <\/p>\n<p>Fordeler: <\/p>\n<p>Opplev opptil 78 % mindre brudd*<br \/>\nOpptil 86 % f\u00e6rre flisete spisser*<br \/>\nDermatologisk testet<br \/>\nVegan<br \/>\nDyrevennlig<br \/>\nFor best resultat, bruk sammen med hele Ultimate Repair-serien. <\/p>\n<p>Wella Professionals Ultimate Repair System er en hudpleieinspirert serie som tilbyr en prestisjefylt h\u00e5rpleierutine som perfeksjonerer h\u00e5ret ditt p\u00e5 bare 90 sekunder*. Serien er utviklet for deg som \u00f8nsker det h\u00f8yeste niv\u00e5et av reparasjon og en naturlig, sunn f\u00f8lelse i h\u00e5ret. Den styrker og pleier samt etterlater h\u00e5ret mykt, friskt og rent.* <\/p>\n<p>*vs. ikke-pleiende shampoo<\/p>\n<p>**Ved bruk av Ultimate Repair Step 3 Miracle Hair Rescue eller 4 Protective Leave In vs. ikke-pleiende shampoo<\/p>\n","protected":false},"excerpt":{"rendered":"<p>Wella Professionals Ultimate Repair Night Serum er et leave-in serum til natten som synlig korrigerer matthet, t\u00f8rrhet og brudd. Leave-in-formelen inneholder omega-9 for intensiv fuktighet og forsvarspolymerer som bidrar til \u00e5 beskytte h\u00e5ret mot nattlige stressfaktorer ved \u00e5 skape et usynlig skjold. Med AHA, som vanligvis er kjent innen hudpleie, brukes AHA i Ultimate Repair &#8230;<\/p>\n","protected":false},"featured_media":6699,"menu_order":0,"comment_status":"open","ping_status":"closed","template":"","meta":{"_acf_changed":false},"product_brand":[],"product_cat":[161,163],"product_tag":[],"class_list":{"0":"post-6698","1":"product","2":"type-product","3":"status-publish","4":"has-post-thumbnail","6":"product_cat-beauty-products","7":"product_cat-hair-products","9":"first","10":"instock","11":"taxable","12":"shipping-taxable","13":"purchasable","14":"product-type-simple"},"acf":[],"yoast_head":"<!-- This site is optimized with the Yoast SEO plugin v27.3 - https:\/\/yoast.com\/product\/yoast-seo-wordpress\/ -->\n<title>Wella Professionals Ultimate Repair Night Hair Serum 30ml - Karma Pro Beauty Store<\/title>\n<meta name=\"robots\" content=\"index, follow, max-snippet:-1, max-image-preview:large, max-video-preview:-1\" \/>\n<link rel=\"canonical\" href=\"https:\/\/karmaprobeautystore.no\/en\/produkt\/wella-professionals-ultimate-repair-night-hair-serum-30ml\/\" \/>\n<meta property=\"og:locale\" content=\"en_GB\" \/>\n<meta property=\"og:type\" content=\"article\" \/>\n<meta property=\"og:title\" content=\"Wella Professionals Ultimate Repair Night Hair Serum 30ml - Karma Pro Beauty Store\" \/>\n<meta property=\"og:description\" content=\"Wella Professionals Ultimate Repair Night Serum er et leave-in serum til natten som synlig korrigerer matthet, t\u00f8rrhet og brudd. Leave-in-formelen inneholder omega-9 for intensiv fuktighet og forsvarspolymerer som bidrar til \u00e5 beskytte h\u00e5ret mot nattlige stressfaktorer ved \u00e5 skape et usynlig skjold. Med AHA, som vanligvis er kjent innen hudpleie, brukes AHA i Ultimate Repair ...\" \/>\n<meta property=\"og:url\" content=\"https:\/\/karmaprobeautystore.no\/en\/produkt\/wella-professionals-ultimate-repair-night-hair-serum-30ml\/\" \/>\n<meta property=\"og:site_name\" content=\"Karma Pro Beauty Store\" \/>\n<meta property=\"article:modified_time\" content=\"2026-02-10T14:08:33+00:00\" \/>\n<meta property=\"og:image\" content=\"https:\/\/karmaprobeautystore.no\/wp-content\/uploads\/2026\/02\/dba2282a-f16d-4077-aea7-51cfa226fbcc_7.jpeg\" \/>\n\t<meta property=\"og:image:width\" content=\"900\" \/>\n\t<meta property=\"og:image:height\" content=\"900\" \/>\n\t<meta property=\"og:image:type\" content=\"image\/jpeg\" \/>\n<meta name=\"twitter:card\" content=\"summary_large_image\" \/>\n<meta name=\"twitter:label1\" content=\"Estimated reading time\" \/>\n\t<meta name=\"twitter:data1\" content=\"2 minutes\" \/>\n<script type=\"application\/ld+json\" class=\"yoast-schema-graph\">{\"@context\":\"https:\\\/\\\/schema.org\",\"@graph\":[{\"@type\":\"WebPage\",\"@id\":\"https:\\\/\\\/karmaprobeautystore.no\\\/produkt\\\/wella-professionals-ultimate-repair-night-hair-serum-30ml\\\/\",\"url\":\"https:\\\/\\\/karmaprobeautystore.no\\\/produkt\\\/wella-professionals-ultimate-repair-night-hair-serum-30ml\\\/\",\"name\":\"Wella Professionals Ultimate Repair Night Hair Serum 30ml - Karma Pro Beauty Store\",\"isPartOf\":{\"@id\":\"https:\\\/\\\/karmaprobeautystore.no\\\/en\\\/#website\"},\"primaryImageOfPage\":{\"@id\":\"https:\\\/\\\/karmaprobeautystore.no\\\/produkt\\\/wella-professionals-ultimate-repair-night-hair-serum-30ml\\\/#primaryimage\"},\"image\":{\"@id\":\"https:\\\/\\\/karmaprobeautystore.no\\\/produkt\\\/wella-professionals-ultimate-repair-night-hair-serum-30ml\\\/#primaryimage\"},\"thumbnailUrl\":\"https:\\\/\\\/karmaprobeautystore.no\\\/wp-content\\\/uploads\\\/2026\\\/02\\\/dba2282a-f16d-4077-aea7-51cfa226fbcc_7.jpeg\",\"datePublished\":\"2026-02-10T13:42:09+00:00\",\"dateModified\":\"2026-02-10T14:08:33+00:00\",\"breadcrumb\":{\"@id\":\"https:\\\/\\\/karmaprobeautystore.no\\\/produkt\\\/wella-professionals-ultimate-repair-night-hair-serum-30ml\\\/#breadcrumb\"},\"inLanguage\":\"en-GB\",\"potentialAction\":[{\"@type\":\"ReadAction\",\"target\":[\"https:\\\/\\\/karmaprobeautystore.no\\\/produkt\\\/wella-professionals-ultimate-repair-night-hair-serum-30ml\\\/\"]}]},{\"@type\":\"ImageObject\",\"inLanguage\":\"en-GB\",\"@id\":\"https:\\\/\\\/karmaprobeautystore.no\\\/produkt\\\/wella-professionals-ultimate-repair-night-hair-serum-30ml\\\/#primaryimage\",\"url\":\"https:\\\/\\\/karmaprobeautystore.no\\\/wp-content\\\/uploads\\\/2026\\\/02\\\/dba2282a-f16d-4077-aea7-51cfa226fbcc_7.jpeg\",\"contentUrl\":\"https:\\\/\\\/karmaprobeautystore.no\\\/wp-content\\\/uploads\\\/2026\\\/02\\\/dba2282a-f16d-4077-aea7-51cfa226fbcc_7.jpeg\",\"width\":900,\"height\":900},{\"@type\":\"BreadcrumbList\",\"@id\":\"https:\\\/\\\/karmaprobeautystore.no\\\/produkt\\\/wella-professionals-ultimate-repair-night-hair-serum-30ml\\\/#breadcrumb\",\"itemListElement\":[{\"@type\":\"ListItem\",\"position\":1,\"name\":\"Home\",\"item\":\"https:\\\/\\\/karmaprobeautystore.no\\\/\"},{\"@type\":\"ListItem\",\"position\":2,\"name\":\"Shop\",\"item\":\"https:\\\/\\\/karmaprobeautystore.no\\\/nb\\\/shop\\\/\"},{\"@type\":\"ListItem\",\"position\":3,\"name\":\"Wella Professionals Ultimate Repair Night Hair Serum 30ml\"}]},{\"@type\":\"WebSite\",\"@id\":\"https:\\\/\\\/karmaprobeautystore.no\\\/en\\\/#website\",\"url\":\"https:\\\/\\\/karmaprobeautystore.no\\\/en\\\/\",\"name\":\"Karma Pro Beauty Store\",\"description\":\"\",\"potentialAction\":[{\"@type\":\"SearchAction\",\"target\":{\"@type\":\"EntryPoint\",\"urlTemplate\":\"https:\\\/\\\/karmaprobeautystore.no\\\/en\\\/?s={search_term_string}\"},\"query-input\":{\"@type\":\"PropertyValueSpecification\",\"valueRequired\":true,\"valueName\":\"search_term_string\"}}],\"inLanguage\":\"en-GB\"}]}<\/script>\n<!-- \/ Yoast SEO plugin. -->","yoast_head_json":{"title":"Wella Professionals Ultimate Repair Night Hair Serum 30ml - Karma Pro Beauty Store","robots":{"index":"index","follow":"follow","max-snippet":"max-snippet:-1","max-image-preview":"max-image-preview:large","max-video-preview":"max-video-preview:-1"},"canonical":"https:\/\/karmaprobeautystore.no\/en\/produkt\/wella-professionals-ultimate-repair-night-hair-serum-30ml\/","og_locale":"en_GB","og_type":"article","og_title":"Wella Professionals Ultimate Repair Night Hair Serum 30ml - Karma Pro Beauty Store","og_description":"Wella Professionals Ultimate Repair Night Serum er et leave-in serum til natten som synlig korrigerer matthet, t\u00f8rrhet og brudd. Leave-in-formelen inneholder omega-9 for intensiv fuktighet og forsvarspolymerer som bidrar til \u00e5 beskytte h\u00e5ret mot nattlige stressfaktorer ved \u00e5 skape et usynlig skjold. Med AHA, som vanligvis er kjent innen hudpleie, brukes AHA i Ultimate Repair ...","og_url":"https:\/\/karmaprobeautystore.no\/en\/produkt\/wella-professionals-ultimate-repair-night-hair-serum-30ml\/","og_site_name":"Karma Pro Beauty Store","article_modified_time":"2026-02-10T14:08:33+00:00","og_image":[{"width":900,"height":900,"url":"https:\/\/karmaprobeautystore.no\/wp-content\/uploads\/2026\/02\/dba2282a-f16d-4077-aea7-51cfa226fbcc_7.jpeg","type":"image\/jpeg"}],"twitter_card":"summary_large_image","twitter_misc":{"Estimated reading time":"2 minutes"},"schema":{"@context":"https:\/\/schema.org","@graph":[{"@type":"WebPage","@id":"https:\/\/karmaprobeautystore.no\/produkt\/wella-professionals-ultimate-repair-night-hair-serum-30ml\/","url":"https:\/\/karmaprobeautystore.no\/produkt\/wella-professionals-ultimate-repair-night-hair-serum-30ml\/","name":"Wella Professionals Ultimate Repair Night Hair Serum 30ml - Karma Pro Beauty Store","isPartOf":{"@id":"https:\/\/karmaprobeautystore.no\/en\/#website"},"primaryImageOfPage":{"@id":"https:\/\/karmaprobeautystore.no\/produkt\/wella-professionals-ultimate-repair-night-hair-serum-30ml\/#primaryimage"},"image":{"@id":"https:\/\/karmaprobeautystore.no\/produkt\/wella-professionals-ultimate-repair-night-hair-serum-30ml\/#primaryimage"},"thumbnailUrl":"https:\/\/karmaprobeautystore.no\/wp-content\/uploads\/2026\/02\/dba2282a-f16d-4077-aea7-51cfa226fbcc_7.jpeg","datePublished":"2026-02-10T13:42:09+00:00","dateModified":"2026-02-10T14:08:33+00:00","breadcrumb":{"@id":"https:\/\/karmaprobeautystore.no\/produkt\/wella-professionals-ultimate-repair-night-hair-serum-30ml\/#breadcrumb"},"inLanguage":"en-GB","potentialAction":[{"@type":"ReadAction","target":["https:\/\/karmaprobeautystore.no\/produkt\/wella-professionals-ultimate-repair-night-hair-serum-30ml\/"]}]},{"@type":"ImageObject","inLanguage":"en-GB","@id":"https:\/\/karmaprobeautystore.no\/produkt\/wella-professionals-ultimate-repair-night-hair-serum-30ml\/#primaryimage","url":"https:\/\/karmaprobeautystore.no\/wp-content\/uploads\/2026\/02\/dba2282a-f16d-4077-aea7-51cfa226fbcc_7.jpeg","contentUrl":"https:\/\/karmaprobeautystore.no\/wp-content\/uploads\/2026\/02\/dba2282a-f16d-4077-aea7-51cfa226fbcc_7.jpeg","width":900,"height":900},{"@type":"BreadcrumbList","@id":"https:\/\/karmaprobeautystore.no\/produkt\/wella-professionals-ultimate-repair-night-hair-serum-30ml\/#breadcrumb","itemListElement":[{"@type":"ListItem","position":1,"name":"Home","item":"https:\/\/karmaprobeautystore.no\/"},{"@type":"ListItem","position":2,"name":"Shop","item":"https:\/\/karmaprobeautystore.no\/nb\/shop\/"},{"@type":"ListItem","position":3,"name":"Wella Professionals Ultimate Repair Night Hair Serum 30ml"}]},{"@type":"WebSite","@id":"https:\/\/karmaprobeautystore.no\/en\/#website","url":"https:\/\/karmaprobeautystore.no\/en\/","name":"Karma Pro Beauty Store","description":"","potentialAction":[{"@type":"SearchAction","target":{"@type":"EntryPoint","urlTemplate":"https:\/\/karmaprobeautystore.no\/en\/?s={search_term_string}"},"query-input":{"@type":"PropertyValueSpecification","valueRequired":true,"valueName":"search_term_string"}}],"inLanguage":"en-GB"}]}},"_links":{"self":[{"href":"https:\/\/karmaprobeautystore.no\/en\/wp-json\/wp\/v2\/product\/6698","targetHints":{"allow":["GET"]}}],"collection":[{"href":"https:\/\/karmaprobeautystore.no\/en\/wp-json\/wp\/v2\/product"}],"about":[{"href":"https:\/\/karmaprobeautystore.no\/en\/wp-json\/wp\/v2\/types\/product"}],"replies":[{"embeddable":true,"href":"https:\/\/karmaprobeautystore.no\/en\/wp-json\/wp\/v2\/comments?post=6698"}],"wp:featuredmedia":[{"embeddable":true,"href":"https:\/\/karmaprobeautystore.no\/en\/wp-json\/wp\/v2\/media\/6699"}],"wp:attachment":[{"href":"https:\/\/karmaprobeautystore.no\/en\/wp-json\/wp\/v2\/media?parent=6698"}],"wp:term":[{"taxonomy":"product_brand","embeddable":true,"href":"https:\/\/karmaprobeautystore.no\/en\/wp-json\/wp\/v2\/product_brand?post=6698"},{"taxonomy":"product_cat","embeddable":true,"href":"https:\/\/karmaprobeautystore.no\/en\/wp-json\/wp\/v2\/product_cat?post=6698"},{"taxonomy":"product_tag","embeddable":true,"href":"https:\/\/karmaprobeautystore.no\/en\/wp-json\/wp\/v2\/product_tag?post=6698"}],"curies":[{"name":"wp","href":"https:\/\/api.w.org\/{rel}","templated":true}]}}