{"id":6692,"date":"2026-02-10T13:36:16","date_gmt":"2026-02-10T13:36:16","guid":{"rendered":"https:\/\/karmaprobeautystore.no\/?post_type=product&#038;p=6692"},"modified":"2026-02-10T14:07:23","modified_gmt":"2026-02-10T14:07:23","slug":"wella-professionals-ultimate-repair-conditioner-200ml","status":"publish","type":"product","link":"https:\/\/karmaprobeautystore.no\/en\/product\/wella-professionals-ultimate-repair-conditioner-200ml\/","title":{"rendered":"Wella Professionals Ultimate Repair Conditioner 200ml"},"content":{"rendered":"<p>Wella Professionals Ultimate Repair Conditioner er en pleiende conditioner som synlig reparerer skadet h\u00e5r og etterlater det lett, glansfullt og glatt etter hver bruk. <\/p>\n<p>Denne conditioner inneholder alfahydroksysyre (AHA) og omega 9 som gjenoppbygger bindingene inne i h\u00e5ret og fyller opp den ytre barrieren i varme- og blekeskadet h\u00e5r. Med AHA, som vanligvis er kjent innen hudpleie, brukes AHA i Ultimate Repair til \u00e5 styrke, pleie og forhindre brukne h\u00e5rstr\u00e5 i sunt og kjemisk behandlet h\u00e5r ved \u00e5 gjenoppbygge hydrogenbindingene og trenge inn i h\u00e5rfibrene p\u00e5 dypeste niv\u00e5.<\/p>\n<p>Ultimate Repair Conditioner l\u00f8ser opp floker, styrker og tilf\u00f8rer fuktighet til alle h\u00e5rtyper og teksturer, uansett om det er tynt, fett, fint, tykt, rett, b\u00f8lget, kr\u00f8llet, farget, stripet, kinkig, asiatisk eller afro, noe som gj\u00f8r den egnet for alle. <\/p>\n<p>Denne conditioner er fremstilt med Metal Purifier Technology og fjerner urenheter og metaller i vannet fra \u00e5 feste seg i h\u00e5ret. Oksidative prosesser inkl. UV-eksponering kan for\u00e5rsake frie radikaler som kan forstyrre og skade h\u00e5rets naturlige proteinstruktur. Wella Professionals Ultimate Repair Conditioner motvirker skader, matthet og fargeendringer for\u00e5rsaket av metaller, og etterlater h\u00e5ret dypt fuktet, friskt og mykt \u00e5 ta p\u00e5. <\/p>\n<p>Wella Professionals Ultimate Repair System er en hudpleieinspirert serie som tilbyr en prestisjefylt h\u00e5rpleierutine som perfeksjonerer h\u00e5ret p\u00e5 bare 90 sekunder*. Serien er utviklet for deg som \u00f8nsker det h\u00f8yeste niv\u00e5et av reparasjon og en naturlig, sunn f\u00f8lelse i h\u00e5ret. Den gir n\u00e6ring, styrke og fuktighet, samt gj\u00f8r h\u00e5ret mykt, friskt og rent.<\/p>\n<p>Fordeler:<\/p>\n<p>Dermatologisk testet<br \/>\nVegan<br \/>\nDyrevennlig<br \/>\n* Ved bruk av Ultimate Repair Step 3. <\/p>\n","protected":false},"excerpt":{"rendered":"<p>Wella Professionals Ultimate Repair Conditioner er en pleiende conditioner som synlig reparerer skadet h\u00e5r og etterlater det lett, glansfullt og glatt etter hver bruk. Denne conditioner inneholder alfahydroksysyre (AHA) og omega 9 som gjenoppbygger bindingene inne i h\u00e5ret og fyller opp den ytre barrieren i varme- og blekeskadet h\u00e5r. Med AHA, som vanligvis er kjent &#8230;<\/p>\n","protected":false},"featured_media":6693,"menu_order":0,"comment_status":"open","ping_status":"closed","template":"","meta":{"_acf_changed":false},"product_brand":[],"product_cat":[161,163],"product_tag":[],"class_list":{"0":"post-6692","1":"product","2":"type-product","3":"status-publish","4":"has-post-thumbnail","6":"product_cat-beauty-products","7":"product_cat-hair-products","9":"first","10":"instock","11":"taxable","12":"shipping-taxable","13":"purchasable","14":"product-type-simple"},"acf":[],"yoast_head":"<!-- This site is optimized with the Yoast SEO plugin v27.3 - https:\/\/yoast.com\/product\/yoast-seo-wordpress\/ -->\n<title>Wella Professionals Ultimate Repair Conditioner 200ml - Karma Pro Beauty Store<\/title>\n<meta name=\"robots\" content=\"index, follow, max-snippet:-1, max-image-preview:large, max-video-preview:-1\" \/>\n<link rel=\"canonical\" href=\"https:\/\/karmaprobeautystore.no\/en\/produkt\/wella-professionals-ultimate-repair-conditioner-200ml\/\" \/>\n<meta property=\"og:locale\" content=\"en_GB\" \/>\n<meta property=\"og:type\" content=\"article\" \/>\n<meta property=\"og:title\" content=\"Wella Professionals Ultimate Repair Conditioner 200ml - Karma Pro Beauty Store\" \/>\n<meta property=\"og:description\" content=\"Wella Professionals Ultimate Repair Conditioner er en pleiende conditioner som synlig reparerer skadet h\u00e5r og etterlater det lett, glansfullt og glatt etter hver bruk. Denne conditioner inneholder alfahydroksysyre (AHA) og omega 9 som gjenoppbygger bindingene inne i h\u00e5ret og fyller opp den ytre barrieren i varme- og blekeskadet h\u00e5r. Med AHA, som vanligvis er kjent ...\" \/>\n<meta property=\"og:url\" content=\"https:\/\/karmaprobeautystore.no\/en\/produkt\/wella-professionals-ultimate-repair-conditioner-200ml\/\" \/>\n<meta property=\"og:site_name\" content=\"Karma Pro Beauty Store\" \/>\n<meta property=\"article:modified_time\" content=\"2026-02-10T14:07:23+00:00\" \/>\n<meta property=\"og:image\" content=\"https:\/\/karmaprobeautystore.no\/wp-content\/uploads\/2026\/02\/0956dca0-f0e1-4b7f-b182-53223f0fdbb9_6.jpeg\" \/>\n\t<meta property=\"og:image:width\" content=\"900\" \/>\n\t<meta property=\"og:image:height\" content=\"900\" \/>\n\t<meta property=\"og:image:type\" content=\"image\/jpeg\" \/>\n<meta name=\"twitter:card\" content=\"summary_large_image\" \/>\n<meta name=\"twitter:label1\" content=\"Estimated reading time\" \/>\n\t<meta name=\"twitter:data1\" content=\"2 minutes\" \/>\n<script type=\"application\/ld+json\" class=\"yoast-schema-graph\">{\"@context\":\"https:\\\/\\\/schema.org\",\"@graph\":[{\"@type\":\"WebPage\",\"@id\":\"https:\\\/\\\/karmaprobeautystore.no\\\/produkt\\\/wella-professionals-ultimate-repair-conditioner-200ml\\\/\",\"url\":\"https:\\\/\\\/karmaprobeautystore.no\\\/produkt\\\/wella-professionals-ultimate-repair-conditioner-200ml\\\/\",\"name\":\"Wella Professionals Ultimate Repair Conditioner 200ml - Karma Pro Beauty Store\",\"isPartOf\":{\"@id\":\"https:\\\/\\\/karmaprobeautystore.no\\\/en\\\/#website\"},\"primaryImageOfPage\":{\"@id\":\"https:\\\/\\\/karmaprobeautystore.no\\\/produkt\\\/wella-professionals-ultimate-repair-conditioner-200ml\\\/#primaryimage\"},\"image\":{\"@id\":\"https:\\\/\\\/karmaprobeautystore.no\\\/produkt\\\/wella-professionals-ultimate-repair-conditioner-200ml\\\/#primaryimage\"},\"thumbnailUrl\":\"https:\\\/\\\/karmaprobeautystore.no\\\/wp-content\\\/uploads\\\/2026\\\/02\\\/0956dca0-f0e1-4b7f-b182-53223f0fdbb9_6.jpeg\",\"datePublished\":\"2026-02-10T13:36:16+00:00\",\"dateModified\":\"2026-02-10T14:07:23+00:00\",\"breadcrumb\":{\"@id\":\"https:\\\/\\\/karmaprobeautystore.no\\\/produkt\\\/wella-professionals-ultimate-repair-conditioner-200ml\\\/#breadcrumb\"},\"inLanguage\":\"en-GB\",\"potentialAction\":[{\"@type\":\"ReadAction\",\"target\":[\"https:\\\/\\\/karmaprobeautystore.no\\\/produkt\\\/wella-professionals-ultimate-repair-conditioner-200ml\\\/\"]}]},{\"@type\":\"ImageObject\",\"inLanguage\":\"en-GB\",\"@id\":\"https:\\\/\\\/karmaprobeautystore.no\\\/produkt\\\/wella-professionals-ultimate-repair-conditioner-200ml\\\/#primaryimage\",\"url\":\"https:\\\/\\\/karmaprobeautystore.no\\\/wp-content\\\/uploads\\\/2026\\\/02\\\/0956dca0-f0e1-4b7f-b182-53223f0fdbb9_6.jpeg\",\"contentUrl\":\"https:\\\/\\\/karmaprobeautystore.no\\\/wp-content\\\/uploads\\\/2026\\\/02\\\/0956dca0-f0e1-4b7f-b182-53223f0fdbb9_6.jpeg\",\"width\":900,\"height\":900},{\"@type\":\"BreadcrumbList\",\"@id\":\"https:\\\/\\\/karmaprobeautystore.no\\\/produkt\\\/wella-professionals-ultimate-repair-conditioner-200ml\\\/#breadcrumb\",\"itemListElement\":[{\"@type\":\"ListItem\",\"position\":1,\"name\":\"Home\",\"item\":\"https:\\\/\\\/karmaprobeautystore.no\\\/\"},{\"@type\":\"ListItem\",\"position\":2,\"name\":\"Shop\",\"item\":\"https:\\\/\\\/karmaprobeautystore.no\\\/nb\\\/shop\\\/\"},{\"@type\":\"ListItem\",\"position\":3,\"name\":\"Wella Professionals Ultimate Repair Conditioner 200ml\"}]},{\"@type\":\"WebSite\",\"@id\":\"https:\\\/\\\/karmaprobeautystore.no\\\/en\\\/#website\",\"url\":\"https:\\\/\\\/karmaprobeautystore.no\\\/en\\\/\",\"name\":\"Karma Pro Beauty Store\",\"description\":\"\",\"potentialAction\":[{\"@type\":\"SearchAction\",\"target\":{\"@type\":\"EntryPoint\",\"urlTemplate\":\"https:\\\/\\\/karmaprobeautystore.no\\\/en\\\/?s={search_term_string}\"},\"query-input\":{\"@type\":\"PropertyValueSpecification\",\"valueRequired\":true,\"valueName\":\"search_term_string\"}}],\"inLanguage\":\"en-GB\"}]}<\/script>\n<!-- \/ Yoast SEO plugin. -->","yoast_head_json":{"title":"Wella Professionals Ultimate Repair Conditioner 200ml - Karma Pro Beauty Store","robots":{"index":"index","follow":"follow","max-snippet":"max-snippet:-1","max-image-preview":"max-image-preview:large","max-video-preview":"max-video-preview:-1"},"canonical":"https:\/\/karmaprobeautystore.no\/en\/produkt\/wella-professionals-ultimate-repair-conditioner-200ml\/","og_locale":"en_GB","og_type":"article","og_title":"Wella Professionals Ultimate Repair Conditioner 200ml - Karma Pro Beauty Store","og_description":"Wella Professionals Ultimate Repair Conditioner er en pleiende conditioner som synlig reparerer skadet h\u00e5r og etterlater det lett, glansfullt og glatt etter hver bruk. Denne conditioner inneholder alfahydroksysyre (AHA) og omega 9 som gjenoppbygger bindingene inne i h\u00e5ret og fyller opp den ytre barrieren i varme- og blekeskadet h\u00e5r. Med AHA, som vanligvis er kjent ...","og_url":"https:\/\/karmaprobeautystore.no\/en\/produkt\/wella-professionals-ultimate-repair-conditioner-200ml\/","og_site_name":"Karma Pro Beauty Store","article_modified_time":"2026-02-10T14:07:23+00:00","og_image":[{"width":900,"height":900,"url":"https:\/\/karmaprobeautystore.no\/wp-content\/uploads\/2026\/02\/0956dca0-f0e1-4b7f-b182-53223f0fdbb9_6.jpeg","type":"image\/jpeg"}],"twitter_card":"summary_large_image","twitter_misc":{"Estimated reading time":"2 minutes"},"schema":{"@context":"https:\/\/schema.org","@graph":[{"@type":"WebPage","@id":"https:\/\/karmaprobeautystore.no\/produkt\/wella-professionals-ultimate-repair-conditioner-200ml\/","url":"https:\/\/karmaprobeautystore.no\/produkt\/wella-professionals-ultimate-repair-conditioner-200ml\/","name":"Wella Professionals Ultimate Repair Conditioner 200ml - Karma Pro Beauty Store","isPartOf":{"@id":"https:\/\/karmaprobeautystore.no\/en\/#website"},"primaryImageOfPage":{"@id":"https:\/\/karmaprobeautystore.no\/produkt\/wella-professionals-ultimate-repair-conditioner-200ml\/#primaryimage"},"image":{"@id":"https:\/\/karmaprobeautystore.no\/produkt\/wella-professionals-ultimate-repair-conditioner-200ml\/#primaryimage"},"thumbnailUrl":"https:\/\/karmaprobeautystore.no\/wp-content\/uploads\/2026\/02\/0956dca0-f0e1-4b7f-b182-53223f0fdbb9_6.jpeg","datePublished":"2026-02-10T13:36:16+00:00","dateModified":"2026-02-10T14:07:23+00:00","breadcrumb":{"@id":"https:\/\/karmaprobeautystore.no\/produkt\/wella-professionals-ultimate-repair-conditioner-200ml\/#breadcrumb"},"inLanguage":"en-GB","potentialAction":[{"@type":"ReadAction","target":["https:\/\/karmaprobeautystore.no\/produkt\/wella-professionals-ultimate-repair-conditioner-200ml\/"]}]},{"@type":"ImageObject","inLanguage":"en-GB","@id":"https:\/\/karmaprobeautystore.no\/produkt\/wella-professionals-ultimate-repair-conditioner-200ml\/#primaryimage","url":"https:\/\/karmaprobeautystore.no\/wp-content\/uploads\/2026\/02\/0956dca0-f0e1-4b7f-b182-53223f0fdbb9_6.jpeg","contentUrl":"https:\/\/karmaprobeautystore.no\/wp-content\/uploads\/2026\/02\/0956dca0-f0e1-4b7f-b182-53223f0fdbb9_6.jpeg","width":900,"height":900},{"@type":"BreadcrumbList","@id":"https:\/\/karmaprobeautystore.no\/produkt\/wella-professionals-ultimate-repair-conditioner-200ml\/#breadcrumb","itemListElement":[{"@type":"ListItem","position":1,"name":"Home","item":"https:\/\/karmaprobeautystore.no\/"},{"@type":"ListItem","position":2,"name":"Shop","item":"https:\/\/karmaprobeautystore.no\/nb\/shop\/"},{"@type":"ListItem","position":3,"name":"Wella Professionals Ultimate Repair Conditioner 200ml"}]},{"@type":"WebSite","@id":"https:\/\/karmaprobeautystore.no\/en\/#website","url":"https:\/\/karmaprobeautystore.no\/en\/","name":"Karma Pro Beauty Store","description":"","potentialAction":[{"@type":"SearchAction","target":{"@type":"EntryPoint","urlTemplate":"https:\/\/karmaprobeautystore.no\/en\/?s={search_term_string}"},"query-input":{"@type":"PropertyValueSpecification","valueRequired":true,"valueName":"search_term_string"}}],"inLanguage":"en-GB"}]}},"_links":{"self":[{"href":"https:\/\/karmaprobeautystore.no\/en\/wp-json\/wp\/v2\/product\/6692","targetHints":{"allow":["GET"]}}],"collection":[{"href":"https:\/\/karmaprobeautystore.no\/en\/wp-json\/wp\/v2\/product"}],"about":[{"href":"https:\/\/karmaprobeautystore.no\/en\/wp-json\/wp\/v2\/types\/product"}],"replies":[{"embeddable":true,"href":"https:\/\/karmaprobeautystore.no\/en\/wp-json\/wp\/v2\/comments?post=6692"}],"wp:featuredmedia":[{"embeddable":true,"href":"https:\/\/karmaprobeautystore.no\/en\/wp-json\/wp\/v2\/media\/6693"}],"wp:attachment":[{"href":"https:\/\/karmaprobeautystore.no\/en\/wp-json\/wp\/v2\/media?parent=6692"}],"wp:term":[{"taxonomy":"product_brand","embeddable":true,"href":"https:\/\/karmaprobeautystore.no\/en\/wp-json\/wp\/v2\/product_brand?post=6692"},{"taxonomy":"product_cat","embeddable":true,"href":"https:\/\/karmaprobeautystore.no\/en\/wp-json\/wp\/v2\/product_cat?post=6692"},{"taxonomy":"product_tag","embeddable":true,"href":"https:\/\/karmaprobeautystore.no\/en\/wp-json\/wp\/v2\/product_tag?post=6692"}],"curies":[{"name":"wp","href":"https:\/\/api.w.org\/{rel}","templated":true}]}}