{"id":6647,"date":"2026-02-10T10:16:00","date_gmt":"2026-02-10T10:16:00","guid":{"rendered":"https:\/\/karmaprobeautystore.no\/?post_type=product&#038;p=6647"},"modified":"2026-03-18T08:52:37","modified_gmt":"2026-03-18T08:52:37","slug":"brow-fix-clear","status":"publish","type":"product","link":"https:\/\/karmaprobeautystore.no\/en\/product\/brow-fix-clear\/","title":{"rendered":"Brow Fix, Clear"},"content":{"rendered":"<p>Form og definer brynene dine med en transparent gel som passer alle h\u00e5rfarger!<\/p>\n<p>Denne effektive og pleiende formelen hjelper deg \u00e5 temme og sette \u00f8yenbrynene p\u00e5 plass for en polert look som varer hele dagen. Den unike runde b\u00f8rsten er designet for \u00e5 enkelt og raskt kunne p\u00e5f\u00f8res fra alle vinkler og er en favoritt blant mange makeup-artister.<\/p>\n<p>Kan brukes alene for en avslappet look eller kombineres med Full focus eller Micro sculpting Brow pencil for ekstra volum og definisjon.<\/p>\n","protected":false},"excerpt":{"rendered":"<p>Form og definer brynene dine med en transparent gel som passer alle h\u00e5rfarger! Denne effektive og pleiende formelen hjelper deg \u00e5 temme og sette \u00f8yenbrynene p\u00e5 plass for en polert look som varer hele dagen. Den unike runde b\u00f8rsten er designet for \u00e5 enkelt og raskt kunne p\u00e5f\u00f8res fra alle vinkler og er en favoritt &#8230;<\/p>\n","protected":false},"featured_media":6648,"menu_order":0,"comment_status":"open","ping_status":"closed","template":"","meta":{"_acf_changed":false},"product_brand":[],"product_cat":[161,162,163,164],"product_tag":[],"class_list":{"0":"post-6647","1":"product","2":"type-product","3":"status-publish","4":"has-post-thumbnail","6":"product_cat-beauty-products","7":"product_cat-brows","8":"product_cat-hair-products","9":"product_cat-skin-care","11":"first","12":"instock","13":"taxable","14":"shipping-taxable","15":"purchasable","16":"product-type-simple"},"acf":[],"yoast_head":"<!-- This site is optimized with the Yoast SEO plugin v27.3 - https:\/\/yoast.com\/product\/yoast-seo-wordpress\/ -->\n<title>Brow Fix, Clear - Karma Pro Beauty Store<\/title>\n<meta name=\"robots\" content=\"index, follow, max-snippet:-1, max-image-preview:large, max-video-preview:-1\" \/>\n<link rel=\"canonical\" href=\"https:\/\/karmaprobeautystore.no\/en\/produkt\/brow-fix-clear\/\" \/>\n<meta property=\"og:locale\" content=\"en_GB\" \/>\n<meta property=\"og:type\" content=\"article\" \/>\n<meta property=\"og:title\" content=\"Brow Fix, Clear - Karma Pro Beauty Store\" \/>\n<meta property=\"og:description\" content=\"Form og definer brynene dine med en transparent gel som passer alle h\u00e5rfarger! Denne effektive og pleiende formelen hjelper deg \u00e5 temme og sette \u00f8yenbrynene p\u00e5 plass for en polert look som varer hele dagen. Den unike runde b\u00f8rsten er designet for \u00e5 enkelt og raskt kunne p\u00e5f\u00f8res fra alle vinkler og er en favoritt ...\" \/>\n<meta property=\"og:url\" content=\"https:\/\/karmaprobeautystore.no\/en\/produkt\/brow-fix-clear\/\" \/>\n<meta property=\"og:site_name\" content=\"Karma Pro Beauty Store\" \/>\n<meta property=\"article:modified_time\" content=\"2026-03-18T08:52:37+00:00\" \/>\n<meta property=\"og:image\" content=\"https:\/\/karmaprobeautystore.no\/wp-content\/uploads\/2026\/02\/Brow-Fix-Clear-53938976260435.webp\" \/>\n\t<meta property=\"og:image:width\" content=\"1080\" \/>\n\t<meta property=\"og:image:height\" content=\"1440\" \/>\n\t<meta property=\"og:image:type\" content=\"image\/webp\" \/>\n<meta name=\"twitter:card\" content=\"summary_large_image\" \/>\n<meta name=\"twitter:label1\" content=\"Estimated reading time\" \/>\n\t<meta name=\"twitter:data1\" content=\"1 minute\" \/>\n<script type=\"application\/ld+json\" class=\"yoast-schema-graph\">{\"@context\":\"https:\\\/\\\/schema.org\",\"@graph\":[{\"@type\":\"WebPage\",\"@id\":\"https:\\\/\\\/karmaprobeautystore.no\\\/produkt\\\/brow-fix-clear\\\/\",\"url\":\"https:\\\/\\\/karmaprobeautystore.no\\\/produkt\\\/brow-fix-clear\\\/\",\"name\":\"Brow Fix, Clear - Karma Pro Beauty Store\",\"isPartOf\":{\"@id\":\"https:\\\/\\\/karmaprobeautystore.no\\\/en\\\/#website\"},\"primaryImageOfPage\":{\"@id\":\"https:\\\/\\\/karmaprobeautystore.no\\\/produkt\\\/brow-fix-clear\\\/#primaryimage\"},\"image\":{\"@id\":\"https:\\\/\\\/karmaprobeautystore.no\\\/produkt\\\/brow-fix-clear\\\/#primaryimage\"},\"thumbnailUrl\":\"https:\\\/\\\/karmaprobeautystore.no\\\/wp-content\\\/uploads\\\/2026\\\/02\\\/Brow-Fix-Clear-53938976260435.webp\",\"datePublished\":\"2026-02-10T10:16:00+00:00\",\"dateModified\":\"2026-03-18T08:52:37+00:00\",\"breadcrumb\":{\"@id\":\"https:\\\/\\\/karmaprobeautystore.no\\\/produkt\\\/brow-fix-clear\\\/#breadcrumb\"},\"inLanguage\":\"en-GB\",\"potentialAction\":[{\"@type\":\"ReadAction\",\"target\":[\"https:\\\/\\\/karmaprobeautystore.no\\\/produkt\\\/brow-fix-clear\\\/\"]}]},{\"@type\":\"ImageObject\",\"inLanguage\":\"en-GB\",\"@id\":\"https:\\\/\\\/karmaprobeautystore.no\\\/produkt\\\/brow-fix-clear\\\/#primaryimage\",\"url\":\"https:\\\/\\\/karmaprobeautystore.no\\\/wp-content\\\/uploads\\\/2026\\\/02\\\/Brow-Fix-Clear-53938976260435.webp\",\"contentUrl\":\"https:\\\/\\\/karmaprobeautystore.no\\\/wp-content\\\/uploads\\\/2026\\\/02\\\/Brow-Fix-Clear-53938976260435.webp\",\"width\":1080,\"height\":1440},{\"@type\":\"BreadcrumbList\",\"@id\":\"https:\\\/\\\/karmaprobeautystore.no\\\/produkt\\\/brow-fix-clear\\\/#breadcrumb\",\"itemListElement\":[{\"@type\":\"ListItem\",\"position\":1,\"name\":\"Home\",\"item\":\"https:\\\/\\\/karmaprobeautystore.no\\\/\"},{\"@type\":\"ListItem\",\"position\":2,\"name\":\"Shop\",\"item\":\"https:\\\/\\\/karmaprobeautystore.no\\\/nb\\\/shop\\\/\"},{\"@type\":\"ListItem\",\"position\":3,\"name\":\"Brow Fix, Clear\"}]},{\"@type\":\"WebSite\",\"@id\":\"https:\\\/\\\/karmaprobeautystore.no\\\/en\\\/#website\",\"url\":\"https:\\\/\\\/karmaprobeautystore.no\\\/en\\\/\",\"name\":\"Karma Pro Beauty Store\",\"description\":\"\",\"potentialAction\":[{\"@type\":\"SearchAction\",\"target\":{\"@type\":\"EntryPoint\",\"urlTemplate\":\"https:\\\/\\\/karmaprobeautystore.no\\\/en\\\/?s={search_term_string}\"},\"query-input\":{\"@type\":\"PropertyValueSpecification\",\"valueRequired\":true,\"valueName\":\"search_term_string\"}}],\"inLanguage\":\"en-GB\"}]}<\/script>\n<!-- \/ Yoast SEO plugin. -->","yoast_head_json":{"title":"Brow Fix, Clear - Karma Pro Beauty Store","robots":{"index":"index","follow":"follow","max-snippet":"max-snippet:-1","max-image-preview":"max-image-preview:large","max-video-preview":"max-video-preview:-1"},"canonical":"https:\/\/karmaprobeautystore.no\/en\/produkt\/brow-fix-clear\/","og_locale":"en_GB","og_type":"article","og_title":"Brow Fix, Clear - Karma Pro Beauty Store","og_description":"Form og definer brynene dine med en transparent gel som passer alle h\u00e5rfarger! Denne effektive og pleiende formelen hjelper deg \u00e5 temme og sette \u00f8yenbrynene p\u00e5 plass for en polert look som varer hele dagen. Den unike runde b\u00f8rsten er designet for \u00e5 enkelt og raskt kunne p\u00e5f\u00f8res fra alle vinkler og er en favoritt ...","og_url":"https:\/\/karmaprobeautystore.no\/en\/produkt\/brow-fix-clear\/","og_site_name":"Karma Pro Beauty Store","article_modified_time":"2026-03-18T08:52:37+00:00","og_image":[{"width":1080,"height":1440,"url":"https:\/\/karmaprobeautystore.no\/wp-content\/uploads\/2026\/02\/Brow-Fix-Clear-53938976260435.webp","type":"image\/webp"}],"twitter_card":"summary_large_image","twitter_misc":{"Estimated reading time":"1 minute"},"schema":{"@context":"https:\/\/schema.org","@graph":[{"@type":"WebPage","@id":"https:\/\/karmaprobeautystore.no\/produkt\/brow-fix-clear\/","url":"https:\/\/karmaprobeautystore.no\/produkt\/brow-fix-clear\/","name":"Brow Fix, Clear - Karma Pro Beauty Store","isPartOf":{"@id":"https:\/\/karmaprobeautystore.no\/en\/#website"},"primaryImageOfPage":{"@id":"https:\/\/karmaprobeautystore.no\/produkt\/brow-fix-clear\/#primaryimage"},"image":{"@id":"https:\/\/karmaprobeautystore.no\/produkt\/brow-fix-clear\/#primaryimage"},"thumbnailUrl":"https:\/\/karmaprobeautystore.no\/wp-content\/uploads\/2026\/02\/Brow-Fix-Clear-53938976260435.webp","datePublished":"2026-02-10T10:16:00+00:00","dateModified":"2026-03-18T08:52:37+00:00","breadcrumb":{"@id":"https:\/\/karmaprobeautystore.no\/produkt\/brow-fix-clear\/#breadcrumb"},"inLanguage":"en-GB","potentialAction":[{"@type":"ReadAction","target":["https:\/\/karmaprobeautystore.no\/produkt\/brow-fix-clear\/"]}]},{"@type":"ImageObject","inLanguage":"en-GB","@id":"https:\/\/karmaprobeautystore.no\/produkt\/brow-fix-clear\/#primaryimage","url":"https:\/\/karmaprobeautystore.no\/wp-content\/uploads\/2026\/02\/Brow-Fix-Clear-53938976260435.webp","contentUrl":"https:\/\/karmaprobeautystore.no\/wp-content\/uploads\/2026\/02\/Brow-Fix-Clear-53938976260435.webp","width":1080,"height":1440},{"@type":"BreadcrumbList","@id":"https:\/\/karmaprobeautystore.no\/produkt\/brow-fix-clear\/#breadcrumb","itemListElement":[{"@type":"ListItem","position":1,"name":"Home","item":"https:\/\/karmaprobeautystore.no\/"},{"@type":"ListItem","position":2,"name":"Shop","item":"https:\/\/karmaprobeautystore.no\/nb\/shop\/"},{"@type":"ListItem","position":3,"name":"Brow Fix, Clear"}]},{"@type":"WebSite","@id":"https:\/\/karmaprobeautystore.no\/en\/#website","url":"https:\/\/karmaprobeautystore.no\/en\/","name":"Karma Pro Beauty Store","description":"","potentialAction":[{"@type":"SearchAction","target":{"@type":"EntryPoint","urlTemplate":"https:\/\/karmaprobeautystore.no\/en\/?s={search_term_string}"},"query-input":{"@type":"PropertyValueSpecification","valueRequired":true,"valueName":"search_term_string"}}],"inLanguage":"en-GB"}]}},"_links":{"self":[{"href":"https:\/\/karmaprobeautystore.no\/en\/wp-json\/wp\/v2\/product\/6647","targetHints":{"allow":["GET"]}}],"collection":[{"href":"https:\/\/karmaprobeautystore.no\/en\/wp-json\/wp\/v2\/product"}],"about":[{"href":"https:\/\/karmaprobeautystore.no\/en\/wp-json\/wp\/v2\/types\/product"}],"replies":[{"embeddable":true,"href":"https:\/\/karmaprobeautystore.no\/en\/wp-json\/wp\/v2\/comments?post=6647"}],"wp:featuredmedia":[{"embeddable":true,"href":"https:\/\/karmaprobeautystore.no\/en\/wp-json\/wp\/v2\/media\/6648"}],"wp:attachment":[{"href":"https:\/\/karmaprobeautystore.no\/en\/wp-json\/wp\/v2\/media?parent=6647"}],"wp:term":[{"taxonomy":"product_brand","embeddable":true,"href":"https:\/\/karmaprobeautystore.no\/en\/wp-json\/wp\/v2\/product_brand?post=6647"},{"taxonomy":"product_cat","embeddable":true,"href":"https:\/\/karmaprobeautystore.no\/en\/wp-json\/wp\/v2\/product_cat?post=6647"},{"taxonomy":"product_tag","embeddable":true,"href":"https:\/\/karmaprobeautystore.no\/en\/wp-json\/wp\/v2\/product_tag?post=6647"}],"curies":[{"name":"wp","href":"https:\/\/api.w.org\/{rel}","templated":true}]}}