{"id":5722,"date":"2025-09-30T09:55:16","date_gmt":"2025-09-30T09:55:16","guid":{"rendered":"https:\/\/karmaprobeautystore.no\/?post_type=product&#038;p=5722"},"modified":"2026-04-01T11:54:38","modified_gmt":"2026-04-01T11:54:38","slug":"whipped-cream-cleanser-rosa","status":"publish","type":"product","link":"https:\/\/karmaprobeautystore.no\/en\/product\/whipped-cream-cleanser-rosa\/","title":{"rendered":"Whipped cream cleanser"},"content":{"rendered":"<p>Sk\u00e5nsom skumrens for sensitiv hud<\/p>\n<p>\u00abWhipped Cream Cleanser\u00bb er en ekstra mild rens med kremet skumtekstur for ansikt, bryn og vipper. Den er utviklet for \u00e5 ikke gi svie eller irritasjon. Den sulfatfrie formelen fjerner makeup, smuss og overfl\u00f8dig olje uten \u00e5 skade hudbarrieren.<\/p>\n<p>Passer til bruk:<br \/>\n\u2022 for vippeextensions<br \/>\n\u2022 forberedelse av bryn f\u00f8r farging eller laminering<br \/>\n\u2022 daglig pleie hjemme<\/p>\n<p>Den kremete konsistensen fordeles lett og gir en f\u00f8lelse av friskhet og renhet.<\/p>\n<p>\u2705 Ingen svie eller irritasjon<br \/>\n\u2705 Trygg for sensitiv hud og \u00f8yeparti<br \/>\n\u2705 Perfekt b\u00e5de for profesjonelle og hjemmebruk<br \/>\n\u2705 Velg mellom rosa eller hvit emballasje<br \/>\n\u2705 100 ml<\/p>\n<p>Et ideelt valg for b\u00e5de behandlere og kunder i hverdagsrutinen!<\/p>\n","protected":false},"excerpt":{"rendered":"<p>Sk\u00e5nsom skumrens for sensitiv hud \u00abWhipped Cream Cleanser\u00bb er en ekstra mild rens med kremet skumtekstur for ansikt, bryn og vipper. Den er utviklet for \u00e5 ikke gi svie eller irritasjon. Den sulfatfrie formelen fjerner makeup, smuss og overfl\u00f8dig olje uten \u00e5 skade hudbarrieren. Passer til bruk: \u2022 for vippeextensions \u2022 forberedelse av bryn f\u00f8r &#8230;<\/p>\n","protected":false},"featured_media":6645,"menu_order":0,"comment_status":"open","ping_status":"closed","template":"","meta":{"_acf_changed":false},"product_brand":[],"product_cat":[164,159,158],"product_tag":[],"class_list":{"0":"post-5722","1":"product","2":"type-product","3":"status-publish","4":"has-post-thumbnail","6":"product_cat-skin-care","7":"product_cat-other","8":"product_cat-sale","10":"first","11":"instock","12":"sale","13":"taxable","14":"shipping-taxable","15":"purchasable","16":"product-type-variable","17":"rtwpvg-product","18":"rtwpvs-product"},"acf":[],"yoast_head":"<!-- This site is optimized with the Yoast SEO plugin v27.3 - https:\/\/yoast.com\/product\/yoast-seo-wordpress\/ -->\n<title>Whipped cream cleanser - Karma Pro Beauty Store<\/title>\n<meta name=\"robots\" content=\"index, follow, max-snippet:-1, max-image-preview:large, max-video-preview:-1\" \/>\n<link rel=\"canonical\" href=\"https:\/\/karmaprobeautystore.no\/en\/produkt\/whipped-cream-cleanser-rosa\/\" \/>\n<meta property=\"og:locale\" content=\"en_GB\" \/>\n<meta property=\"og:type\" content=\"article\" \/>\n<meta property=\"og:title\" content=\"Whipped cream cleanser - Karma Pro Beauty Store\" \/>\n<meta property=\"og:description\" content=\"Sk\u00e5nsom skumrens for sensitiv hud \u00abWhipped Cream Cleanser\u00bb er en ekstra mild rens med kremet skumtekstur for ansikt, bryn og vipper. Den er utviklet for \u00e5 ikke gi svie eller irritasjon. Den sulfatfrie formelen fjerner makeup, smuss og overfl\u00f8dig olje uten \u00e5 skade hudbarrieren. Passer til bruk: \u2022 for vippeextensions \u2022 forberedelse av bryn f\u00f8r ...\" \/>\n<meta property=\"og:url\" content=\"https:\/\/karmaprobeautystore.no\/en\/produkt\/whipped-cream-cleanser-rosa\/\" \/>\n<meta property=\"og:site_name\" content=\"Karma Pro Beauty Store\" \/>\n<meta property=\"article:modified_time\" content=\"2026-04-01T11:54:38+00:00\" \/>\n<meta property=\"og:image\" content=\"https:\/\/karmaprobeautystore.no\/wp-content\/uploads\/2025\/09\/karma-9605-Edit-scaled.jpeg\" \/>\n\t<meta property=\"og:image:width\" content=\"2560\" \/>\n\t<meta property=\"og:image:height\" content=\"1709\" \/>\n\t<meta property=\"og:image:type\" content=\"image\/jpeg\" \/>\n<meta name=\"twitter:card\" content=\"summary_large_image\" \/>\n<meta name=\"twitter:label1\" content=\"Estimated reading time\" \/>\n\t<meta name=\"twitter:data1\" content=\"1 minute\" \/>\n<script type=\"application\/ld+json\" class=\"yoast-schema-graph\">{\"@context\":\"https:\\\/\\\/schema.org\",\"@graph\":[{\"@type\":\"WebPage\",\"@id\":\"https:\\\/\\\/karmaprobeautystore.no\\\/produkt\\\/whipped-cream-cleanser-rosa\\\/\",\"url\":\"https:\\\/\\\/karmaprobeautystore.no\\\/produkt\\\/whipped-cream-cleanser-rosa\\\/\",\"name\":\"Whipped cream cleanser - Karma Pro Beauty Store\",\"isPartOf\":{\"@id\":\"https:\\\/\\\/karmaprobeautystore.no\\\/en\\\/#website\"},\"primaryImageOfPage\":{\"@id\":\"https:\\\/\\\/karmaprobeautystore.no\\\/produkt\\\/whipped-cream-cleanser-rosa\\\/#primaryimage\"},\"image\":{\"@id\":\"https:\\\/\\\/karmaprobeautystore.no\\\/produkt\\\/whipped-cream-cleanser-rosa\\\/#primaryimage\"},\"thumbnailUrl\":\"https:\\\/\\\/karmaprobeautystore.no\\\/wp-content\\\/uploads\\\/2025\\\/09\\\/karma-9605-Edit-scaled.jpeg\",\"datePublished\":\"2025-09-30T09:55:16+00:00\",\"dateModified\":\"2026-04-01T11:54:38+00:00\",\"breadcrumb\":{\"@id\":\"https:\\\/\\\/karmaprobeautystore.no\\\/produkt\\\/whipped-cream-cleanser-rosa\\\/#breadcrumb\"},\"inLanguage\":\"en-GB\",\"potentialAction\":[{\"@type\":\"ReadAction\",\"target\":[\"https:\\\/\\\/karmaprobeautystore.no\\\/produkt\\\/whipped-cream-cleanser-rosa\\\/\"]}]},{\"@type\":\"ImageObject\",\"inLanguage\":\"en-GB\",\"@id\":\"https:\\\/\\\/karmaprobeautystore.no\\\/produkt\\\/whipped-cream-cleanser-rosa\\\/#primaryimage\",\"url\":\"https:\\\/\\\/karmaprobeautystore.no\\\/wp-content\\\/uploads\\\/2025\\\/09\\\/karma-9605-Edit-scaled.jpeg\",\"contentUrl\":\"https:\\\/\\\/karmaprobeautystore.no\\\/wp-content\\\/uploads\\\/2025\\\/09\\\/karma-9605-Edit-scaled.jpeg\",\"width\":2560,\"height\":1709},{\"@type\":\"BreadcrumbList\",\"@id\":\"https:\\\/\\\/karmaprobeautystore.no\\\/produkt\\\/whipped-cream-cleanser-rosa\\\/#breadcrumb\",\"itemListElement\":[{\"@type\":\"ListItem\",\"position\":1,\"name\":\"Home\",\"item\":\"https:\\\/\\\/karmaprobeautystore.no\\\/\"},{\"@type\":\"ListItem\",\"position\":2,\"name\":\"Shop\",\"item\":\"https:\\\/\\\/karmaprobeautystore.no\\\/nb\\\/shop\\\/\"},{\"@type\":\"ListItem\",\"position\":3,\"name\":\"Whipped cream cleanser\"}]},{\"@type\":\"WebSite\",\"@id\":\"https:\\\/\\\/karmaprobeautystore.no\\\/en\\\/#website\",\"url\":\"https:\\\/\\\/karmaprobeautystore.no\\\/en\\\/\",\"name\":\"Karma Pro Beauty Store\",\"description\":\"\",\"potentialAction\":[{\"@type\":\"SearchAction\",\"target\":{\"@type\":\"EntryPoint\",\"urlTemplate\":\"https:\\\/\\\/karmaprobeautystore.no\\\/en\\\/?s={search_term_string}\"},\"query-input\":{\"@type\":\"PropertyValueSpecification\",\"valueRequired\":true,\"valueName\":\"search_term_string\"}}],\"inLanguage\":\"en-GB\"}]}<\/script>\n<!-- \/ Yoast SEO plugin. -->","yoast_head_json":{"title":"Whipped cream cleanser - Karma Pro Beauty Store","robots":{"index":"index","follow":"follow","max-snippet":"max-snippet:-1","max-image-preview":"max-image-preview:large","max-video-preview":"max-video-preview:-1"},"canonical":"https:\/\/karmaprobeautystore.no\/en\/produkt\/whipped-cream-cleanser-rosa\/","og_locale":"en_GB","og_type":"article","og_title":"Whipped cream cleanser - Karma Pro Beauty Store","og_description":"Sk\u00e5nsom skumrens for sensitiv hud \u00abWhipped Cream Cleanser\u00bb er en ekstra mild rens med kremet skumtekstur for ansikt, bryn og vipper. Den er utviklet for \u00e5 ikke gi svie eller irritasjon. Den sulfatfrie formelen fjerner makeup, smuss og overfl\u00f8dig olje uten \u00e5 skade hudbarrieren. Passer til bruk: \u2022 for vippeextensions \u2022 forberedelse av bryn f\u00f8r ...","og_url":"https:\/\/karmaprobeautystore.no\/en\/produkt\/whipped-cream-cleanser-rosa\/","og_site_name":"Karma Pro Beauty Store","article_modified_time":"2026-04-01T11:54:38+00:00","og_image":[{"width":2560,"height":1709,"url":"https:\/\/karmaprobeautystore.no\/wp-content\/uploads\/2025\/09\/karma-9605-Edit-scaled.jpeg","type":"image\/jpeg"}],"twitter_card":"summary_large_image","twitter_misc":{"Estimated reading time":"1 minute"},"schema":{"@context":"https:\/\/schema.org","@graph":[{"@type":"WebPage","@id":"https:\/\/karmaprobeautystore.no\/produkt\/whipped-cream-cleanser-rosa\/","url":"https:\/\/karmaprobeautystore.no\/produkt\/whipped-cream-cleanser-rosa\/","name":"Whipped cream cleanser - Karma Pro Beauty Store","isPartOf":{"@id":"https:\/\/karmaprobeautystore.no\/en\/#website"},"primaryImageOfPage":{"@id":"https:\/\/karmaprobeautystore.no\/produkt\/whipped-cream-cleanser-rosa\/#primaryimage"},"image":{"@id":"https:\/\/karmaprobeautystore.no\/produkt\/whipped-cream-cleanser-rosa\/#primaryimage"},"thumbnailUrl":"https:\/\/karmaprobeautystore.no\/wp-content\/uploads\/2025\/09\/karma-9605-Edit-scaled.jpeg","datePublished":"2025-09-30T09:55:16+00:00","dateModified":"2026-04-01T11:54:38+00:00","breadcrumb":{"@id":"https:\/\/karmaprobeautystore.no\/produkt\/whipped-cream-cleanser-rosa\/#breadcrumb"},"inLanguage":"en-GB","potentialAction":[{"@type":"ReadAction","target":["https:\/\/karmaprobeautystore.no\/produkt\/whipped-cream-cleanser-rosa\/"]}]},{"@type":"ImageObject","inLanguage":"en-GB","@id":"https:\/\/karmaprobeautystore.no\/produkt\/whipped-cream-cleanser-rosa\/#primaryimage","url":"https:\/\/karmaprobeautystore.no\/wp-content\/uploads\/2025\/09\/karma-9605-Edit-scaled.jpeg","contentUrl":"https:\/\/karmaprobeautystore.no\/wp-content\/uploads\/2025\/09\/karma-9605-Edit-scaled.jpeg","width":2560,"height":1709},{"@type":"BreadcrumbList","@id":"https:\/\/karmaprobeautystore.no\/produkt\/whipped-cream-cleanser-rosa\/#breadcrumb","itemListElement":[{"@type":"ListItem","position":1,"name":"Home","item":"https:\/\/karmaprobeautystore.no\/"},{"@type":"ListItem","position":2,"name":"Shop","item":"https:\/\/karmaprobeautystore.no\/nb\/shop\/"},{"@type":"ListItem","position":3,"name":"Whipped cream cleanser"}]},{"@type":"WebSite","@id":"https:\/\/karmaprobeautystore.no\/en\/#website","url":"https:\/\/karmaprobeautystore.no\/en\/","name":"Karma Pro Beauty Store","description":"","potentialAction":[{"@type":"SearchAction","target":{"@type":"EntryPoint","urlTemplate":"https:\/\/karmaprobeautystore.no\/en\/?s={search_term_string}"},"query-input":{"@type":"PropertyValueSpecification","valueRequired":true,"valueName":"search_term_string"}}],"inLanguage":"en-GB"}]}},"_links":{"self":[{"href":"https:\/\/karmaprobeautystore.no\/en\/wp-json\/wp\/v2\/product\/5722","targetHints":{"allow":["GET"]}}],"collection":[{"href":"https:\/\/karmaprobeautystore.no\/en\/wp-json\/wp\/v2\/product"}],"about":[{"href":"https:\/\/karmaprobeautystore.no\/en\/wp-json\/wp\/v2\/types\/product"}],"replies":[{"embeddable":true,"href":"https:\/\/karmaprobeautystore.no\/en\/wp-json\/wp\/v2\/comments?post=5722"}],"wp:featuredmedia":[{"embeddable":true,"href":"https:\/\/karmaprobeautystore.no\/en\/wp-json\/wp\/v2\/media\/6645"}],"wp:attachment":[{"href":"https:\/\/karmaprobeautystore.no\/en\/wp-json\/wp\/v2\/media?parent=5722"}],"wp:term":[{"taxonomy":"product_brand","embeddable":true,"href":"https:\/\/karmaprobeautystore.no\/en\/wp-json\/wp\/v2\/product_brand?post=5722"},{"taxonomy":"product_cat","embeddable":true,"href":"https:\/\/karmaprobeautystore.no\/en\/wp-json\/wp\/v2\/product_cat?post=5722"},{"taxonomy":"product_tag","embeddable":true,"href":"https:\/\/karmaprobeautystore.no\/en\/wp-json\/wp\/v2\/product_tag?post=5722"}],"curies":[{"name":"wp","href":"https:\/\/api.w.org\/{rel}","templated":true}]}}