{"id":5139,"date":"2025-05-29T18:30:11","date_gmt":"2025-05-29T18:30:11","guid":{"rendered":"https:\/\/karmaprobeautystore.no\/?post_type=product&#038;p=5139"},"modified":"2026-04-01T11:56:28","modified_gmt":"2026-04-01T11:56:28","slug":"choco-brun-lim-brun-vippeextensions-mix","status":"publish","type":"product","link":"https:\/\/karmaprobeautystore.no\/en\/product\/choco-brun-lim-brun-vippeextensions-mix\/","title":{"rendered":"CHOCO Brun lim + Brun vippeextensions mix"},"content":{"rendered":"<blockquote><p>Brun vipper + \u201cChoco\u201d lim \u2013 perfekt kombinasjon<\/p>\n<p>Oppdag \u00e5rets hotteste skj\u00f8nnhetstrend \u2013 brune vipper og brunfarget lim \u201cKarma Choco\u201d!<\/p>\n<p>\ud83d\udfe4 Brune \u201cKarma Lashes\u201d vipper<\/p>\n<p>Gi kundene dine et mykere og mer naturlig blikk \u2013 det perfekte alternativet til svarte vipper. Den brune fargen passer utmerket for lysere hudtoner eller de som \u00f8nsker et naturlig uttrykk. Vippene er av h\u00f8yeste kvalitet \u2013 myke, lette og enkle \u00e5 forme.<\/p>\n<p>\ud83c\udf6b \u201cKarma Choco\u201d lim (5 ml)<\/p>\n<p>Spesialdesignet for bruk med brune vipper \u2013 den varme brunfargen gir et mer s\u00f8ml\u00f8st og diskret resultat. Perfekt for fotoshoots eller kunder som \u00f8nsker en mer naturlig look. Limet har rask t\u00f8rketid og lang holdbarhet.<\/p>\n<p>\u2714 2025 M\u00c5-HA<\/p>\n<p>\u2714 Perfekt for en naturlig look<\/p>\n<p>\u2714 Begrenset antall<\/p><\/blockquote>\n","protected":false},"excerpt":{"rendered":"<p>Brun vipper + \u201cChoco\u201d lim \u2013 perfekt kombinasjon Oppdag \u00e5rets hotteste skj\u00f8nnhetstrend \u2013 brune vipper og brunfarget lim \u201cKarma Choco\u201d! \ud83d\udfe4 Brune \u201cKarma Lashes\u201d vipper Gi kundene dine et mykere og mer naturlig blikk \u2013 det perfekte alternativet til svarte vipper. Den brune fargen passer utmerket for lysere hudtoner eller de som \u00f8nsker et naturlig &#8230;<\/p>\n","protected":false},"featured_media":5481,"menu_order":0,"comment_status":"open","ping_status":"closed","template":"","meta":{"_acf_changed":false},"product_brand":[],"product_cat":[150,201,154,160,158],"product_tag":[],"class_list":{"0":"post-5139","1":"product","2":"type-product","3":"status-publish","4":"has-post-thumbnail","6":"product_cat-eyelashes","7":"product_cat-chocolate-brown","8":"product_cat-glues-and-preparation","9":"product_cat-good-deals","10":"product_cat-sale","12":"first","13":"instock","14":"sale","15":"taxable","16":"shipping-taxable","17":"purchasable","18":"product-type-variable","19":"rtwpvg-product","20":"rtwpvs-product"},"acf":[],"yoast_head":"<!-- This site is optimized with the Yoast SEO plugin v27.3 - https:\/\/yoast.com\/product\/yoast-seo-wordpress\/ -->\n<title>CHOCO Brun lim + Brun vippeextensions mix - Karma Pro Beauty Store<\/title>\n<meta name=\"robots\" content=\"index, follow, max-snippet:-1, max-image-preview:large, max-video-preview:-1\" \/>\n<link rel=\"canonical\" href=\"https:\/\/karmaprobeautystore.no\/en\/produkt\/choco-brun-lim-brun-vippeextensions-mix\/\" \/>\n<meta property=\"og:locale\" content=\"en_GB\" \/>\n<meta property=\"og:type\" content=\"article\" \/>\n<meta property=\"og:title\" content=\"CHOCO Brun lim + Brun vippeextensions mix - Karma Pro Beauty Store\" \/>\n<meta property=\"og:description\" content=\"Brun vipper + \u201cChoco\u201d lim \u2013 perfekt kombinasjon Oppdag \u00e5rets hotteste skj\u00f8nnhetstrend \u2013 brune vipper og brunfarget lim \u201cKarma Choco\u201d! \ud83d\udfe4 Brune \u201cKarma Lashes\u201d vipper Gi kundene dine et mykere og mer naturlig blikk \u2013 det perfekte alternativet til svarte vipper. Den brune fargen passer utmerket for lysere hudtoner eller de som \u00f8nsker et naturlig ...\" \/>\n<meta property=\"og:url\" content=\"https:\/\/karmaprobeautystore.no\/en\/produkt\/choco-brun-lim-brun-vippeextensions-mix\/\" \/>\n<meta property=\"og:site_name\" content=\"Karma Pro Beauty Store\" \/>\n<meta property=\"article:modified_time\" content=\"2026-04-01T11:56:28+00:00\" \/>\n<meta property=\"og:image\" content=\"https:\/\/karmaprobeautystore.no\/wp-content\/uploads\/2025\/05\/IMG_8248-scaled.jpeg\" \/>\n\t<meta property=\"og:image:width\" content=\"2560\" \/>\n\t<meta property=\"og:image:height\" content=\"2560\" \/>\n\t<meta property=\"og:image:type\" content=\"image\/jpeg\" \/>\n<meta name=\"twitter:card\" content=\"summary_large_image\" \/>\n<meta name=\"twitter:label1\" content=\"Estimated reading time\" \/>\n\t<meta name=\"twitter:data1\" content=\"1 minute\" \/>\n<script type=\"application\/ld+json\" class=\"yoast-schema-graph\">{\"@context\":\"https:\\\/\\\/schema.org\",\"@graph\":[{\"@type\":\"WebPage\",\"@id\":\"https:\\\/\\\/karmaprobeautystore.no\\\/produkt\\\/choco-brun-lim-brun-vippeextensions-mix\\\/\",\"url\":\"https:\\\/\\\/karmaprobeautystore.no\\\/produkt\\\/choco-brun-lim-brun-vippeextensions-mix\\\/\",\"name\":\"CHOCO Brun lim + Brun vippeextensions mix - Karma Pro Beauty Store\",\"isPartOf\":{\"@id\":\"https:\\\/\\\/karmaprobeautystore.no\\\/en\\\/#website\"},\"primaryImageOfPage\":{\"@id\":\"https:\\\/\\\/karmaprobeautystore.no\\\/produkt\\\/choco-brun-lim-brun-vippeextensions-mix\\\/#primaryimage\"},\"image\":{\"@id\":\"https:\\\/\\\/karmaprobeautystore.no\\\/produkt\\\/choco-brun-lim-brun-vippeextensions-mix\\\/#primaryimage\"},\"thumbnailUrl\":\"https:\\\/\\\/karmaprobeautystore.no\\\/wp-content\\\/uploads\\\/2025\\\/05\\\/IMG_8248-scaled.jpeg\",\"datePublished\":\"2025-05-29T18:30:11+00:00\",\"dateModified\":\"2026-04-01T11:56:28+00:00\",\"breadcrumb\":{\"@id\":\"https:\\\/\\\/karmaprobeautystore.no\\\/produkt\\\/choco-brun-lim-brun-vippeextensions-mix\\\/#breadcrumb\"},\"inLanguage\":\"en-GB\",\"potentialAction\":[{\"@type\":\"ReadAction\",\"target\":[\"https:\\\/\\\/karmaprobeautystore.no\\\/produkt\\\/choco-brun-lim-brun-vippeextensions-mix\\\/\"]}]},{\"@type\":\"ImageObject\",\"inLanguage\":\"en-GB\",\"@id\":\"https:\\\/\\\/karmaprobeautystore.no\\\/produkt\\\/choco-brun-lim-brun-vippeextensions-mix\\\/#primaryimage\",\"url\":\"https:\\\/\\\/karmaprobeautystore.no\\\/wp-content\\\/uploads\\\/2025\\\/05\\\/IMG_8248-scaled.jpeg\",\"contentUrl\":\"https:\\\/\\\/karmaprobeautystore.no\\\/wp-content\\\/uploads\\\/2025\\\/05\\\/IMG_8248-scaled.jpeg\",\"width\":2560,\"height\":2560,\"caption\":\"{\\\"ARInfo\\\":{\\\"IsUseAR\\\":false},\\\"Version\\\":\\\"1.0.0\\\",\\\"MakeupInfo\\\":{\\\"IsUseMakeup\\\":false},\\\"FaceliftInfo\\\":{\\\"IsChangeEyeLift\\\":false,\\\"IsChangeFacelift\\\":false,\\\"IsChangePostureLift\\\":false,\\\"IsChangeNose\\\":false,\\\"IsChangeFaceChin\\\":false,\\\"IsChangeMouth\\\":false,\\\"IsChangeThinFace\\\":false},\\\"BeautyInfo\\\":{\\\"SwitchMedicatedAcne\\\":false,\\\"IsAIBeauty\\\":false,\\\"IsBrightEyes\\\":false,\\\"IsSharpen\\\":false,\\\"IsOldBeauty\\\":false,\\\"IsReduceBlackEyes\\\":false},\\\"HandlerInfo\\\":{\\\"AppName\\\":2},\\\"FilterInfo\\\":{\\\"IsUseFilter\\\":false}}\"},{\"@type\":\"BreadcrumbList\",\"@id\":\"https:\\\/\\\/karmaprobeautystore.no\\\/produkt\\\/choco-brun-lim-brun-vippeextensions-mix\\\/#breadcrumb\",\"itemListElement\":[{\"@type\":\"ListItem\",\"position\":1,\"name\":\"Home\",\"item\":\"https:\\\/\\\/karmaprobeautystore.no\\\/\"},{\"@type\":\"ListItem\",\"position\":2,\"name\":\"Shop\",\"item\":\"https:\\\/\\\/karmaprobeautystore.no\\\/nb\\\/shop\\\/\"},{\"@type\":\"ListItem\",\"position\":3,\"name\":\"CHOCO Brun lim + Brun vippeextensions mix\"}]},{\"@type\":\"WebSite\",\"@id\":\"https:\\\/\\\/karmaprobeautystore.no\\\/en\\\/#website\",\"url\":\"https:\\\/\\\/karmaprobeautystore.no\\\/en\\\/\",\"name\":\"Karma Pro Beauty Store\",\"description\":\"\",\"potentialAction\":[{\"@type\":\"SearchAction\",\"target\":{\"@type\":\"EntryPoint\",\"urlTemplate\":\"https:\\\/\\\/karmaprobeautystore.no\\\/en\\\/?s={search_term_string}\"},\"query-input\":{\"@type\":\"PropertyValueSpecification\",\"valueRequired\":true,\"valueName\":\"search_term_string\"}}],\"inLanguage\":\"en-GB\"}]}<\/script>\n<!-- \/ Yoast SEO plugin. -->","yoast_head_json":{"title":"CHOCO Brun lim + Brun vippeextensions mix - Karma Pro Beauty Store","robots":{"index":"index","follow":"follow","max-snippet":"max-snippet:-1","max-image-preview":"max-image-preview:large","max-video-preview":"max-video-preview:-1"},"canonical":"https:\/\/karmaprobeautystore.no\/en\/produkt\/choco-brun-lim-brun-vippeextensions-mix\/","og_locale":"en_GB","og_type":"article","og_title":"CHOCO Brun lim + Brun vippeextensions mix - Karma Pro Beauty Store","og_description":"Brun vipper + \u201cChoco\u201d lim \u2013 perfekt kombinasjon Oppdag \u00e5rets hotteste skj\u00f8nnhetstrend \u2013 brune vipper og brunfarget lim \u201cKarma Choco\u201d! \ud83d\udfe4 Brune \u201cKarma Lashes\u201d vipper Gi kundene dine et mykere og mer naturlig blikk \u2013 det perfekte alternativet til svarte vipper. Den brune fargen passer utmerket for lysere hudtoner eller de som \u00f8nsker et naturlig ...","og_url":"https:\/\/karmaprobeautystore.no\/en\/produkt\/choco-brun-lim-brun-vippeextensions-mix\/","og_site_name":"Karma Pro Beauty Store","article_modified_time":"2026-04-01T11:56:28+00:00","og_image":[{"width":2560,"height":2560,"url":"https:\/\/karmaprobeautystore.no\/wp-content\/uploads\/2025\/05\/IMG_8248-scaled.jpeg","type":"image\/jpeg"}],"twitter_card":"summary_large_image","twitter_misc":{"Estimated reading time":"1 minute"},"schema":{"@context":"https:\/\/schema.org","@graph":[{"@type":"WebPage","@id":"https:\/\/karmaprobeautystore.no\/produkt\/choco-brun-lim-brun-vippeextensions-mix\/","url":"https:\/\/karmaprobeautystore.no\/produkt\/choco-brun-lim-brun-vippeextensions-mix\/","name":"CHOCO Brun lim + Brun vippeextensions mix - Karma Pro Beauty Store","isPartOf":{"@id":"https:\/\/karmaprobeautystore.no\/en\/#website"},"primaryImageOfPage":{"@id":"https:\/\/karmaprobeautystore.no\/produkt\/choco-brun-lim-brun-vippeextensions-mix\/#primaryimage"},"image":{"@id":"https:\/\/karmaprobeautystore.no\/produkt\/choco-brun-lim-brun-vippeextensions-mix\/#primaryimage"},"thumbnailUrl":"https:\/\/karmaprobeautystore.no\/wp-content\/uploads\/2025\/05\/IMG_8248-scaled.jpeg","datePublished":"2025-05-29T18:30:11+00:00","dateModified":"2026-04-01T11:56:28+00:00","breadcrumb":{"@id":"https:\/\/karmaprobeautystore.no\/produkt\/choco-brun-lim-brun-vippeextensions-mix\/#breadcrumb"},"inLanguage":"en-GB","potentialAction":[{"@type":"ReadAction","target":["https:\/\/karmaprobeautystore.no\/produkt\/choco-brun-lim-brun-vippeextensions-mix\/"]}]},{"@type":"ImageObject","inLanguage":"en-GB","@id":"https:\/\/karmaprobeautystore.no\/produkt\/choco-brun-lim-brun-vippeextensions-mix\/#primaryimage","url":"https:\/\/karmaprobeautystore.no\/wp-content\/uploads\/2025\/05\/IMG_8248-scaled.jpeg","contentUrl":"https:\/\/karmaprobeautystore.no\/wp-content\/uploads\/2025\/05\/IMG_8248-scaled.jpeg","width":2560,"height":2560,"caption":"{\"ARInfo\":{\"IsUseAR\":false},\"Version\":\"1.0.0\",\"MakeupInfo\":{\"IsUseMakeup\":false},\"FaceliftInfo\":{\"IsChangeEyeLift\":false,\"IsChangeFacelift\":false,\"IsChangePostureLift\":false,\"IsChangeNose\":false,\"IsChangeFaceChin\":false,\"IsChangeMouth\":false,\"IsChangeThinFace\":false},\"BeautyInfo\":{\"SwitchMedicatedAcne\":false,\"IsAIBeauty\":false,\"IsBrightEyes\":false,\"IsSharpen\":false,\"IsOldBeauty\":false,\"IsReduceBlackEyes\":false},\"HandlerInfo\":{\"AppName\":2},\"FilterInfo\":{\"IsUseFilter\":false}}"},{"@type":"BreadcrumbList","@id":"https:\/\/karmaprobeautystore.no\/produkt\/choco-brun-lim-brun-vippeextensions-mix\/#breadcrumb","itemListElement":[{"@type":"ListItem","position":1,"name":"Home","item":"https:\/\/karmaprobeautystore.no\/"},{"@type":"ListItem","position":2,"name":"Shop","item":"https:\/\/karmaprobeautystore.no\/nb\/shop\/"},{"@type":"ListItem","position":3,"name":"CHOCO Brun lim + Brun vippeextensions mix"}]},{"@type":"WebSite","@id":"https:\/\/karmaprobeautystore.no\/en\/#website","url":"https:\/\/karmaprobeautystore.no\/en\/","name":"Karma Pro Beauty Store","description":"","potentialAction":[{"@type":"SearchAction","target":{"@type":"EntryPoint","urlTemplate":"https:\/\/karmaprobeautystore.no\/en\/?s={search_term_string}"},"query-input":{"@type":"PropertyValueSpecification","valueRequired":true,"valueName":"search_term_string"}}],"inLanguage":"en-GB"}]}},"_links":{"self":[{"href":"https:\/\/karmaprobeautystore.no\/en\/wp-json\/wp\/v2\/product\/5139","targetHints":{"allow":["GET"]}}],"collection":[{"href":"https:\/\/karmaprobeautystore.no\/en\/wp-json\/wp\/v2\/product"}],"about":[{"href":"https:\/\/karmaprobeautystore.no\/en\/wp-json\/wp\/v2\/types\/product"}],"replies":[{"embeddable":true,"href":"https:\/\/karmaprobeautystore.no\/en\/wp-json\/wp\/v2\/comments?post=5139"}],"wp:featuredmedia":[{"embeddable":true,"href":"https:\/\/karmaprobeautystore.no\/en\/wp-json\/wp\/v2\/media\/5481"}],"wp:attachment":[{"href":"https:\/\/karmaprobeautystore.no\/en\/wp-json\/wp\/v2\/media?parent=5139"}],"wp:term":[{"taxonomy":"product_brand","embeddable":true,"href":"https:\/\/karmaprobeautystore.no\/en\/wp-json\/wp\/v2\/product_brand?post=5139"},{"taxonomy":"product_cat","embeddable":true,"href":"https:\/\/karmaprobeautystore.no\/en\/wp-json\/wp\/v2\/product_cat?post=5139"},{"taxonomy":"product_tag","embeddable":true,"href":"https:\/\/karmaprobeautystore.no\/en\/wp-json\/wp\/v2\/product_tag?post=5139"}],"curies":[{"name":"wp","href":"https:\/\/api.w.org\/{rel}","templated":true}]}}