{"id":5121,"date":"2025-05-16T06:44:23","date_gmt":"2025-05-16T06:44:23","guid":{"rendered":"https:\/\/karmaprobeautystore.no\/?post_type=product&#038;p=5121"},"modified":"2026-04-01T11:58:59","modified_gmt":"2026-04-01T11:58:59","slug":"m-0-06-silky-soft-mix","status":"publish","type":"product","link":"https:\/\/karmaprobeautystore.no\/en\/product\/m-0-06-silky-soft-mix\/","title":{"rendered":"M 0.06 SILKY SOFT Mix"},"content":{"rendered":"<p>Disse l\u00f8svippene er en favoritt blant profesjonelle av en god grunn. De har avsmalnende tupper og en solid base, noe som gj\u00f8r p\u00e5f\u00f8ringen enkel samtidig som de forblir sk\u00e5nsomme mot huden. Deres enest\u00e5ende holdbarhet sikrer en langvarig, perfekt b\u00f8y som varer over tid.<\/p>\n<p><b>Detaljer om produktet<\/b><\/p>\n<p><b><i>Volume Trays<\/i><\/b><\/p>\n<ul>\n<li>Materiale: Premium koreansk PBT-fiber<\/li>\n<li>Farge: Svart<\/li>\n<li>Kr\u00f8ll: M<\/li>\n<li>Diameter\/Thickness: 0.06<\/li>\n<li>Lengths: 5mm to 14mm.<\/li>\n<li>16 linje<\/li>\n<li>100 % vegansk og grusomhetsfri<\/li>\n<li>Easy to pick up<\/li>\n<li>Baklinjer i folie<\/li>\n<\/ul>\n<p>Disse l\u00f8svippene er som en dr\u00f8m som g\u00e5r i oppfyllelse, laget av den fineste koreanske PBT-fiberen. De er silkemyke som bare det! Den svarte varianten har en rik, dyp nyanse og en matt finish \u2013 perfekt for en imponerende, dramatisk look.<\/p>\n","protected":false},"excerpt":{"rendered":"<p>Disse l\u00f8svippene er en favoritt blant profesjonelle av en god grunn. De har avsmalnende tupper og en solid base, noe som gj\u00f8r p\u00e5f\u00f8ringen enkel samtidig som de forblir sk\u00e5nsomme mot huden. Deres enest\u00e5ende holdbarhet sikrer en langvarig, perfekt b\u00f8y som varer over tid. Detaljer om produktet Volume Trays Materiale: Premium koreansk PBT-fiber Farge: Svart Kr\u00f8ll: &#8230;<\/p>\n","protected":false},"featured_media":4355,"menu_order":0,"comment_status":"open","ping_status":"closed","template":"","meta":{"_acf_changed":false},"product_brand":[],"product_cat":[150,151,158],"product_tag":[],"class_list":{"0":"post-5121","1":"product","2":"type-product","3":"status-publish","4":"has-post-thumbnail","6":"product_cat-eyelashes","7":"product_cat-volume","8":"product_cat-sale","10":"first","11":"instock","12":"sale","13":"taxable","14":"shipping-taxable","15":"purchasable","16":"product-type-simple"},"acf":[],"yoast_head":"<!-- This site is optimized with the Yoast SEO plugin v27.3 - https:\/\/yoast.com\/product\/yoast-seo-wordpress\/ -->\n<title>M 0.06 SILKY SOFT Mix - Karma Pro Beauty Store<\/title>\n<meta name=\"robots\" content=\"index, follow, max-snippet:-1, max-image-preview:large, max-video-preview:-1\" \/>\n<link rel=\"canonical\" href=\"https:\/\/karmaprobeautystore.no\/en\/produkt\/m-0-06-silky-soft-mix\/\" \/>\n<meta property=\"og:locale\" content=\"en_GB\" \/>\n<meta property=\"og:type\" content=\"article\" \/>\n<meta property=\"og:title\" content=\"M 0.06 SILKY SOFT Mix - Karma Pro Beauty Store\" \/>\n<meta property=\"og:description\" content=\"Disse l\u00f8svippene er en favoritt blant profesjonelle av en god grunn. De har avsmalnende tupper og en solid base, noe som gj\u00f8r p\u00e5f\u00f8ringen enkel samtidig som de forblir sk\u00e5nsomme mot huden. Deres enest\u00e5ende holdbarhet sikrer en langvarig, perfekt b\u00f8y som varer over tid. Detaljer om produktet Volume Trays Materiale: Premium koreansk PBT-fiber Farge: Svart Kr\u00f8ll: ...\" \/>\n<meta property=\"og:url\" content=\"https:\/\/karmaprobeautystore.no\/en\/produkt\/m-0-06-silky-soft-mix\/\" \/>\n<meta property=\"og:site_name\" content=\"Karma Pro Beauty Store\" \/>\n<meta property=\"article:modified_time\" content=\"2026-04-01T11:58:59+00:00\" \/>\n<meta property=\"og:image\" content=\"https:\/\/karmaprobeautystore.no\/wp-content\/uploads\/2024\/12\/lashes.jpg\" \/>\n\t<meta property=\"og:image:width\" content=\"1200\" \/>\n\t<meta property=\"og:image:height\" content=\"801\" \/>\n\t<meta property=\"og:image:type\" content=\"image\/jpeg\" \/>\n<meta name=\"twitter:card\" content=\"summary_large_image\" \/>\n<meta name=\"twitter:label1\" content=\"Estimated reading time\" \/>\n\t<meta name=\"twitter:data1\" content=\"1 minute\" \/>\n<script type=\"application\/ld+json\" class=\"yoast-schema-graph\">{\"@context\":\"https:\\\/\\\/schema.org\",\"@graph\":[{\"@type\":\"WebPage\",\"@id\":\"https:\\\/\\\/karmaprobeautystore.no\\\/produkt\\\/m-0-06-silky-soft-mix\\\/\",\"url\":\"https:\\\/\\\/karmaprobeautystore.no\\\/produkt\\\/m-0-06-silky-soft-mix\\\/\",\"name\":\"M 0.06 SILKY SOFT Mix - Karma Pro Beauty Store\",\"isPartOf\":{\"@id\":\"https:\\\/\\\/karmaprobeautystore.no\\\/en\\\/#website\"},\"primaryImageOfPage\":{\"@id\":\"https:\\\/\\\/karmaprobeautystore.no\\\/produkt\\\/m-0-06-silky-soft-mix\\\/#primaryimage\"},\"image\":{\"@id\":\"https:\\\/\\\/karmaprobeautystore.no\\\/produkt\\\/m-0-06-silky-soft-mix\\\/#primaryimage\"},\"thumbnailUrl\":\"https:\\\/\\\/karmaprobeautystore.no\\\/wp-content\\\/uploads\\\/2024\\\/12\\\/lashes.jpg\",\"datePublished\":\"2025-05-16T06:44:23+00:00\",\"dateModified\":\"2026-04-01T11:58:59+00:00\",\"breadcrumb\":{\"@id\":\"https:\\\/\\\/karmaprobeautystore.no\\\/produkt\\\/m-0-06-silky-soft-mix\\\/#breadcrumb\"},\"inLanguage\":\"en-GB\",\"potentialAction\":[{\"@type\":\"ReadAction\",\"target\":[\"https:\\\/\\\/karmaprobeautystore.no\\\/produkt\\\/m-0-06-silky-soft-mix\\\/\"]}]},{\"@type\":\"ImageObject\",\"inLanguage\":\"en-GB\",\"@id\":\"https:\\\/\\\/karmaprobeautystore.no\\\/produkt\\\/m-0-06-silky-soft-mix\\\/#primaryimage\",\"url\":\"https:\\\/\\\/karmaprobeautystore.no\\\/wp-content\\\/uploads\\\/2024\\\/12\\\/lashes.jpg\",\"contentUrl\":\"https:\\\/\\\/karmaprobeautystore.no\\\/wp-content\\\/uploads\\\/2024\\\/12\\\/lashes.jpg\",\"width\":1200,\"height\":801},{\"@type\":\"BreadcrumbList\",\"@id\":\"https:\\\/\\\/karmaprobeautystore.no\\\/produkt\\\/m-0-06-silky-soft-mix\\\/#breadcrumb\",\"itemListElement\":[{\"@type\":\"ListItem\",\"position\":1,\"name\":\"Home\",\"item\":\"https:\\\/\\\/karmaprobeautystore.no\\\/\"},{\"@type\":\"ListItem\",\"position\":2,\"name\":\"Shop\",\"item\":\"https:\\\/\\\/karmaprobeautystore.no\\\/nb\\\/shop\\\/\"},{\"@type\":\"ListItem\",\"position\":3,\"name\":\"M 0.06 SILKY SOFT Mix\"}]},{\"@type\":\"WebSite\",\"@id\":\"https:\\\/\\\/karmaprobeautystore.no\\\/en\\\/#website\",\"url\":\"https:\\\/\\\/karmaprobeautystore.no\\\/en\\\/\",\"name\":\"Karma Pro Beauty Store\",\"description\":\"\",\"potentialAction\":[{\"@type\":\"SearchAction\",\"target\":{\"@type\":\"EntryPoint\",\"urlTemplate\":\"https:\\\/\\\/karmaprobeautystore.no\\\/en\\\/?s={search_term_string}\"},\"query-input\":{\"@type\":\"PropertyValueSpecification\",\"valueRequired\":true,\"valueName\":\"search_term_string\"}}],\"inLanguage\":\"en-GB\"}]}<\/script>\n<!-- \/ Yoast SEO plugin. -->","yoast_head_json":{"title":"M 0.06 SILKY SOFT Mix - Karma Pro Beauty Store","robots":{"index":"index","follow":"follow","max-snippet":"max-snippet:-1","max-image-preview":"max-image-preview:large","max-video-preview":"max-video-preview:-1"},"canonical":"https:\/\/karmaprobeautystore.no\/en\/produkt\/m-0-06-silky-soft-mix\/","og_locale":"en_GB","og_type":"article","og_title":"M 0.06 SILKY SOFT Mix - Karma Pro Beauty Store","og_description":"Disse l\u00f8svippene er en favoritt blant profesjonelle av en god grunn. De har avsmalnende tupper og en solid base, noe som gj\u00f8r p\u00e5f\u00f8ringen enkel samtidig som de forblir sk\u00e5nsomme mot huden. Deres enest\u00e5ende holdbarhet sikrer en langvarig, perfekt b\u00f8y som varer over tid. Detaljer om produktet Volume Trays Materiale: Premium koreansk PBT-fiber Farge: Svart Kr\u00f8ll: ...","og_url":"https:\/\/karmaprobeautystore.no\/en\/produkt\/m-0-06-silky-soft-mix\/","og_site_name":"Karma Pro Beauty Store","article_modified_time":"2026-04-01T11:58:59+00:00","og_image":[{"width":1200,"height":801,"url":"https:\/\/karmaprobeautystore.no\/wp-content\/uploads\/2024\/12\/lashes.jpg","type":"image\/jpeg"}],"twitter_card":"summary_large_image","twitter_misc":{"Estimated reading time":"1 minute"},"schema":{"@context":"https:\/\/schema.org","@graph":[{"@type":"WebPage","@id":"https:\/\/karmaprobeautystore.no\/produkt\/m-0-06-silky-soft-mix\/","url":"https:\/\/karmaprobeautystore.no\/produkt\/m-0-06-silky-soft-mix\/","name":"M 0.06 SILKY SOFT Mix - Karma Pro Beauty Store","isPartOf":{"@id":"https:\/\/karmaprobeautystore.no\/en\/#website"},"primaryImageOfPage":{"@id":"https:\/\/karmaprobeautystore.no\/produkt\/m-0-06-silky-soft-mix\/#primaryimage"},"image":{"@id":"https:\/\/karmaprobeautystore.no\/produkt\/m-0-06-silky-soft-mix\/#primaryimage"},"thumbnailUrl":"https:\/\/karmaprobeautystore.no\/wp-content\/uploads\/2024\/12\/lashes.jpg","datePublished":"2025-05-16T06:44:23+00:00","dateModified":"2026-04-01T11:58:59+00:00","breadcrumb":{"@id":"https:\/\/karmaprobeautystore.no\/produkt\/m-0-06-silky-soft-mix\/#breadcrumb"},"inLanguage":"en-GB","potentialAction":[{"@type":"ReadAction","target":["https:\/\/karmaprobeautystore.no\/produkt\/m-0-06-silky-soft-mix\/"]}]},{"@type":"ImageObject","inLanguage":"en-GB","@id":"https:\/\/karmaprobeautystore.no\/produkt\/m-0-06-silky-soft-mix\/#primaryimage","url":"https:\/\/karmaprobeautystore.no\/wp-content\/uploads\/2024\/12\/lashes.jpg","contentUrl":"https:\/\/karmaprobeautystore.no\/wp-content\/uploads\/2024\/12\/lashes.jpg","width":1200,"height":801},{"@type":"BreadcrumbList","@id":"https:\/\/karmaprobeautystore.no\/produkt\/m-0-06-silky-soft-mix\/#breadcrumb","itemListElement":[{"@type":"ListItem","position":1,"name":"Home","item":"https:\/\/karmaprobeautystore.no\/"},{"@type":"ListItem","position":2,"name":"Shop","item":"https:\/\/karmaprobeautystore.no\/nb\/shop\/"},{"@type":"ListItem","position":3,"name":"M 0.06 SILKY SOFT Mix"}]},{"@type":"WebSite","@id":"https:\/\/karmaprobeautystore.no\/en\/#website","url":"https:\/\/karmaprobeautystore.no\/en\/","name":"Karma Pro Beauty Store","description":"","potentialAction":[{"@type":"SearchAction","target":{"@type":"EntryPoint","urlTemplate":"https:\/\/karmaprobeautystore.no\/en\/?s={search_term_string}"},"query-input":{"@type":"PropertyValueSpecification","valueRequired":true,"valueName":"search_term_string"}}],"inLanguage":"en-GB"}]}},"_links":{"self":[{"href":"https:\/\/karmaprobeautystore.no\/en\/wp-json\/wp\/v2\/product\/5121","targetHints":{"allow":["GET"]}}],"collection":[{"href":"https:\/\/karmaprobeautystore.no\/en\/wp-json\/wp\/v2\/product"}],"about":[{"href":"https:\/\/karmaprobeautystore.no\/en\/wp-json\/wp\/v2\/types\/product"}],"replies":[{"embeddable":true,"href":"https:\/\/karmaprobeautystore.no\/en\/wp-json\/wp\/v2\/comments?post=5121"}],"wp:featuredmedia":[{"embeddable":true,"href":"https:\/\/karmaprobeautystore.no\/en\/wp-json\/wp\/v2\/media\/4355"}],"wp:attachment":[{"href":"https:\/\/karmaprobeautystore.no\/en\/wp-json\/wp\/v2\/media?parent=5121"}],"wp:term":[{"taxonomy":"product_brand","embeddable":true,"href":"https:\/\/karmaprobeautystore.no\/en\/wp-json\/wp\/v2\/product_brand?post=5121"},{"taxonomy":"product_cat","embeddable":true,"href":"https:\/\/karmaprobeautystore.no\/en\/wp-json\/wp\/v2\/product_cat?post=5121"},{"taxonomy":"product_tag","embeddable":true,"href":"https:\/\/karmaprobeautystore.no\/en\/wp-json\/wp\/v2\/product_tag?post=5121"}],"curies":[{"name":"wp","href":"https:\/\/api.w.org\/{rel}","templated":true}]}}